{"id":13721,"date":"2018-09-04T09:19:13","date_gmt":"2018-09-04T13:19:13","guid":{"rendered":"https:\/\/www.bgccan.com\/?page_id=13721"},"modified":"2019-05-14T15:13:47","modified_gmt":"2019-05-14T19:13:47","slug":"equipe-nationale","status":"publish","type":"page","link":"https:\/\/www.bgccan.com\/fr\/who-we-are\/equipe-nationale\/","title":{"rendered":"\u00c9quipe nationale"},"content":{"rendered":"[et_pb_section bb_built=\u00a0\u00bb1&Prime; admin_label=\u00a0\u00bbsection\u00a0\u00bb transparent_background=\u00a0\u00bboff\u00a0\u00bb background_color=\u00a0\u00bb#ffffff\u00a0\u00bb allow_player_pause=\u00a0\u00bboff\u00a0\u00bb inner_shadow=\u00a0\u00bboff\u00a0\u00bb parallax=\u00a0\u00bboff\u00a0\u00bb parallax_method=\u00a0\u00bbon\u00a0\u00bb custom_padding=\u00a0\u00bb0px|||\u00a0\u00bb make_fullwidth=\u00a0\u00bboff\u00a0\u00bb use_custom_width=\u00a0\u00bboff\u00a0\u00bb width_unit=\u00a0\u00bbon\u00a0\u00bb make_equal=\u00a0\u00bboff\u00a0\u00bb use_custom_gutter=\u00a0\u00bboff\u00a0\u00bb custom_padding_phone=\u00a0\u00bb0px||0px|\u00a0\u00bb custom_padding_last_edited=\u00a0\u00bbon|phone\u00a0\u00bb _builder_version=\u00a0\u00bb3.1.1&Prime;][et_pb_row admin_label=\u00a0\u00bbrow\u00a0\u00bb background_position=\u00a0\u00bbtop_left\u00a0\u00bb background_repeat=\u00a0\u00bbrepeat\u00a0\u00bb background_size=\u00a0\u00bbinitial\u00a0\u00bb _builder_version=\u00a0\u00bb3.1.1&Prime;][et_pb_column type=\u00a0\u00bb1_12&Prime;][\/et_pb_column][et_pb_column type=\u00a0\u00bb10_12&Prime;][et_pb_text _builder_version=\u00a0\u00bb3.19.3&Prime;]\n<p>\u00a0<\/p>\n<h3>Notre \u00e9quipe nationale sert les Repaires jeunesse (RJ) de tout le pays \u00e0 plusieurs niveaux:<\/h3>\n<ul>\n<li>Renforcer l\u2019exp\u00e9rience des Repaires jeunesse en proposant des programmes nationaux indispensables<span class=\"apple-converted-space\">\u00a0<\/span><\/li>\n<li>Accro\u00eetre l\u2019acc\u00e8s \u00e0 du soutien financier crucial<\/li>\n<li>Guider le mouvement des Repaires jeunesse<\/li>\n<li><span lang=\"FR\">Promouvoir l\u2019image de marque nationale des Repaires jeunesse<\/span><\/li>\n<li>D\u00e9fendre les int\u00e9r\u00eats des enfants et des adolescents<\/li>\n<\/ul>\n<p>Par le biais de son bureau national et de trois \u00e9quipes r\u00e9gionales dispers\u00e9es \u00e0 travers le pays, Repaires jeunesse du Canada (RJC) r\u00e9pond aux besoins des RJ en mati\u00e8re de programmes, de communications et de d\u00e9veloppement des ressources, et favorise le renforcement des capacit\u00e9s du personnel et des b\u00e9n\u00e9voles en offrant de la formation pour le d\u00e9veloppement du leadership ainsi que des forums nationaux favorisant la collaboration. RJC est fier d\u2019\u00eatre un organisme totalement bilingue, avec une \u00e9quipe d\u00e9vou\u00e9e au Qu\u00e9bec et la capacit\u00e9 d\u2019offrir tous les programmes et ressources dans les deux langues.<span class=\"apple-converted-space\">\u00a0<\/span><\/p>\n<p class=\"p1\"><span lang=\"FR\">RJC offre aux Repaires jeunesse du financement essentiel \u00e0 travers une plateforme nationale de subventions, qui garantit un solide soutien \u00e0 la mise en \u0153uvre des programmes et permet \u00e0 RJC d\u2019en faire le suivi et d\u2019en mesurer les r\u00e9sultats efficacement. L\u2019information rapport\u00e9e par les Repaires jeunesse aide RJC \u00e0 comprendre les besoins changeants des communaut\u00e9s canadiennes, facilitant ainsi le travail de repr\u00e9sentation aupr\u00e8s du gouvernement, tant au palier provincial qu\u2019au f\u00e9d\u00e9ral, et permettant de s\u2019assurer que les programmes nationaux demeurent pertinents et \u00e0 l\u2019avant-garde.<span class=\"apple-converted-space\">\u00a0<\/span><\/span><\/p>\n<p>\u00a0<\/p>\n[\/et_pb_text][\/et_pb_column][et_pb_column type=\u00a0\u00bb1_12&Prime;][\/et_pb_column][\/et_pb_row][\/et_pb_section]\n","protected":false},"excerpt":{"rendered":"<p>\u00a0 Notre \u00e9quipe nationale sert les Repaires jeunesse&#8230;<\/p>\n","protected":false},"author":2232,"featured_media":0,"parent":1705,"menu_order":3,"comment_status":"closed","ping_status":"closed","template":"page-templates\/page-team-fullwidth.php","meta":{"_acf_changed":false,"_et_pb_use_builder":"on","_et_pb_old_content":"","_et_gb_content_width":"","footnotes":""},"class_list":["post-13721","page","type-page","status-publish","hentry"],"acf":[],"aioseo_notices":[],"_links":{"self":[{"href":"https:\/\/www.bgccan.com\/fr\/wp-json\/wp\/v2\/pages\/13721","targetHints":{"allow":["GET"]}}],"collection":[{"href":"https:\/\/www.bgccan.com\/fr\/wp-json\/wp\/v2\/pages"}],"about":[{"href":"https:\/\/www.bgccan.com\/fr\/wp-json\/wp\/v2\/types\/page"}],"author":[{"embeddable":true,"href":"https:\/\/www.bgccan.com\/fr\/wp-json\/wp\/v2\/users\/2232"}],"replies":[{"embeddable":true,"href":"https:\/\/www.bgccan.com\/fr\/wp-json\/wp\/v2\/comments?post=13721"}],"version-history":[{"count":0,"href":"https:\/\/www.bgccan.com\/fr\/wp-json\/wp\/v2\/pages\/13721\/revisions"}],"up":[{"embeddable":true,"href":"https:\/\/www.bgccan.com\/fr\/wp-json\/wp\/v2\/pages\/1705"}],"wp:attachment":[{"href":"https:\/\/www.bgccan.com\/fr\/wp-json\/wp\/v2\/media?parent=13721"}],"curies":[{"name":"wp","href":"https:\/\/api.w.org\/{rel}","templated":true}]}}