{"id":6581,"date":"2017-03-27T21:09:35","date_gmt":"2017-03-27T21:09:35","guid":{"rendered":"https:\/\/www.bgccan.com\/policies\/"},"modified":"2018-03-29T11:11:38","modified_gmt":"2018-03-29T16:11:38","slug":"policies","status":"publish","type":"page","link":"https:\/\/www.bgccan.com\/fr\/policies\/","title":{"rendered":"Politiques"},"content":{"rendered":"[et_pb_section bb_built=\u00a0\u00bb1&Prime; admin_label=\u00a0\u00bbsection\u00a0\u00bb][et_pb_row admin_label=\u00a0\u00bbrow\u00a0\u00bb][et_pb_column type=\u00a0\u00bb1_12&Prime;][\/et_pb_column][et_pb_column type=\u00a0\u00bb10_12&Prime;][et_pb_text admin_label=\u00a0\u00bbRepaires jeunesse du Canada a re\u00e7u l&rsquo;agr\u00e9ment&#8230;\u00a0\u00bb background_layout=\u00a0\u00bblight\u00a0\u00bb text_orientation=\u00a0\u00bbcenter\u00a0\u00bb use_border_color=\u00a0\u00bboff\u00a0\u00bb border_color=\u00a0\u00bb#ffffff\u00a0\u00bb border_style=\u00a0\u00bbsolid\u00a0\u00bb]\n<h4 style=\"text-align: center;\">Repaires jeunesse du Canada a re\u00e7u l&rsquo;agr\u00e9ment d&rsquo;Imagine Canada pour l&rsquo;excellence d\u00e9montr\u00e9e dans cinq domaines d&rsquo;activit\u00e9 fondamentaux :<\/h4>\n[\/et_pb_text][et_pb_text admin_label=\u00a0\u00bbGouvernance du conseil d&rsquo;administration&#8230;\u00a0\u00bb background_layout=\u00a0\u00bblight\u00a0\u00bb text_orientation=\u00a0\u00bbleft\u00a0\u00bb use_border_color=\u00a0\u00bboff\u00a0\u00bb border_color=\u00a0\u00bb#ffffff\u00a0\u00bb border_style=\u00a0\u00bbsolid\u00a0\u00bb]\n<ul>\n<li>Gouvernance du conseil d&rsquo;administration<\/li>\n<li>Responsabilit\u00e9 financi\u00e8re et transparence<\/li>\n<li>Collecte de fonds \u00e9thique<\/li>\n<li>Gestion du personnel<\/li>\n<li>Participation des b\u00e9n\u00e9voles<\/li>\n<\/ul>\n[\/et_pb_text][et_pb_divider admin_label=\u00a0\u00bbWhite Divider\u00a0\u00bb color=\u00a0\u00bb#ffffff\u00a0\u00bb show_divider=\u00a0\u00bboff\u00a0\u00bb height=\u00a0\u00bb15&Prime; divider_style=\u00a0\u00bbsolid\u00a0\u00bb divider_position=\u00a0\u00bbtop\u00a0\u00bb hide_on_mobile=\u00a0\u00bbon\u00a0\u00bb \/][et_pb_text admin_label=\u00a0\u00bbRJC a l&rsquo;autorisation d&rsquo;utiliser&#8230;\u00a0\u00bb background_layout=\u00a0\u00bblight\u00a0\u00bb text_orientation=\u00a0\u00bbleft\u00a0\u00bb use_border_color=\u00a0\u00bboff\u00a0\u00bb border_color=\u00a0\u00bb#ffffff\u00a0\u00bb border_style=\u00a0\u00bbsolid\u00a0\u00bb]\n<h4>RJC a l&rsquo;autorisation d&rsquo;utiliser le sceau de confiance du Programme de normes d&rsquo;Imagine Canada pour confirmer qu&rsquo;elle respecte en permanence les exigences relatives aux normes du secteur.<\/h4>\n[\/et_pb_text][et_pb_divider admin_label=\u00a0\u00bbWhite Divider\u00a0\u00bb color=\u00a0\u00bb#ffffff\u00a0\u00bb show_divider=\u00a0\u00bboff\u00a0\u00bb height=\u00a0\u00bb15&Prime; divider_style=\u00a0\u00bbsolid\u00a0\u00bb divider_position=\u00a0\u00bbtop\u00a0\u00bb hide_on_mobile=\u00a0\u00bbon\u00a0\u00bb \/][et_pb_image admin_label=\u00a0\u00bbImage\u00a0\u00bb src=\u00a0\u00bbhttps:\/\/www.bgccan.com\/wp-content\/uploads\/2017\/08\/ImagineCanada-FR.png\u00a0\u00bb show_in_lightbox=\u00a0\u00bboff\u00a0\u00bb url_new_window=\u00a0\u00bboff\u00a0\u00bb use_overlay=\u00a0\u00bboff\u00a0\u00bb animation=\u00a0\u00bboff\u00a0\u00bb sticky=\u00a0\u00bboff\u00a0\u00bb align=\u00a0\u00bbcenter\u00a0\u00bb force_fullwidth=\u00a0\u00bboff\u00a0\u00bb always_center_on_mobile=\u00a0\u00bbon\u00a0\u00bb use_border_color=\u00a0\u00bboff\u00a0\u00bb border_color=\u00a0\u00bb#ffffff\u00a0\u00bb border_style=\u00a0\u00bbsolid\u00a0\u00bb \/][et_pb_divider admin_label=\u00a0\u00bbWhite Divider\u00a0\u00bb color=\u00a0\u00bb#ffffff\u00a0\u00bb show_divider=\u00a0\u00bboff\u00a0\u00bb height=\u00a0\u00bb15&Prime; divider_style=\u00a0\u00bbsolid\u00a0\u00bb divider_position=\u00a0\u00bbtop\u00a0\u00bb hide_on_mobile=\u00a0\u00bbon\u00a0\u00bb \/][et_pb_divider admin_label=\u00a0\u00bbDivider\u00a0\u00bb color=\u00a0\u00bb#dddddd\u00a0\u00bb show_divider=\u00a0\u00bbon\u00a0\u00bb divider_style=\u00a0\u00bbsolid\u00a0\u00bb divider_position=\u00a0\u00bbtop\u00a0\u00bb hide_on_mobile=\u00a0\u00bbon\u00a0\u00bb \/][\/et_pb_column][et_pb_column type=\u00a0\u00bb1_12&Prime;][\/et_pb_column][\/et_pb_row][et_pb_row admin_label=\u00a0\u00bbRow\u00a0\u00bb][et_pb_column type=\u00a0\u00bb1_12&Prime;][\/et_pb_column][et_pb_column type=\u00a0\u00bb10_12&Prime;][et_pb_text admin_label=\u00a0\u00bbPDFs\u00a0\u00bb background_layout=\u00a0\u00bblight\u00a0\u00bb text_orientation=\u00a0\u00bbleft\u00a0\u00bb use_border_color=\u00a0\u00bboff\u00a0\u00bb border_color=\u00a0\u00bb#ffffff\u00a0\u00bb border_style=\u00a0\u00bbsolid\u00a0\u00bb]\n<ul>\n<li><a href=\"https:\/\/www.bgccan.com\/wp-content\/uploads\/2018\/01\/Complaints-Policy-2017-fr.pdf\" target=\"_blank\" rel=\"noopener\" class=\"broken_link\">Politique relative aux plaintes<\/a><\/li>\n<li><a href=\"https:\/\/www.bgccan.com\/wp-content\/uploads\/2018\/02\/Politique-de-confidentialite.pdf\" target=\"_blank\" rel=\"noopener\" class=\"broken_link\">Politique de confidentialit\u00e9<\/a><\/li>\n<\/ul>\n[\/et_pb_text][\/et_pb_column][et_pb_column type=\u00a0\u00bb1_12&Prime;][\/et_pb_column][\/et_pb_row][\/et_pb_section]\n","protected":false},"excerpt":{"rendered":"<p>Repaires jeunesse du Canada a re\u00e7u l&rsquo;agr\u00e9ment&#8230;<\/p>\n","protected":false},"author":1,"featured_media":0,"parent":0,"menu_order":11,"comment_status":"closed","ping_status":"closed","template":"page-templates\/page-fullwidth.php","meta":{"_acf_changed":false,"_et_pb_use_builder":"on","_et_pb_old_content":"","_et_gb_content_width":"","footnotes":""},"class_list":["post-6581","page","type-page","status-publish","hentry"],"acf":[],"aioseo_notices":[],"_links":{"self":[{"href":"https:\/\/www.bgccan.com\/fr\/wp-json\/wp\/v2\/pages\/6581","targetHints":{"allow":["GET"]}}],"collection":[{"href":"https:\/\/www.bgccan.com\/fr\/wp-json\/wp\/v2\/pages"}],"about":[{"href":"https:\/\/www.bgccan.com\/fr\/wp-json\/wp\/v2\/types\/page"}],"author":[{"embeddable":true,"href":"https:\/\/www.bgccan.com\/fr\/wp-json\/wp\/v2\/users\/1"}],"replies":[{"embeddable":true,"href":"https:\/\/www.bgccan.com\/fr\/wp-json\/wp\/v2\/comments?post=6581"}],"version-history":[{"count":0,"href":"https:\/\/www.bgccan.com\/fr\/wp-json\/wp\/v2\/pages\/6581\/revisions"}],"wp:attachment":[{"href":"https:\/\/www.bgccan.com\/fr\/wp-json\/wp\/v2\/media?parent=6581"}],"curies":[{"name":"wp","href":"https:\/\/api.w.org\/{rel}","templated":true}]}}