{"id":79899,"date":"2023-04-27T11:49:17","date_gmt":"2023-04-27T15:49:17","guid":{"rendered":"https:\/\/www.bgccan.com\/?page_id=79899"},"modified":"2023-09-08T14:07:53","modified_gmt":"2023-09-08T18:07:53","slug":"histoiresintolerables","status":"publish","type":"page","link":"https:\/\/www.bgccan.com\/fr\/histoiresintolerables\/","title":{"rendered":"Histoires Intolerables"},"content":{"rendered":"<h2 style=\"text-align: center;\">Les enfants ne devraient pas vivre d\u2019histoires intol\u00e9rables<\/h2>\n<p style=\"text-align: center;\"><em><strong>69 % des anciens membres disent qu\u2019un Club leur a sauv\u00e9 la vie.<\/strong><\/em><\/p>\n<p style=\"text-align: center;\">Des services de proximit\u00e9. Des relations positives. Des programmes qui changent des vies. Les Clubs BGC offrent des lieux s\u00fbrs et aidants o\u00f9 les enfants et les ados d\u2019un bout \u00e0 l\u2019autre du Canada peuvent explorer de nouvelles possibilit\u00e9s, surmonter des obstacles et acqu\u00e9rir de l\u2019assurance et des comp\u00e9tences qui leur serviront toute leur vie.<\/p>\n","protected":false},"excerpt":{"rendered":"<p>Les enfants ne devraient pas vivre d\u2019histoires intol\u00e9rables 69 % des anciens membres disent qu\u2019un Club leur a sauv\u00e9 la vie. Des services de proximit\u00e9. Des relations positives. Des programmes qui changent des vies. Les Clubs BGC offrent des lieux s\u00fbrs et aidants o\u00f9 les enfants et les ados d\u2019un bout \u00e0 l\u2019autre du Canada [&hellip;]<\/p>\n","protected":false},"author":1,"featured_media":80266,"parent":0,"menu_order":0,"comment_status":"closed","ping_status":"closed","template":"page-templates\/page-unshareable.php","meta":{"_acf_changed":false,"_et_pb_use_builder":"off","_et_pb_old_content":"","_et_gb_content_width":"","footnotes":""},"class_list":["post-79899","page","type-page","status-publish","has-post-thumbnail","hentry"],"acf":[],"aioseo_notices":[],"_links":{"self":[{"href":"https:\/\/www.bgccan.com\/fr\/wp-json\/wp\/v2\/pages\/79899","targetHints":{"allow":["GET"]}}],"collection":[{"href":"https:\/\/www.bgccan.com\/fr\/wp-json\/wp\/v2\/pages"}],"about":[{"href":"https:\/\/www.bgccan.com\/fr\/wp-json\/wp\/v2\/types\/page"}],"author":[{"embeddable":true,"href":"https:\/\/www.bgccan.com\/fr\/wp-json\/wp\/v2\/users\/1"}],"replies":[{"embeddable":true,"href":"https:\/\/www.bgccan.com\/fr\/wp-json\/wp\/v2\/comments?post=79899"}],"version-history":[{"count":15,"href":"https:\/\/www.bgccan.com\/fr\/wp-json\/wp\/v2\/pages\/79899\/revisions"}],"predecessor-version":[{"id":80973,"href":"https:\/\/www.bgccan.com\/fr\/wp-json\/wp\/v2\/pages\/79899\/revisions\/80973"}],"wp:featuredmedia":[{"embeddable":true,"href":"https:\/\/www.bgccan.com\/fr\/wp-json\/wp\/v2\/media\/80266"}],"wp:attachment":[{"href":"https:\/\/www.bgccan.com\/fr\/wp-json\/wp\/v2\/media?parent=79899"}],"curies":[{"name":"wp","href":"https:\/\/api.w.org\/{rel}","templated":true}]}}