{"id":87072,"date":"2025-04-17T00:00:11","date_gmt":"2025-04-17T00:00:11","guid":{"rendered":"https:\/\/www.bgccan.com\/home\/"},"modified":"2026-04-17T15:37:32","modified_gmt":"2026-04-17T15:37:32","slug":"home","status":"publish","type":"page","link":"https:\/\/www.bgccan.com\/fr\/","title":{"rendered":"Home"},"content":{"rendered":"<div class=\"wpb-content-wrapper\">[vc_section el_id=\u00a0\u00bbhome_intro\u00a0\u00bb][vc_row css_animation=\u00a0\u00bbfadeInUp\u00a0\u00bb][vc_column offset=\u00a0\u00bbvc_col-md-offset-1 vc_col-md-10&Prime;]<div class='content-block section-content wpb_text_column wpb_content_element align-center     font_weight_default   ' ><div class='wpb_wrapper'><h2>Grandir, ce n\u2019est pas toujours facile. C\u2019est pourquoi les Clubs BGC sont l\u00e0 pour <mark class=\"text-green\">favoriser la r\u00e9ussite des enfants et des ados,<\/mark> peu importe les d\u00e9fis qui se dressent sur leur chemin.<\/h2>\n<\/div><\/div>[vc_empty_space height=\u00a0\u00bb30px\u00a0\u00bb el_class=\u00a0\u00bbhidden-xs\u00a0\u00bb][\/vc_column][\/vc_row][vc_row equal_height=\u00a0\u00bbyes\u00a0\u00bb css_animation=\u00a0\u00bbbottom-to-top\u00a0\u00bb][vc_column width=\u00a0\u00bb1\/2&Prime; offset=\u00a0\u00bbvc_col-md-4 vc_col-xs-12&Prime;]\n\t\t\t\t<a href='https:\/\/www.bgccan.com\/fr\/a-propos-de-nous\/' class='wpb_content_element cta cta__card md  align-default ' target='' rel=''>\n\t\t\t\t\t<div class='cta__wrapper bg_navy'>\n\t\t\t\t\t\t<div class=\"cta__img\"><img decoding=\"async\" src=\"https:\/\/www.bgccan.com\/wp-content\/uploads\/2025\/10\/cta-learning-development-group-photo.jpg\" alt=\"Young man and woman smiling while looking at a laptop.\"><\/div>\n\t\t\t\t\t\t<div class='cta__content'>\n\t\t\t\t\t\t\t<div class='cta__top'>\n\t\t\t\t\t\t\t\t<span class='cta__eyebrow'>Qui nous sommes<\/span>\n\t\t\t\t\t\t\t\t<h3 class='cta__head'>Nous sommes la plus importante organisation au service de la jeunesse au Canada<\/h3>\n\t\t\t\t\t\t\t<\/div>\n\t\t\t\t\t\t\t<div class='cta__bot'>\n\t\t\t\t\t\t\t\t<div class='cta__desc'><p>Nous cr\u00e9ons des espaces s\u00fbrs o\u00f9 les enfants et les ados peuvent grandir, tisser des liens et s\u2019\u00e9panouir.<\/p>\n<\/div>\n\t\t\t\t\t\t\t\t<div class='cta__link'>\n\t\t\t\t\t\t\t\t\tD\u00e9couvrez notre histoire\n\t\t\t\t\t\t\t\t\t<i class=\"fa-solid fa-arrow-right\"><\/i>\n\t\t\t\t\t\t\t\t<\/div>\n\t\t\t\t\t\t\t<\/div>\n\t\t\t\t\t\t<\/div>\n\t\t\t\t\t<\/div>\n\t\t\t\t<\/a>[\/vc_column][vc_column width=\u00a0\u00bb1\/2&Prime; offset=\u00a0\u00bbvc_col-md-4 vc_col-xs-12&Prime;]\n\t\t\t\t<a href='https:\/\/www.bgccan.com\/fr\/notre-impact\/' class='wpb_content_element cta cta__card md  align-default ' target='' rel=''>\n\t\t\t\t\t<div class='cta__wrapper bg_navy'>\n\t\t\t\t\t\t<div class=\"cta__img\"><img decoding=\"async\" src=\"https:\/\/www.bgccan.com\/wp-content\/uploads\/2026\/02\/bgc-club-day-cta.jpg\" alt=\"A young girl in a purple jacket holds a basketball while playing outdoors with other children and an adult.\"><\/div>\n\t\t\t\t\t\t<div class='cta__content'>\n\t\t\t\t\t\t\t<div class='cta__top'>\n\t\t\t\t\t\t\t\t<span class='cta__eyebrow'>L\u2019aide que nous apportons<\/span>\n\t\t\t\t\t\t\t\t<h3 class='cta__head'>Nous offrons le soutien dont les enfants et les ados ont le plus besoin<\/h3>\n\t\t\t\t\t\t\t<\/div>\n\t\t\t\t\t\t\t<div class='cta__bot'>\n\t\t\t\t\t\t\t\t<div class='cta__desc'><p>Nous favorisons la sant\u00e9 mentale des jeunes, assurons leur s\u00e9curit\u00e9 alimentaire et leur offrons des occasions d\u2019acqu\u00e9rir des comp\u00e9tences pr\u00e9cieuses dans le cadre des programmes de nos Clubs.<\/p>\n<\/div>\n\t\t\t\t\t\t\t\t<div class='cta__link'>\n\t\t\t\t\t\t\t\t\tD\u00e9couvrez comment nous aidons\n\t\t\t\t\t\t\t\t\t<i class=\"fa-solid fa-arrow-right\"><\/i>\n\t\t\t\t\t\t\t\t<\/div>\n\t\t\t\t\t\t\t<\/div>\n\t\t\t\t\t\t<\/div>\n\t\t\t\t\t<\/div>\n\t\t\t\t<\/a>[\/vc_column][vc_column offset=\u00a0\u00bbvc_col-md-4&Prime;]\n\t\t\t\t<a href='https:\/\/www.bgccan.com\/fr\/les-clubs-bgc\/' class='wpb_content_element cta cta__card md  align-default ' target='' rel=''>\n\t\t\t\t\t<div class='cta__wrapper bg_navy'>\n\t\t\t\t\t\t<div class=\"cta__img\"><img decoding=\"async\" src=\"https:\/\/www.bgccan.com\/wp-content\/uploads\/2025\/09\/three-kids-eating-orange.jpg\" alt=\"Three smiling girls eating orange slices at a table with fruit and yogurt.\"><\/div>\n\t\t\t\t\t\t<div class='cta__content'>\n\t\t\t\t\t\t\t<div class='cta__top'>\n\t\t\t\t\t\t\t\t<span class='cta__eyebrow'>Ce que font les Clubs<\/span>\n\t\t\t\t\t\t\t\t<h3 class='cta__head'>Nos Clubs sont des espaces s\u00fbrs o\u00f9 les enfants peuvent s\u2019\u00e9panouir<\/h3>\n\t\t\t\t\t\t\t<\/div>\n\t\t\t\t\t\t\t<div class='cta__bot'>\n\t\t\t\t\t\t\t\t<div class='cta__desc'><p>Nos Clubs sont des lieux multifonctionnels dans lesquels nous offrons des programmes adapt\u00e9s aux diff\u00e9rents groupes d\u2019\u00e2ge et stades de la vie.<\/p>\n<\/div>\n\t\t\t\t\t\t\t\t<div class='cta__link'>\n\t\t\t\t\t\t\t\t\tD\u00e9couvrez nos Clubs\n\t\t\t\t\t\t\t\t\t<i class=\"fa-solid fa-arrow-right\"><\/i>\n\t\t\t\t\t\t\t\t<\/div>\n\t\t\t\t\t\t\t<\/div>\n\t\t\t\t\t\t<\/div>\n\t\t\t\t\t<\/div>\n\t\t\t\t<\/a>[\/vc_column][\/vc_row][\/vc_section][vc_section full_width=\u00a0\u00bbstretch_row\u00a0\u00bb css=\u00a0\u00bb.vc_custom_1761855991877{background-image: url(https:\/\/www.bgccan.com\/wp-content\/uploads\/2025\/10\/home-partner-image_web.jpg?id=2924) !important;background-position: center !important;background-repeat: no-repeat !important;background-size: cover !important;}\u00a0\u00bb el_id=\u00a0\u00bbhome_partner\u00a0\u00bb el_class=\u00a0\u00bbnavy wave-container_bottom\u00a0\u00bb][vc_row equal_height=\u00a0\u00bbyes\u00a0\u00bb css_animation=\u00a0\u00bbbottom-to-top\u00a0\u00bb][vc_column width=\u00a0\u00bb1\/2&Prime; css=\u00a0\u00bb.vc_custom_1767646657728{padding-top: 80px !important;padding-right: 60px !important;padding-bottom: 80px !important;padding-left: 60px !important;background-color: #FFFFFF !important;border-radius: 20px !important;}\u00a0\u00bb offset=\u00a0\u00bbvc_col-sm-offset-6 vc_col-xs-12&Prime; el_class=\u00a0\u00bbpartner_block\u00a0\u00bb]<div class='content-block section-content wpb_text_column wpb_content_element align-left     font_weight_default   ' ><div class='wpb_wrapper'><h2><mark class=\"text-green\">Devenez partenaire<\/mark> pour susciter un impact durable<\/h2>\n<p>Les Clubs sont des espaces formidables qui proposent des choses formidables aux jeunes. Devenez partenaire pour susciter un impact durable et veiller \u00e0 ce que chaque jeune ait toujours un endroit o\u00f9 aller.<\/p>\n<\/div><\/div>[vc_btn title=\u00a0\u00bbPourquoi \u00e9tablir un partenariat avec BGC\u00a0\u00bb style=\u00a0\u00bbsolid\u00a0\u00bb color=\u00a0\u00bbgreen_btn\u00a0\u00bb css=\u00a0\u00bb\u00a0\u00bb link=\u00a0\u00bburl:https%3A%2F%2Fwww.bgccan.com%2Ffr%2Fdevenez-partenaires%2F\u00a0\u00bb][\/vc_column][\/vc_row][\/vc_section][vc_section full_width=\u00a0\u00bbstretch_row\u00a0\u00bb css=\u00a0\u00bb.vc_custom_1761335030500{background-color: #003B4A !important;}\u00a0\u00bb el_id=\u00a0\u00bbhome_clubs\u00a0\u00bb][vc_row css_animation=\u00a0\u00bbfadeInUp\u00a0\u00bb][vc_column el_class=\u00a0\u00bbcenter\u00a0\u00bb offset=\u00a0\u00bbvc_col-md-offset-1 vc_col-md-10&Prime;]<div class='content-block section-content wpb_text_column wpb_content_element align-center   txt-white  font_weight_default   ' ><div class='wpb_wrapper'><h2>Nos Clubs se trouvent partout au Canada et <mark class=\"text-brightgreen\">un soutien direct et en tout temps aux jeunes qui en ont besoin<\/mark>.<\/h2>\n<\/div><\/div>[vc_empty_space height=\u00a0\u00bb15px\u00a0\u00bb el_class=\u00a0\u00bbhidden-xs\u00a0\u00bb][vc_btn title=\u00a0\u00bb\u00c0 propos de nos Clubs\u00a0\u00bb style=\u00a0\u00bbsolid\u00a0\u00bb color=\u00a0\u00bbgreen_btn\u00a0\u00bb css=\u00a0\u00bb\u00a0\u00bb link=\u00a0\u00bburl:https%3A%2F%2Fwww.bgccan.com%2Ffr%2Fles-clubs-bgc%2F|title:Les%20Clubs%20BGC\u00a0\u00bb][vc_btn title=\u00a0\u00bbVoir les emplacements des Clubs\u00a0\u00bb style=\u00a0\u00bboutline\u00a0\u00bb color=\u00a0\u00bbgreen_btn\u00a0\u00bb css=\u00a0\u00bb\u00a0\u00bb link=\u00a0\u00bburl:https%3A%2F%2Fwww.bgccan.com%2Ffr%2Ftrouvez-un-club-bgc%2F\u00a0\u00bb][\/vc_column][\/vc_row][vc_row][vc_column][vc_raw_html css=\u00a0\u00bb\u00a0\u00bb]JTNDY2FudmFzJTIwaWQlM0QlMjJkb3RMb3R0aWUtY2FudmFzJTIyJTIwc3R5bGUlM0QlMjJ3aWR0aCUzQSUyMDEwMCUyNSUzQiUyMG1heC13aWR0aCUzQSUyMDEzMjBweCUzQiUyMGhlaWdodCUzQSUyMGF1dG8lM0IlMjIlM0UlM0MlMkZjYW52YXMlM0UlMEElM0NzY3JpcHQlMjB0eXBlJTNEJTIybW9kdWxlJTIyJTNFJTBBJTIwJTIwJTIwJTIwdmFyJTIwbG90dGllU3JjJTIwJTNEJTIwJTIyaHR0cHMlM0ElMkYlMkZsb3R0aWUuaG9zdCUyRjM1OWM5MGJlLWUzODctNGVlNy04NmFjLTg1ZDZmNzc2NjU0OCUyRlpJZVMzSFFobnUubG90dGllJTIyJTBBJTIwJTIwJTIwJTIwaW1wb3J0JTIwJTdCJTIwRG90TG90dGllJTIwJTdEJTIwZnJvbSUyMCUyMmh0dHBzJTNBJTJGJTJGZXNtLnNoJTJGJTQwbG90dGllZmlsZXMlMkZkb3Rsb3R0aWUtd2ViJTIyJTNCJTBBJTIwJTIwJTIwJTIwY29uc3QlMjBkb3RMb3R0aWUlMjAlM0QlMjBuZXclMjBEb3RMb3R0aWUlMjglN0IlMEElMjAlMjAlMjAlMjAlMjAlMjBjYW52YXMlM0ElMjBkb2N1bWVudC5xdWVyeVNlbGVjdG9yJTI4JTIyJTIzZG90TG90dGllLWNhbnZhcyUyMiUyOSUyQyUwQSUyMCUyMCUyMCUyMCUyMCUyMHNyYyUzQSUyMGxvdHRpZVNyYyUyQyUwQSUyMCUyMCUyMCUyMCUyMCUyMGxvb3AlM0ElMjBmYWxzZSUyQyUwQSUyMCUyMCUyMCUyMCUyMCUyMGF1dG9wbGF5JTNBJTIwZmFsc2UlMEElMjAlMjAlMjAlMjAlN0QlMjklM0IlMEElMjAlMjAlMjAlMjAlMEElMjAlMjAlMjAlMjB2YXIlMjBsb3R0aWVDb3VudCUyMCUzRCUyMDAlM0IlMEElMDlkb3RMb3R0aWUuYWRkRXZlbnRMaXN0ZW5lciUyOCUyN2NvbXBsZXRlJTI3JTJDJTIwJTI4JTI5JTIwJTNEJTNFJTIwY29uc29sZS5sb2clMjglMjdDb21wbGV0ZSUyNyUyOSUyOSUzQiUwQSUwOWRvdExvdHRpZS5hZGRFdmVudExpc3RlbmVyJTI4JTI3bG9hZCUyNyUyQyUyMCUyOCUyOSUyMCUzRCUzRSUyMCU3QiUwQSUwOSUwOWNvbnNvbGUubG9nJTI4JTI3TG9hZGVkJTI3JTI5JTNCJTBBJTA5JTIwJTIwJTIwJTIwaWYlMjAlMjhhbm0uaXNFbGVtZW50SW5WaWV3cG9ydCUyOGpRdWVyeSUyOCUyNyUyM2RvdExvdHRpZS1jYW52YXMlMjclMjklMjklMjklN0IlMEElMDklMDklMDlzZXRUaW1lb3V0JTI4JTI4JTI5JTIwJTNEJTNFJTIwbG90dGllUGxheSUyOCUyOSUyQyUyMDUwMCUyOSUzQiUwQSUwOSUwOSU3RCUwQSUwOSU3RCUyOSUzQiUwQSUwOSUwQSUwOWRvdExvdHRpZS5hZGRFdmVudExpc3RlbmVyJTI4JTI3cmVhZHklMjclMkMlMjAlMjglMjklMjAlM0QlM0UlMjAlN0IlMEElMDklMDljb25zb2xlLmxvZyUyOCUyN1JlYWR5JTI3JTI5JTNCJTBBJTA5JTdEJTI5JTNCJTBBJTA5JTBBJTA5alF1ZXJ5JTI4d2luZG93JTI5Lm9uJTI4JTIyc2Nyb2xsJTIyJTJDJTIwZnVuY3Rpb24lMjglMjklMjAlN0IlMDklMDklMEElMDklMDlpZiUyMCUyOGFubS5pc0VsZW1lbnRJblZpZXdwb3J0JTI4alF1ZXJ5JTI4JTI3JTIzZG90TG90dGllLWNhbnZhcyUyNyUyOSUyOSUyOSU3QiUwOSUwOSUwOSUwOSUwQSUwOSUwOSUwOXNldFRpbWVvdXQlMjglMjglMjklMjAlM0QlM0UlMjBsb3R0aWVQbGF5JTI4JTI5JTJDJTIwNTAwJTI5JTNCJTBBJTA5JTA5JTdEJTIwJTBBJTA5JTdEJTI5JTNCJTBBJTA5JTBBJTA5dmFyJTIwbG90dGllUGxheSUyMCUzRCUyMGZ1bmN0aW9uJTI4JTI5JTdCJTBBJTA5JTA5aWYlMjAlMjhsb3R0aWVDb3VudCUyMCUzRCUzRCUyMDAlMjklN0IlMEElMDklMDklMDlsb3R0aWVDb3VudCUyQiUyQiUzQiUwQSUwOSUwOSUwOWRvdExvdHRpZS5wbGF5JTI4JTI5JTNCJTBBJTA5JTA5JTdEJTBBJTA5JTdEJTBBJTNDJTJGc2NyaXB0JTNF[\/vc_raw_html][\/vc_column][\/vc_row][vc_row css_animation=\u00a0\u00bbbottom-to-top\u00a0\u00bb][vc_column width=\u00a0\u00bb1\/2&Prime; offset=\u00a0\u00bbvc_col-md-4 vc_col-xs-12&Prime;]\n\t\t\t\t<div class='wpb_content_element cta cta__card stats navy '>\n\t\t\t\t\t<div class='cta__wrapper'>\n\t\t\t\t\t\t<div class='cta__content'>\n\t\t\t\t\t\t\t<h3 class='cta__head'>+ de 600 Clubs<\/h3>\n\t\t\t\t\t\t\t<div class='cta__desc'><p><mark>et points de service<\/mark> dans les collectivit\u00e9s de tout le pays<\/p>\n<\/div>\n\t\t\t\t\t\t\t<hr \/>\n\t\t\t\t\t\t<\/div>\n\t\t\t\t\t<\/div>\n\t\t\t\t<\/div>[\/vc_column][vc_column width=\u00a0\u00bb1\/2&Prime; offset=\u00a0\u00bbvc_col-md-4 vc_col-xs-12&Prime;]\n\t\t\t\t<div class='wpb_content_element cta cta__card stats navy '>\n\t\t\t\t\t<div class='cta__wrapper'>\n\t\t\t\t\t\t<div class='cta__content'>\n\t\t\t\t\t\t\t<h3 class='cta__head'>+ de 160 000 enfants<\/h3>\n\t\t\t\t\t\t\t<div class='cta__desc'><p><mark>et jeunes<\/mark> b\u00e9n\u00e9ficient du soutien des Clubs BGC chaque ann\u00e9e<\/p>\n<\/div>\n\t\t\t\t\t\t\t<hr \/>\n\t\t\t\t\t\t<\/div>\n\t\t\t\t\t<\/div>\n\t\t\t\t<\/div>[\/vc_column][vc_column offset=\u00a0\u00bbvc_col-md-4&Prime;]\n\t\t\t\t<div class='wpb_content_element cta cta__card stats navy '>\n\t\t\t\t\t<div class='cta__wrapper'>\n\t\t\t\t\t\t<div class='cta__content'>\n\t\t\t\t\t\t\t<h3 class='cta__head'>8,6 millions de repas<\/h3>\n\t\t\t\t\t\t\t<div class='cta__desc'><p><mark>et de collations<\/mark> servis aux enfants et aux ados chaque ann\u00e9e<\/p>\n<\/div>\n\t\t\t\t\t\t\t<hr \/>\n\t\t\t\t\t\t<\/div>\n\t\t\t\t\t<\/div>\n\t\t\t\t<\/div>[\/vc_column][\/vc_row][\/vc_section][vc_section full_width=\u00a0\u00bbstretch_row_content\u00a0\u00bb css=\u00a0\u00bb.vc_custom_1761338704427{background-color: #79D3C6 !important;}\u00a0\u00bb el_id=\u00a0\u00bbhome_impact\u00a0\u00bb][vc_row equal_height=\u00a0\u00bbyes\u00a0\u00bb content_placement=\u00a0\u00bbmiddle\u00a0\u00bb css_animation=\u00a0\u00bbbottom-to-top\u00a0\u00bb][vc_column offset=\u00a0\u00bbvc_col-md-7&Prime;]\n\t    \t<div class='wpb_content_element slider-quote style-section '>\n\t    \t\t<div class='slider__wrapper'>\n\t\t\t\t\t\n\t\t\t\t\t\n\t\t\t\t\t<div class='carousel slider' data-flickity='{ \"contain\": true, \"wrapAround\": true, \"lazyLoad\": 2, \"hash\": true, \"autoPlay\": 8000}'><div class='carousel-cell slide-left ' style='background-image: url(https:\/\/www.bgccan.com\/wp-content\/uploads\/2026\/03\/Homepage_Slider-Testimonial_BGC-Club-Kid-1-1.webp);'>\n\t\t    \t<div class='slide__wrapper'>\n\t\t\t\t\t<div class='slide__content'>\n\t\t\t\t\t\t\n\t\t\t\t\t\t<div class='slide__box'>\n\t\t\t\t\t\t\t\n\t\t\t\t\t\t\t<div class='slide__head'>\n\t\t\t\t\t\t\t\t\n\t\t\t\t\t\t\t<\/div>\n\t\t\t\t\t\t\t<div class='slide__quote'>\t\n\t\t\t\t\t\t\t\t<i class='fa-solid fa-quote-left'><\/i>\n\t\t\t\t\t\t\t\t\n\t\t\t\t\t\t\t<\/div>\n\t\t\t\t\t\t\t<div class='slide__desc'>\n\t\t\t\t\t\t\t\t<p>Au Club, je peux \u00eatre moi-m\u00eame, et tout le monde fait preuve de bienveillance. C\u2019est un endroit o\u00f9 j\u2019apprends \u00e0 accepter les autres comme je suis accept\u00e9.<\/p>\n\n\t\t\t\t\t\t\t<\/div>\n\t\t\t\t\t\t\t<p class='slide__author'>\n\t\t\t\t\t\t\t\t \u2022 Membre d'un Club BGC\n\t\t\t\t\t\t\t<\/p>\n\t\t\t\t\t\t\t\n\t\t\t\t\t\t<\/div>\n\t\t\t\t\t<\/div>\n\t    \t\t<\/div>\n\t    \t<\/div>\n\t    \n\t    \t<div class='carousel-cell slide-left ' style='background-image: url(https:\/\/www.bgccan.com\/wp-content\/uploads\/2026\/03\/Homepage_Slider-Testimonial-1.webp);'>\n\t\t    \t<div class='slide__wrapper'>\n\t\t\t\t\t<div class='slide__content'>\n\t\t\t\t\t\t\n\t\t\t\t\t\t<div class='slide__box'>\n\t\t\t\t\t\t\t\n\t\t\t\t\t\t\t<div class='slide__head'>\n\t\t\t\t\t\t\t\t\n\t\t\t\t\t\t\t<\/div>\n\t\t\t\t\t\t\t<div class='slide__quote'>\t\n\t\t\t\t\t\t\t\t<i class='fa-solid fa-quote-left'><\/i>\n\t\t\t\t\t\t\t\t\n\t\t\t\t\t\t\t<\/div>\n\t\t\t\t\t\t\t<div class='slide__desc'>\n\t\t\t\t\t\t\t\t<p>\u00catre autour de ces personnes a fa\u00e7onn\u00e9 ma personnalit\u00e9, et le Club, en particulier, m\u2019a permis de devenir une personne plus ouverte qui veut poursuivre ses objectifs.<\/p>\n\n\t\t\t\t\t\t\t<\/div>\n\t\t\t\t\t\t\t<p class='slide__author'>\n\t\t\t\t\t\t\t\t \u2022 Membre d'un Club BGC\n\t\t\t\t\t\t\t<\/p>\n\t\t\t\t\t\t\t\n\t\t\t\t\t\t<\/div>\n\t\t\t\t\t<\/div>\n\t    \t\t<\/div>\n\t    \t<\/div>\n\t    \n\t    \t<div class='carousel-cell slide-left ' style='background-image: url(https:\/\/www.bgccan.com\/wp-content\/uploads\/2026\/03\/Homepage_Slider-Testimonial_QUOTE-RUBEN-_v2.webp);'>\n\t\t    \t<div class='slide__wrapper'>\n\t\t\t\t\t<div class='slide__content'>\n\t\t\t\t\t\t\n\t\t\t\t\t\t<div class='slide__box'>\n\t\t\t\t\t\t\t\n\t\t\t\t\t\t\t<div class='slide__head'>\n\t\t\t\t\t\t\t\t\n\t\t\t\t\t\t\t<\/div>\n\t\t\t\t\t\t\t<div class='slide__quote'>\t\n\t\t\t\t\t\t\t\t<i class='fa-solid fa-quote-left'><\/i>\n\t\t\t\t\t\t\t\t\n\t\t\t\t\t\t\t<\/div>\n\t\t\t\t\t\t\t<div class='slide__desc'>\n\t\t\t\t\t\t\t\t<p>Parmi les forces que j\u2019ai d\u00e9velopp\u00e9es ici au Club, notamment gr\u00e2ce au camp d\u2019\u00e9t\u00e9 et aux nombreux espaces o\u00f9 j\u2019interagis avec les autres, il y a surtout ma communication et ma confiance en moi.<\/p>\n\n\t\t\t\t\t\t\t<\/div>\n\t\t\t\t\t\t\t<p class='slide__author'>\n\t\t\t\t\t\t\t\tRuben \u2022 Jeune leader de l\u2019ann\u00e9e 2025\n\t\t\t\t\t\t\t<\/p>\n\t\t\t\t\t\t\t\n\t\t\t\t\t\t<\/div>\n\t\t\t\t\t<\/div>\n\t    \t\t<\/div>\n\t    \t<\/div>\n<\/div>\n\t    \t\t<\/div>\n\t    \t<\/div>\n\t    [\/vc_column][vc_column css_animation=\u00a0\u00bbnone\u00a0\u00bb offset=\u00a0\u00bbvc_col-md-5&Prime;][vc_row_inner][vc_column_inner css=\u00a0\u00bb.vc_custom_1761343693056{padding-top: 80px !important;padding-right: 60px !important;padding-bottom: 80px !important;padding-left: 60px !important;background-color: #FFFFFF !important;border-radius: 20px !important;}\u00a0\u00bb el_id=\u00a0\u00bbimpact-content\u00a0\u00bb]<div class='content-block section-content wpb_text_column wpb_content_element align-left     font_weight_default   ' ><div class='wpb_wrapper'><h2><mark class=\"text-green\">L\u2019impact positif des Clubs<\/mark> sur la vie des jeunes est immense.<\/h2>\n<p>En fait, notre impact est si remarquable que nous avons pu le mesurer. Nous avons sond\u00e9 pr\u00e8s de 30 000 jeunes des Clubs pour en savoir plus sur leur exp\u00e9rience.<\/p>\n<\/div><\/div>[vc_btn title=\u00a0\u00bbVoir l\u2019impact\u00a0\u00bb style=\u00a0\u00bbsolid\u00a0\u00bb color=\u00a0\u00bbgreen_btn\u00a0\u00bb css=\u00a0\u00bb\u00a0\u00bb link=\u00a0\u00bburl:https%3A%2F%2Fwww.bgccan.com%2Ffr%2Fnotre-impact%2F|title:Notre%20Impact\u00a0\u00bb][\/vc_column_inner][\/vc_row_inner][\/vc_column][\/vc_row][\/vc_section][vc_section full_width=\u00a0\u00bbstretch_row\u00a0\u00bb el_id=\u00a0\u00bbhome_donate\u00a0\u00bb css=\u00a0\u00bb.vc_custom_1761344561336{background-color: #5422C8 !important;}\u00a0\u00bb el_class=\u00a0\u00bbwave-container_bottom pale-blue\u00a0\u00bb][vc_row equal_height=\u00a0\u00bbyes\u00a0\u00bb content_placement=\u00a0\u00bbmiddle\u00a0\u00bb][vc_column css_animation=\u00a0\u00bbleft-to-right\u00a0\u00bb offset=\u00a0\u00bbvc_col-md-5&Prime;]<div class='content-block section-content wpb_text_column wpb_content_element align-left   txt-white  font_weight_default   ' ><div class='wpb_wrapper'><h2>Votre don fait une r\u00e9elle diff\u00e9rence dans les communaut\u00e9s d\u2019un oc\u00e9an \u00e0 l\u2019autre<\/h2>\n<p>Chaque ann\u00e9e, les jeunes trouvent dans les Clubs BGC un environnement accueillant o\u00f9 jouer, apprendre, partager un repas et interagir avec des mentors qui les traitent avec bienveillance. Mettons les chances de leur c\u00f4t\u00e9.<\/p>\n<\/div><\/div>[\/vc_column][vc_column css_animation=\u00a0\u00bbright-to-left\u00a0\u00bb offset=\u00a0\u00bbvc_col-md-offset-1 vc_col-md-6&Prime;][vc_raw_html css=\u00a0\u00bb\u00a0\u00bb el_id=\u00a0\u00bbhome-donate-form\u00a0\u00bb]JTNDYSUyMGhyZWYlM0QlMjIlMjNYWUJZQ1BFUiUyMiUyMHN0eWxlJTNEJTIyZGlzcGxheSUzQSUyMG5vbmUlMjIlM0UlM0MlMkZhJTNF[\/vc_raw_html][\/vc_column][\/vc_row][\/vc_section][vc_section full_width=\u00a0\u00bbstretch_row\u00a0\u00bb css=\u00a0\u00bb.vc_custom_1761257486056{background-color: #F2F7FB !important;}\u00a0\u00bb el_id=\u00a0\u00bbhome_news\u00a0\u00bb][vc_row css_animation=\u00a0\u00bbbottom-to-top\u00a0\u00bb][vc_column]<div class=\"vc_posts \"><div class=\"posts_heading\"><h2>D\u00e9couvrez ce qui se passe chez BGC.<\/h2><div class=\"vc_news_link\"><a href='https:\/\/www.bgccan.com\/fr\/nouvelles\/' class='btn vc_btn3-color-green_btn vc_btn3-style-solid' target='' rel=''>Voir toutes les nouvelles<\/a><\/div><\/div><div class=\"posts_listing\">\n        <article id='post-89174' class='post' data-index='1'>\n        \t<a href='https:\/\/www.bgccan.com\/fr\/bgc-ma-incite-a-redonner-a-ma-collectivite\/' class='post__entry'>\n\t  \t\t\t<div class='post_img'><img decoding=\"async\" src=\"https:\/\/www.bgccan.com\/wp-content\/uploads\/2026\/01\/BGC-Club-Stories-1024x538.jpg\" alt=\"Green line art icon of a hand holding a small plant seedling.\" \/><\/div>\n\t\t\t\t<div class='post_content'>\n\t\t\t\t\t<div class='post_cat'><span class=\"label label-info\">Histoires des Clubs BGC<\/span><\/div>\n\t\t\t\t\t<h3 class='post_title'>BGC m\u2019a incit\u00e9 \u00e0 redonner \u00e0 ma collectivit\u00e9<\/h3>\n\t\t\t\t\t<div class='post_excerpt'>[vc_section][vc_row][vc_column offset=\"vc_col-lg-12 vc_col-md-12\"]Ruben est un jeune exceptionnel connu au sein de son Club et de sa collectivit\u00e9 pour son leadership, les valeurs qu\u2019il incarne et sa capacit\u00e9 \u00e0 inspirer les autres. En 2025, il a \u00e9t\u00e9 nomm\u00e9 Jeune leader national\u2026<\/div>\n\t\t\t\t\t<div class='post_link'>\n\t\t\t\t\t\tLire la suite\n\t\t\t\t\t\t<i class='fa fa-arrow-right fa-after'><\/i>\n\t\t\t\t\t<\/div>\n\t\t\t\t\t\t\n\t\t\t\t<\/div>\n\t\t\t<\/a>\n        <\/article>\n      \n        <article id='post-89168' class='post' data-index='2'>\n        \t<a href='https:\/\/www.bgccan.com\/fr\/la-ou-tout-a-commence-comment-bgc-west-scarborough-est-devenu-mon-deuxieme-chez-moi-au-canada\/' class='post__entry'>\n\t  \t\t\t<div class='post_img'><img decoding=\"async\" src=\"https:\/\/www.bgccan.com\/wp-content\/uploads\/2026\/01\/Sebastian-Cifuentes-photo-1024x559.jpg\" alt=\"Sebastian Cifuentes photo\" \/><\/div>\n\t\t\t\t<div class='post_content'>\n\t\t\t\t\t<div class='post_cat'><span class=\"label label-info\">Histoires des Clubs BGC<\/span><\/div>\n\t\t\t\t\t<h3 class='post_title'>L\u00e0 o\u00f9 tout a commenc\u00e9\u202f: comment BGC\u202fWest\u202fScarborough est devenu mon deuxi\u00e8me chez-moi au Canada<\/h3>\n\t\t\t\t\t<div class='post_excerpt'>[vc_section][vc_row][vc_column offset=\"vc_col-lg-12 vc_col-md-12\"]Publi\u00e9 sur Toronto.com le 2 novembre 2023 Avant ma naissance, mes parents ont d\u00fb fuir la Colombie pour se rendre aux \u00c9tats-Unis et y demander le statut de r\u00e9fugi\u00e9s. Au moment o\u00f9 je suis n\u00e9, ils attendaient encore\u2026<\/div>\n\t\t\t\t\t<div class='post_link'>\n\t\t\t\t\t\tLire la suite\n\t\t\t\t\t\t<i class='fa fa-arrow-right fa-after'><\/i>\n\t\t\t\t\t<\/div>\n\t\t\t\t\t\t\n\t\t\t\t<\/div>\n\t\t\t<\/a>\n        <\/article>\n      \n        <article id='post-89067' class='post' data-index='3'>\n        \t<a href='https:\/\/www.bgccan.com\/fr\/plus-que-jamais-les-jeunes-queers-ont-besoin-des-clubs-bgc\/' class='post__entry'>\n\t  \t\t\t<div class='post_img'><img decoding=\"async\" src=\"https:\/\/www.bgccan.com\/wp-content\/uploads\/2026\/03\/BGCC_Physical-Mental-Health_section-banner-1-1024x680.jpg\" alt=\"Deux jeunes dessinent un arc-en-ciel color\u00e9 avec des marqueurs\" \/><\/div>\n\t\t\t\t<div class='post_content'>\n\t\t\t\t\t<div class='post_cat'><span class=\"label label-info\">Histoires des Clubs BGC<\/span><\/div>\n\t\t\t\t\t<h3 class='post_title'>Plus que jamais, les jeunes queers ont besoin des Clubs BGC<\/h3>\n\t\t\t\t\t<div class='post_excerpt'>Par Sam, anciennement membre d\u2019un Club, Jeune leader de l\u2019ann\u00e9e 2021. 21\u202fmars\u202f2025 Il y a huit ans, j\u2019ai fait mon coming out pour la premi\u00e8re fois devant une pi\u00e8ce remplie de personnes que je ne connaissais pas\u2026 et elles ont\u2026<\/div>\n\t\t\t\t\t<div class='post_link'>\n\t\t\t\t\t\tLire la suite\n\t\t\t\t\t\t<i class='fa fa-arrow-right fa-after'><\/i>\n\t\t\t\t\t<\/div>\n\t\t\t\t\t\t<div class=\"post_tags\"><span class=\"label label-info\">2S &amp; LGBTQIA+<\/span>, <span class=\"label label-info\">BGC Canada<\/span>, <span class=\"label label-info\">Clubs BGC<\/span>, <span class=\"label label-info\">espaces s\u00fbrs<\/span>, <span class=\"label label-info last\">haine anti-LGBT<\/span><\/div>\n\t\t\t\t<\/div>\n\t\t\t<\/a>\n        <\/article>\n      <\/div><\/div>[\/vc_column][\/vc_row][\/vc_section]\n<\/div>","protected":false},"excerpt":{"rendered":"<p>[vc_section el_id=\u00a0\u00bbhome_intro\u00a0\u00bb][vc_row css_animation=\u00a0\u00bbfadeInUp\u00a0\u00bb][vc_column offset=\u00a0\u00bbvc_col-md-offset-1 vc_col-md-10&Prime;][vc_empty_space height=\u00a0\u00bb30px\u00a0\u00bb el_class=\u00a0\u00bbhidden-xs\u00a0\u00bb][\/vc_column][\/vc_row][vc_row equal_height=\u00a0\u00bbyes\u00a0\u00bb css_animation=\u00a0\u00bbbottom-to-top\u00a0\u00bb][vc_column width=\u00a0\u00bb1\/2&Prime; offset=\u00a0\u00bbvc_col-md-4 vc_col-xs-12&Prime;][\/vc_column][vc_column width=\u00a0\u00bb1\/2&Prime; offset=\u00a0\u00bbvc_col-md-4 vc_col-xs-12&Prime;][\/vc_column][vc_column offset=\u00a0\u00bbvc_col-md-4&Prime;][\/vc_column][\/vc_row][\/vc_section][vc_section full_width=\u00a0\u00bbstretch_row\u00a0\u00bb css=\u00a0\u00bb.vc_custom_1761855991877{background-image: url(https:\/\/www.bgccan.com\/wp-content\/uploads\/2025\/10\/home-partner-image_web.jpg?id=2924) !important;background-position: center !important;background-repeat: no-repeat !important;background-size: cover !important;}\u00a0\u00bb el_id=\u00a0\u00bbhome_partner\u00a0\u00bb el_class=\u00a0\u00bbnavy wave-container_bottom\u00a0\u00bb][vc_row equal_height=\u00a0\u00bbyes\u00a0\u00bb css_animation=\u00a0\u00bbbottom-to-top\u00a0\u00bb][vc_column width=\u00a0\u00bb1\/2&Prime; css=\u00a0\u00bb.vc_custom_1767646657728{padding-top: 80px !important;padding-right: 60px !important;padding-bottom: 80px !important;padding-left: 60px !important;background-color: #FFFFFF !important;border-radius: 20px !important;}\u00a0\u00bb offset=\u00a0\u00bbvc_col-sm-offset-6 vc_col-xs-12&Prime; el_class=\u00a0\u00bbpartner_block\u00a0\u00bb][vc_btn title=\u00a0\u00bbPourquoi \u00e9tablir un partenariat avec BGC\u00a0\u00bb style=\u00a0\u00bbsolid\u00a0\u00bb [&hellip;]<\/p>\n","protected":false},"author":1,"featured_media":0,"parent":0,"menu_order":0,"comment_status":"closed","ping_status":"closed","template":"","meta":{"_acf_changed":false,"footnotes":""},"class_list":["post-87072","page","type-page","status-publish","hentry"],"acf":[],"aioseo_notices":[],"_links":{"self":[{"href":"https:\/\/www.bgccan.com\/fr\/wp-json\/wp\/v2\/pages\/87072","targetHints":{"allow":["GET"]}}],"collection":[{"href":"https:\/\/www.bgccan.com\/fr\/wp-json\/wp\/v2\/pages"}],"about":[{"href":"https:\/\/www.bgccan.com\/fr\/wp-json\/wp\/v2\/types\/page"}],"author":[{"embeddable":true,"href":"https:\/\/www.bgccan.com\/fr\/wp-json\/wp\/v2\/users\/1"}],"replies":[{"embeddable":true,"href":"https:\/\/www.bgccan.com\/fr\/wp-json\/wp\/v2\/comments?post=87072"}],"version-history":[{"count":1,"href":"https:\/\/www.bgccan.com\/fr\/wp-json\/wp\/v2\/pages\/87072\/revisions"}],"predecessor-version":[{"id":90159,"href":"https:\/\/www.bgccan.com\/fr\/wp-json\/wp\/v2\/pages\/87072\/revisions\/90159"}],"wp:attachment":[{"href":"https:\/\/www.bgccan.com\/fr\/wp-json\/wp\/v2\/media?parent=87072"}],"curies":[{"name":"wp","href":"https:\/\/api.w.org\/{rel}","templated":true}]}}