{"id":87096,"date":"2026-02-23T23:23:34","date_gmt":"2026-02-23T23:23:34","guid":{"rendered":"https:\/\/www.bgccan.com\/?page_id=87096"},"modified":"2026-04-15T19:15:36","modified_gmt":"2026-04-15T19:15:36","slug":"enjeux","status":"publish","type":"page","link":"https:\/\/www.bgccan.com\/fr\/enjeux\/","title":{"rendered":"Les enjeux"},"content":{"rendered":"<div class=\"wpb-content-wrapper\">[vc_row css_animation=\u00a0\u00bbbottom-to-top\u00a0\u00bb el_class=\u00a0\u00bbptop-8 pbottom-5&Prime;][vc_column offset=\u00a0\u00bbvc_col-md-offset-2 vc_col-md-8&Prime; el_class=\u00a0\u00bbcenter\u00a0\u00bb]<div class='content-block section-content wpb_text_column wpb_content_element align-center   txt-navy margin-0 pbottom-4 fw-bold fs-32 lh-140 ls_minus_32' ><div class='wpb_wrapper'><h2>BGC Canada s\u2019attaque aux <mark class=\"text-green\">enjeux de plus en plus complexes<\/mark> auxquels les enfants et les ados font face chaque jour.<\/h2>\n<\/div><\/div>[vc_btn title=\u00a0\u00bbFAIRE UN DON MAINTENANT\u00a0\u00bb style=\u00a0\u00bbsolid\u00a0\u00bb color=\u00a0\u00bbdonate_btn\u00a0\u00bb css=\u00a0\u00bb\u00a0\u00bb link=\u00a0\u00bburl:https%3A%2F%2Fbgcdonors.donorsupport.co%2Fpage%2FFUNBFVAKRMA%3Fform%3Ddonatenow|title:Donate|target:_blank\u00a0\u00bb][\/vc_column][\/vc_row][vc_row full_width=\u00a0\u00bbstretch_row_content_no_spaces\u00a0\u00bb css_animation=\u00a0\u00bbfadeIn\u00a0\u00bb el_class=\u00a0\u00bbpbottom-2&Prime;][vc_column]\n\t\t\t\t<div tabindex='0' class='wpb_content_element cta cta__card lg-photo  align-default '>\n\t\t\t\t\t<div class='cta__wrapper'>\n\t\t\t\t\t\t<div class='cta__content'>\n\t\t\t\t\t\t\t<div class='cta__top'>\n\t\t\t\t\t\t\t\t\n\t\t\t\t\t\t\t\t<h3 class='cta__head'><\/h3>\n\t\t\t\t\t\t\t<\/div>\n\t\t\t\t\t\t\t<div class='cta__bot'>\n\t\t\t\t\t\t\t\t<div class='cta__desc'><h3>De nos jours, les jeunes font face \u00e0 des d\u00e9fis qui auraient \u00e9t\u00e9 inimaginables il y a 20 ans, et m\u00eame il y a 10 ans.<\/h3>\n<p><span style=\"font-weight: 400;\">De plus en plus d\u2019enfants vivent dans la pauvret\u00e9. La sant\u00e9 mentale des jeunes est en d\u00e9clin. Les taux de pertes d\u2019apprentissage montent en fl\u00e8che. Le monde virtuel n\u2019est pas un espace s\u00fbr.<\/span><\/p>\n<p><span style=\"font-weight: 400;\">Nous cherchons \u00e0 trouver des solutions pour que la prochaine g\u00e9n\u00e9ration ait acc\u00e8s \u00e0 tout ce dont elle a besoin pour s\u2019\u00e9panouir (et non seulement pour survivre); quoiqu\u2019il arrive, nous sommes l\u00e0 pour nos jeunes.<\/span><\/p>\n<\/div>\n\t\t\t\t\t\t\t\t<div class='cta__link'>\n\t\t\t\t\t\t\t\t\t\n\t\t\t\t\t\t\t\t\t\n\t\t\t\t\t\t\t\t<\/div>\n\t\t\t\t\t\t\t<\/div>\n\t\t\t\t\t\t<\/div>\n\t\t\t\t\t\t<div class=\"cta__img\"><img decoding=\"async\" src=\"https:\/\/www.bgccan.com\/wp-content\/uploads\/2026\/02\/lady-and-girl-v1.jpg\" alt=\"FR TEST 123\"><\/div>\n\t\t\t\t\t<\/div>\n\t\t\t\t<\/div>[\/vc_column][\/vc_row][vc_section][vc_row css_animation=\u00a0\u00bbbottom-to-top\u00a0\u00bb][vc_column width=\u00a0\u00bb1\/2&Prime; offset=\u00a0\u00bbvc_col-xs-12&Prime;]\n\t\t\t\t<a href='https:\/\/www.bgccan.com\/fr\/enjeux\/linsecurite-alimentaire\/' class='wpb_content_element cta cta__card md  align-default ' target='' rel=''>\n\t\t\t\t\t<div class='cta__wrapper bg_navy'>\n\t\t\t\t\t\t<div class=\"cta__img\"><img decoding=\"async\" src=\"https:\/\/www.bgccan.com\/wp-content\/uploads\/2026\/02\/cta-food-insecurity-girl-eating-v2.jpg\" alt=\"A young girl with brown hair and a pink shirt smiles while eating an orange slice at a table.\"><\/div>\n\t\t\t\t\t\t<div class='cta__content'>\n\t\t\t\t\t\t\t<div class='cta__top'>\n\t\t\t\t\t\t\t\t<span class='cta__eyebrow'>L\u2019ins\u00e9curit\u00e9 alimentaire<\/span>\n\t\t\t\t\t\t\t\t<h3 class='cta__head'>Les familles canadiennes m\u00e9ritent d\u2019avoir acc\u00e8s \u00e0 des aliments nutritifs.<\/h3>\n\t\t\t\t\t\t\t<\/div>\n\t\t\t\t\t\t\t<div class='cta__bot'>\n\t\t\t\t\t\t\t\t<div class='cta__desc'><p><span style=\"font-weight: 400;\">Les co\u00fbts li\u00e9s \u00e0 l\u2019alimentation continuant de grimper \u00e0 un rythme alarmant, il est de plus en plus difficile pour les familles de proposer des repas frais et sains \u00e0 leurs enfants.<\/span><\/p>\n<\/div>\n\t\t\t\t\t\t\t\t<div class='cta__link'>\n\t\t\t\t\t\t\t\t\tL\u2019aide que nous apportons\n\t\t\t\t\t\t\t\t\t<i class=\"fa-solid fa-arrow-right\"><\/i>\n\t\t\t\t\t\t\t\t<\/div>\n\t\t\t\t\t\t\t<\/div>\n\t\t\t\t\t\t<\/div>\n\t\t\t\t\t<\/div>\n\t\t\t\t<\/a>[\/vc_column][vc_column width=\u00a0\u00bb1\/2&Prime; offset=\u00a0\u00bbvc_col-xs-12&Prime;]\n\t\t\t\t<a href='https:\/\/www.bgccan.com\/fr\/enjeux\/la-sante-physique-et-mentale\/' class='wpb_content_element cta cta__card md  align-default ' target='' rel=''>\n\t\t\t\t\t<div class='cta__wrapper bg_navy'>\n\t\t\t\t\t\t<div class=\"cta__img\"><img decoding=\"async\" src=\"https:\/\/www.bgccan.com\/wp-content\/uploads\/2025\/10\/cta-learning-development-group-photo.webp\" alt=\"Two youth smiling and working together on a laptop at a BGC Club\"><\/div>\n\t\t\t\t\t\t<div class='cta__content'>\n\t\t\t\t\t\t\t<div class='cta__top'>\n\t\t\t\t\t\t\t\t<span class='cta__eyebrow'>La sant\u00e9 physique et mentale<\/span>\n\t\t\t\t\t\t\t\t<h3 class='cta__head'>Les enfants et ados du Canada m\u00e9ritent d\u2019avoir acc\u00e8s \u00e0 des services de sant\u00e9 mentale de qualit\u00e9.<\/h3>\n\t\t\t\t\t\t\t<\/div>\n\t\t\t\t\t\t\t<div class='cta__bot'>\n\t\t\t\t\t\t\t\t<div class='cta__desc'><p><span style=\"font-weight: 400;\">Les jeunes ne vont pas bien. Partout au pays, de plus en plus d\u2019enfants et d\u2019ados sont aux prises avec des probl\u00e8mes de sant\u00e9 mentale.<\/span><\/p>\n<\/div>\n\t\t\t\t\t\t\t\t<div class='cta__link'>\n\t\t\t\t\t\t\t\t\tL\u2019aide que nous apportons\n\t\t\t\t\t\t\t\t\t<i class=\"fa-solid fa-arrow-right\"><\/i>\n\t\t\t\t\t\t\t\t<\/div>\n\t\t\t\t\t\t\t<\/div>\n\t\t\t\t\t\t<\/div>\n\t\t\t\t\t<\/div>\n\t\t\t\t<\/a>[\/vc_column][\/vc_row][vc_row css_animation=\u00a0\u00bbbottom-to-top\u00a0\u00bb el_class=\u00a0\u00bbpbottom-12&Prime;][vc_column width=\u00a0\u00bb1\/2&Prime; offset=\u00a0\u00bbvc_col-xs-12&Prime;]\n\t\t\t\t<a href='https:\/\/www.bgccan.com\/fr\/enjeux\/apprentissage-et-developpement\/' class='wpb_content_element cta cta__card md  align-default ' target='' rel=''>\n\t\t\t\t\t<div class='cta__wrapper bg_navy'>\n\t\t\t\t\t\t<div class=\"cta__img\"><img decoding=\"async\" src=\"https:\/\/www.bgccan.com\/wp-content\/uploads\/2026\/02\/cta-mental-health-staff-supporting-youth-v2.jpg\" alt=\"Two young women collaborate on a laptop at a wooden table with a calculator and pencils.\"><\/div>\n\t\t\t\t\t\t<div class='cta__content'>\n\t\t\t\t\t\t\t<div class='cta__top'>\n\t\t\t\t\t\t\t\t<span class='cta__eyebrow'>Apprentissage et d\u00e9veloppement<\/span>\n\t\t\t\t\t\t\t\t<h3 class='cta__head'>Les jeunes du Canada m\u00e9ritent d\u2019envisager l\u2019avenir avec optimisme.<\/h3>\n\t\t\t\t\t\t\t<\/div>\n\t\t\t\t\t\t\t<div class='cta__bot'>\n\t\t\t\t\t\t\t\t<div class='cta__desc'><p><span style=\"font-weight: 400;\">La capacit\u00e9 des enfants \u00e0 apprendre est mise \u00e0 l\u2019\u00e9preuve par les pertes d\u2019apprentissage post-pand\u00e9miques, les classes de plus en plus nombreuses et d\u2019autres obstacles socio-\u00e9conomiques.<\/span><\/p>\n<\/div>\n\t\t\t\t\t\t\t\t<div class='cta__link'>\n\t\t\t\t\t\t\t\t\tL\u2019aide que nous apportons\n\t\t\t\t\t\t\t\t\t<i class=\"fa-solid fa-arrow-right\"><\/i>\n\t\t\t\t\t\t\t\t<\/div>\n\t\t\t\t\t\t\t<\/div>\n\t\t\t\t\t\t<\/div>\n\t\t\t\t\t<\/div>\n\t\t\t\t<\/a>[\/vc_column][vc_column width=\u00a0\u00bb1\/2&Prime; offset=\u00a0\u00bbvc_col-xs-12&Prime;]\n\t\t\t\t<a href='https:\/\/www.bgccan.com\/fr\/enjeux\/communautes-securitaires\/' class='wpb_content_element cta cta__card md  align-default ' target='' rel=''>\n\t\t\t\t\t<div class='cta__wrapper bg_navy'>\n\t\t\t\t\t\t<div class=\"cta__img\"><img decoding=\"async\" src=\"https:\/\/www.bgccan.com\/wp-content\/uploads\/2025\/10\/cta-community-safe-space-mural-group-v2.jpg\" alt=\"Group of children and youth standing together in front of a graffiti mural.\"><\/div>\n\t\t\t\t\t\t<div class='cta__content'>\n\t\t\t\t\t\t\t<div class='cta__top'>\n\t\t\t\t\t\t\t\t<span class='cta__eyebrow'>Des collectivit\u00e9s plus fortes<\/span>\n\t\t\t\t\t\t\t\t<h3 class='cta__head'>Les collectivit\u00e9s partout au pays ont besoin de plus d\u2019espaces s\u00fbrs.<\/h3>\n\t\t\t\t\t\t\t<\/div>\n\t\t\t\t\t\t\t<div class='cta__bot'>\n\t\t\t\t\t\t\t\t<div class='cta__desc'><p><span style=\"font-weight: 400;\">Les enfants et les ados m\u00e9ritent un endroit o\u00f9 aller entre l\u2019\u00e9cole et la maison : un lieu o\u00f9 tisser des relations positives, prendre confiance en soi et apprendre \u00e0 faire de meilleurs choix.<\/span><\/p>\n<\/div>\n\t\t\t\t\t\t\t\t<div class='cta__link'>\n\t\t\t\t\t\t\t\t\tL\u2019aide que nous apportons\n\t\t\t\t\t\t\t\t\t<i class=\"fa-solid fa-arrow-right\"><\/i>\n\t\t\t\t\t\t\t\t<\/div>\n\t\t\t\t\t\t\t<\/div>\n\t\t\t\t\t\t<\/div>\n\t\t\t\t\t<\/div>\n\t\t\t\t<\/a>[\/vc_column][\/vc_row][\/vc_section][vc_section][vc_row full_width=\u00a0\u00bbstretch_row\u00a0\u00bb css=\u00a0\u00bb.vc_custom_1760714731951{background-color: #003B4A !important;}\u00a0\u00bb el_class=\u00a0\u00bbnavy wave-container ptop-12 pbottom-10&Prime;][vc_column][vc_row_inner][vc_column_inner el_class=\u00a0\u00bbd-flex\u00a0\u00bb offset=\u00a0\u00bbvc_col-md-offset-1 vc_col-md-10&Prime;]<div class='content-block section-content wpb_text_column wpb_content_element align-center   txt-white margin-0 pbottom-2 fw-bold fs-38 lh-140 ls_minus_38' ><div class='wpb_wrapper'><h2><b>Notre impact est si remarquable que <mark class=\"text-brightgreen\">nous avons pu le mesurer.<\/mark><\/b><\/h2>\n<\/div><\/div><div class='content-block section-content wpb_text_column wpb_content_element align-center   txt-white  font_weight_default fs-18 lh-160 ' ><div class='wpb_wrapper'><p><span style=\"font-weight: 400;\">Nous savons que BGC change des vies. Nous avons donc demand\u00e9 aux jeunes personnes qui fr\u00e9quentent les Clubs ce qu\u2019elles pensent de ceux-ci exactement.<\/span><\/p>\n<\/div><\/div>[vc_btn title=\u00a0\u00bbEn savoir plus\u00a0\u00bb style=\u00a0\u00bbsolid\u00a0\u00bb color=\u00a0\u00bbgreen_btn\u00a0\u00bb css_animation=\u00a0\u00bbbottom-to-top\u00a0\u00bb css=\u00a0\u00bb\u00a0\u00bb link=\u00a0\u00bburl:https%3A%2F%2Fwww.bgccan.com%2Ffr%2Fnotre-impact%2F|title:How%20we%20help\u00a0\u00bb][\/vc_column_inner][\/vc_row_inner][\/vc_column][\/vc_row][\/vc_section][vc_section full_width=\u00a0\u00bbstretch_row\u00a0\u00bb css=\u00a0\u00bb.vc_custom_1760720543387{background-color: #E4ECF4 !important;}\u00a0\u00bb el_class=\u00a0\u00bbptop-0&Prime;][vc_row full_width=\u00a0\u00bbstretch_row_content_no_spaces\u00a0\u00bb][vc_column][vc_row_inner css=\u00a0\u00bb.vc_custom_1760722765733{background-position: center !important;background-repeat: no-repeat !important;background-size: cover !important;}\u00a0\u00bb][vc_column_inner el_class=\u00a0\u00bbimage-row-size-800&Prime; css=\u00a0\u00bb.vc_custom_1761157746648{background-image: url(https:\/\/www.bgccan.com\/wp-content\/uploads\/2025\/10\/bgc-friendship-outdoor-play-2025-scaled.webp?id=2635) !important;background-position: center !important;background-repeat: no-repeat !important;background-size: cover !important;}\u00a0\u00bb][\/vc_column_inner][\/vc_row_inner][\/vc_column][\/vc_row][vc_row full_width=\u00a0\u00bbstretch_row\u00a0\u00bb css_animation=\u00a0\u00bbfadeInUp\u00a0\u00bb el_class=\u00a0\u00bbbottom-up-100 pbottom-2&Prime;][vc_column][vc_row_inner el_class=\u00a0\u00bbcustom-block-white\u00a0\u00bb][vc_column_inner offset=\u00a0\u00bbvc_col-md-offset-2 vc_col-md-8&Prime; css=\u00a0\u00bb.vc_custom_1760717652882{background-color: #FFFFFF !important;}\u00a0\u00bb]<div class='content-block section-content wpb_text_column wpb_content_element align-center   txt-navy margin-0 pbottom-1 font_weight_default fs-32 lh-140 ls_minus_32' ><div class='wpb_wrapper'><h2>Nous ne pourrions pas accomplir ce travail sans votre soutien.<\/h2>\n<\/div><\/div><div class='content-block section-content wpb_text_column wpb_content_element align-center   txt-dark-grey  font_weight_default fs-18 lh-160 ' ><div class='wpb_wrapper'><p>Sans les Clubs BGC, les jeunes du Canada auraient moins d\u2019occasions de s\u2019\u00e9panouir. Aidez-nous \u00e0 permettre \u00e0 chaque jeune d\u2019acc\u00e9der \u00e0 un Club.<\/p>\n<\/div><\/div>[vc_btn title=\u00a0\u00bbFaire un don\u00a0\u00bb style=\u00a0\u00bbsolid\u00a0\u00bb color=\u00a0\u00bbdonate_btn\u00a0\u00bb css=\u00a0\u00bb\u00a0\u00bb link=\u00a0\u00bburl:https%3A%2F%2Fbgcdonors.donorsupport.co%2Fpage%2FFUNBFVAKRMA%3Fform%3Ddonatenow|title:Donate|target:_blank\u00a0\u00bb][vc_btn title=\u00a0\u00bbFaire \u00e9quipe avec nous\u00a0\u00bb style=\u00a0\u00bbsolid\u00a0\u00bb color=\u00a0\u00bbgreen_btn\u00a0\u00bb css=\u00a0\u00bb\u00a0\u00bb link=\u00a0\u00bburl:https%3A%2F%2Fwww.bgccan.com%2Ffr%2Fdevenez-partenaires%2F|title:Partner%20With%20Us\u00a0\u00bb][\/vc_column_inner][\/vc_row_inner][\/vc_column][\/vc_row][\/vc_section]\n<\/div>","protected":false},"excerpt":{"rendered":"<p>[vc_row css_animation=\u00a0\u00bbbottom-to-top\u00a0\u00bb el_class=\u00a0\u00bbptop-8 pbottom-5&Prime;][vc_column offset=\u00a0\u00bbvc_col-md-offset-2 vc_col-md-8&Prime; el_class=\u00a0\u00bbcenter\u00a0\u00bb][vc_btn title=\u00a0\u00bbFAIRE UN DON MAINTENANT\u00a0\u00bb style=\u00a0\u00bbsolid\u00a0\u00bb color=\u00a0\u00bbdonate_btn\u00a0\u00bb css=\u00a0\u00bb\u00a0\u00bb link=\u00a0\u00bburl:https%3A%2F%2Fbgcdonors.donorsupport.co%2Fpage%2FFUNBFVAKRMA%3Fform%3Ddonatenow|title:Donate|target:_blank\u00a0\u00bb][\/vc_column][\/vc_row][vc_row full_width=\u00a0\u00bbstretch_row_content_no_spaces\u00a0\u00bb css_animation=\u00a0\u00bbfadeIn\u00a0\u00bb el_class=\u00a0\u00bbpbottom-2&Prime;][vc_column][\/vc_column][\/vc_row][vc_section][vc_row css_animation=\u00a0\u00bbbottom-to-top\u00a0\u00bb][vc_column width=\u00a0\u00bb1\/2&Prime; offset=\u00a0\u00bbvc_col-xs-12&Prime;][\/vc_column][vc_column width=\u00a0\u00bb1\/2&Prime; offset=\u00a0\u00bbvc_col-xs-12&Prime;][\/vc_column][\/vc_row][vc_row css_animation=\u00a0\u00bbbottom-to-top\u00a0\u00bb el_class=\u00a0\u00bbpbottom-12&Prime;][vc_column width=\u00a0\u00bb1\/2&Prime; offset=\u00a0\u00bbvc_col-xs-12&Prime;][\/vc_column][vc_column width=\u00a0\u00bb1\/2&Prime; offset=\u00a0\u00bbvc_col-xs-12&Prime;][\/vc_column][\/vc_row][\/vc_section][vc_section][vc_row full_width=\u00a0\u00bbstretch_row\u00a0\u00bb css=\u00a0\u00bb.vc_custom_1760714731951{background-color: #003B4A !important;}\u00a0\u00bb el_class=\u00a0\u00bbnavy wave-container ptop-12 pbottom-10&Prime;][vc_column][vc_row_inner][vc_column_inner el_class=\u00a0\u00bbd-flex\u00a0\u00bb offset=\u00a0\u00bbvc_col-md-offset-1 vc_col-md-10&Prime;][vc_btn title=\u00a0\u00bbEn savoir plus\u00a0\u00bb style=\u00a0\u00bbsolid\u00a0\u00bb color=\u00a0\u00bbgreen_btn\u00a0\u00bb css_animation=\u00a0\u00bbbottom-to-top\u00a0\u00bb css=\u00a0\u00bb\u00a0\u00bb link=\u00a0\u00bburl:https%3A%2F%2Fwww.bgccan.com%2Ffr%2Fnotre-impact%2F|title:How%20we%20help\u00a0\u00bb][\/vc_column_inner][\/vc_row_inner][\/vc_column][\/vc_row][\/vc_section][vc_section full_width=\u00a0\u00bbstretch_row\u00a0\u00bb css=\u00a0\u00bb.vc_custom_1760720543387{background-color: #E4ECF4 !important;}\u00a0\u00bb el_class=\u00a0\u00bbptop-0&Prime;][vc_row full_width=\u00a0\u00bbstretch_row_content_no_spaces\u00a0\u00bb][vc_column][vc_row_inner css=\u00a0\u00bb.vc_custom_1760722765733{background-position: [&hellip;]<\/p>\n","protected":false},"author":2,"featured_media":87092,"parent":0,"menu_order":0,"comment_status":"closed","ping_status":"closed","template":"page-templates\/page-general.php","meta":{"_acf_changed":false,"footnotes":""},"class_list":["post-87096","page","type-page","status-publish","has-post-thumbnail","hentry"],"acf":[],"aioseo_notices":[],"_links":{"self":[{"href":"https:\/\/www.bgccan.com\/fr\/wp-json\/wp\/v2\/pages\/87096","targetHints":{"allow":["GET"]}}],"collection":[{"href":"https:\/\/www.bgccan.com\/fr\/wp-json\/wp\/v2\/pages"}],"about":[{"href":"https:\/\/www.bgccan.com\/fr\/wp-json\/wp\/v2\/types\/page"}],"author":[{"embeddable":true,"href":"https:\/\/www.bgccan.com\/fr\/wp-json\/wp\/v2\/users\/2"}],"replies":[{"embeddable":true,"href":"https:\/\/www.bgccan.com\/fr\/wp-json\/wp\/v2\/comments?post=87096"}],"version-history":[{"count":2,"href":"https:\/\/www.bgccan.com\/fr\/wp-json\/wp\/v2\/pages\/87096\/revisions"}],"predecessor-version":[{"id":90038,"href":"https:\/\/www.bgccan.com\/fr\/wp-json\/wp\/v2\/pages\/87096\/revisions\/90038"}],"wp:featuredmedia":[{"embeddable":true,"href":"https:\/\/www.bgccan.com\/fr\/wp-json\/wp\/v2\/media\/87092"}],"wp:attachment":[{"href":"https:\/\/www.bgccan.com\/fr\/wp-json\/wp\/v2\/media?parent=87096"}],"curies":[{"name":"wp","href":"https:\/\/api.w.org\/{rel}","templated":true}]}}