{"id":87118,"date":"2026-02-24T00:07:14","date_gmt":"2026-02-24T00:07:14","guid":{"rendered":"https:\/\/www.bgccan.com\/?page_id=87118"},"modified":"2026-04-15T19:07:19","modified_gmt":"2026-04-15T19:07:19","slug":"linsecurite-alimentaire","status":"publish","type":"page","link":"https:\/\/www.bgccan.com\/fr\/enjeux\/linsecurite-alimentaire\/","title":{"rendered":"L\u2019ins\u00e9curit\u00e9 alimentaire"},"content":{"rendered":"<div class=\"wpb-content-wrapper\">[vc_row css_animation=\u00a0\u00bbbottom-to-top\u00a0\u00bb el_class=\u00a0\u00bbpbottom-5 ptop-4&Prime;][vc_column offset=\u00a0\u00bbvc_col-md-offset-2 vc_col-md-8&Prime;]<div class='innermost-section-heading eyebrow align-center  '><p>L\u2019ENJEU<\/p><\/div><div class='content-block section-content wpb_text_column wpb_content_element align-center   txt-navy pbottom-3 fw-bold fs-38 lh-140 ls_minus_38' style=\"margin-bottom: 0px !important;\"><div class='wpb_wrapper'><h2>Au Canada, l\u2019ins\u00e9curit\u00e9 alimentaire <mark class=\"text-green\">frappe les jeunes de mani\u00e8re in\u00e9gale.<\/mark><\/h2>\n<\/div><\/div><div class='content-block section-content wpb_text_column wpb_content_element align-center   txt-dark-grey  font_weight_default fs-18 lh-160 ' style=\"margin-bottom: 0px !important;\"><div class='wpb_wrapper'><p><span style=\"font-weight: 400;\">Les corps des jeunes ont besoin de nutriments pour se d\u00e9velopper. Les enfants et les ados r\u00e9fl\u00e9chissent mieux, obtiennent de meilleurs r\u00e9sultats, apprennent mieux et prennent de meilleures d\u00e9cisions apr\u00e8s avoir mang\u00e9 \u00e0 leur faim. Rien n\u2019est possible sans la s\u00e9curit\u00e9 alimentaire.<\/span><\/p>\n<\/div><\/div>[\/vc_column][\/vc_row][vc_section css_animation=\u00a0\u00bbbottom-to-top\u00a0\u00bb css=\u00a0\u00bb.vc_custom_1759179468230{margin-bottom: 0px !important;padding-bottom: 0px !important;}\u00a0\u00bb el_class=\u00a0\u00bbpbottom-54 position-r\u00a0\u00bb][vc_row css_animation=\u00a0\u00bbnone\u00a0\u00bb][vc_column offset=\u00a0\u00bbvc_col-lg-offset-1 vc_col-lg-10&Prime;][vc_row_inner equal_height=\u00a0\u00bbyes\u00a0\u00bb][vc_column_inner offset=\u00a0\u00bbvc_col-md-4&Prime;] \n                <div class='wpb_content_element cta cta__card stats-icon '> \n                    <div class='cta__wrapper bg_pale_blue-1'> \n                        <div class='cta__content'> \n\t\t\t\t\t\t\t<div class='cta__icon'><i class='fa-regular fa-house'><\/i><\/div>\n\t\t\t\t\t\t\t<h3 class='cta__head'>25%<\/h3> \n\t\t\t\t\t\t\t<div class='cta__desc'><p>des enfants au Canada <strong>vivent dans un m\u00e9nage en situation d\u2019ins\u00e9curit\u00e9 alimentaire.<\/strong><\/p>\n<\/div>\n\t\t\t\t\t\t<div class='cta__link'><a href='https:\/\/proof.utoronto.ca\/2025\/new-data-on-household-food-insecurity-in-2024\/' target='_blank' rel=''>Voir les donn\u00e9es de recherche<\/a><\/div>\n\t\t\t\t\t\t<\/div> \n\t\t\t\t\t<\/div> \n\t\t\t\t<\/div>[\/vc_column_inner][vc_column_inner offset=\u00a0\u00bbvc_col-md-4&Prime;] \n                <div class='wpb_content_element cta cta__card stats-icon '> \n                    <div class='cta__wrapper bg_pale_blue-1'> \n                        <div class='cta__content'> \n\t\t\t\t\t\t\t<div class='cta__icon'><i class='fa-regular fa-light fa-family'><\/i><\/div>\n\t\t\t\t\t\t\t<h3 class='cta__head'>43%<\/h3> \n\t\t\t\t\t\t\t<div class='cta__desc'><p>des m\u00e9nages noirs d\u00e9clarent <strong>ne pas manger \u00e0 leur faim en raison de contraintes financi\u00e8res.<\/strong><\/p>\n<\/div>\n\t\t\t\t\t\t\n\t\t\t\t\t\t<\/div> \n\t\t\t\t\t<\/div> \n\t\t\t\t<\/div>[\/vc_column_inner][vc_column_inner offset=\u00a0\u00bbvc_col-md-4&Prime;] \n                <div class='wpb_content_element cta cta__card stats-icon '> \n                    <div class='cta__wrapper bg_pale_blue-1'> \n                        <div class='cta__content'> \n\t\t\t\t\t\t\t<div class='cta__icon'><i class='fa-regular fa-regular fa-people-roof'><\/i><\/div>\n\t\t\t\t\t\t\t<h3 class='cta__head'>45%<\/h3> \n\t\t\t\t\t\t\t<div class='cta__desc'><p>des m\u00e9nages autochtones d\u00e9clarent <strong>ne pas manger \u00e0 leur faim en raison de contraintes financi\u00e8res.<\/strong><\/p>\n<\/div>\n\t\t\t\t\t\t\n\t\t\t\t\t\t<\/div> \n\t\t\t\t\t<\/div> \n\t\t\t\t<\/div>[\/vc_column_inner][\/vc_row_inner][\/vc_column][\/vc_row][vc_row el_class=\u00a0\u00bbrow-up-150&Prime; css=\u00a0\u00bb.vc_custom_1758819575906{margin-bottom: 0px !important;padding-bottom: 0px !important;}\u00a0\u00bb][vc_column][vc_row_inner][vc_column_inner offset=\u00a0\u00bbvc_hidden-sm vc_hidden-xs\u00a0\u00bb][vc_empty_space height=\u00a0\u00bb5rem\u00a0\u00bb][\/vc_column_inner][\/vc_row_inner][vc_single_image image=\u00a0\u00bb87093&Prime; img_size=\u00a0\u00bbfull\u00a0\u00bb alignment=\u00a0\u00bbcenter\u00a0\u00bb css=\u00a0\u00bb.vc_custom_1768332389689{padding-bottom: 0px !important;}\u00a0\u00bb][\/vc_column][\/vc_row][\/vc_section][vc_section full_width=\u00a0\u00bbstretch_row\u00a0\u00bb css=\u00a0\u00bb.vc_custom_1758221797167{background-color: #003B4A00 !important;}\u00a0\u00bb][vc_row full_width=\u00a0\u00bbstretch_row_content_no_spaces\u00a0\u00bb css_animation=\u00a0\u00bbbottom-to-top\u00a0\u00bb css=\u00a0\u00bb.vc_custom_1759178441127{background-color: #003B4A !important;}\u00a0\u00bb el_class=\u00a0\u00bbwave-container navy ptop-7 pbottom-10 stretch-row max-width-1320&Prime;][vc_column][vc_row_inner][vc_column_inner offset=\u00a0\u00bbvc_col-md-offset-2 vc_col-md-8&Prime;]<div class='innermost-section-heading eyebrow align-center  '><p>L\u2019AIDE QUE NOUS APPORTONS<\/p><\/div><div class='content-block section-content wpb_text_column wpb_content_element align-center   txt-white pbottom-4 fw-bold fs-38 lh-140 ls_minus_38' style=\"margin-bottom: 0px !important;\"><div class='wpb_wrapper'><h2>S\u2019alimenter est un besoin fondamental. Dans nos Clubs, <mark class=\"text-brightgreen\">la nourriture est donc un incontournable.<\/mark><\/h2>\n<\/div><\/div>[\/vc_column_inner][\/vc_row_inner][vc_row_inner content_placement=\u00a0\u00bbmiddle\u00a0\u00bb el_class=\u00a0\u00bbpbottom-10&Prime;][vc_column_inner el_class=\u00a0\u00bbcustom-padding\u00a0\u00bb offset=\u00a0\u00bbvc_col-md-6&Prime;]<div class='content-block section-content wpb_text_column wpb_content_element align-left font-head  txt-bright-green  fw-med fs-150 lh-110 ' style=\"margin-bottom: 0px !important;\"><div class='wpb_wrapper'><p>8,519,944<\/p>\n<\/div><\/div><div class='content-block section-content wpb_text_column wpb_content_element align-left font-head  txt-white pbottom-4 fw-med fs-36 lh-110 ls_32' style=\"margin-bottom: 0px !important;\"><div class='wpb_wrapper'><p>de collations et repas sant\u00e9 servis<\/p>\n<\/div><\/div><div class='content-block section-content wpb_text_column wpb_content_element align-left   txt-white mbottom-0 pbottom-3 fw-bold fs-24 lh-140 ls_minus_24' style=\"margin-bottom: 0px !important;\"><div class='wpb_wrapper'><p>Les Clubs BGC de tout le Canada <mark class=\"text-brightgreen\">encouragent les enfants \u00e0 manger sainement, <\/mark>tant aujourd\u2019hui que plus tard dans leur vie.<\/p>\n<\/div><\/div><div class='content-block section-content wpb_text_column wpb_content_element align-left   txt-white pbotttom-5 font_weight_default fs-18 lh-160 ' style=\"margin-bottom: 0px !important;\"><div class='wpb_wrapper'><p><span style=\"font-weight: 400;\">En plus de fournir un soutien alimentaire, les Clubs proposent aussi une vaste gamme de programmes passionnants qui apprennent aux jeunes \u00e0 faire des choix alimentaires sains et favorisent la litt\u00e9ratie alimentaire dans nos collectivit\u00e9s. Ces programmes incitent les enfants et les ados \u00e0 adopter des habitudes saines tout au long de leur vie.<\/span><\/p>\n<\/div><\/div>[\/vc_column_inner][vc_column_inner offset=\u00a0\u00bbvc_col-md-6&Prime;][vc_single_image image=\u00a0\u00bb87094&Prime; img_size=\u00a0\u00bbfull\u00a0\u00bb css=\u00a0\u00bb\u00a0\u00bb el_class=\u00a0\u00bbcustom-image-padding\u00a0\u00bb][\/vc_column_inner][\/vc_row_inner][vc_row_inner equal_height=\u00a0\u00bbyes\u00a0\u00bb el_class=\u00a0\u00bbcustom-column-padding\u00a0\u00bb][vc_column_inner width=\u00a0\u00bb1\/2&Prime;]\n\t\t\t<div tabindex='0' class='wpb_content_element cta-icon size-md align-left '>\n\t\t\t\t<div class='cta-icon__wrapper bg_green-25'>\n                    <div class=\"cta__img\"><img decoding=\"async\" src=\"https:\/\/www.bgccan.com\/wp-content\/uploads\/2025\/09\/book-and-apple.png\" alt=\"An icon featuring an open book and a green apple is centered within a dark grey circle.\"><\/div>\n\t\t\t\t\t<div class='cta__content'>\t\n\t\t\t\t\t\t\n\t\t\t\t\t\t<h3 class='cta__title'>Nous am\u00e9liorons la litt\u00e9ratie alimentaire<\/h3>\n\t\t\t\t\t\t<div class='cta__desc'><div id=\"model-response-message-contentr_963c3d2a5fccc2ef\" class=\"markdown markdown-main-panel stronger enable-updated-hr-color preserve-whitespaces-in-response\" dir=\"ltr\" aria-live=\"polite\" aria-busy=\"false\">\n<p data-path-to-node=\"0\"><b data-path-to-node=\"0\" data-index-in-node=\"0\">80% de nos jeunes<\/b> connaissent mieux les aliments qui sont bons pour leur sant\u00e9.<\/p>\n<\/div><\/div>\n\t\t\t\t\t\t\n\t\t\t\t\t<\/div>\n\t\t\t\t<\/div>\n\t\t\t<\/div>[\/vc_column_inner][vc_column_inner width=\u00a0\u00bb1\/2&Prime;]\n\t\t\t<div tabindex='0' class='wpb_content_element cta-icon size-md align-left '>\n\t\t\t\t<div class='cta-icon__wrapper bg_teal-25'>\n                    <div class=\"cta__img\"><img decoding=\"async\" src=\"https:\/\/www.bgccan.com\/wp-content\/uploads\/2025\/09\/bow-with-food.png\" alt=\"A green line art icon of a steaming bowl of soup with a spoon resting inside it.\"><\/div>\n\t\t\t\t\t<div class='cta__content'>\t\n\t\t\t\t\t\t\n\t\t\t\t\t\t<h3 class='cta__title'>Des choix alimentaires plus sains<\/h3>\n\t\t\t\t\t\t<div class='cta__desc'><p>\u00ab Le programme D\u00e9fi des p&rsquo;tits chefs et des collations sant\u00e9 m\u2019aident \u00e0 faire de meilleurs choix \u00e0 la maison. \u00bb <strong>\u2013 Jeune d&rsquo;un Club BGC, L\u2019impact de BGC Canada<\/strong><\/p><\/div>\n\t\t\t\t\t\t\n\t\t\t\t\t<\/div>\n\t\t\t\t<\/div>\n\t\t\t<\/div>[\/vc_column_inner][\/vc_row_inner][\/vc_column][\/vc_row][\/vc_section][vc_section el_class=\u00a0\u00bbptop-0&Prime;][vc_row full_width=\u00a0\u00bbstretch_row\u00a0\u00bb css_animation=\u00a0\u00bbbottom-to-top\u00a0\u00bb el_class=\u00a0\u00bbwave-container white ptop-8 pbottom-4&Prime; css=\u00a0\u00bb.vc_custom_1759178492916{background-color: #FFFFFF !important;}\u00a0\u00bb][vc_column][vc_row_inner css=\u00a0\u00bb.vc_custom_1761163065871{margin-top: 0px !important;padding-top: 0px !important;}\u00a0\u00bb el_class=\u00a0\u00bbcenter\u00a0\u00bb][vc_column_inner offset=\u00a0\u00bbvc_col-md-offset-2 vc_col-md-8&Prime;]<div class='innermost-section-heading eyebrow align-center  '><p>AIDEZ-NOUS \u00c0 AIDER LES JEUNES<\/p><\/div><div class='content-block section-content wpb_text_column wpb_content_element align-center   txt-navy pbottom-2 fw-bold fs-38 lh-140 ls_minus_38' style=\"margin-bottom: 0px !important;\"><div class='wpb_wrapper'><p><b>Le Fonds pour l\u2019alimentation de BGC Canada fournit un <mark class=\"text-green\">soutien alimentaire essentiel<\/mark> aux Clubs BGC.<\/b><\/p>\n<\/div><\/div><div class='content-block section-content wpb_text_column wpb_content_element align-center   txt-dark-grey pbottom-3 font_weight_default fs-18 lh-160 ' style=\"margin-bottom: 0px !important;\"><div class='wpb_wrapper'><p><span style=\"font-weight: 400;\">Comme la demande en mati\u00e8re de denr\u00e9es alimentaires continue d\u2019augmenter parall\u00e8lement \u00e0 l\u2019inflation, ce travail s\u2019av\u00e8re de plus en plus difficile. Les co\u00fbts li\u00e9s \u00e0 l\u2019alimentation dans les Clubs BGC repr\u00e9sentent d\u00e9sormais pr\u00e8s de 15 millions de dollars par ann\u00e9e.<\/span><\/p>\n<\/div><\/div>[vc_btn title=\u00a0\u00bbFAIRE UN DON\u00a0\u00bb style=\u00a0\u00bbsolid\u00a0\u00bb color=\u00a0\u00bbdonate_btn\u00a0\u00bb css=\u00a0\u00bb\u00a0\u00bb link=\u00a0\u00bburl:https%3A%2F%2Fbgcdonors.donorsupport.co%2Fpage%2FFUNBFVAKRMA%3Fform%3Ddonatenow|title:Donate%20now|target:_blank\u00a0\u00bb][\/vc_column_inner][\/vc_row_inner][vc_row_inner][vc_column_inner]\n\t\t\t\t<a href='https:\/\/www.bgccan.com\/fr\/devenez-partenaires\/communiquez-avec-notre-equipe-des-partenariats\/' class='wpb_content_element cta cta__card lg  align-right ' target='' rel=''>\n\t\t\t\t\t<div class='cta__wrapper bg_pale_blue-1'>\n\t\t\t\t\t\t<div class=\"cta__img\"><img decoding=\"async\" src=\"https:\/\/www.bgccan.com\/wp-content\/uploads\/2026\/02\/10-2022-BGC-West-Scarborough-Club-Kids-104-scaled-1.jpg\" alt=\"BGCC_Physical-Mental-Health_section-banner-1024x680.webp\"><\/div>\n\t\t\t\t\t\t<div class='cta__content'>\n\t\t\t\t\t\t\t<div class='cta__top'>\n\t\t\t\t\t\t\t\t\n\t\t\t\t\t\t\t\t<h3 class='cta__head'>Aidez-nous \u00e0 r\u00e9pondre \u00e0 un besoin fondamental<\/h3>\n\t\t\t\t\t\t\t<\/div>\n\t\t\t\t\t\t\t<div class='cta__bot'>\n\t\t\t\t\t\t\t\t<div class='cta__desc'><p><span style=\"font-weight: 400;\">Votre soutien \u00e0 notre Fonds pour l\u2019alimentation aide les Clubs BGC \u00e0 maintenir cette aide essentielle, afin que le d\u00e9veloppement des jeunes ne soit jamais frein\u00e9 \u00e0 cause de l\u2019inaccessibilit\u00e9 de ressources r\u00e9pondant \u00e0 un besoin humain fondamental.<\/span><\/p>\n<\/div>\n\t\t\t\t\t\t\t\t<div class='cta__link'>\n\t\t\t\t\t\t\t\t\tDEVENIR PARTENAIRE\n\t\t\t\t\t\t\t\t\t<i class=\"fa-solid fa-arrow-right\"><\/i>\n\t\t\t\t\t\t\t\t<\/div>\n\t\t\t\t\t\t\t<\/div>\n\t\t\t\t\t\t<\/div>\n\t\t\t\t\t<\/div>\n\t\t\t\t<\/a>[\/vc_column_inner][\/vc_row_inner][\/vc_column][\/vc_row][\/vc_section]\n<\/div>","protected":false},"excerpt":{"rendered":"<p>[vc_row css_animation=\u00a0\u00bbbottom-to-top\u00a0\u00bb el_class=\u00a0\u00bbpbottom-5 ptop-4&Prime;][vc_column offset=\u00a0\u00bbvc_col-md-offset-2 vc_col-md-8&Prime;][\/vc_column][\/vc_row][vc_section css_animation=\u00a0\u00bbbottom-to-top\u00a0\u00bb css=\u00a0\u00bb.vc_custom_1759179468230{margin-bottom: 0px !important;padding-bottom: 0px !important;}\u00a0\u00bb el_class=\u00a0\u00bbpbottom-54 position-r\u00a0\u00bb][vc_row css_animation=\u00a0\u00bbnone\u00a0\u00bb][vc_column offset=\u00a0\u00bbvc_col-lg-offset-1 vc_col-lg-10&Prime;][vc_row_inner equal_height=\u00a0\u00bbyes\u00a0\u00bb][vc_column_inner offset=\u00a0\u00bbvc_col-md-4&Prime;][\/vc_column_inner][vc_column_inner offset=\u00a0\u00bbvc_col-md-4&Prime;][\/vc_column_inner][vc_column_inner offset=\u00a0\u00bbvc_col-md-4&Prime;][\/vc_column_inner][\/vc_row_inner][\/vc_column][\/vc_row][vc_row el_class=\u00a0\u00bbrow-up-150&Prime; css=\u00a0\u00bb.vc_custom_1758819575906{margin-bottom: 0px !important;padding-bottom: 0px !important;}\u00a0\u00bb][vc_column][vc_row_inner][vc_column_inner offset=\u00a0\u00bbvc_hidden-sm vc_hidden-xs\u00a0\u00bb][vc_empty_space height=\u00a0\u00bb5rem\u00a0\u00bb][\/vc_column_inner][\/vc_row_inner][vc_single_image image=\u00a0\u00bb87093&Prime; img_size=\u00a0\u00bbfull\u00a0\u00bb alignment=\u00a0\u00bbcenter\u00a0\u00bb css=\u00a0\u00bb.vc_custom_1768332389689{padding-bottom: 0px !important;}\u00a0\u00bb][\/vc_column][\/vc_row][\/vc_section][vc_section full_width=\u00a0\u00bbstretch_row\u00a0\u00bb css=\u00a0\u00bb.vc_custom_1758221797167{background-color: #003B4A00 !important;}\u00a0\u00bb][vc_row full_width=\u00a0\u00bbstretch_row_content_no_spaces\u00a0\u00bb css_animation=\u00a0\u00bbbottom-to-top\u00a0\u00bb css=\u00a0\u00bb.vc_custom_1759178441127{background-color: #003B4A !important;}\u00a0\u00bb el_class=\u00a0\u00bbwave-container navy ptop-7 pbottom-10 stretch-row max-width-1320&Prime;][vc_column][vc_row_inner][vc_column_inner offset=\u00a0\u00bbvc_col-md-offset-2 vc_col-md-8&Prime;][\/vc_column_inner][\/vc_row_inner][vc_row_inner content_placement=\u00a0\u00bbmiddle\u00a0\u00bb el_class=\u00a0\u00bbpbottom-10&Prime;][vc_column_inner [&hellip;]<\/p>\n","protected":false},"author":2,"featured_media":87095,"parent":87096,"menu_order":0,"comment_status":"closed","ping_status":"closed","template":"page-templates\/page-general.php","meta":{"_acf_changed":false,"footnotes":""},"class_list":["post-87118","page","type-page","status-publish","has-post-thumbnail","hentry"],"acf":[],"aioseo_notices":[],"_links":{"self":[{"href":"https:\/\/www.bgccan.com\/fr\/wp-json\/wp\/v2\/pages\/87118","targetHints":{"allow":["GET"]}}],"collection":[{"href":"https:\/\/www.bgccan.com\/fr\/wp-json\/wp\/v2\/pages"}],"about":[{"href":"https:\/\/www.bgccan.com\/fr\/wp-json\/wp\/v2\/types\/page"}],"author":[{"embeddable":true,"href":"https:\/\/www.bgccan.com\/fr\/wp-json\/wp\/v2\/users\/2"}],"replies":[{"embeddable":true,"href":"https:\/\/www.bgccan.com\/fr\/wp-json\/wp\/v2\/comments?post=87118"}],"version-history":[{"count":1,"href":"https:\/\/www.bgccan.com\/fr\/wp-json\/wp\/v2\/pages\/87118\/revisions"}],"predecessor-version":[{"id":90028,"href":"https:\/\/www.bgccan.com\/fr\/wp-json\/wp\/v2\/pages\/87118\/revisions\/90028"}],"up":[{"embeddable":true,"href":"https:\/\/www.bgccan.com\/fr\/wp-json\/wp\/v2\/pages\/87096"}],"wp:featuredmedia":[{"embeddable":true,"href":"https:\/\/www.bgccan.com\/fr\/wp-json\/wp\/v2\/media\/87095"}],"wp:attachment":[{"href":"https:\/\/www.bgccan.com\/fr\/wp-json\/wp\/v2\/media?parent=87118"}],"curies":[{"name":"wp","href":"https:\/\/api.w.org\/{rel}","templated":true}]}}