{"id":87135,"date":"2026-02-24T16:23:40","date_gmt":"2026-02-24T16:23:40","guid":{"rendered":"https:\/\/www.bgccan.com\/?page_id=87135"},"modified":"2026-04-15T19:08:21","modified_gmt":"2026-04-15T19:08:21","slug":"la-sante-physique-et-mentale","status":"publish","type":"page","link":"https:\/\/www.bgccan.com\/fr\/enjeux\/la-sante-physique-et-mentale\/","title":{"rendered":"La sant\u00e9 physique et mentale"},"content":{"rendered":"<div class=\"wpb-content-wrapper\">[vc_row el_class=\u00a0\u00bbpbottom-5 ptop-4&Prime;][vc_column offset=\u00a0\u00bbvc_col-md-offset-2 vc_col-md-8&Prime;]<div class='innermost-section-heading eyebrow align-center  '><p>L\u2019ENJEU<\/p><\/div><div class='content-block section-content wpb_text_column wpb_content_element align-center   txt-navy pbottom-3 fw-bold fs-38 lh-140 ls_minus_38' style=\"margin-bottom: 0px !important;\"><div class='wpb_wrapper'><h2>Les jeunes du Canada <mark class=\"text-green\">font face \u00e0 une crise de la sant\u00e9 mentale.<\/mark><\/h2>\n<\/div><\/div><div class='content-block section-content wpb_text_column wpb_content_element align-center   txt-dark-grey  font_weight_default fs-18 lh-140 ' style=\"margin-bottom: 0px !important;\"><div class='wpb_wrapper'><p><span style=\"font-weight: 400;\">Le bien-\u00eatre des enfants et des ados est en d\u00e9clin, particuli\u00e8rement au sein des communaut\u00e9s marginalis\u00e9es. Les jeunes personnes qui ont une meilleure compr\u00e9hension de leur propre sant\u00e9 mentale sont mieux outill\u00e9es pour obtenir le soutien qu\u2019il leur faut.<\/span><\/p>\n<\/div><\/div>[\/vc_column][\/vc_row][vc_section css=\u00a0\u00bb.vc_custom_1758819560562{margin-bottom: 0px !important;padding-bottom: 0px !important;}\u00a0\u00bb el_class=\u00a0\u00bbpbottom-54 position-r\u00a0\u00bb][vc_row][vc_column offset=\u00a0\u00bbvc_col-md-offset-1 vc_col-md-10&Prime;][vc_row_inner equal_height=\u00a0\u00bbyes\u00a0\u00bb][vc_column_inner offset=\u00a0\u00bbvc_col-md-4&Prime;] \n                <div class='wpb_content_element cta cta__card stats-icon '> \n                    <div class='cta__wrapper bg_pale_blue-1'> \n                        <div class='cta__content'> \n\t\t\t\t\t\t\t<div class='cta__icon'><i class='fa-regular fa-children'><\/i><\/div>\n\t\t\t\t\t\t\t<h3 class='cta__head'>70%<\/h3> \n\t\t\t\t\t\t\t<div class='cta__desc'><p>des probl\u00e8mes de sant\u00e9 mentale <strong>apparaissent pendant l\u2019enfance ou l\u2019adolescence.<\/strong><\/p>\n<\/div>\n\t\t\t\t\t\t<div class='cta__link'><a href='https:\/\/mentalhealthcommission.ca\/children-and-youth\/' target='_blank' rel=''>Commission de la sant\u00e9 mentale du Canada<\/a><\/div>\n\t\t\t\t\t\t<\/div> \n\t\t\t\t\t<\/div> \n\t\t\t\t<\/div>[\/vc_column_inner][vc_column_inner offset=\u00a0\u00bbvc_col-md-4&Prime;] \n                <div class='wpb_content_element cta cta__card stats-icon '> \n                    <div class='cta__wrapper bg_pale_blue-1'> \n                        <div class='cta__content'> \n\t\t\t\t\t\t\t<div class='cta__icon'><i class='fa-regular fa-users'><\/i><\/div>\n\t\t\t\t\t\t\t<h3 class='cta__head'>1.2 million<\/h3> \n\t\t\t\t\t\t\t<div class='cta__desc'><p>d\u2019enfants et d\u2019ados au Canada <strong>vivent avec un trouble de sant\u00e9 mentale.<\/strong><\/p>\n<\/div>\n\t\t\t\t\t\t<div class='cta__link'><a href='https:\/\/ymhc.ngo\/blogs\/ymhc-blog\/youth-mental-health-reality-the-difference-we-can-make' target='_blank' rel=''>Sant\u00e9 mentale jeunesse Canada<\/a><\/div>\n\t\t\t\t\t\t<\/div> \n\t\t\t\t\t<\/div> \n\t\t\t\t<\/div>[\/vc_column_inner][vc_column_inner offset=\u00a0\u00bbvc_col-md-4&Prime;] \n                <div class='wpb_content_element cta cta__card stats-icon '> \n                    <div class='cta__wrapper bg_pale_blue-1'> \n                        <div class='cta__content'> \n\t\t\t\t\t\t\t<div class='cta__icon'><i class='fa-regular fa-head-side-brain'><\/i><\/div>\n\t\t\t\t\t\t\t<h3 class='cta__head'>1 in 5<\/h3> \n\t\t\t\t\t\t\t<div class='cta__desc'><p>Proportion de jeunes de 12 \u00e0 17 ans au Canada <strong>qualifiant leur sant\u00e9 mentale de \u00ab passable \u00bb ou \u00ab mauvaise \u00bb.<\/strong><\/p>\n<\/div>\n\t\t\t\t\t\t<div class='cta__link'><a href='https:\/\/www.statcan.gc.ca\/o1\/fr\/plus\/7642-les-problemes-de-sante-mentale-sont-en-hausse-chez-les-jeunes' target='_blank' rel=''>Statistique Canada<\/a><\/div>\n\t\t\t\t\t\t<\/div> \n\t\t\t\t\t<\/div> \n\t\t\t\t<\/div>[\/vc_column_inner][\/vc_row_inner][\/vc_column][\/vc_row][vc_row el_class=\u00a0\u00bbrow-up-150&Prime; css=\u00a0\u00bb.vc_custom_1758819575906{margin-bottom: 0px !important;padding-bottom: 0px !important;}\u00a0\u00bb][vc_column][vc_row_inner][vc_column_inner offset=\u00a0\u00bbvc_hidden-sm vc_hidden-xs\u00a0\u00bb][vc_empty_space height=\u00a0\u00bb5rem\u00a0\u00bb][\/vc_column_inner][\/vc_row_inner][vc_single_image image=\u00a0\u00bb87133&Prime; img_size=\u00a0\u00bbfull\u00a0\u00bb alignment=\u00a0\u00bbcenter\u00a0\u00bb css=\u00a0\u00bb.vc_custom_1767368843502{padding-bottom: 0px !important;}\u00a0\u00bb][\/vc_column][\/vc_row][\/vc_section][vc_section full_width=\u00a0\u00bbstretch_row\u00a0\u00bb css=\u00a0\u00bb.vc_custom_1758221797167{background-color: #003B4A00 !important;}\u00a0\u00bb][vc_row full_width=\u00a0\u00bbstretch_row_content_no_spaces\u00a0\u00bb css=\u00a0\u00bb.vc_custom_1758736088656{background-color: #003B4A !important;}\u00a0\u00bb el_class=\u00a0\u00bbwave-container navy ptop-7 pbottom-10 stretch-row max-width-1320&Prime;][vc_column][vc_row_inner][vc_column_inner offset=\u00a0\u00bbvc_col-md-offset-2 vc_col-md-8&Prime;]<div class='innermost-section-heading eyebrow align-center  '><p>L\u2019AIDE QUE NOUS APPORTONS<\/p><\/div><div class='content-block section-content wpb_text_column wpb_content_element align-center   txt-white pbottom-4 fw-bold fs-38 lh-140 ls_minus_38' style=\"margin-bottom: 0px !important;\"><div class='wpb_wrapper'><h2>Des programmes et des espaces s\u00fbrs et divertissants pour favoriser une sant\u00e9 mentale et physique positive.<\/h2>\n<\/div><\/div>[\/vc_column_inner][\/vc_row_inner][vc_row_inner content_placement=\u00a0\u00bbmiddle\u00a0\u00bb el_class=\u00a0\u00bbpbottom-10&Prime;][vc_column_inner el_class=\u00a0\u00bbcustom-padding\u00a0\u00bb offset=\u00a0\u00bbvc_col-md-6&Prime;]<div class='content-block section-content wpb_text_column wpb_content_element align-left font-head  txt-bright-green  fw-med fs-150 lh-110 ' style=\"margin-bottom: 0px !important;\"><div class='wpb_wrapper'><p>90%<\/p>\n<\/div><\/div><div class='content-block section-content wpb_text_column wpb_content_element align-left font-head  txt-white pbottom-4 fw-med fs-36  ls_32' style=\"margin-bottom: 0px !important;\"><div class='wpb_wrapper'><p>de nos jeunes font davantage d\u2019activit\u00e9 physique.<\/p>\n<\/div><\/div><div class='content-block section-content wpb_text_column wpb_content_element align-left   txt-white mbottom-0 pbottom-3 fw-bold fs-24 lh-140 ls_minus_24' style=\"margin-bottom: 0px !important;\"><div class='wpb_wrapper'><p>Les Clubs BGC <mark class=\"text-brightgreen\">offrent des espaces s\u00fbrs et positifs<\/mark> o\u00f9 les jeunes peuvent en apprendre davantage sur le bien-\u00eatre et la sant\u00e9 mentale.<\/p>\n<\/div><\/div><div class='content-block section-content wpb_text_column wpb_content_element align-left   txt-white pbotttom-5 font_weight_default fs-18 lh-160 ' style=\"margin-bottom: 0px !important;\"><div class='wpb_wrapper'><p><span style=\"font-weight: 400;\">Les Clubs offrent aux jeunes un endroit o\u00f9 interagir avec d\u2019autres personnes sans la pression du contexte scolaire ou le stress de la dynamique familiale. Gr\u00e2ce \u00e0 leur Club, les jeunes peuvent trouver les ressources qu\u2019il leur faut en discutant avec un adulte ou en participant \u00e0 des programmes ax\u00e9s sur un mode de vie sain et actif.<\/span><\/p>\n<\/div><\/div>[\/vc_column_inner][vc_column_inner offset=\u00a0\u00bbvc_col-md-6&Prime;][vc_single_image image=\u00a0\u00bb87134&Prime; img_size=\u00a0\u00bbfull\u00a0\u00bb css=\u00a0\u00bb\u00a0\u00bb el_class=\u00a0\u00bbcustom-image-padding\u00a0\u00bb][\/vc_column_inner][\/vc_row_inner][vc_row_inner equal_height=\u00a0\u00bbyes\u00a0\u00bb el_class=\u00a0\u00bbcustom-column-padding\u00a0\u00bb][vc_column_inner width=\u00a0\u00bb1\/2&Prime;]\n\t\t\t<div tabindex='0' class='wpb_content_element cta-icon size-md align-left '>\n\t\t\t\t<div class='cta-icon__wrapper bg_green-25'>\n                    <div class=\"cta__img\"><img decoding=\"async\" src=\"https:\/\/www.bgccan.com\/wp-content\/uploads\/2025\/09\/high-five-icon.png\" alt=\"An icon of two green hands performing a high-five.\"><\/div>\n\t\t\t\t\t<div class='cta__content'>\t\n\t\t\t\t\t\t\n\t\t\t\t\t\t<h3 class='cta__title'>Programme en vedette<\/h3>\n\t\t\t\t\t\t<div class='cta__desc'><p><b>Muscle ton esprit <\/b><span style=\"font-weight: 400;\">est un programme que les Clubs BGC offrent aux ados pour les encourager \u00e0 r\u00e9fl\u00e9chir \u00e0 la sant\u00e9 mentale et \u00e0 en discuter afin de mieux la comprendre, le tout dans un environnement s\u00fbr et accueillant.<\/span><\/p><\/div>\n\t\t\t\t\t\t\n\t\t\t\t\t<\/div>\n\t\t\t\t<\/div>\n\t\t\t<\/div>[\/vc_column_inner][vc_column_inner width=\u00a0\u00bb1\/2&Prime;]\n\t\t\t<div tabindex='0' class='wpb_content_element cta-icon size-md align-left '>\n\t\t\t\t<div class='cta-icon__wrapper bg_yellow-25'>\n                    <div class=\"cta__img\"><img decoding=\"async\" src=\"https:\/\/www.bgccan.com\/wp-content\/uploads\/2025\/09\/light-bulb.png\" alt=\"An icon of a glowing yellow lightbulb, symbolizing an idea or innovation.\"><\/div>\n\t\t\t\t\t<div class='cta__content'>\t\n\t\t\t\t\t\t\n\t\t\t\t\t\t<h3 class='cta__title'>Programme en vedette<\/h3>\n\t\t\t\t\t\t<div class='cta__desc'><p><b>Cool Actif<\/b><span style=\"font-weight: 400;\"> est un programme que les Clubs BGC offrent aux enfants pour les encourager \u00e0 faire de l\u2019activit\u00e9 physique, \u00e0 manger plus sainement et \u00e0 adopter un mode de vie sain et actif.<\/span><\/p><\/div>\n\t\t\t\t\t\t\n\t\t\t\t\t<\/div>\n\t\t\t\t<\/div>\n\t\t\t<\/div>[\/vc_column_inner][\/vc_row_inner][vc_row_inner el_class=\u00a0\u00bbcustom-block-white\u00a0\u00bb][vc_column_inner offset=\u00a0\u00bbvc_col-md-offset-2 vc_col-md-8&Prime; css=\u00a0\u00bb.vc_custom_1760717652882{background-color: #FFFFFF !important;}\u00a0\u00bb]<div class='content-block section-content wpb_text_column wpb_content_element align-center   txt-navy margin-0 pbottom-1 fw-bold fs-24 lh-140 ls_minus_32' ><div class='wpb_wrapper'><p>\u00ab Le personnel a \u00e9t\u00e9 d\u2019un grand soutien et voulait s\u2019assurer que j\u2019allais bien. \u00bb<\/p>\n<\/div><\/div><div class='content-block section-content wpb_text_column wpb_content_element align-center   txt-dark-grey  font_weight_default fs-18 lh-160 ' ><div class='wpb_wrapper'><p>Tessa, BGC Leduc, Jeune leader de l\u2019ann\u00e9e 2022<\/p>\n<\/div><\/div>[vc_btn title=\u00a0\u00bbD\u00e9couvrir son histoire\u00a0\u00bb style=\u00a0\u00bbsolid\u00a0\u00bb color=\u00a0\u00bbgreen_btn\u00a0\u00bb css=\u00a0\u00bb\u00a0\u00bb link=\u00a0\u00bburl:https%3A%2F%2Fvimeo.com%2F1031942023%3Ffl%3Dpl%26fe%3Dsh|title:Tessa%E2%80%99s%20story|target:_blank\u00a0\u00bb][\/vc_column_inner][\/vc_row_inner][\/vc_column][\/vc_row][\/vc_section][vc_section el_class=\u00a0\u00bbptop-0&Prime;][vc_row full_width=\u00a0\u00bbstretch_row\u00a0\u00bb el_class=\u00a0\u00bbwave-container white ptop-8 pbottom-4&Prime; css=\u00a0\u00bb.vc_custom_1758469066438{background-color: #FFFFFF !important;}\u00a0\u00bb][vc_column][vc_row_inner css=\u00a0\u00bb.vc_custom_1758468963206{margin-top: 0px !important;padding-top: 0px !important;}\u00a0\u00bb][vc_column_inner offset=\u00a0\u00bbvc_col-md-offset-2 vc_col-md-8&Prime;]<div class='innermost-section-heading eyebrow align-center  '><p>AIDEZ-NOUS \u00c0 AIDER LES JEUNES<\/p><\/div><div class='content-block section-content wpb_text_column wpb_content_element align-center   txt-navy pbottom-2 fw-bold fs-38 lh-140 ls_minus_38' style=\"margin-bottom: 0px !important;\"><div class='wpb_wrapper'><p>Le Fonds pour la sant\u00e9 mentale de BGC Canada procure aux Clubs BGC un <mark class=\"text-green\">soutien essentiel en mati\u00e8re de sant\u00e9 mentale.<\/mark><\/p>\n<\/div><\/div><div class='content-block section-content wpb_text_column wpb_content_element align-center   txt-dark-grey pbottom-3 font_weight_default fs-18 lh-160 ' style=\"margin-bottom: 0px !important;\"><div class='wpb_wrapper'><p><span style=\"font-weight: 400;\">\u00c0 mesure que les besoins des enfants et des ados prennent de l\u2019ampleur, ceux du personnel qui les soutient augmentent aussi.<\/span><\/p>\n<\/div><\/div>[vc_btn title=\u00a0\u00bbFAIRE UN DON\u00a0\u00bb style=\u00a0\u00bbsolid\u00a0\u00bb color=\u00a0\u00bbdonate_btn\u00a0\u00bb align=\u00a0\u00bbcenter\u00a0\u00bb css=\u00a0\u00bb\u00a0\u00bb link=\u00a0\u00bburl:https%3A%2F%2Fbgcdonors.donorsupport.co%2Fpage%2FFUNBFVAKRMA%3Fform%3Ddonatenow|title:Donate|target:_blank\u00a0\u00bb][\/vc_column_inner][\/vc_row_inner][vc_row_inner][vc_column_inner]\n\t\t\t\t<a href='https:\/\/www.bgccan.com\/fr\/devenez-partenaires\/communiquez-avec-notre-equipe-des-partenariats\/' class='wpb_content_element cta cta__card lg  align-right ' target='' rel=''>\n\t\t\t\t\t<div class='cta__wrapper bg_pale_blue-1'>\n\t\t\t\t\t\t<div class=\"cta__img\"><img decoding=\"async\" src=\"https:\/\/www.bgccan.com\/wp-content\/uploads\/2025\/10\/bgc-be-kind-day-mental-health-support.webp\" alt=\"Three women smiling and wearing bright pink \u201cBe Kind\u201d t-shirts during BGC Canada\u2019s mental health awareness event\"><\/div>\n\t\t\t\t\t\t<div class='cta__content'>\n\t\t\t\t\t\t\t<div class='cta__top'>\n\t\t\t\t\t\t\t\t\n\t\t\t\t\t\t\t\t<h3 class='cta__head'>Jouez un r\u00f4le d\u00e9terminant<\/h3>\n\t\t\t\t\t\t\t<\/div>\n\t\t\t\t\t\t\t<div class='cta__bot'>\n\t\t\t\t\t\t\t\t<div class='cta__desc'><p><span style=\"font-weight: 400;\">Aidez les Clubs \u00e0 r\u00e9pondre aux besoins des membres de leur collectivit\u00e9 gr\u00e2ce \u00e0 des programmes de sant\u00e9 mentale, \u00e0 des formations en premiers soins pour la sant\u00e9 mentale, \u00e0 l\u2019embauche de personnes qui font du travail de proximit\u00e9, et \u00e0 bien plus encore.<\/span><\/p>\n<\/div>\n\t\t\t\t\t\t\t\t<div class='cta__link'>\n\t\t\t\t\t\t\t\t\tDEVENIR PARTENAIRE\n\t\t\t\t\t\t\t\t\t<i class=\"fa-solid fa-arrow-right\"><\/i>\n\t\t\t\t\t\t\t\t<\/div>\n\t\t\t\t\t\t\t<\/div>\n\t\t\t\t\t\t<\/div>\n\t\t\t\t\t<\/div>\n\t\t\t\t<\/a>[\/vc_column_inner][\/vc_row_inner][\/vc_column][\/vc_row][\/vc_section]\n<\/div>","protected":false},"excerpt":{"rendered":"<p>[vc_row el_class=\u00a0\u00bbpbottom-5 ptop-4&Prime;][vc_column offset=\u00a0\u00bbvc_col-md-offset-2 vc_col-md-8&Prime;][\/vc_column][\/vc_row][vc_section css=\u00a0\u00bb.vc_custom_1758819560562{margin-bottom: 0px !important;padding-bottom: 0px !important;}\u00a0\u00bb el_class=\u00a0\u00bbpbottom-54 position-r\u00a0\u00bb][vc_row][vc_column offset=\u00a0\u00bbvc_col-md-offset-1 vc_col-md-10&Prime;][vc_row_inner equal_height=\u00a0\u00bbyes\u00a0\u00bb][vc_column_inner offset=\u00a0\u00bbvc_col-md-4&Prime;][\/vc_column_inner][vc_column_inner offset=\u00a0\u00bbvc_col-md-4&Prime;][\/vc_column_inner][vc_column_inner offset=\u00a0\u00bbvc_col-md-4&Prime;][\/vc_column_inner][\/vc_row_inner][\/vc_column][\/vc_row][vc_row el_class=\u00a0\u00bbrow-up-150&Prime; css=\u00a0\u00bb.vc_custom_1758819575906{margin-bottom: 0px !important;padding-bottom: 0px !important;}\u00a0\u00bb][vc_column][vc_row_inner][vc_column_inner offset=\u00a0\u00bbvc_hidden-sm vc_hidden-xs\u00a0\u00bb][vc_empty_space height=\u00a0\u00bb5rem\u00a0\u00bb][\/vc_column_inner][\/vc_row_inner][vc_single_image image=\u00a0\u00bb87133&Prime; img_size=\u00a0\u00bbfull\u00a0\u00bb alignment=\u00a0\u00bbcenter\u00a0\u00bb css=\u00a0\u00bb.vc_custom_1767368843502{padding-bottom: 0px !important;}\u00a0\u00bb][\/vc_column][\/vc_row][\/vc_section][vc_section full_width=\u00a0\u00bbstretch_row\u00a0\u00bb css=\u00a0\u00bb.vc_custom_1758221797167{background-color: #003B4A00 !important;}\u00a0\u00bb][vc_row full_width=\u00a0\u00bbstretch_row_content_no_spaces\u00a0\u00bb css=\u00a0\u00bb.vc_custom_1758736088656{background-color: #003B4A !important;}\u00a0\u00bb el_class=\u00a0\u00bbwave-container navy ptop-7 pbottom-10 stretch-row max-width-1320&Prime;][vc_column][vc_row_inner][vc_column_inner offset=\u00a0\u00bbvc_col-md-offset-2 vc_col-md-8&Prime;][\/vc_column_inner][\/vc_row_inner][vc_row_inner content_placement=\u00a0\u00bbmiddle\u00a0\u00bb el_class=\u00a0\u00bbpbottom-10&Prime;][vc_column_inner el_class=\u00a0\u00bbcustom-padding\u00a0\u00bb offset=\u00a0\u00bbvc_col-md-6&Prime;][\/vc_column_inner][vc_column_inner offset=\u00a0\u00bbvc_col-md-6&Prime;][vc_single_image image=\u00a0\u00bb87134&Prime; [&hellip;]<\/p>\n","protected":false},"author":2,"featured_media":87095,"parent":87096,"menu_order":0,"comment_status":"closed","ping_status":"closed","template":"page-templates\/page-general.php","meta":{"_acf_changed":false,"footnotes":""},"class_list":["post-87135","page","type-page","status-publish","has-post-thumbnail","hentry"],"acf":[],"aioseo_notices":[],"_links":{"self":[{"href":"https:\/\/www.bgccan.com\/fr\/wp-json\/wp\/v2\/pages\/87135","targetHints":{"allow":["GET"]}}],"collection":[{"href":"https:\/\/www.bgccan.com\/fr\/wp-json\/wp\/v2\/pages"}],"about":[{"href":"https:\/\/www.bgccan.com\/fr\/wp-json\/wp\/v2\/types\/page"}],"author":[{"embeddable":true,"href":"https:\/\/www.bgccan.com\/fr\/wp-json\/wp\/v2\/users\/2"}],"replies":[{"embeddable":true,"href":"https:\/\/www.bgccan.com\/fr\/wp-json\/wp\/v2\/comments?post=87135"}],"version-history":[{"count":1,"href":"https:\/\/www.bgccan.com\/fr\/wp-json\/wp\/v2\/pages\/87135\/revisions"}],"predecessor-version":[{"id":90030,"href":"https:\/\/www.bgccan.com\/fr\/wp-json\/wp\/v2\/pages\/87135\/revisions\/90030"}],"up":[{"embeddable":true,"href":"https:\/\/www.bgccan.com\/fr\/wp-json\/wp\/v2\/pages\/87096"}],"wp:featuredmedia":[{"embeddable":true,"href":"https:\/\/www.bgccan.com\/fr\/wp-json\/wp\/v2\/media\/87095"}],"wp:attachment":[{"href":"https:\/\/www.bgccan.com\/fr\/wp-json\/wp\/v2\/media?parent=87135"}],"curies":[{"name":"wp","href":"https:\/\/api.w.org\/{rel}","templated":true}]}}