{"id":87142,"date":"2026-02-24T17:21:57","date_gmt":"2026-02-24T17:21:57","guid":{"rendered":"https:\/\/www.bgccan.com\/?page_id=87142"},"modified":"2026-04-15T19:10:28","modified_gmt":"2026-04-15T19:10:28","slug":"communautes-securitaires","status":"publish","type":"page","link":"https:\/\/www.bgccan.com\/fr\/enjeux\/communautes-securitaires\/","title":{"rendered":"Communaut\u00e9s s\u00e9curitaires"},"content":{"rendered":"<div class=\"wpb-content-wrapper\">[vc_row el_class=\u00a0\u00bbpbottom-5 ptop-4&Prime;][vc_column offset=\u00a0\u00bbvc_col-md-offset-2 vc_col-md-8&Prime;]<div class='innermost-section-heading eyebrow align-center  '><p>L\u2019ENJEU<\/p><\/div><div class='content-block section-content wpb_text_column wpb_content_element align-center   txt-navy pbottom-3 fw-bold fs-38 lh-140 ls_minus_38' style=\"margin-bottom: 0px !important;\"><div class='wpb_wrapper'><h2>Les jeunes du Canada ont <mark class=\"text-green\">besoin de plus d\u2019espaces s\u00fbrs<\/mark> dans leur quartier et en ligne.<\/h2>\n<\/div><\/div><div class='content-block section-content wpb_text_column wpb_content_element align-center   txt-dark-grey  font_weight_default fs-18 lh-140 ' style=\"margin-bottom: 0px !important;\"><div class='wpb_wrapper'><p><span style=\"font-weight: 400;\">Assurer la s\u00e9curit\u00e9 des jeunes est au c\u0153ur du travail des Clubs BGC de tout le pays. Les pr\u00e9judices subis en ligne \u00e9tant de plus en plus fr\u00e9quents, notre travail s\u2019av\u00e8re plus important que jamais. Les enfants ont besoin d\u2019un endroit autre que l\u2019\u00e9cole et la maison o\u00f9 aller pour \u00eatre des enfants, tout simplement.<\/span><\/p>\n<\/div><\/div>[\/vc_column][\/vc_row][vc_section css=\u00a0\u00bb.vc_custom_1758819560562{margin-bottom: 0px !important;padding-bottom: 0px !important;}\u00a0\u00bb el_class=\u00a0\u00bbpbottom-54 position-r\u00a0\u00bb][vc_row][vc_column offset=\u00a0\u00bbvc_col-md-offset-1 vc_col-md-10&Prime;][vc_row_inner equal_height=\u00a0\u00bbyes\u00a0\u00bb][vc_column_inner offset=\u00a0\u00bbvc_col-md-4&Prime;] \n                <div class='wpb_content_element cta cta__card stats-icon '> \n                    <div class='cta__wrapper bg_pale_blue-1'> \n                        <div class='cta__content'> \n\t\t\t\t\t\t\t<div class='cta__icon'><i class='fa-regular fa-laptop'><\/i><\/div>\n\t\t\t\t\t\t\t<h3 class='cta__head'>Plus de 7 sur 10<\/h3> \n\t\t\t\t\t\t\t<div class='cta__desc'><p>Proportion de jeunes personnes <strong>expos\u00e9es \u00e0 de la haine et \u00e0 de la violence en ligne.<\/strong><\/p>\n<\/div>\n\t\t\t\t\t\t<div class='cta__link'><a href='https:\/\/www150.statcan.gc.ca\/n1\/daily-quotidien\/240227\/dq240227b-fra.htm' target='_blank' rel=''>Statistique Canada<\/a><\/div>\n\t\t\t\t\t\t<\/div> \n\t\t\t\t\t<\/div> \n\t\t\t\t<\/div>[\/vc_column_inner][vc_column_inner offset=\u00a0\u00bbvc_col-md-4&Prime;] \n                <div class='wpb_content_element cta cta__card stats-icon '> \n                    <div class='cta__wrapper bg_pale_blue-1'> \n                        <div class='cta__content'> \n\t\t\t\t\t\t\t<div class='cta__icon'><i class='fa-regular fa-bell-on'><\/i><\/div>\n\t\t\t\t\t\t\t<h3 class='cta__head'>Les jeunes de 15 \u00e0 18 ans<\/h3> \n\t\t\t\t\t\t\t<div class='cta__desc'><p>sont plus susceptibles d\u2019\u00eatre victimes d\u2019un crime.<\/p>\n<\/div>\n\t\t\t\t\t\t<div class='cta__link'><a href='https:\/\/www150.statcan.gc.ca\/n1\/pub\/85-002-x\/2021001\/article\/00014-fra.htm' target='_blank' rel=''>Statistique Canada<\/a><\/div>\n\t\t\t\t\t\t<\/div> \n\t\t\t\t\t<\/div> \n\t\t\t\t<\/div>[\/vc_column_inner][vc_column_inner offset=\u00a0\u00bbvc_col-md-4&Prime;] \n                <div class='wpb_content_element cta cta__card stats-icon '> \n                    <div class='cta__wrapper bg_pale_blue-1'> \n                        <div class='cta__content'> \n\t\t\t\t\t\t\t<div class='cta__icon'><i class='fa-regular fa-scale-balanced'><\/i><\/div>\n\t\t\t\t\t\t\t<h3 class='cta__head'>1 in 5<\/h3> \n\t\t\t\t\t\t\t<div class='cta__desc'><p><span style=\"font-weight: 400;\">Proportion de membres des communaut\u00e9s noires et autochtones qui ne font que peu ou pas confiance au syst\u00e8me de justice p\u00e9nale.<\/span><\/p>\n<\/div>\n\t\t\t\t\t\t<div class='cta__link'><a href='https:\/\/www150.statcan.gc.ca\/n1\/pub\/85-002-x\/2022001\/article\/00003-fra.htm' target='_blank' rel=''>Statistique Canada<\/a><\/div>\n\t\t\t\t\t\t<\/div> \n\t\t\t\t\t<\/div> \n\t\t\t\t<\/div>[\/vc_column_inner][\/vc_row_inner][\/vc_column][\/vc_row][vc_row el_class=\u00a0\u00bbrow-up-150&Prime; css=\u00a0\u00bb.vc_custom_1758819575906{margin-bottom: 0px !important;padding-bottom: 0px !important;}\u00a0\u00bb][vc_column][vc_row_inner][vc_column_inner offset=\u00a0\u00bbvc_hidden-sm vc_hidden-xs\u00a0\u00bb][vc_empty_space height=\u00a0\u00bb5rem\u00a0\u00bb][\/vc_column_inner][\/vc_row_inner][vc_single_image image=\u00a0\u00bb87140&Prime; img_size=\u00a0\u00bbfull\u00a0\u00bb alignment=\u00a0\u00bbcenter\u00a0\u00bb css=\u00a0\u00bb.vc_custom_1767731554577{padding-bottom: 0px !important;}\u00a0\u00bb][\/vc_column][\/vc_row][\/vc_section][vc_section full_width=\u00a0\u00bbstretch_row\u00a0\u00bb css=\u00a0\u00bb.vc_custom_1758221797167{background-color: #003B4A00 !important;}\u00a0\u00bb][vc_row full_width=\u00a0\u00bbstretch_row_content_no_spaces\u00a0\u00bb css=\u00a0\u00bb.vc_custom_1758736088656{background-color: #003B4A !important;}\u00a0\u00bb el_class=\u00a0\u00bbwave-container navy ptop-7 pbottom-10 stretch-row max-width-1320&Prime;][vc_column][vc_row_inner][vc_column_inner offset=\u00a0\u00bbvc_col-md-offset-2 vc_col-md-8&Prime;]<div class='innermost-section-heading eyebrow align-center  '><p>L\u2019AIDE QUE NOUS APPORTONS<\/p><\/div><div class='content-block section-content wpb_text_column wpb_content_element align-center   txt-white pbottom-4 fw-bold fs-38 lh-140 ls_minus_38' style=\"margin-bottom: 0px !important;\"><div class='wpb_wrapper'><h2>Les Clubs BGC cr\u00e9ent des liens qui renforcent les collectivit\u00e9s.<\/h2>\n<\/div><\/div>[\/vc_column_inner][\/vc_row_inner][vc_row_inner content_placement=\u00a0\u00bbmiddle\u00a0\u00bb el_class=\u00a0\u00bbpbottom-10&Prime;][vc_column_inner el_class=\u00a0\u00bbcustom-padding\u00a0\u00bb offset=\u00a0\u00bbvc_col-md-6&Prime;]<div class='content-block section-content wpb_text_column wpb_content_element align-left font-head  txt-bright-green  fw-med fs-150 lh-110 ' style=\"margin-bottom: 0px !important;\"><div class='wpb_wrapper'><p>6,753<\/p>\n<\/div><\/div><div class='content-block section-content wpb_text_column wpb_content_element align-left font-head  txt-white pbottom-4 fw-med fs-36  ls_32' style=\"margin-bottom: 0px !important;\"><div class='wpb_wrapper'><p>membres du personnel aux quatre coins du pays<\/p>\n<\/div><\/div><div class='content-block section-content wpb_text_column wpb_content_element align-left   txt-white mbottom-0 pbottom-3 fw-bold fs-24 lh-140 ls_minus_24' style=\"margin-bottom: 0px !important;\"><div class='wpb_wrapper'><p>Les Clubs offrent un endroit o\u00f9 les jeunes peuvent \u00e9tablir des relations positives avec un personnel bienveillant.<\/p>\n<\/div><\/div><div class='content-block section-content wpb_text_column wpb_content_element align-left   txt-white pbotttom-5 font_weight_default fs-18 lh-160 ' style=\"margin-bottom: 0px !important;\"><div class='wpb_wrapper'><p><span style=\"font-weight: 400;\">C\u2019est aussi un lieu d\u2019appartenance o\u00f9 acc\u00e9der \u00e0 des services communautaires et \u00e0 diverses occasions. Les jeunes qui franchissent les portes d\u2019un Club obtiennent des encouragements, du soutien et du mentorat de la part des b\u00e9n\u00e9voles et du personnel du Club. Gr\u00e2ce \u00e0 leur Club, 94 % de<\/span><span style=\"font-weight: 400;\">s<\/span><span style=\"font-weight: 400;\"> jeunes se sentent plus proches des autres.<\/span><\/p>\n<\/div><\/div>[\/vc_column_inner][vc_column_inner offset=\u00a0\u00bbvc_col-md-6&Prime;][vc_single_image image=\u00a0\u00bb87141&Prime; img_size=\u00a0\u00bbfull\u00a0\u00bb css=\u00a0\u00bb\u00a0\u00bb el_class=\u00a0\u00bbcustom-image-padding\u00a0\u00bb][\/vc_column_inner][\/vc_row_inner][vc_row_inner equal_height=\u00a0\u00bbyes\u00a0\u00bb el_class=\u00a0\u00bbcustom-column-padding\u00a0\u00bb][vc_column_inner width=\u00a0\u00bb1\/2&Prime;]\n\t\t\t<div tabindex='0' class='wpb_content_element cta-icon size-md align-left '>\n\t\t\t\t<div class='cta-icon__wrapper bg_green-25'>\n                    <div class=\"cta__img\"><img decoding=\"async\" src=\"https:\/\/www.bgccan.com\/wp-content\/uploads\/2025\/09\/Leaf-icon.png\" alt=\"A green line-art icon features a hand holding a small plant with three leaves.\"><\/div>\n\t\t\t\t\t<div class='cta__content'>\t\n\t\t\t\t\t\t\n\t\t\t\t\t\t<h3 class='cta__title'>Programme en vedette<\/h3>\n\t\t\t\t\t\t<div class='cta__desc'><p><strong>Le projet Boussole BGC<\/strong> est un programme de formation visant \u00e0 aider le personnel des Clubs \u00e0 pr\u00e9venir la radicalisation et la violence motiv\u00e9e par les sentiments d\u2019injustice chez les jeunes de 15 \u00e0 24 ans.<\/p><\/div>\n\t\t\t\t\t\t\n\t\t\t\t\t<\/div>\n\t\t\t\t<\/div>\n\t\t\t<\/div>[\/vc_column_inner][vc_column_inner width=\u00a0\u00bb1\/2&Prime;]\n\t\t\t<div tabindex='0' class='wpb_content_element cta-icon size-md align-left '>\n\t\t\t\t<div class='cta-icon__wrapper bg_yellow-25'>\n                    <div class=\"cta__img\"><img decoding=\"async\" src=\"https:\/\/www.bgccan.com\/wp-content\/uploads\/2025\/09\/idea-icon.png\" alt=\"Yellow line art icon of a glowing light bulb set against a circular light blue background.\"><\/div>\n\t\t\t\t\t<div class='cta__content'>\t\n\t\t\t\t\t\t\n\t\t\t\t\t\t<h3 class='cta__title'>Le saviez-vous?<\/h3>\n\t\t\t\t\t\t<div class='cta__desc'><p><span style=\"font-weight: 400;\">Des \u00e9tudes indiquent que pour les enfants et les ados, les relations de soutien avec des adultes et des pairs constituent des facteurs de protection contre diverses cons\u00e9quences n\u00e9gatives comme les probl\u00e8mes de sant\u00e9 mentale, l\u2019abus de substances et l\u2019\u00e9chec scolaire.<\/span><\/p><\/div>\n\t\t\t\t\t\t\n\t\t\t\t\t<\/div>\n\t\t\t\t<\/div>\n\t\t\t<\/div>[\/vc_column_inner][\/vc_row_inner][\/vc_column][\/vc_row][\/vc_section][vc_section el_class=\u00a0\u00bbptop-0&Prime;][vc_row full_width=\u00a0\u00bbstretch_row\u00a0\u00bb el_class=\u00a0\u00bbwave-container white ptop-8 pbottom-4&Prime; css=\u00a0\u00bb.vc_custom_1758469066438{background-color: #FFFFFF !important;}\u00a0\u00bb][vc_column][vc_row_inner css=\u00a0\u00bb.vc_custom_1758468963206{margin-top: 0px !important;padding-top: 0px !important;}\u00a0\u00bb][vc_column_inner offset=\u00a0\u00bbvc_col-md-offset-2 vc_col-md-8&Prime;]<div class='innermost-section-heading eyebrow align-center  '><p>AIDEZ-NOUS \u00c0 AIDER LES JEUNES<\/p><\/div><div class='content-block section-content wpb_text_column wpb_content_element align-center   txt-navy pbottom-2 fw-bold fs-38 lh-140 ls_minus_38' style=\"margin-bottom: 0px !important;\"><div class='wpb_wrapper'><p><b>Les Clubs BGC doivent prendre de l\u2019ampleur pour pouvoir offrir des occasions aux jeunes du Canada.<\/b><\/p>\n<\/div><\/div><div class='content-block section-content wpb_text_column wpb_content_element align-center   txt-dark-grey pbottom-3 font_weight_default fs-18 lh-160 ' style=\"margin-bottom: 0px !important;\"><div class='wpb_wrapper'><p>Face \u00e0 l\u2019avenir qui se dessine, le travail de BGC est plus essentiel que jamais. Renforcer les collectivit\u00e9s d\u2019aujourd\u2019hui, <strong>c\u2019est offrir des collectivit\u00e9s fortes aux g\u00e9n\u00e9rations \u00e0 venir.<\/strong><\/p>\n<\/div><\/div>[vc_btn title=\u00a0\u00bbFAIRE UN DON\u00a0\u00bb style=\u00a0\u00bbsolid\u00a0\u00bb color=\u00a0\u00bbdonate_btn\u00a0\u00bb align=\u00a0\u00bbcenter\u00a0\u00bb css=\u00a0\u00bb\u00a0\u00bb link=\u00a0\u00bburl:https%3A%2F%2Fbgcdonors.donorsupport.co%2Fpage%2FFUNBFVAKRMA%3Fform%3Ddonatenow|title:Donate|target:_blank\u00a0\u00bb][\/vc_column_inner][\/vc_row_inner][vc_row_inner][vc_column_inner]\n\t\t\t\t<a href='https:\/\/www.bgccan.com\/fr\/devenez-partenaires\/communiquez-avec-notre-equipe-des-partenariats\/' class='wpb_content_element cta cta__card lg  align-right ' target='_blank' rel=''>\n\t\t\t\t\t<div class='cta__wrapper bg_pale_blue-1'>\n\t\t\t\t\t\t<div class=\"cta__img\"><img decoding=\"async\" src=\"https:\/\/www.bgccan.com\/wp-content\/uploads\/2025\/10\/bgc-smiling-girls-classroom-friendship.webp\" alt=\"Two smiling girls stand arm in arm in a classroom with math posters behind them, representing friendship, learning, and joy at BGC Clubs.\"><\/div>\n\t\t\t\t\t\t<div class='cta__content'>\n\t\t\t\t\t\t\t<div class='cta__top'>\n\t\t\t\t\t\t\t\t\n\t\t\t\t\t\t\t\t<h3 class='cta__head'>Nous ne pouvons pas accomplir ce travail sans aide<\/h3>\n\t\t\t\t\t\t\t<\/div>\n\t\t\t\t\t\t\t<div class='cta__bot'>\n\t\t\t\t\t\t\t\t<div class='cta__desc'><p><span style=\"font-weight: 400;\">Aidez-nous \u00e0 cr\u00e9er plus de Clubs BGC o\u00f9 les enfants, les ados et leurs familles peuvent s\u2019\u00e9panouir.<\/span><\/p>\n<\/div>\n\t\t\t\t\t\t\t\t<div class='cta__link'>\n\t\t\t\t\t\t\t\t\tFaire \u00e9quipe avec nous\n\t\t\t\t\t\t\t\t\t<i class=\"fa-solid fa-arrow-right\"><\/i>\n\t\t\t\t\t\t\t\t<\/div>\n\t\t\t\t\t\t\t<\/div>\n\t\t\t\t\t\t<\/div>\n\t\t\t\t\t<\/div>\n\t\t\t\t<\/a>[\/vc_column_inner][\/vc_row_inner][\/vc_column][\/vc_row][\/vc_section]\n<\/div>","protected":false},"excerpt":{"rendered":"<p>[vc_row el_class=\u00a0\u00bbpbottom-5 ptop-4&Prime;][vc_column offset=\u00a0\u00bbvc_col-md-offset-2 vc_col-md-8&Prime;][\/vc_column][\/vc_row][vc_section css=\u00a0\u00bb.vc_custom_1758819560562{margin-bottom: 0px !important;padding-bottom: 0px !important;}\u00a0\u00bb el_class=\u00a0\u00bbpbottom-54 position-r\u00a0\u00bb][vc_row][vc_column offset=\u00a0\u00bbvc_col-md-offset-1 vc_col-md-10&Prime;][vc_row_inner equal_height=\u00a0\u00bbyes\u00a0\u00bb][vc_column_inner offset=\u00a0\u00bbvc_col-md-4&Prime;][\/vc_column_inner][vc_column_inner offset=\u00a0\u00bbvc_col-md-4&Prime;][\/vc_column_inner][vc_column_inner offset=\u00a0\u00bbvc_col-md-4&Prime;][\/vc_column_inner][\/vc_row_inner][\/vc_column][\/vc_row][vc_row el_class=\u00a0\u00bbrow-up-150&Prime; css=\u00a0\u00bb.vc_custom_1758819575906{margin-bottom: 0px !important;padding-bottom: 0px !important;}\u00a0\u00bb][vc_column][vc_row_inner][vc_column_inner offset=\u00a0\u00bbvc_hidden-sm vc_hidden-xs\u00a0\u00bb][vc_empty_space height=\u00a0\u00bb5rem\u00a0\u00bb][\/vc_column_inner][\/vc_row_inner][vc_single_image image=\u00a0\u00bb87140&Prime; img_size=\u00a0\u00bbfull\u00a0\u00bb alignment=\u00a0\u00bbcenter\u00a0\u00bb css=\u00a0\u00bb.vc_custom_1767731554577{padding-bottom: 0px !important;}\u00a0\u00bb][\/vc_column][\/vc_row][\/vc_section][vc_section full_width=\u00a0\u00bbstretch_row\u00a0\u00bb css=\u00a0\u00bb.vc_custom_1758221797167{background-color: #003B4A00 !important;}\u00a0\u00bb][vc_row full_width=\u00a0\u00bbstretch_row_content_no_spaces\u00a0\u00bb css=\u00a0\u00bb.vc_custom_1758736088656{background-color: #003B4A !important;}\u00a0\u00bb el_class=\u00a0\u00bbwave-container navy ptop-7 pbottom-10 stretch-row max-width-1320&Prime;][vc_column][vc_row_inner][vc_column_inner offset=\u00a0\u00bbvc_col-md-offset-2 vc_col-md-8&Prime;][\/vc_column_inner][\/vc_row_inner][vc_row_inner content_placement=\u00a0\u00bbmiddle\u00a0\u00bb el_class=\u00a0\u00bbpbottom-10&Prime;][vc_column_inner el_class=\u00a0\u00bbcustom-padding\u00a0\u00bb offset=\u00a0\u00bbvc_col-md-6&Prime;][\/vc_column_inner][vc_column_inner offset=\u00a0\u00bbvc_col-md-6&Prime;][vc_single_image image=\u00a0\u00bb87141&Prime; [&hellip;]<\/p>\n","protected":false},"author":2,"featured_media":87095,"parent":87096,"menu_order":0,"comment_status":"closed","ping_status":"closed","template":"page-templates\/page-general.php","meta":{"_acf_changed":false,"footnotes":""},"class_list":["post-87142","page","type-page","status-publish","has-post-thumbnail","hentry"],"acf":[],"aioseo_notices":[],"_links":{"self":[{"href":"https:\/\/www.bgccan.com\/fr\/wp-json\/wp\/v2\/pages\/87142","targetHints":{"allow":["GET"]}}],"collection":[{"href":"https:\/\/www.bgccan.com\/fr\/wp-json\/wp\/v2\/pages"}],"about":[{"href":"https:\/\/www.bgccan.com\/fr\/wp-json\/wp\/v2\/types\/page"}],"author":[{"embeddable":true,"href":"https:\/\/www.bgccan.com\/fr\/wp-json\/wp\/v2\/users\/2"}],"replies":[{"embeddable":true,"href":"https:\/\/www.bgccan.com\/fr\/wp-json\/wp\/v2\/comments?post=87142"}],"version-history":[{"count":1,"href":"https:\/\/www.bgccan.com\/fr\/wp-json\/wp\/v2\/pages\/87142\/revisions"}],"predecessor-version":[{"id":90035,"href":"https:\/\/www.bgccan.com\/fr\/wp-json\/wp\/v2\/pages\/87142\/revisions\/90035"}],"up":[{"embeddable":true,"href":"https:\/\/www.bgccan.com\/fr\/wp-json\/wp\/v2\/pages\/87096"}],"wp:featuredmedia":[{"embeddable":true,"href":"https:\/\/www.bgccan.com\/fr\/wp-json\/wp\/v2\/media\/87095"}],"wp:attachment":[{"href":"https:\/\/www.bgccan.com\/fr\/wp-json\/wp\/v2\/media?parent=87142"}],"curies":[{"name":"wp","href":"https:\/\/api.w.org\/{rel}","templated":true}]}}