{"id":87152,"date":"2026-02-24T17:53:59","date_gmt":"2026-02-24T17:53:59","guid":{"rendered":"https:\/\/www.bgccan.com\/?page_id=87152"},"modified":"2026-04-15T19:09:25","modified_gmt":"2026-04-15T19:09:25","slug":"apprentissage-et-developpement","status":"publish","type":"page","link":"https:\/\/www.bgccan.com\/fr\/enjeux\/apprentissage-et-developpement\/","title":{"rendered":"Apprentissage et d\u00e9veloppement"},"content":{"rendered":"<div class=\"wpb-content-wrapper\">[vc_row el_class=\u00a0\u00bbpbottom-5 ptop-4&Prime;][vc_column offset=\u00a0\u00bbvc_col-md-offset-2 vc_col-md-8&Prime;]<div class='innermost-section-heading eyebrow align-center  '><p>L\u2019ENJEU<\/p><\/div><div class='content-block section-content wpb_text_column wpb_content_element align-center   txt-navy pbottom-3 fw-bold fs-38 lh-140 ls_minus_38' style=\"margin-bottom: 0px !important;\"><div class='wpb_wrapper'><h2>Les jeunes du Canada ont de plus en plus de difficult\u00e9 \u00e0 trouver un emploi.<\/h2>\n<\/div><\/div><div class='content-block section-content wpb_text_column wpb_content_element align-left   txt-dark-grey  font_weight_default fs-18 lh-140 ' style=\"margin-bottom: 0px !important;\"><div class='wpb_wrapper'><p><span style=\"font-weight: 400;\">En raison des pertes d\u2019apprentissage, des obstacles syst\u00e9miques et de la mont\u00e9e de l\u2019automatisation, trouver et garder un emploi est de plus en plus difficile pour les jeunes, surtout les membres de groupes m\u00e9ritant l\u2019\u00e9quit\u00e9. Un acc\u00e8s aux bonnes ressources et aux bonnes occasions peut aider les jeunes \u00e0 entamer leur carri\u00e8re en toute confiance.<\/span><\/p>\n<\/div><\/div>[\/vc_column][\/vc_row][vc_section css=\u00a0\u00bb.vc_custom_1758819560562{margin-bottom: 0px !important;padding-bottom: 0px !important;}\u00a0\u00bb el_class=\u00a0\u00bbpbottom-54 position-r\u00a0\u00bb][vc_row el_class=\u00a0\u00bbpbottom-5&Prime;][vc_column offset=\u00a0\u00bbvc_col-md-offset-1 vc_col-md-10&Prime;][vc_row_inner equal_height=\u00a0\u00bbyes\u00a0\u00bb][vc_column_inner offset=\u00a0\u00bbvc_col-md-4&Prime;] \n                <div class='wpb_content_element cta cta__card stats-icon '> \n                    <div class='cta__wrapper bg_pale_blue-1'> \n                        <div class='cta__content'> \n\t\t\t\t\t\t\t<div class='cta__icon'><i class='fa-regular fa-briefcase'><\/i><\/div>\n\t\t\t\t\t\t\t<h3 class='cta__head'>14.6%<\/h3> \n\t\t\t\t\t\t\t<div class='cta__desc'><p>Taux de ch\u00f4mage actuel des jeunes au Canada <strong>(le plus haut taux observ\u00e9 depuis 2010).<\/strong><\/p>\n<\/div>\n\t\t\t\t\t\t<div class='cta__link'><a href='https:\/\/www150.statcan.gc.ca\/n1\/daily-quotidien\/250808\/dq250808a-fra.htm' target='_blank' rel=''>Statistique Canada<\/a><\/div>\n\t\t\t\t\t\t<\/div> \n\t\t\t\t\t<\/div> \n\t\t\t\t<\/div>[\/vc_column_inner][vc_column_inner offset=\u00a0\u00bbvc_col-md-4&Prime;] \n                <div class='wpb_content_element cta cta__card stats-icon '> \n                    <div class='cta__wrapper bg_pale_blue-1'> \n                        <div class='cta__content'> \n\t\t\t\t\t\t\t<div class='cta__icon'><i class='fa-regular fa-diploma'><\/i><\/div>\n\t\t\t\t\t\t\t<h3 class='cta__head'>850,000+<\/h3> \n\t\t\t\t\t\t\t<div class='cta__desc'><p>jeunes personnes de 15 \u00e0 24 ans <strong>ne travaillent pas et ne sont pas inscrites \u00e0 un programme scolaire ou de formation.<\/strong><\/p>\n<\/div>\n\t\t\t\t\t\t<div class='cta__link'><a href='https:\/\/www.kingstrust.ca\/fr\/chomage-des-jeunes\/' target='_blank' rel=''>La Fondation du Roi au Canada<\/a><\/div>\n\t\t\t\t\t\t<\/div> \n\t\t\t\t\t<\/div> \n\t\t\t\t<\/div>[\/vc_column_inner][vc_column_inner offset=\u00a0\u00bbvc_col-md-4&Prime;] \n                <div class='wpb_content_element cta cta__card stats-icon '> \n                    <div class='cta__wrapper bg_pale_blue-1'> \n                        <div class='cta__content'> \n\t\t\t\t\t\t\t<div class='cta__icon'><i class='fa-regular fa-magnifying-glass-dollar'><\/i><\/div>\n\t\t\t\t\t\t\t<h3 class='cta__head'>66%<\/h3> \n\t\t\t\t\t\t\t<div class='cta__desc'><p>des jeunes de 18 \u00e0 25 ans au Canada <strong>ont eu de la difficult\u00e9 \u00e0 trouver un emploi d&rsquo;\u00e9t\u00e9 ou \u00e0 temps partiel.<\/strong><\/p>\n<\/div>\n\t\t\t\t\t\t<div class='cta__link'><a href='https:\/\/www.theglobeandmail.com\/investing\/personal-finance\/household-finances\/article-young-canadians-burnout-work-career-plans-unemployment\/' target='_blank' rel=''>Globe & Mail<\/a><\/div>\n\t\t\t\t\t\t<\/div> \n\t\t\t\t\t<\/div> \n\t\t\t\t<\/div>[\/vc_column_inner][\/vc_row_inner][\/vc_column][\/vc_row][vc_row el_class=\u00a0\u00bbrow-up-150&Prime; css=\u00a0\u00bb.vc_custom_1758819575906{margin-bottom: 0px !important;padding-bottom: 0px !important;}\u00a0\u00bb][vc_column][vc_row_inner][vc_column_inner offset=\u00a0\u00bbvc_hidden-sm vc_hidden-xs\u00a0\u00bb][vc_empty_space height=\u00a0\u00bb5rem\u00a0\u00bb][\/vc_column_inner][\/vc_row_inner][vc_single_image image=\u00a0\u00bb87149&Prime; img_size=\u00a0\u00bbfull\u00a0\u00bb alignment=\u00a0\u00bbcenter\u00a0\u00bb css=\u00a0\u00bb.vc_custom_1771452259281{padding-bottom: 0px !important;}\u00a0\u00bb][\/vc_column][\/vc_row][\/vc_section][vc_section full_width=\u00a0\u00bbstretch_row\u00a0\u00bb css=\u00a0\u00bb.vc_custom_1758221797167{background-color: #003B4A00 !important;}\u00a0\u00bb][vc_row full_width=\u00a0\u00bbstretch_row_content_no_spaces\u00a0\u00bb css=\u00a0\u00bb.vc_custom_1758736088656{background-color: #003B4A !important;}\u00a0\u00bb el_class=\u00a0\u00bbwave-container navy ptop-7 pbottom-10 stretch-row max-width-1320&Prime;][vc_column][vc_row_inner][vc_column_inner offset=\u00a0\u00bbvc_col-md-offset-2 vc_col-md-8&Prime;]<div class='innermost-section-heading eyebrow align-center  '><p>L\u2019AIDE QUE NOUS APPORTONS<\/p><\/div><div class='content-block section-content wpb_text_column wpb_content_element align-center   txt-white pbottom-4 fw-bold fs-38 lh-140 ls_minus_38' style=\"margin-bottom: 0px !important;\"><div class='wpb_wrapper'><h2>L\u2019acquisition de comp\u00e9tences, l\u2019\u00e9ducation et l\u2019exp\u00e9rience sont essentielles. Les Clubs BGC offrent les trois.<\/h2>\n<\/div><\/div>[\/vc_column_inner][\/vc_row_inner][vc_row_inner content_placement=\u00a0\u00bbmiddle\u00a0\u00bb el_class=\u00a0\u00bbpbottom-10&Prime;][vc_column_inner el_class=\u00a0\u00bbcustom-padding\u00a0\u00bb offset=\u00a0\u00bbvc_col-md-6&Prime;]<div class='content-block section-content wpb_text_column wpb_content_element align-left font-head  txt-bright-green  fw-med fs-150 lh-110 ' style=\"margin-bottom: 0px !important;\"><div class='wpb_wrapper'><p>1,214<\/p>\n<\/div><\/div><div class='content-block section-content wpb_text_column wpb_content_element align-left font-head  txt-white pbottom-4 fw-med fs-36  ls_32' style=\"margin-bottom: 0px !important;\"><div class='wpb_wrapper'><p><span style=\"font-weight: 400;\">membres du personnel des Clubs ont d\u00e9j\u00e0 fr\u00e9quent\u00e9 un Club dans leur jeunesse<\/span><\/p>\n<\/div><\/div><div class='content-block section-content wpb_text_column wpb_content_element align-left   txt-white mbottom-0 pbottom-3 fw-bold fs-24 lh-140 ls_minus_24' style=\"margin-bottom: 0px !important;\"><div class='wpb_wrapper'><p>Les Clubs BGC donnent acc\u00e8s \u00e0 la meilleure occasion que nous pouvons offrir \u00e0 qui que ce soit : <mark class=\"text-brightgreen\">un emploi.<\/mark><\/p>\n<\/div><\/div><div class='content-block section-content wpb_text_column wpb_content_element align-left   txt-white pbotttom-5 font_weight_default fs-18 lh-160 ' style=\"margin-bottom: 0px !important;\"><div class='wpb_wrapper'><p><span style=\"font-weight: 400;\">En plus de l\u2019aide aux devoirs, nos programmes de d\u00e9veloppement de carri\u00e8re aident les jeunes \u00e0 d\u00e9couvrir, \u00e0 explorer et \u00e0 renforcer leurs comp\u00e9tences pour leur permettre d\u2019atteindre leur plein potentiel, que ce soit dans le domaine des STIM, des arts, du commerce de d\u00e9tail, des m\u00e9tiers ou m\u00eame au sein d\u2019un Club.<\/span><\/p>\n<\/div><\/div>[\/vc_column_inner][vc_column_inner offset=\u00a0\u00bbvc_col-md-6&Prime;][vc_single_image image=\u00a0\u00bb87150&Prime; img_size=\u00a0\u00bbfull\u00a0\u00bb css=\u00a0\u00bb\u00a0\u00bb el_class=\u00a0\u00bbcustom-image-padding\u00a0\u00bb][\/vc_column_inner][\/vc_row_inner][vc_row_inner equal_height=\u00a0\u00bbyes\u00a0\u00bb el_class=\u00a0\u00bbcustom-column-padding\u00a0\u00bb][vc_column_inner width=\u00a0\u00bb1\/2&Prime;]\n\t\t\t<div tabindex='0' class='wpb_content_element cta-icon size-md align-left '>\n\t\t\t\t<div class='cta-icon__wrapper bg_green-25'>\n                    <div class=\"cta__img\"><img decoding=\"async\" src=\"https:\/\/www.bgccan.com\/wp-content\/uploads\/2025\/09\/Leaf-icon.png\" alt=\"A green line-art icon features a hand holding a small plant with three leaves.\"><\/div>\n\t\t\t\t\t<div class='cta__content'>\t\n\t\t\t\t\t\t\n\t\t\t\t\t\t<h3 class='cta__title'>Gr\u00e2ce \u00e0 leur Club, nos jeunes croient en leurs capacit\u00e9s.<\/h3>\n\t\t\t\t\t\t<div class='cta__desc'><p><span style=\"font-weight: 400;\"><strong>85 % de nos jeunes<\/strong> se sentent plus en confiance quant \u00e0 leur avenir.<\/span><\/p><\/div>\n\t\t\t\t\t\t\n\t\t\t\t\t<\/div>\n\t\t\t\t<\/div>\n\t\t\t<\/div>[\/vc_column_inner][vc_column_inner width=\u00a0\u00bb1\/2&Prime;]\n\t\t\t<div tabindex='0' class='wpb_content_element cta-icon size-md align-left '>\n\t\t\t\t<div class='cta-icon__wrapper bg_purple-25'>\n                    <div class=\"cta__img\"><img decoding=\"async\" src=\"https:\/\/www.bgccan.com\/wp-content\/uploads\/2025\/09\/holding-hand-icon.png\" alt=\"Purple and white handshake icon inside a grey circle\"><\/div>\n\t\t\t\t\t<div class='cta__content'>\t\n\t\t\t\t\t\t\n\t\t\t\t\t\t<h3 class='cta__title'>Notre travail a un impact.<\/h3>\n\t\t\t\t\t\t<div class='cta__desc'><p><span style=\"font-weight: 400;\">Selon une <\/span><a href=\"https:\/\/pmc.ncbi.nlm.nih.gov\/articles\/PMC9210069\/\" target=\"_blank\" rel=\"noopener\"><span style=\"font-weight: 400;\">\u00e9tude r\u00e9cente<\/span><\/a><span style=\"font-weight: 400;\">, les enfants qui prennent part \u00e0 nos programmes apr\u00e8s l\u2019\u00e9cole ont de meilleures notes en math\u00e9matiques en 3<\/span><span style=\"font-weight: 400;\">e<\/span><span style=\"font-weight: 400;\"> ann\u00e9e et participent davantage aux activit\u00e9s d\u2019apprentissage en 7<\/span><span style=\"font-weight: 400;\">e<\/span><span style=\"font-weight: 400;\"> ann\u00e9e (1<\/span><span style=\"font-weight: 400;\">re<\/span><span style=\"font-weight: 400;\"> ann\u00e9e du secondaire au Qu\u00e9bec).<\/span><\/p><\/div>\n\t\t\t\t\t\t\n\t\t\t\t\t<\/div>\n\t\t\t\t<\/div>\n\t\t\t<\/div>[\/vc_column_inner][\/vc_row_inner][\/vc_column][\/vc_row][\/vc_section][vc_section el_class=\u00a0\u00bbptop-0&Prime;][vc_row full_width=\u00a0\u00bbstretch_row\u00a0\u00bb el_class=\u00a0\u00bbwave-container white ptop-8 pbottom-4&Prime; css=\u00a0\u00bb.vc_custom_1758469066438{background-color: #FFFFFF !important;}\u00a0\u00bb][vc_column][vc_row_inner css=\u00a0\u00bb.vc_custom_1758468963206{margin-top: 0px !important;padding-top: 0px !important;}\u00a0\u00bb][vc_column_inner offset=\u00a0\u00bbvc_col-md-offset-2 vc_col-md-8&Prime;]<div class='innermost-section-heading eyebrow align-center  '><p>AIDEZ-NOUS \u00c0 AIDER LES JEUNES<\/p><\/div><div class='content-block section-content wpb_text_column wpb_content_element align-center   txt-navy pbottom-2 fw-bold fs-38 lh-140 ls_minus_38' style=\"margin-bottom: 0px !important;\"><div class='wpb_wrapper'><p>Le Fonds pour l\u2019apprentissage et le d\u00e9veloppement de BGC Canada fournit aux Clubs BGC <mark class=\"text-green\">les ressources dont ils ont besoin pour offrir aux jeunes un avenir plus prometteur.<\/mark><\/p>\n<\/div><\/div><div class='content-block section-content wpb_text_column wpb_content_element align-center   txt-dark-grey pbottom-3 font_weight_default fs-18 lh-160 ' style=\"margin-bottom: 0px !important;\"><div class='wpb_wrapper'><p><span style=\"font-weight: 400;\">En ayant acc\u00e8s \u00e0 plus d\u2019occasions, le personnel des Clubs devient mieux outill\u00e9 pour soutenir les jeunes qui fr\u00e9quentent les Clubs.<\/span><\/p>\n<\/div><\/div>[vc_btn title=\u00a0\u00bbFAIRE UN DON\u00a0\u00bb style=\u00a0\u00bbsolid\u00a0\u00bb color=\u00a0\u00bbdonate_btn\u00a0\u00bb align=\u00a0\u00bbcenter\u00a0\u00bb css=\u00a0\u00bb\u00a0\u00bb link=\u00a0\u00bburl:https%3A%2F%2Fbgcdonors.donorsupport.co%2Fpage%2FFUNBFVAKRMA%3Fform%3Ddonatenow|title:Donate|target:_blank\u00a0\u00bb][\/vc_column_inner][\/vc_row_inner][vc_row_inner content_placement=\u00a0\u00bbmiddle\u00a0\u00bb el_class=\u00a0\u00bbpbottom-5&Prime;][vc_column_inner el_class=\u00a0\u00bbcustom-padding\u00a0\u00bb offset=\u00a0\u00bbvc_col-md-6&Prime;]<div class='content-block section-content wpb_text_column wpb_content_element align-left   txt-dark-navy pbotttom-10 font_weight_default fs-18 lh-160 ' style=\"margin-bottom: 0px !important;\"><div class='wpb_wrapper'><p><b>Pour amplifier l\u2019impact de notre travail, nous avons lanc\u00e9 une nouvelle plateforme d\u2019apprentissage en ligne : MonBGC.<\/b><\/p>\n<p><span style=\"font-weight: 400;\">Destin\u00e9e aux membres des Clubs de 13 \u00e0 21 ans, au personnel des Clubs et \u00e0 d\u2019autres jeunes, cette plateforme en ligne de BGC Canada h\u00e9berge des ressources, activit\u00e9s et programmes autonomes dans divers domaines (emploi des jeunes, litt\u00e9ratie financi\u00e8re, sant\u00e9 mentale) pour pr\u00e9parer les jeunes \u00e0 la vie apr\u00e8s l\u2019\u00e9cole.<\/span><\/p>\n<p><b>L\u2019investissement dans cet outil permet \u00e0 BGC Canada d\u2019offrir des occasions d\u2019apprentissage et de d\u00e9veloppement qui peuvent avoir un effet transformateur tant sur les membres du personnel que sur les jeunes qui fr\u00e9quentent les Clubs.<\/b><\/p>\n<\/div><\/div>[vc_empty_space height=\u00a0\u00bb2rem\u00a0\u00bb][vc_btn title=\u00a0\u00bbCommuniquer avec notre \u00e9quipe de partenariats et philanthropie\u00a0\u00bb style=\u00a0\u00bbsolid\u00a0\u00bb color=\u00a0\u00bbgreen_btn\u00a0\u00bb css=\u00a0\u00bb\u00a0\u00bb link=\u00a0\u00bburl:https%3A%2F%2Fwww.bgccan.com%2Ffr%2Fdevenez-partenaires%2Fcommuniquez-avec-notre-equipe-des-partenariats%2F|title:Contact%20our%20partnerships%20%26%20philanthropy%20team\u00a0\u00bb][\/vc_column_inner][vc_column_inner offset=\u00a0\u00bbvc_col-md-6&Prime;][vc_single_image image=\u00a0\u00bb87151&Prime; img_size=\u00a0\u00bbfull\u00a0\u00bb css=\u00a0\u00bb\u00a0\u00bb el_class=\u00a0\u00bbcustom-image-padding\u00a0\u00bb][\/vc_column_inner][\/vc_row_inner][vc_row_inner][vc_column_inner]\n\t\t\t\t<a href='https:\/\/www.bgccan.com\/fr\/devenez-partenaires\/communiquez-avec-notre-equipe-des-partenariats\/' class='wpb_content_element cta cta__card lg  align-right ' target='' rel=''>\n\t\t\t\t\t<div class='cta__wrapper bg_pale_blue-1'>\n\t\t\t\t\t\t<div class=\"cta__img\"><img decoding=\"async\" src=\"https:\/\/www.bgccan.com\/wp-content\/uploads\/2025\/10\/bgc-girl-holding-logo-art-smile.webp\" alt=\"A smiling young girl holds up a handmade BGC logo made of colourful clay letters in a classroom setting.\"><\/div>\n\t\t\t\t\t\t<div class='cta__content'>\n\t\t\t\t\t\t\t<div class='cta__top'>\n\t\t\t\t\t\t\t\t\n\t\t\t\t\t\t\t\t<h3 class='cta__head'>Ensemble, nous pouvons leur offrir un avenir meilleur.<\/h3>\n\t\t\t\t\t\t\t<\/div>\n\t\t\t\t\t\t\t<div class='cta__bot'>\n\t\t\t\t\t\t\t\t<div class='cta__desc'><p><span style=\"font-weight: 400;\">Aidez-nous \u00e0 am\u00e9liorer les perspectives d\u2019avenir des jeunes en les aidant \u00e0 d\u00e9velopper leur confiance en soi, \u00e0 mieux r\u00e9ussir \u00e0 l\u2019\u00e9cole et \u00e0 renforcer leurs comp\u00e9tences sociales et \u00e9motionnelles.<\/span><\/p>\n<\/div>\n\t\t\t\t\t\t\t\t<div class='cta__link'>\n\t\t\t\t\t\t\t\t\tDEVENIR PARTENAIRE\n\t\t\t\t\t\t\t\t\t<i class=\"fa-solid fa-arrow-right\"><\/i>\n\t\t\t\t\t\t\t\t<\/div>\n\t\t\t\t\t\t\t<\/div>\n\t\t\t\t\t\t<\/div>\n\t\t\t\t\t<\/div>\n\t\t\t\t<\/a>[\/vc_column_inner][\/vc_row_inner][\/vc_column][\/vc_row][\/vc_section]\n<\/div>","protected":false},"excerpt":{"rendered":"<p>[vc_row el_class=\u00a0\u00bbpbottom-5 ptop-4&Prime;][vc_column offset=\u00a0\u00bbvc_col-md-offset-2 vc_col-md-8&Prime;][\/vc_column][\/vc_row][vc_section css=\u00a0\u00bb.vc_custom_1758819560562{margin-bottom: 0px !important;padding-bottom: 0px !important;}\u00a0\u00bb el_class=\u00a0\u00bbpbottom-54 position-r\u00a0\u00bb][vc_row el_class=\u00a0\u00bbpbottom-5&Prime;][vc_column offset=\u00a0\u00bbvc_col-md-offset-1 vc_col-md-10&Prime;][vc_row_inner equal_height=\u00a0\u00bbyes\u00a0\u00bb][vc_column_inner offset=\u00a0\u00bbvc_col-md-4&Prime;][\/vc_column_inner][vc_column_inner offset=\u00a0\u00bbvc_col-md-4&Prime;][\/vc_column_inner][vc_column_inner offset=\u00a0\u00bbvc_col-md-4&Prime;][\/vc_column_inner][\/vc_row_inner][\/vc_column][\/vc_row][vc_row el_class=\u00a0\u00bbrow-up-150&Prime; css=\u00a0\u00bb.vc_custom_1758819575906{margin-bottom: 0px !important;padding-bottom: 0px !important;}\u00a0\u00bb][vc_column][vc_row_inner][vc_column_inner offset=\u00a0\u00bbvc_hidden-sm vc_hidden-xs\u00a0\u00bb][vc_empty_space height=\u00a0\u00bb5rem\u00a0\u00bb][\/vc_column_inner][\/vc_row_inner][vc_single_image image=\u00a0\u00bb87149&Prime; img_size=\u00a0\u00bbfull\u00a0\u00bb alignment=\u00a0\u00bbcenter\u00a0\u00bb css=\u00a0\u00bb.vc_custom_1771452259281{padding-bottom: 0px !important;}\u00a0\u00bb][\/vc_column][\/vc_row][\/vc_section][vc_section full_width=\u00a0\u00bbstretch_row\u00a0\u00bb css=\u00a0\u00bb.vc_custom_1758221797167{background-color: #003B4A00 !important;}\u00a0\u00bb][vc_row full_width=\u00a0\u00bbstretch_row_content_no_spaces\u00a0\u00bb css=\u00a0\u00bb.vc_custom_1758736088656{background-color: #003B4A !important;}\u00a0\u00bb el_class=\u00a0\u00bbwave-container navy ptop-7 pbottom-10 stretch-row max-width-1320&Prime;][vc_column][vc_row_inner][vc_column_inner offset=\u00a0\u00bbvc_col-md-offset-2 vc_col-md-8&Prime;][\/vc_column_inner][\/vc_row_inner][vc_row_inner content_placement=\u00a0\u00bbmiddle\u00a0\u00bb el_class=\u00a0\u00bbpbottom-10&Prime;][vc_column_inner el_class=\u00a0\u00bbcustom-padding\u00a0\u00bb offset=\u00a0\u00bbvc_col-md-6&Prime;][\/vc_column_inner][vc_column_inner offset=\u00a0\u00bbvc_col-md-6&Prime;][vc_single_image [&hellip;]<\/p>\n","protected":false},"author":2,"featured_media":87095,"parent":87096,"menu_order":0,"comment_status":"closed","ping_status":"closed","template":"page-templates\/page-general.php","meta":{"_acf_changed":false,"footnotes":""},"class_list":["post-87152","page","type-page","status-publish","has-post-thumbnail","hentry"],"acf":[],"aioseo_notices":[],"_links":{"self":[{"href":"https:\/\/www.bgccan.com\/fr\/wp-json\/wp\/v2\/pages\/87152","targetHints":{"allow":["GET"]}}],"collection":[{"href":"https:\/\/www.bgccan.com\/fr\/wp-json\/wp\/v2\/pages"}],"about":[{"href":"https:\/\/www.bgccan.com\/fr\/wp-json\/wp\/v2\/types\/page"}],"author":[{"embeddable":true,"href":"https:\/\/www.bgccan.com\/fr\/wp-json\/wp\/v2\/users\/2"}],"replies":[{"embeddable":true,"href":"https:\/\/www.bgccan.com\/fr\/wp-json\/wp\/v2\/comments?post=87152"}],"version-history":[{"count":1,"href":"https:\/\/www.bgccan.com\/fr\/wp-json\/wp\/v2\/pages\/87152\/revisions"}],"predecessor-version":[{"id":90033,"href":"https:\/\/www.bgccan.com\/fr\/wp-json\/wp\/v2\/pages\/87152\/revisions\/90033"}],"up":[{"embeddable":true,"href":"https:\/\/www.bgccan.com\/fr\/wp-json\/wp\/v2\/pages\/87096"}],"wp:featuredmedia":[{"embeddable":true,"href":"https:\/\/www.bgccan.com\/fr\/wp-json\/wp\/v2\/media\/87095"}],"wp:attachment":[{"href":"https:\/\/www.bgccan.com\/fr\/wp-json\/wp\/v2\/media?parent=87152"}],"curies":[{"name":"wp","href":"https:\/\/api.w.org\/{rel}","templated":true}]}}