{"id":87178,"date":"2026-02-24T19:15:58","date_gmt":"2026-02-24T19:15:58","guid":{"rendered":"https:\/\/www.bgccan.com\/?page_id=87178"},"modified":"2026-04-08T14:08:06","modified_gmt":"2026-04-08T14:08:06","slug":"notre-impact","status":"publish","type":"page","link":"https:\/\/www.bgccan.com\/fr\/notre-impact\/","title":{"rendered":"Notre Impact"},"content":{"rendered":"<div class=\"wpb-content-wrapper\">[vc_section el_class=\u00a0\u00bbptop-3 pbottom-3&Prime;][vc_row equal_height=\u00a0\u00bbyes\u00a0\u00bb content_placement=\u00a0\u00bbmiddle\u00a0\u00bb][vc_column width=\u00a0\u00bb1\/2&Prime; css=\u00a0\u00bb.vc_custom_1768337292098{margin-right: 30px !important;margin-left: 30px !important;}\u00a0\u00bb]<div class='content-block section-content wpb_text_column wpb_content_element align-left   txt-navy mtop-0 mbottom-0 pbottom-2 fw-bold fs-32 lh-140 ls_minus_32' ><div class='wpb_wrapper'><h2 style=\"text-align: left;\">Notre \u00e9tude de trois ans sur <mark class=\"text-green\">l\u2019impact des Clubs<\/mark> est la plus importante du genre au Canada.<\/h2>\n<\/div><\/div><div class='content-block section-content wpb_text_column wpb_content_element align-left   txt-dark-grey mtop-0 mbottom-0 pbottom-5 font_weight_default fs-18 lh-160 ls_minus_20' ><div class='wpb_wrapper'><p><span style=\"font-weight: 400;\">Depuis 2021, les Clubs BGC participent \u00e0 une \u00e9valuation collective visant \u00e0 prouver et am\u00e9liorer l\u2019impact des Clubs dans le cadre de notre initiative d\u2019apprentissage et d\u2019impact. <\/span><span style=\"font-weight: 400;\">\u00c0 ce jour, les Clubs BGC ont recueilli &lt;strong&gt;pr\u00e8s de 30 000 r\u00e9ponses au sondage&lt;\/strong&gt; et men\u00e9 &lt;strong&gt;1 246 entrevues individuelles&lt;\/strong&gt; avec de jeunes membres des Clubs. Leurs r\u00e9ponses t\u00e9moignent de l\u2019impact consid\u00e9rable de l\u2019exp\u00e9rience BGC sur la vie des jeunes de tout le pays.<\/span><\/p>\n<\/div><\/div>[\/vc_column][vc_column width=\u00a0\u00bb1\/2&Prime;][vc_single_image image=\u00a0\u00bb87176&Prime; img_size=\u00a0\u00bblarge\u00a0\u00bb css_animation=\u00a0\u00bbnone\u00a0\u00bb css=\u00a0\u00bb\u00a0\u00bb][\/vc_column][\/vc_row][\/vc_section][vc_section full_width=\u00a0\u00bbstretch_row\u00a0\u00bb css=\u00a0\u00bb.vc_custom_1768336441719{background-color: #003B4A00 !important;}\u00a0\u00bb][vc_row full_width=\u00a0\u00bbstretch_row_content_no_spaces\u00a0\u00bb css_animation=\u00a0\u00bbbottom-to-top\u00a0\u00bb css=\u00a0\u00bb.vc_custom_1759178441127{background-color: #003B4A !important;}\u00a0\u00bb el_class=\u00a0\u00bbwave-container navy ptop-7 pbottom-10 stretch-row max-width-1320&Prime;][vc_column]<div class='content-block section-content wpb_text_column wpb_content_element align-center   txt-white mtop-0 mbottom-0 pbottom-10 fw-bold fs-32 lh-140 ls_minus_32' ><div class='wpb_wrapper'><h2 style=\"text-align: center;\">\u00ab Gr\u00e2ce \u00e0 leur Club\u2026 \u00bb<\/h2>\n<\/div><\/div>[vc_row_inner equal_height=\u00a0\u00bbyes\u00a0\u00bb el_class=\u00a0\u00bbcustom-column-padding\u00a0\u00bb][vc_column_inner width=\u00a0\u00bb1\/2&Prime; offset=\u00a0\u00bbvc_col-lg-3 vc_col-md-3 vc_col-xs-6&Prime;] \n                <div class='wpb_content_element cta cta__card stats-icon '> \n                    <div class='cta__wrapper bg_pale_blue-1'> \n                        <div class='cta__content'> \n\t\t\t\t\t\t\t<div class='cta__icon'><i class='fa-regular fa-thumbs-up'><\/i><\/div>\n\t\t\t\t\t\t\t<h3 class='cta__head'>91%<\/h3> \n\t\t\t\t\t\t\t<div class='cta__desc'><p>des membres ont <strong>davantage confiance en leurs capacit\u00e9s<\/strong><\/p>\n<\/div>\n\t\t\t\t\t\t\n\t\t\t\t\t\t<\/div> \n\t\t\t\t\t<\/div> \n\t\t\t\t<\/div>[\/vc_column_inner][vc_column_inner width=\u00a0\u00bb1\/2&Prime; offset=\u00a0\u00bbvc_col-lg-3 vc_col-md-3 vc_col-xs-6&Prime;] \n                <div class='wpb_content_element cta cta__card stats-icon '> \n                    <div class='cta__wrapper bg_pale_blue-1'> \n                        <div class='cta__content'> \n\t\t\t\t\t\t\t<div class='cta__icon'><i class='fa-regular fa-user-group-simple'><\/i><\/div>\n\t\t\t\t\t\t\t<h3 class='cta__head'>95%<\/h3> \n\t\t\t\t\t\t\t<div class='cta__desc'><p>des membres ont rencontr\u00e9 <strong>plus de personnes qu\u2019il leur est agr\u00e9able de c\u00f4toyer<\/strong><\/p>\n<\/div>\n\t\t\t\t\t\t\n\t\t\t\t\t\t<\/div> \n\t\t\t\t\t<\/div> \n\t\t\t\t<\/div>[\/vc_column_inner][vc_column_inner width=\u00a0\u00bb1\/2&Prime; offset=\u00a0\u00bbvc_col-lg-3 vc_col-md-3 vc_col-xs-6&Prime;] \n                <div class='wpb_content_element cta cta__card stats-icon '> \n                    <div class='cta__wrapper bg_pale_blue-1'> \n                        <div class='cta__content'> \n\t\t\t\t\t\t\t<div class='cta__icon'><i class='fa-regular fa-person-running'><\/i><\/div>\n\t\t\t\t\t\t\t<h3 class='cta__head'>90%<\/h3> \n\t\t\t\t\t\t\t<div class='cta__desc'><p>des membres <strong>font davantage d\u2019activit\u00e9 physique<\/strong><\/p>\n<\/div>\n\t\t\t\t\t\t\n\t\t\t\t\t\t<\/div> \n\t\t\t\t\t<\/div> \n\t\t\t\t<\/div>[\/vc_column_inner][vc_column_inner width=\u00a0\u00bb1\/2&Prime; offset=\u00a0\u00bbvc_col-lg-3 vc_col-md-3 vc_col-xs-6&Prime;] \n                <div class='wpb_content_element cta cta__card stats-icon '> \n                    <div class='cta__wrapper bg_pale_blue-1'> \n                        <div class='cta__content'> \n\t\t\t\t\t\t\t<div class='cta__icon'><i class='fa-regular fa-stars'><\/i><\/div>\n\t\t\t\t\t\t\t<h3 class='cta__head'>85%<\/h3> \n\t\t\t\t\t\t\t<div class='cta__desc'><p>des membres se sentent <strong>plus en confiance quant \u00e0 leur avenir<\/strong><\/p>\n<\/div>\n\t\t\t\t\t\t\n\t\t\t\t\t\t<\/div> \n\t\t\t\t\t<\/div> \n\t\t\t\t<\/div>[\/vc_column_inner][\/vc_row_inner][\/vc_column][\/vc_row][\/vc_section][vc_section css_animation=\u00a0\u00bbbottom-to-top\u00a0\u00bb el_class=\u00a0\u00bbsection-padding-top-9 section-padding-bottom-10&Prime;][vc_row css_animation=\u00a0\u00bbbottom-to-top\u00a0\u00bb][vc_column]\n\t    \t<div class='wpb_content_element slider-quote  '>\n\t    \t\t<div class='slider__wrapper'>\n\t\t\t\t\t\n\t\t\t\t\t\n\t\t\t\t\t<div class='carousel slider' data-flickity='{ \"contain\": true, \"wrapAround\": true, \"lazyLoad\": 2, \"hash\": true, \"autoPlay\": true}'><div class='carousel-cell slide-left '>\n\t\t    \t<div class='slide__wrapper'>\n                    <div class=\"slide__content\"><img decoding=\"async\" src=\"https:\/\/www.bgccan.com\/wp-content\/uploads\/2026\/02\/BGCC-homepage_section-image-1.jpg\" alt=\"A young girl wearing a patterned white dress plays with glass marbles on a wooden board in a colorful classroom setting.\"><\/div>\n\t\t\t\t\t<div class='slide__quote' >\n\t\t\t\t\t\t<q class='slide__caption'>J\u2019aime pouvoir apprendre quelque chose de nouveau en tout temps.<\/q>\n\t\t\t\t\t\t<p class='slide__author'>\n\t\t\t\t\t\t\tMembre d'un Club BGC\n                            <span><\/span>\n\t\t\t\t\t\t<\/p>\n\t\t\t\t\t<\/div>\n\t\t\t\t\t\n\t    \t\t<\/div>\n\t    \t<\/div>\n\t    \n\t    \t<div class='carousel-cell slide-left '>\n\t\t    \t<div class='slide__wrapper'>\n                    <div class=\"slide__content\"><img decoding=\"async\" src=\"https:\/\/www.bgccan.com\/wp-content\/uploads\/2026\/02\/BGC-AnnualReport-Kingston2023-LowRes-194.jpg\" alt=\"A young boy plays an acoustic guitar while another youth plays the drums in a music room featuring a green BGC logo on the bass drum.\"><\/div>\n\t\t\t\t\t<div class='slide__quote' >\n\t\t\t\t\t\t<q class='slide__caption'>Je vois d\u2019autres personnes faire des activit\u00e9s amusantes, alors j\u2019ai envie d\u2019essayer.<\/q>\n\t\t\t\t\t\t<p class='slide__author'>\n\t\t\t\t\t\t\tMembre d'un Club BGC\n                            <span><\/span>\n\t\t\t\t\t\t<\/p>\n\t\t\t\t\t<\/div>\n\t\t\t\t\t\n\t    \t\t<\/div>\n\t    \t<\/div>\n\t    \n\t    \t<div class='carousel-cell slide-left '>\n\t\t    \t<div class='slide__wrapper'>\n                    <div class=\"slide__content\"><img decoding=\"async\" src=\"https:\/\/www.bgccan.com\/wp-content\/uploads\/2026\/01\/Section-image_Food-Insecurity.webp\" alt=\"Three children preparing food together at a table during a hands-on cooking activity.\"><\/div>\n\t\t\t\t\t<div class='slide__quote' >\n\t\t\t\t\t\t<q class='slide__caption'>Quand j\u2019essaie de nouvelles activit\u00e9s \u00e0 mon Club BGC, je sais que je n\u2019ai qu\u2019\u00e0 faire de mon mieux et quand m\u00eame faire partie du groupe<\/q>\n\t\t\t\t\t\t<p class='slide__author'>\n\t\t\t\t\t\t\tMembre d'un Club BGC\n                            <span><\/span>\n\t\t\t\t\t\t<\/p>\n\t\t\t\t\t<\/div>\n\t\t\t\t\t\n\t    \t\t<\/div>\n\t    \t<\/div>\n\t    \n\t    \t<div class='carousel-cell slide-left '>\n\t\t    \t<div class='slide__wrapper'>\n                    <div class=\"slide__content\"><img decoding=\"async\" src=\"https:\/\/www.bgccan.com\/wp-content\/uploads\/2026\/01\/BGCC_Team.webp\" alt=\"Two women laugh together while wearing BGC apparel, with the woman on the left in a grey sweatshirt reading &quot;OPPORTUNITY CHANGES EVERYTHING&quot; and the woman on the right in a dark green &quot;bgc West Scarborough&quot; hoodie.\"><\/div>\n\t\t\t\t\t<div class='slide__quote' >\n\t\t\t\t\t\t<q class='slide__caption'>J\u2019accorde de l\u2019importance aux diff\u00e9rences. Ce sont comme de petits tr\u00e9sors qui nous permettent de d\u00e9couvrir des choses sur les autres.<\/q>\n\t\t\t\t\t\t<p class='slide__author'>\n\t\t\t\t\t\t\tMembre d'un Club BGC\n                            <span><\/span>\n\t\t\t\t\t\t<\/p>\n\t\t\t\t\t<\/div>\n\t\t\t\t\t\n\t    \t\t<\/div>\n\t    \t<\/div>\n\t    \n\t    \t<div class='carousel-cell slide-left '>\n\t\t    \t<div class='slide__wrapper'>\n                    \n\t\t\t\t\t<div class='slide__quote' >\n\t\t\t\t\t\t<q class='slide__caption'>\u00c0 mon Club, tout le monde peut \u00eatre soi-m\u00eame.<\/q>\n\t\t\t\t\t\t<p class='slide__author'>\n\t\t\t\t\t\t\tMembre d'un Club BGC\n                            <span><\/span>\n\t\t\t\t\t\t<\/p>\n\t\t\t\t\t<\/div>\n\t\t\t\t\t\n\t    \t\t<\/div>\n\t    \t<\/div>\n<\/div>\n\t    \t\t<\/div>\n\t    \t<\/div>\n\t    [\/vc_column][\/vc_row][\/vc_section][vc_section el_class=\u00a0\u00bbptop-13 pbottom-13&Prime;][vc_row full_width=\u00a0\u00bbstretch_row\u00a0\u00bb css_animation=\u00a0\u00bbbottom-to-top\u00a0\u00bb][vc_column offset=\u00a0\u00bbvc_col-md-offset-1 vc_col-md-10&Prime;]<div class='content-block section-content wpb_text_column wpb_content_element align-center   txt-navy  fw-xbold fs-48 lh-110 ls_minus_96' ><div class='wpb_wrapper'><h2>Notre approche<\/h2>\n<\/div><\/div><div class='content-block section-content wpb_text_column wpb_content_element align-center   txt-dark-grey mbottom-0 pbottom-2 fw-bold fs-32 lh-140 ls_minus_32' ><div class='wpb_wrapper'><p>Les Clubs BGC offrent des <mark class=\"text-green\">programmes et des services con\u00e7us de mani\u00e8re intentionnelle<\/mark> pour r\u00e9pondre aux besoins de la collectivit\u00e9.<\/p>\n<\/div><\/div><div class='content-block section-content wpb_text_column wpb_content_element align-center   txt-dark-grey  font_weight_default fs-22 lh-160 ls_minus_20' ><div class='wpb_wrapper'><p><span style=\"font-weight: 400;\">Les Clubs BGC de tout le pays reposent sur les trois piliers communs de l\u2019exp\u00e9rience BGC, qui sont d\u00e9crits dans la th\u00e9orie du changement de BGC Canada : la recette du succ\u00e8s.<\/span><\/p>\n<\/div><\/div>[\/vc_column][\/vc_row][vc_row css_animation=\u00a0\u00bbtop-to-bottom\u00a0\u00bb css=\u00a0\u00bb.vc_custom_1763070851783{padding-top: 49px !important;}\u00a0\u00bb][vc_column offset=\u00a0\u00bbvc_col-md-4&Prime;]\n\t\t\t<div tabindex='0' class='wpb_content_element cta-icon size-xl align-center '>\n\t\t\t\t<div class='cta-icon__wrapper '>\n                    <div class=\"cta__img\"><img decoding=\"async\" src=\"https:\/\/www.bgccan.com\/wp-content\/uploads\/2025\/09\/Place-of-Belonging-icon.png\" alt=\"FR TEST 312\"><\/div>\n\t\t\t\t\t<div class='cta__content'>\t\n\t\t\t\t\t\t\n\t\t\t\t\t\t<h3 class='cta__title'>UN LIEU D\u2019APPARTENANCE<\/h3>\n\t\t\t\t\t\t<div class='cta__desc'><p><span style=\"font-weight: 400;\">Les Clubs s\u2019emploient \u00e0 offrir des milieux qui favorisent un sentiment de s\u00e9curit\u00e9 et d\u2019acceptation sur le plan physique, \u00e9motionnel et social.<\/span><\/p><\/div>\n\t\t\t\t\t\t\n\t\t\t\t\t<\/div>\n\t\t\t\t<\/div>\n\t\t\t<\/div>[\/vc_column][vc_column offset=\u00a0\u00bbvc_col-md-4&Prime;]\n\t\t\t<div tabindex='0' class='wpb_content_element cta-icon size-xl align-center '>\n\t\t\t\t<div class='cta-icon__wrapper '>\n                    <div class=\"cta__img\"><img decoding=\"async\" src=\"https:\/\/www.bgccan.com\/wp-content\/uploads\/2025\/09\/Life-Changing-Opportunities-icon.png\" alt=\"Yellow key icon on a circular blue background\"><\/div>\n\t\t\t\t\t<div class='cta__content'>\t\n\t\t\t\t\t\t\n\t\t\t\t\t\t<h3 class='cta__title'>DES OPPORTUNIT\u00c9S QUI CHANGENT DES VIES<\/h3>\n\t\t\t\t\t\t<div class='cta__desc'><p><span style=\"font-weight: 400;\">Les Clubs proposent des exp\u00e9riences et des programmes enrichissants qui incitent les enfants et les ados \u00e0 essayer de nouvelles choses, \u00e0 se d\u00e9couvrir des champs d\u2019int\u00e9r\u00eat et \u00e0 acqu\u00e9rir de nouvelles comp\u00e9tences qui favoriseront leur croissance et leur d\u00e9veloppement.<\/span><\/p><\/div>\n\t\t\t\t\t\t\n\t\t\t\t\t<\/div>\n\t\t\t\t<\/div>\n\t\t\t<\/div>[\/vc_column][vc_column offset=\u00a0\u00bbvc_col-md-4&Prime;]\n\t\t\t<div tabindex='0' class='wpb_content_element cta-icon size-xl align-center '>\n\t\t\t\t<div class='cta-icon__wrapper '>\n                    <div class=\"cta__img\"><img decoding=\"async\" src=\"https:\/\/www.bgccan.com\/wp-content\/uploads\/2025\/09\/Authentic-Connections-icon.png\" alt=\"An icon of a purple flower.\"><\/div>\n\t\t\t\t\t<div class='cta__content'>\t\n\t\t\t\t\t\t\n\t\t\t\t\t\t<h3 class='cta__title'>DES LIENS AUTHENTIQUES<\/h3>\n\t\t\t\t\t\t<div class='cta__desc'><p><span style=\"font-weight: 400;\">Le personnel des Clubs s\u2019emploie \u00e0 tisser avec les jeunes des relations durables et profondes, fond\u00e9es sur la connexion, la bienveillance et le soutien, afin de favoriser leur d\u00e9veloppement personnel et de les aider \u00e0 d\u00e9velopper leur confiance en soi et \u00e0 forger leur caract\u00e8re.<\/span><\/p><\/div>\n\t\t\t\t\t\t\n\t\t\t\t\t<\/div>\n\t\t\t\t<\/div>\n\t\t\t<\/div>[\/vc_column][\/vc_row][vc_row css_animation=\u00a0\u00bbtop-to-bottom\u00a0\u00bb][vc_column el_class=\u00a0\u00bbcenter\u00a0\u00bb][vc_btn title=\u00a0\u00bbEn savoir plus sur notre approche\u00a0\u00bb style=\u00a0\u00bbsolid\u00a0\u00bb color=\u00a0\u00bbgreen_btn\u00a0\u00bb css=\u00a0\u00bb\u00a0\u00bb link=\u00a0\u00bburl:https%3A%2F%2Fwww.bgccan.com%2Ffr%2Fnotre-impact%2Fnotre-approche%2F|title:Our%20Approach\u00a0\u00bb][\/vc_column][\/vc_row][\/vc_section][vc_section full_width=\u00a0\u00bbstretch_row\u00a0\u00bb css=\u00a0\u00bb.vc_custom_1757121828031{background-color: #F2F7FB !important;}\u00a0\u00bb el_class=\u00a0\u00bbsection-padding-top-13 section-padding-bottom-13&Prime;][vc_row full_width=\u00a0\u00bbstretch_row\u00a0\u00bb css_animation=\u00a0\u00bbbottom-to-top\u00a0\u00bb][vc_column offset=\u00a0\u00bbvc_col-md-offset-1 vc_col-md-10&Prime;]<div class='content-block section-content wpb_text_column wpb_content_element align-center   txt-navy  fw-xbold fs-48 lh-110 ls_minus_96' ><div class='wpb_wrapper'><h2>Nos domaines d\u2019impact<\/h2>\n<\/div><\/div><div class='content-block section-content wpb_text_column wpb_content_element align-center    mbottom-0 fw-bold fs-32 lh-140 ls_minus_32' ><div class='wpb_wrapper'><p>Fr\u00e9quenter un Club <mark class=\"text-green\">influence la vie des jeunes de mani\u00e8re positive.<\/mark><\/p>\n<\/div><\/div><div class='content-block section-content wpb_text_column wpb_content_element align-center   txt-dark-grey ptop-2 font_weight_default fs-22 lh-160 ls_minus_20' ><div class='wpb_wrapper'><p style=\"text-align: center;\"><span style=\"font-weight: 400;\">Notre recette du succ\u00e8s, qui s\u2019appuie sur des recherches et des donn\u00e9es probantes sur le d\u00e9veloppement des enfants et des ados, d\u00e9finit les quatre domaines cl\u00e9s dans lesquels les Clubs BGC ont un impact sur les jeunes qui les fr\u00e9quentent.<\/span><\/p>\n<\/div><\/div>[\/vc_column][\/vc_row][vc_row css_animation=\u00a0\u00bbtop-to-bottom\u00a0\u00bb][vc_column width=\u00a0\u00bb1\/2&Prime; offset=\u00a0\u00bbvc_col-lg-3 vc_col-md-3 vc_col-xs-12&Prime;]\n\t\t\t<div tabindex='0' class='wpb_content_element cta-icon size-lg align-center '>\n\t\t\t\t<div class='cta-icon__wrapper '>\n                    <div class=\"cta__img\"><img decoding=\"async\" src=\"https:\/\/www.bgccan.com\/wp-content\/uploads\/2025\/09\/idea-icon.png\" alt=\"Yellow line art icon of a glowing light bulb set against a circular light blue background.\"><\/div>\n\t\t\t\t\t<div class='cta__content'>\t\n\t\t\t\t\t\t\n\t\t\t\t\t\t<h3 class='cta__title'>Apprentissage continu<\/h3>\n\t\t\t\t\t\t<div class='cta__desc'><p>Les Clubs aident leurs membres \u00e0 d\u00e9velopper leur curiosit\u00e9 de fa\u00e7on durable et \u00e0 bien se pr\u00e9parer pour l\u2019avenir.<\/p><\/div>\n\t\t\t\t\t\t\n\t\t\t\t\t<\/div>\n\t\t\t\t<\/div>\n\t\t\t<\/div>[\/vc_column][vc_column width=\u00a0\u00bb1\/2&Prime; offset=\u00a0\u00bbvc_col-lg-3 vc_col-md-3 vc_col-xs-12&Prime;]\n\t\t\t<div tabindex='0' class='wpb_content_element cta-icon size-lg align-center '>\n\t\t\t\t<div class='cta-icon__wrapper '>\n                    <div class=\"cta__img\"><img decoding=\"async\" src=\"https:\/\/www.bgccan.com\/wp-content\/uploads\/2025\/09\/human-head-icon.png\" alt=\"Line art icon of a blue head with white clouds on a circular light blue background.\"><\/div>\n\t\t\t\t\t<div class='cta__content'>\t\n\t\t\t\t\t\t\n\t\t\t\t\t\t<h3 class='cta__title'>Bien-\u00eatre durable<\/h3>\n\t\t\t\t\t\t<div class='cta__desc'><p><span style=\"font-weight: 400;\">Les membres des Clubs ont un mode de vie sain et actif et accroissent leur confiance en soi \u00e0 l\u2019aide de strat\u00e9gies de bien-\u00eatre personnel qui contribuent \u00e0 l\u2019\u00e9quilibre.<\/span><\/p><\/div>\n\t\t\t\t\t\t\n\t\t\t\t\t<\/div>\n\t\t\t\t<\/div>\n\t\t\t<\/div>[\/vc_column][vc_column width=\u00a0\u00bb1\/2&Prime; offset=\u00a0\u00bbvc_col-lg-3 vc_col-md-3 vc_col-xs-12&Prime;]\n\t\t\t<div tabindex='0' class='wpb_content_element cta-icon size-lg align-center '>\n\t\t\t\t<div class='cta-icon__wrapper '>\n                    <div class=\"cta__img\"><img decoding=\"async\" src=\"https:\/\/www.bgccan.com\/wp-content\/uploads\/2025\/09\/Holding-hands-icon.png\" alt=\"A young girl smiling at a table next to a boy and girl playing with sock puppets.\"><\/div>\n\t\t\t\t\t<div class='cta__content'>\t\n\t\t\t\t\t\t\n\t\t\t\t\t\t<h3 class='cta__title'>Relations positives<\/h3>\n\t\t\t\t\t\t<div class='cta__desc'><p><span style=\"font-weight: 400;\">Les jeunes personnes qui fr\u00e9quentent les Clubs entretiennent des relations saines avec elles-m\u00eames et avec les autres, et peuvent compter sur la pr\u00e9sence dans leur vie d\u2019un r\u00e9seau de gens qui se soucient d\u2019elles.<\/span><\/p><\/div>\n\t\t\t\t\t\t\n\t\t\t\t\t<\/div>\n\t\t\t\t<\/div>\n\t\t\t<\/div>[\/vc_column][vc_column width=\u00a0\u00bb1\/2&Prime; offset=\u00a0\u00bbvc_col-lg-3 vc_col-md-3 vc_col-xs-12&Prime;]\n\t\t\t<div tabindex='0' class='wpb_content_element cta-icon size-lg align-center '>\n\t\t\t\t<div class='cta-icon__wrapper '>\n                    <div class=\"cta__img\"><img decoding=\"async\" src=\"https:\/\/www.bgccan.com\/wp-content\/uploads\/2025\/09\/leader-icon.png\" alt=\"An icon of a person holding a megaphone.\"><\/div>\n\t\t\t\t\t<div class='cta__content'>\t\n\t\t\t\t\t\t\n\t\t\t\t\t\t<h3 class='cta__title'>Leadership inspir\u00e9<\/h3>\n\t\t\t\t\t\t<div class='cta__desc'><p><span style=\"font-weight: 400;\">Les membres des Clubs d\u00e9veloppent leur confiance en soi et acqui\u00e8rent les comp\u00e9tences n\u00e9cessaires pour devenir autonomes et exercer une influence positive sur les autres.<\/span><\/p><\/div>\n\t\t\t\t\t\t\n\t\t\t\t\t<\/div>\n\t\t\t\t<\/div>\n\t\t\t<\/div>[\/vc_column][\/vc_row][vc_row css_animation=\u00a0\u00bbtop-to-bottom\u00a0\u00bb el_class=\u00a0\u00bbptop-5&Prime;][vc_column el_class=\u00a0\u00bbcenter\u00a0\u00bb][vc_btn title=\u00a0\u00bbEn savoir plus sur nos domaines d\u2019impact\u00a0\u00bb style=\u00a0\u00bbsolid\u00a0\u00bb color=\u00a0\u00bbgreen_btn\u00a0\u00bb css=\u00a0\u00bb\u00a0\u00bb link=\u00a0\u00bburl:https%3A%2F%2Fwww.bgccan.com%2Ffr%2Fnotre-impact%2Fnos-resultats%2F|title:Our%20Outcomes\u00a0\u00bb][\/vc_column][\/vc_row][\/vc_section][vc_section el_class=\u00a0\u00bbptop-0&Prime;][vc_row css_animation=\u00a0\u00bbbottom-to-top\u00a0\u00bb][vc_column]\n\t\t\t\t<a href='https:\/\/www.bgccan.com\/wp-content\/uploads\/2026\/04\/Limpact-de-BGC-Canada-Mai-2025.pdf' class='wpb_content_element cta cta__card lg  align-left ' target='_blank' rel='nofollow'>\n\t\t\t\t\t<div class='cta__wrapper bg_pale_blue-1'>\n\t\t\t\t\t\t<div class=\"cta__img\"><img decoding=\"async\" src=\"https:\/\/www.bgccan.com\/wp-content\/uploads\/2026\/02\/kids-with-food-cta-image.jpg\" alt=\"Three smiling children toasting with fruit skewers at a table filled with containers of fresh fruit.\"><\/div>\n\t\t\t\t\t\t<div class='cta__content'>\n\t\t\t\t\t\t\t<div class='cta__top'>\n\t\t\t\t\t\t\t\t\n\t\t\t\t\t\t\t\t<h3 class='cta__head'>Prenez connaissance des donn\u00e9es probantes.<\/h3>\n\t\t\t\t\t\t\t<\/div>\n\t\t\t\t\t\t\t<div class='cta__bot'>\n\t\t\t\t\t\t\t\t<div class='cta__desc'><p><span style=\"font-weight: 400;\">Lisez l\u2019int\u00e9gralit\u00e9 du rapport sur l\u2019\u00e9tude de trois ans sur l\u2019impact des Clubs.<\/span><\/p>\n<\/div>\n\t\t\t\t\t\t\t\t<div class='cta__link'>\n\t\t\t\t\t\t\t\t\tVoir le rapport complet\n\t\t\t\t\t\t\t\t\t<i class=\"fa-solid fa-arrow-right\"><\/i>\n\t\t\t\t\t\t\t\t<\/div>\n\t\t\t\t\t\t\t<\/div>\n\t\t\t\t\t\t<\/div>\n\t\t\t\t\t<\/div>\n\t\t\t\t<\/a>[\/vc_column][\/vc_row][\/vc_section]\n<\/div>","protected":false},"excerpt":{"rendered":"<p>[vc_section el_class=\u00a0\u00bbptop-3 pbottom-3&Prime;][vc_row equal_height=\u00a0\u00bbyes\u00a0\u00bb content_placement=\u00a0\u00bbmiddle\u00a0\u00bb][vc_column width=\u00a0\u00bb1\/2&Prime; css=\u00a0\u00bb.vc_custom_1768337292098{margin-right: 30px !important;margin-left: 30px !important;}\u00a0\u00bb][\/vc_column][vc_column width=\u00a0\u00bb1\/2&Prime;][vc_single_image image=\u00a0\u00bb87176&Prime; img_size=\u00a0\u00bblarge\u00a0\u00bb css_animation=\u00a0\u00bbnone\u00a0\u00bb css=\u00a0\u00bb\u00a0\u00bb][\/vc_column][\/vc_row][\/vc_section][vc_section full_width=\u00a0\u00bbstretch_row\u00a0\u00bb css=\u00a0\u00bb.vc_custom_1768336441719{background-color: #003B4A00 !important;}\u00a0\u00bb][vc_row full_width=\u00a0\u00bbstretch_row_content_no_spaces\u00a0\u00bb css_animation=\u00a0\u00bbbottom-to-top\u00a0\u00bb css=\u00a0\u00bb.vc_custom_1759178441127{background-color: #003B4A !important;}\u00a0\u00bb el_class=\u00a0\u00bbwave-container navy ptop-7 pbottom-10 stretch-row max-width-1320&Prime;][vc_column][vc_row_inner equal_height=\u00a0\u00bbyes\u00a0\u00bb el_class=\u00a0\u00bbcustom-column-padding\u00a0\u00bb][vc_column_inner width=\u00a0\u00bb1\/2&Prime; offset=\u00a0\u00bbvc_col-lg-3 vc_col-md-3 vc_col-xs-6&Prime;][\/vc_column_inner][vc_column_inner width=\u00a0\u00bb1\/2&Prime; offset=\u00a0\u00bbvc_col-lg-3 vc_col-md-3 vc_col-xs-6&Prime;][\/vc_column_inner][vc_column_inner width=\u00a0\u00bb1\/2&Prime; offset=\u00a0\u00bbvc_col-lg-3 vc_col-md-3 vc_col-xs-6&Prime;][\/vc_column_inner][vc_column_inner width=\u00a0\u00bb1\/2&Prime; offset=\u00a0\u00bbvc_col-lg-3 vc_col-md-3 vc_col-xs-6&Prime;][\/vc_column_inner][\/vc_row_inner][\/vc_column][\/vc_row][\/vc_section][vc_section css_animation=\u00a0\u00bbbottom-to-top\u00a0\u00bb el_class=\u00a0\u00bbsection-padding-top-9 section-padding-bottom-10&Prime;][vc_row css_animation=\u00a0\u00bbbottom-to-top\u00a0\u00bb][vc_column][\/vc_column][\/vc_row][\/vc_section][vc_section el_class=\u00a0\u00bbptop-13 pbottom-13&Prime;][vc_row [&hellip;]<\/p>\n","protected":false},"author":2,"featured_media":87177,"parent":0,"menu_order":0,"comment_status":"closed","ping_status":"closed","template":"page-templates\/page-general.php","meta":{"_acf_changed":false,"footnotes":""},"class_list":["post-87178","page","type-page","status-publish","has-post-thumbnail","hentry"],"acf":[],"aioseo_notices":[],"_links":{"self":[{"href":"https:\/\/www.bgccan.com\/fr\/wp-json\/wp\/v2\/pages\/87178","targetHints":{"allow":["GET"]}}],"collection":[{"href":"https:\/\/www.bgccan.com\/fr\/wp-json\/wp\/v2\/pages"}],"about":[{"href":"https:\/\/www.bgccan.com\/fr\/wp-json\/wp\/v2\/types\/page"}],"author":[{"embeddable":true,"href":"https:\/\/www.bgccan.com\/fr\/wp-json\/wp\/v2\/users\/2"}],"replies":[{"embeddable":true,"href":"https:\/\/www.bgccan.com\/fr\/wp-json\/wp\/v2\/comments?post=87178"}],"version-history":[{"count":0,"href":"https:\/\/www.bgccan.com\/fr\/wp-json\/wp\/v2\/pages\/87178\/revisions"}],"wp:featuredmedia":[{"embeddable":true,"href":"https:\/\/www.bgccan.com\/fr\/wp-json\/wp\/v2\/media\/87177"}],"wp:attachment":[{"href":"https:\/\/www.bgccan.com\/fr\/wp-json\/wp\/v2\/media?parent=87178"}],"curies":[{"name":"wp","href":"https:\/\/api.w.org\/{rel}","templated":true}]}}