{"id":87193,"date":"2026-02-24T21:08:28","date_gmt":"2026-02-24T21:08:28","guid":{"rendered":"https:\/\/www.bgccan.com\/?page_id=87193"},"modified":"2026-04-06T17:14:13","modified_gmt":"2026-04-06T17:14:13","slug":"notre-approche","status":"publish","type":"page","link":"https:\/\/www.bgccan.com\/fr\/notre-impact\/notre-approche\/","title":{"rendered":"Notre approche"},"content":{"rendered":"<div class=\"wpb-content-wrapper\">[vc_section el_class=\u00a0\u00bbptop-3 pbottom-10&Prime;][vc_row equal_height=\u00a0\u00bbyes\u00a0\u00bb content_placement=\u00a0\u00bbmiddle\u00a0\u00bb][vc_column width=\u00a0\u00bb1\/2&Prime; css=\u00a0\u00bb.vc_custom_1768337292098{margin-right: 30px !important;margin-left: 30px !important;}\u00a0\u00bb]<div class='content-block section-content wpb_text_column wpb_content_element align-left   txt-navy mtop-0 mbottom-0 pbottom-2 fw-bold fs-32 lh-140 ls_minus_32' ><div class='wpb_wrapper'><h2 style=\"text-align: left;\">D\u2019un bout \u00e0 l\u2019autre du pays, les Clubs BGC offrent des programmes et des services qui s\u2019inspirent tous de la m\u00eame approche visant \u00e0 aider chaque jeune \u00e0 atteindre son plein potentiel.<\/h2>\n<\/div><\/div><div class='content-block section-content wpb_text_column wpb_content_element align-left   txt-dark-grey mtop-0 mbottom-0 pbottom-5 font_weight_default fs-18 lh-160 ls_minus_20' ><div class='wpb_wrapper'><p style=\"text-align: left;\">La recette du succ\u00e8s de BGC Canada, notre th\u00e9orie du changement, est fond\u00e9e sur des donn\u00e9es probantes, sur notre exp\u00e9rience ainsi que sur des pratiques gagnantes qui influencent les programmes et l\u2019accompagnement que les Clubs BGC offrent aux jeunes. Autrement dit, dans tous les Clubs du pays, pr\u00e8s de 160 000 jeunes b\u00e9n\u00e9ficient de la m\u00eame exp\u00e9rience positive et transformatrice dont les bienfaits dureront toute leur vie.<\/p>\n<\/div><\/div>[vc_btn title=\u00a0\u00bbFAITES UN DON\u00a0\u00bb style=\u00a0\u00bbsolid\u00a0\u00bb color=\u00a0\u00bbdonate_btn\u00a0\u00bb css=\u00a0\u00bb\u00a0\u00bb link=\u00a0\u00bburl:https%3A%2F%2Fbgcdonors.donorsupport.co%2Fpage%2FFUNBFVAKRMA%3Fform%3Ddonatenow|title:Donate|target:_blank\u00a0\u00bb][\/vc_column][vc_column width=\u00a0\u00bb1\/2&Prime;][vc_single_image image=\u00a0\u00bb87188&Prime; img_size=\u00a0\u00bblarge\u00a0\u00bb css_animation=\u00a0\u00bbnone\u00a0\u00bb css=\u00a0\u00bb\u00a0\u00bb][\/vc_column][\/vc_row][\/vc_section][vc_section full_width=\u00a0\u00bbstretch_row\u00a0\u00bb css=\u00a0\u00bb.vc_custom_1768505031779{background-color: #003B4A00 !important;}\u00a0\u00bb][vc_row full_width=\u00a0\u00bbstretch_row_content_no_spaces\u00a0\u00bb css_animation=\u00a0\u00bbbottom-to-top\u00a0\u00bb css=\u00a0\u00bb.vc_custom_1768505040367{background-color: #003B4A !important;}\u00a0\u00bb el_class=\u00a0\u00bbwave-container navy ptop-7 pbottom-10 stretch-row max-width-1320&Prime;][vc_column][vc_row_inner equal_height=\u00a0\u00bbyes\u00a0\u00bb content_placement=\u00a0\u00bbmiddle\u00a0\u00bb][vc_column_inner css=\u00a0\u00bb.vc_custom_1768508439567{padding-right: 30px !important;padding-left: 30px !important;}\u00a0\u00bb offset=\u00a0\u00bbvc_col-lg-3 vc_col-md-3 vc_col-xs-12&Prime;][vc_single_image image=\u00a0\u00bb87189&Prime; img_size=\u00a0\u00bbmedium\u00a0\u00bb css=\u00a0\u00bb\u00a0\u00bb][\/vc_column_inner][vc_column_inner offset=\u00a0\u00bbvc_col-lg-offset-1 vc_col-lg-8 vc_col-md-8 vc_col-xs-12&Prime; css=\u00a0\u00bb.vc_custom_1768508465687{padding-right: 30px !important;padding-left: 30px !important;}\u00a0\u00bb]<div class='content-block section-content wpb_text_column wpb_content_element align-left   txt-white mtop-0 mbottom-0 pbottom-2 fw-bold fs-38 lh-140 ls_minus_32' ><div class='wpb_wrapper'><p>Les Clubs BGC sont un lieu d\u2019appartenance.<\/p>\n<\/div><\/div><div class='content-block section-content wpb_text_column wpb_content_element align-left   txt-white  font_weight_default fs-24  ' ><div class='wpb_wrapper'><h3>Gr\u00e2ce \u00e0 leur Club, 91 % des jeunes <strong><mark class=\"text-brightgreen\">s\u2019acceptent davantage.<\/mark><\/strong><\/h3>\n<\/div><\/div><div class='content-block section-content wpb_text_column wpb_content_element align-left   txt-white mtop-0 mbottom-0 pbottom-5 font_weight_default fs-18 lh-160 ls_minus_20' ><div class='wpb_wrapper'><p style=\"text-align: left;\">Les Clubs s\u2019emploient \u00e0 offrir des milieux qui favorisent un sentiment de s\u00e9curit\u00e9 et d\u2019acceptation sur le plan physique, \u00e9motionnel et social. Ils offrent un environnement o\u00f9 chaque jeune personne peut participer pleinement, \u00eatre elle-m\u00eame et \u00e9tablir de profondes amiti\u00e9s avec leurs pairs et des liens significatifs avec des adultes dignes de confiance.<\/p>\n<\/div><\/div>[\/vc_column_inner][\/vc_row_inner][\/vc_column][\/vc_row][\/vc_section][vc_section el_class=\u00a0\u00bbptop-0&Prime;][vc_row full_width=\u00a0\u00bbstretch_row\u00a0\u00bb el_class=\u00a0\u00bbwave-container white ptop-8 pbottom-4&Prime; css=\u00a0\u00bb.vc_custom_1758469066438{background-color: #FFFFFF !important;}\u00a0\u00bb][vc_column][vc_row_inner el_class=\u00a0\u00bbpbottom-5&Prime;][vc_column_inner width=\u00a0\u00bb1\/4&Prime; css=\u00a0\u00bb.vc_custom_1768508505907{padding-right: 30px !important;padding-left: 30px !important;}\u00a0\u00bb][vc_single_image image=\u00a0\u00bb87190&Prime; img_size=\u00a0\u00bbmedium\u00a0\u00bb css=\u00a0\u00bb\u00a0\u00bb][\/vc_column_inner][vc_column_inner width=\u00a0\u00bb2\/3&Prime; offset=\u00a0\u00bbvc_col-lg-offset-1 vc_col-md-offset-1&Prime; css=\u00a0\u00bb.vc_custom_1768508510236{padding-right: 30px !important;padding-left: 30px !important;}\u00a0\u00bb]<div class='content-block section-content wpb_text_column wpb_content_element align-left   txt-navy mtop-0 mbottom-0 pbottom-2 fw-bold fs-38 lh-140 ls_minus_32' ><div class='wpb_wrapper'><h2>Les Clubs BGC offrent des opportunit\u00e9s qui changent des vies<\/h2>\n<\/div><\/div><div class='content-block section-content wpb_text_column wpb_content_element align-left     font_weight_default fs-24  ' ><div class='wpb_wrapper'><h3>\u00a0Gr\u00e2ce \u00e0 leur Club, 93 % des jeunes <strong><mark class=\"text-green\">ont davantage confiance en leurs capacit\u00e9s.<\/mark><\/strong><\/h3>\n<\/div><\/div><div class='content-block section-content wpb_text_column wpb_content_element align-left   txt-dark-grey mtop-0 mbottom-0 pbottom-5 font_weight_default fs-18 lh-160 ls_minus_20' ><div class='wpb_wrapper'><p style=\"text-align: left;\">Les Clubs proposent des exp\u00e9riences et des programmes enrichissants qui incitent les enfants et les ados \u00e0 essayer de nouvelles choses, \u00e0 d\u00e9couvrir ce qui les int\u00e9resse et \u00e0 acqu\u00e9rir des comp\u00e9tences favorisant leur croissance et leur d\u00e9veloppement. Les Clubs encouragent les jeunes personnes \u00e0 explorer leur identit\u00e9 en sachant qu\u2019elles peuvent compter sur le soutien d\u2019adultes de confiance qui sont l\u00e0 pour les aider \u00e0 atteindre leurs buts.<\/p>\n<\/div><\/div>[\/vc_column_inner][\/vc_row_inner][vc_row_inner content_placement=\u00a0\u00bbmiddle\u00a0\u00bb gap=\u00a0\u00bb35&Prime;][vc_column_inner offset=\u00a0\u00bbvc_col-lg-6 vc_hidden-lg vc_col-md-6 vc_hidden-md vc_col-xs-12&Prime; css=\u00a0\u00bb.vc_custom_1768509293182{padding-right: 30px !important;padding-left: 30px !important;}\u00a0\u00bb][vc_video link=\u00a0\u00bbhttps:\/\/vimeo.com\/1134737097?fl=pl&amp;fe=sh\u00a0\u00bb align=\u00a0\u00bbcenter\u00a0\u00bb css=\u00a0\u00bb.vc_custom_1773426791853{margin-bottom: 0px !important;}\u00a0\u00bb][\/vc_column_inner][vc_column_inner offset=\u00a0\u00bbvc_col-lg-6 vc_col-md-6 vc_col-xs-12&Prime; css=\u00a0\u00bb.vc_custom_1768509255536{padding-right: 30px !important;padding-left: 30px !important;}\u00a0\u00bb]<div class='content-block section-content wpb_text_column wpb_content_element align-left   txt-dark-grey mbottom-0 pbottom-2 font_weight_default fs-20 lh-160 ls_minus_20' ><div class='wpb_wrapper'><blockquote><p>\n\u00ab J\u2019adore les sciences, j\u2019\u00e9tudie en sciences biom\u00e9dicales, et le Club m\u2019a vraiment encourag\u00e9e l\u00e0-dedans. Si je dis : \u201cJe veux \u00eatre dermatologue\u201d, l\u2019\u00e9quipe du Club r\u00e9pond : \u201cSuper, on va t\u2019aider \u00e0 y arriver.\u201d \u00bb<\/p>\n<p><span style=\"font-weight: 400;\">&#8211; <\/span><b>Grace, Jeune leader de l\u2019ann\u00e9e 2025, BGC Durham<br \/>\n<\/b>\n<\/p><\/blockquote>\n<\/div><\/div>[\/vc_column_inner][vc_column_inner width=\u00a0\u00bb1\/2&Prime; offset=\u00a0\u00bbvc_col-lg-6 vc_col-md-6 vc_hidden-sm vc_hidden-xs\u00a0\u00bb][vc_video link=\u00a0\u00bbhttps:\/\/vimeo.com\/1134737097?fl=pl&amp;fe=sh\u00a0\u00bb align=\u00a0\u00bbcenter\u00a0\u00bb css=\u00a0\u00bb.vc_custom_1768504390273{margin-bottom: 0px !important;}\u00a0\u00bb][\/vc_column_inner][\/vc_row_inner][\/vc_column][\/vc_row][\/vc_section][vc_section full_width=\u00a0\u00bbstretch_row\u00a0\u00bb css=\u00a0\u00bb.vc_custom_1768505031779{background-color: #003B4A00 !important;}\u00a0\u00bb][vc_row full_width=\u00a0\u00bbstretch_row_content_no_spaces\u00a0\u00bb css_animation=\u00a0\u00bbbottom-to-top\u00a0\u00bb css=\u00a0\u00bb.vc_custom_1768505040367{background-color: #003B4A !important;}\u00a0\u00bb el_class=\u00a0\u00bbwave-container navy ptop-7 pbottom-10 stretch-row max-width-1320&Prime;][vc_column][vc_row_inner equal_height=\u00a0\u00bbyes\u00a0\u00bb content_placement=\u00a0\u00bbmiddle\u00a0\u00bb][vc_column_inner width=\u00a0\u00bb1\/4&Prime; css=\u00a0\u00bb.vc_custom_1768508525686{padding-right: 30px !important;padding-left: 30px !important;}\u00a0\u00bb][vc_single_image image=\u00a0\u00bb87191&Prime; img_size=\u00a0\u00bbmedium\u00a0\u00bb css=\u00a0\u00bb\u00a0\u00bb][\/vc_column_inner][vc_column_inner width=\u00a0\u00bb2\/3&Prime; offset=\u00a0\u00bbvc_col-lg-offset-1 vc_col-md-offset-1&Prime; css=\u00a0\u00bb.vc_custom_1768508530276{padding-right: 30px !important;padding-left: 30px !important;}\u00a0\u00bb]<div class='content-block section-content wpb_text_column wpb_content_element align-left   txt-white mtop-0 mbottom-0 pbottom-2 fw-bold fs-38 lh-140 ls_minus_32' ><div class='wpb_wrapper'><h2>Les Clubs BGC permettent de nouer des liens authentiques<\/h2>\n<\/div><\/div><div class='content-block section-content wpb_text_column wpb_content_element align-left   txt-white  font_weight_default fs-24  ' ><div class='wpb_wrapper'><h3>Gr\u00e2ce \u00e0 leur Club, 96 % des jeunes ont am\u00e9lior\u00e9 leurs <strong><mark class=\"text-brightgreen\">liens sociaux.<\/mark><\/strong><\/h3>\n<\/div><\/div><div class='content-block section-content wpb_text_column wpb_content_element align-left   txt-white mtop-0 mbottom-0 pbottom-5 font_weight_default fs-18 lh-160 ls_minus_20' ><div class='wpb_wrapper'><p style=\"text-align: left;\">Les interactions sociales qui ont lieu ailleurs qu\u2019\u00e0 la maison ou qu\u2019\u00e0 l\u2019\u00e9cole sont essentielles au d\u00e9veloppement sain des jeunes esprits. Le personnel des Clubs s\u2019emploie \u00e0 tisser avec les jeunes des relations durables et profondes, fond\u00e9es sur la connexion, la bienveillance et le soutien, afin de favoriser leur d\u00e9veloppement personnel et de les aider \u00e0 accro\u00eetre leur confiance en soi et \u00e0 forger leur caract\u00e8re.<\/p>\n<\/div><\/div>[\/vc_column_inner][\/vc_row_inner][\/vc_column][\/vc_row][\/vc_section][vc_section el_class=\u00a0\u00bbptop-0&Prime;][vc_row full_width=\u00a0\u00bbstretch_row\u00a0\u00bb el_class=\u00a0\u00bbwave-container white ptop-8 pbottom-4&Prime; css=\u00a0\u00bb.vc_custom_1758469066438{background-color: #FFFFFF !important;}\u00a0\u00bb][vc_column][vc_row_inner][vc_column_inner]\n\t\t\t\t<a href='https:\/\/www.bgccan.com\/fr\/devenez-partenaires\/communiquez-avec-notre-equipe-des-partenariats\/' class='wpb_content_element cta cta__card lg  align-left ' target='' rel=''>\n\t\t\t\t\t<div class='cta__wrapper bg_pale_blue-1'>\n\t\t\t\t\t\t<div class=\"cta__img\"><img decoding=\"async\" src=\"https:\/\/www.bgccan.com\/wp-content\/uploads\/2026\/01\/CTA_Our-Approach.webp\" alt=\"Two people sitting together indoors, smiling and spending time in a supportive environment.\"><\/div>\n\t\t\t\t\t\t<div class='cta__content'>\n\t\t\t\t\t\t\t<div class='cta__top'>\n\t\t\t\t\t\t\t\t\n\t\t\t\t\t\t\t\t<h3 class='cta__head'>Suscitez des effets durables<\/h3>\n\t\t\t\t\t\t\t<\/div>\n\t\t\t\t\t\t\t<div class='cta__bot'>\n\t\t\t\t\t\t\t\t<div class='cta__desc'><p>Lorsque nous travaillons ensemble, nous offrons aux jeunes non seulement un endroit o\u00f9 aller, mais un endroit o\u00f9 s\u2019\u00e9panouir.<\/p>\n<\/div>\n\t\t\t\t\t\t\t\t<div class='cta__link'>\n\t\t\t\t\t\t\t\t\tDevenez partenaire\n\t\t\t\t\t\t\t\t\t<i class=\"fa-solid fa-arrow-right\"><\/i>\n\t\t\t\t\t\t\t\t<\/div>\n\t\t\t\t\t\t\t<\/div>\n\t\t\t\t\t\t<\/div>\n\t\t\t\t\t<\/div>\n\t\t\t\t<\/a>[\/vc_column_inner][\/vc_row_inner][\/vc_column][\/vc_row][\/vc_section]\n<\/div>","protected":false},"excerpt":{"rendered":"<p>[vc_section el_class=\u00a0\u00bbptop-3 pbottom-10&Prime;][vc_row equal_height=\u00a0\u00bbyes\u00a0\u00bb content_placement=\u00a0\u00bbmiddle\u00a0\u00bb][vc_column width=\u00a0\u00bb1\/2&Prime; css=\u00a0\u00bb.vc_custom_1768337292098{margin-right: 30px !important;margin-left: 30px !important;}\u00a0\u00bb][vc_btn title=\u00a0\u00bbFAITES UN DON\u00a0\u00bb style=\u00a0\u00bbsolid\u00a0\u00bb color=\u00a0\u00bbdonate_btn\u00a0\u00bb css=\u00a0\u00bb\u00a0\u00bb link=\u00a0\u00bburl:https%3A%2F%2Fbgcdonors.donorsupport.co%2Fpage%2FFUNBFVAKRMA%3Fform%3Ddonatenow|title:Donate|target:_blank\u00a0\u00bb][\/vc_column][vc_column width=\u00a0\u00bb1\/2&Prime;][vc_single_image image=\u00a0\u00bb87188&Prime; img_size=\u00a0\u00bblarge\u00a0\u00bb css_animation=\u00a0\u00bbnone\u00a0\u00bb css=\u00a0\u00bb\u00a0\u00bb][\/vc_column][\/vc_row][\/vc_section][vc_section full_width=\u00a0\u00bbstretch_row\u00a0\u00bb css=\u00a0\u00bb.vc_custom_1768505031779{background-color: #003B4A00 !important;}\u00a0\u00bb][vc_row full_width=\u00a0\u00bbstretch_row_content_no_spaces\u00a0\u00bb css_animation=\u00a0\u00bbbottom-to-top\u00a0\u00bb css=\u00a0\u00bb.vc_custom_1768505040367{background-color: #003B4A !important;}\u00a0\u00bb el_class=\u00a0\u00bbwave-container navy ptop-7 pbottom-10 stretch-row max-width-1320&Prime;][vc_column][vc_row_inner equal_height=\u00a0\u00bbyes\u00a0\u00bb content_placement=\u00a0\u00bbmiddle\u00a0\u00bb][vc_column_inner css=\u00a0\u00bb.vc_custom_1768508439567{padding-right: 30px !important;padding-left: 30px !important;}\u00a0\u00bb offset=\u00a0\u00bbvc_col-lg-3 vc_col-md-3 vc_col-xs-12&Prime;][vc_single_image image=\u00a0\u00bb87189&Prime; img_size=\u00a0\u00bbmedium\u00a0\u00bb css=\u00a0\u00bb\u00a0\u00bb][\/vc_column_inner][vc_column_inner offset=\u00a0\u00bbvc_col-lg-offset-1 vc_col-lg-8 vc_col-md-8 vc_col-xs-12&Prime; [&hellip;]<\/p>\n","protected":false},"author":2,"featured_media":87192,"parent":87178,"menu_order":0,"comment_status":"closed","ping_status":"closed","template":"page-templates\/page-general.php","meta":{"_acf_changed":false,"footnotes":""},"class_list":["post-87193","page","type-page","status-publish","has-post-thumbnail","hentry"],"acf":[],"aioseo_notices":[],"_links":{"self":[{"href":"https:\/\/www.bgccan.com\/fr\/wp-json\/wp\/v2\/pages\/87193","targetHints":{"allow":["GET"]}}],"collection":[{"href":"https:\/\/www.bgccan.com\/fr\/wp-json\/wp\/v2\/pages"}],"about":[{"href":"https:\/\/www.bgccan.com\/fr\/wp-json\/wp\/v2\/types\/page"}],"author":[{"embeddable":true,"href":"https:\/\/www.bgccan.com\/fr\/wp-json\/wp\/v2\/users\/2"}],"replies":[{"embeddable":true,"href":"https:\/\/www.bgccan.com\/fr\/wp-json\/wp\/v2\/comments?post=87193"}],"version-history":[{"count":0,"href":"https:\/\/www.bgccan.com\/fr\/wp-json\/wp\/v2\/pages\/87193\/revisions"}],"up":[{"embeddable":true,"href":"https:\/\/www.bgccan.com\/fr\/wp-json\/wp\/v2\/pages\/87178"}],"wp:featuredmedia":[{"embeddable":true,"href":"https:\/\/www.bgccan.com\/fr\/wp-json\/wp\/v2\/media\/87192"}],"wp:attachment":[{"href":"https:\/\/www.bgccan.com\/fr\/wp-json\/wp\/v2\/media?parent=87193"}],"curies":[{"name":"wp","href":"https:\/\/api.w.org\/{rel}","templated":true}]}}