{"id":87200,"date":"2026-02-24T21:16:57","date_gmt":"2026-02-24T21:16:57","guid":{"rendered":"https:\/\/www.bgccan.com\/?page_id=87200"},"modified":"2026-04-06T18:13:33","modified_gmt":"2026-04-06T18:13:33","slug":"les-clubs-bgc","status":"publish","type":"page","link":"https:\/\/www.bgccan.com\/fr\/les-clubs-bgc\/","title":{"rendered":"Les Clubs BGC"},"content":{"rendered":"<div class=\"wpb-content-wrapper\">[vc_section][vc_row el_class=\u00a0\u00bbptop-5 pbottom-8&Prime;][vc_column offset=\u00a0\u00bbvc_col-md-offset-1 vc_col-md-10&Prime;]<div class='content-block section-content wpb_text_column wpb_content_element align-center   txt-navy mtop-0 mbottom-0 pbottom-2 fw-bold fs-32 lh-140 ls_minus_32' ><div class='wpb_wrapper'><h2 style=\"text-align: center;\">Les Clubs BGC aident les enfants et les ados \u00e0 acqu\u00e9rir les comp\u00e9tences n\u00e9cessaires \u00e0 leur r\u00e9ussite en leur offrant des <mark class=\"text-green\">opportunit\u00e9s qui changent des vies, des liens authentiques et un lieu d\u2019appartenance.<\/mark><\/h2>\n<\/div><\/div>[\/vc_column][\/vc_row][\/vc_section][vc_section][vc_row css_animation=\u00a0\u00bbbottom-to-top\u00a0\u00bb][vc_column]\n\t\t\t\t<a href='https:\/\/www.bgccan.com\/fr\/les-clubs-bgc\/lexperience-bgc\/' class='wpb_content_element cta cta__card lg  align-left ' target='' rel=''>\n\t\t\t\t\t<div class='cta__wrapper bg_pale_blue-1'>\n\t\t\t\t\t\t<div class=\"cta__img\"><img decoding=\"async\" src=\"https:\/\/www.bgccan.com\/wp-content\/uploads\/2026\/02\/bgc-clubs-image-1.jpg\" alt=\"A woman with an afro hairstyle stands outdoors with her arm around a young girl who is holding a camera.\"><\/div>\n\t\t\t\t\t\t<div class='cta__content'>\n\t\t\t\t\t\t\t<div class='cta__top'>\n\t\t\t\t\t\t\t\t\n\t\t\t\t\t\t\t\t<h3 class='cta__head'>Les Clubs BGC changent des vies<\/h3>\n\t\t\t\t\t\t\t<\/div>\n\t\t\t\t\t\t\t<div class='cta__bot'>\n\t\t\t\t\t\t\t\t<div class='cta__desc'><p><span style=\"font-weight: 400;\">Des repas sant\u00e9, un personnel bienveillant, de nouvelles amiti\u00e9s, de l\u2019aide aux devoirs\u2026 Les Clubs offrent aux enfants et \u00e0 leurs familles le soutien n\u00e9cessaire \u00e0 leur r\u00e9ussite.<\/span><\/p>\n<\/div>\n\t\t\t\t\t\t\t\t<div class='cta__link'>\n\t\t\t\t\t\t\t\t\tT\u00e9moignages des Clubs BGC\n\t\t\t\t\t\t\t\t\t<i class=\"fa-solid fa-arrow-right\"><\/i>\n\t\t\t\t\t\t\t\t<\/div>\n\t\t\t\t\t\t\t<\/div>\n\t\t\t\t\t\t<\/div>\n\t\t\t\t\t<\/div>\n\t\t\t\t<\/a>[\/vc_column][\/vc_row][\/vc_section][vc_section css=\u00a0\u00bb.vc_custom_1761847658188{padding-top: 100px !important;padding-bottom: 50px !important;}\u00a0\u00bb][vc_row full_width=\u00a0\u00bbstretch_row\u00a0\u00bb css_animation=\u00a0\u00bbtop-to-bottom\u00a0\u00bb][vc_column]\n\t\t\t\t<a href='https:\/\/www.bgccan.com\/fr\/trouvez-un-club-bgc\/' class='wpb_content_element cta cta__card lg  align-left mtop-0 mbottom-0 cta-group_top' target='' rel=''>\n\t\t\t\t\t<div class='cta__wrapper bg_teal-25'>\n\t\t\t\t\t\t<div class=\"cta__img\"><img decoding=\"async\" src=\"https:\/\/www.bgccan.com\/wp-content\/uploads\/2026\/02\/bgc-clubs-image-3.jpg\" alt=\"A digital map of Western Canada displays a pop-up information card for the BGC Okanagan location in Kelowna.\"><\/div>\n\t\t\t\t\t\t<div class='cta__content'>\n\t\t\t\t\t\t\t<div class='cta__top'>\n\t\t\t\t\t\t\t\t\n\t\t\t\t\t\t\t\t<h3 class='cta__head'>Racontez votre histoire de Club<\/h3>\n\t\t\t\t\t\t\t<\/div>\n\t\t\t\t\t\t\t<div class='cta__bot'>\n\t\t\t\t\t\t\t\t<div class='cta__desc'><p><span style=\"font-weight: 400;\">Vous avez d\u00e9j\u00e0 \u00e9t\u00e9 jeune membre, b\u00e9n\u00e9vole ou membre du personnel d\u2019un Club BGC? Nous voulons conna\u00eetre l\u2019impact de votre Club sur votre vie.<\/span><\/p>\n<\/div>\n\t\t\t\t\t\t\t\t<div class='cta__link'>\n\t\t\t\t\t\t\t\t\tNous joindre\n\t\t\t\t\t\t\t\t\t<i class=\"fa-solid fa-arrow-right\"><\/i>\n\t\t\t\t\t\t\t\t<\/div>\n\t\t\t\t\t\t\t<\/div>\n\t\t\t\t\t\t<\/div>\n\t\t\t\t\t<\/div>\n\t\t\t\t<\/a>\n\t\t\t\t<a href='https:\/\/www.bgccan.com\/fr\/anciens-membres-des-clubs\/' class='wpb_content_element cta cta__card lg  align-right mtop-0 mbottom-0 cta-group_bottom' target='' rel=''>\n\t\t\t\t\t<div class='cta__wrapper bg_green-25'>\n\t\t\t\t\t\t<div class=\"cta__img\"><img decoding=\"async\" src=\"https:\/\/www.bgccan.com\/wp-content\/uploads\/2025\/10\/bgc-clubs-image-2.jpg\" alt=\"A smiling man and two children work together at a table with colorful plastic building bricks in front of a green BGC logo.\"><\/div>\n\t\t\t\t\t\t<div class='cta__content'>\n\t\t\t\t\t\t\t<div class='cta__top'>\n\t\t\t\t\t\t\t\t\n\t\t\t\t\t\t\t\t<h3 class='cta__head'>Trouvez un Club BGC pr\u00e8s de chez vous.<\/h3>\n\t\t\t\t\t\t\t<\/div>\n\t\t\t\t\t\t\t<div class='cta__bot'>\n\t\t\t\t\t\t\t\t<div class='cta__desc'><p><span style=\"font-weight: 400;\">Les Clubs BGC exercent leurs activit\u00e9s de mani\u00e8re ind\u00e9pendante, chacun offrant ses propres services et programmes uniques \u00e0 l\u2019une des plus de 600 collectivit\u00e9s que nous servons au Canada. D\u00e9couvrez quel genre de programmes sont propos\u00e9s pr\u00e8s de chez vous.<\/span><\/p>\n<\/div>\n\t\t\t\t\t\t\t\t<div class='cta__link'>\n\t\t\t\t\t\t\t\t\tConsulter notre carte\n\t\t\t\t\t\t\t\t\t<i class=\"fa-solid fa-arrow-right\"><\/i>\n\t\t\t\t\t\t\t\t<\/div>\n\t\t\t\t\t\t\t<\/div>\n\t\t\t\t\t\t<\/div>\n\t\t\t\t\t<\/div>\n\t\t\t\t<\/a>[\/vc_column][\/vc_row][vc_row css_animation=\u00a0\u00bbbottom-to-top\u00a0\u00bb el_class=\u00a0\u00bbptop-10&Prime;][vc_column]<div class=\"vc_posts \"><div class=\"posts_heading\"><h2>D\u00e9couvrez d\u2019autres histoires vraies de jeunes membres des Clubs.<\/h2><div class=\"vc_news_link\"><a href='https:\/\/www.bgccan.com\/fr\/category\/bgc-club-stories-fr\/' class='btn vc_btn3-color-green_btn vc_btn3-style-solid' target='' rel=''>Voir toutes les histoires<\/a><\/div><\/div><div class=\"posts_listing\"><\/div><\/div>[\/vc_column][\/vc_row][\/vc_section][vc_section full_width=\u00a0\u00bbstretch_row\u00a0\u00bb el_class=\u00a0\u00bbptop-0&Prime; css=\u00a0\u00bb.vc_custom_1760729604295{background-color: #E4ECF4 !important;}\u00a0\u00bb][vc_row full_width=\u00a0\u00bbstretch_row_content_no_spaces\u00a0\u00bb][vc_column][vc_row_inner][vc_column_inner el_class=\u00a0\u00bbimage-row-size-800&Prime; css=\u00a0\u00bb.vc_custom_1760732496771{background-image: url(https:\/\/www.bgccan.com\/wp-content\/uploads\/2025\/10\/the-issue-page-image.jpg?id=2623) !important;background-position: center !important;background-repeat: no-repeat !important;background-size: cover !important;}\u00a0\u00bb][\/vc_column_inner][\/vc_row_inner][\/vc_column][\/vc_row][vc_row full_width=\u00a0\u00bbstretch_row\u00a0\u00bb css_animation=\u00a0\u00bbfadeInUp\u00a0\u00bb el_class=\u00a0\u00bbbottom-up-100 pbottom-2&Prime;][vc_column][vc_row_inner el_class=\u00a0\u00bbcustom-block-white\u00a0\u00bb][vc_column_inner offset=\u00a0\u00bbvc_col-md-offset-2 vc_col-md-8&Prime; css=\u00a0\u00bb.vc_custom_1760726823215{background-color: #FFFFFF !important;}\u00a0\u00bb]<div class='content-block section-content wpb_text_column wpb_content_element align-center   txt-navy  fw-bold fs-32 lh-140 ls_minus_32' ><div class='wpb_wrapper'><h2>Nous aimerions que chaque enfant puisse \u00eatre membre d\u2019un Club.<\/h2>\n<\/div><\/div><div class='content-block section-content wpb_text_column wpb_content_element align-center     font_weight_default fs-18  ' ><div class='wpb_wrapper'><p><span style=\"font-weight: 400;\">Tout le monde m\u00e9rite une chance de r\u00e9ussir. Aidez-nous \u00e0 mettre les chances du c\u00f4t\u00e9 des jeunes du Canada.<\/span><\/p>\n<\/div><\/div>[vc_btn title=\u00a0\u00bbFaire un don\u00a0\u00bb style=\u00a0\u00bbsolid\u00a0\u00bb color=\u00a0\u00bbdonate_btn\u00a0\u00bb css=\u00a0\u00bb\u00a0\u00bb link=\u00a0\u00bburl:https%3A%2F%2Fbgcdonors.donorsupport.co%2Fpage%2FFUNBFVAKRMA%3Fform%3Ddonatenow|title:Donate|target:_blank\u00a0\u00bb][vc_btn title=\u00a0\u00bbFaire \u00e9quipe avec nous\u00a0\u00bb style=\u00a0\u00bbsolid\u00a0\u00bb color=\u00a0\u00bbgreen_btn\u00a0\u00bb css=\u00a0\u00bb\u00a0\u00bb link=\u00a0\u00bburl:https%3A%2F%2Fwww.bgccan.com%2Ffr%2Fdevenez-partenaires%2F|title:Devenez%20Partenaires\u00a0\u00bb][\/vc_column_inner][\/vc_row_inner][\/vc_column][\/vc_row][\/vc_section]\n<\/div>","protected":false},"excerpt":{"rendered":"<p>[vc_section][vc_row el_class=\u00a0\u00bbptop-5 pbottom-8&Prime;][vc_column offset=\u00a0\u00bbvc_col-md-offset-1 vc_col-md-10&Prime;][\/vc_column][\/vc_row][\/vc_section][vc_section][vc_row css_animation=\u00a0\u00bbbottom-to-top\u00a0\u00bb][vc_column][\/vc_column][\/vc_row][\/vc_section][vc_section css=\u00a0\u00bb.vc_custom_1761847658188{padding-top: 100px !important;padding-bottom: 50px !important;}\u00a0\u00bb][vc_row full_width=\u00a0\u00bbstretch_row\u00a0\u00bb css_animation=\u00a0\u00bbtop-to-bottom\u00a0\u00bb][vc_column][\/vc_column][\/vc_row][vc_row css_animation=\u00a0\u00bbbottom-to-top\u00a0\u00bb el_class=\u00a0\u00bbptop-10&Prime;][vc_column][\/vc_column][\/vc_row][\/vc_section][vc_section full_width=\u00a0\u00bbstretch_row\u00a0\u00bb el_class=\u00a0\u00bbptop-0&Prime; css=\u00a0\u00bb.vc_custom_1760729604295{background-color: #E4ECF4 !important;}\u00a0\u00bb][vc_row full_width=\u00a0\u00bbstretch_row_content_no_spaces\u00a0\u00bb][vc_column][vc_row_inner][vc_column_inner el_class=\u00a0\u00bbimage-row-size-800&Prime; css=\u00a0\u00bb.vc_custom_1760732496771{background-image: url(https:\/\/www.bgccan.com\/wp-content\/uploads\/2025\/10\/the-issue-page-image.jpg?id=2623) !important;background-position: center !important;background-repeat: no-repeat !important;background-size: cover !important;}\u00a0\u00bb][\/vc_column_inner][\/vc_row_inner][\/vc_column][\/vc_row][vc_row full_width=\u00a0\u00bbstretch_row\u00a0\u00bb css_animation=\u00a0\u00bbfadeInUp\u00a0\u00bb el_class=\u00a0\u00bbbottom-up-100 pbottom-2&Prime;][vc_column][vc_row_inner el_class=\u00a0\u00bbcustom-block-white\u00a0\u00bb][vc_column_inner offset=\u00a0\u00bbvc_col-md-offset-2 vc_col-md-8&Prime; css=\u00a0\u00bb.vc_custom_1760726823215{background-color: #FFFFFF !important;}\u00a0\u00bb][vc_btn title=\u00a0\u00bbFaire un don\u00a0\u00bb style=\u00a0\u00bbsolid\u00a0\u00bb color=\u00a0\u00bbdonate_btn\u00a0\u00bb css=\u00a0\u00bb\u00a0\u00bb link=\u00a0\u00bburl:https%3A%2F%2Fbgcdonors.donorsupport.co%2Fpage%2FFUNBFVAKRMA%3Fform%3Ddonatenow|title:Donate|target:_blank\u00a0\u00bb][vc_btn title=\u00a0\u00bbFaire \u00e9quipe avec nous\u00a0\u00bb style=\u00a0\u00bbsolid\u00a0\u00bb color=\u00a0\u00bbgreen_btn\u00a0\u00bb css=\u00a0\u00bb\u00a0\u00bb [&hellip;]<\/p>\n","protected":false},"author":2,"featured_media":87199,"parent":0,"menu_order":0,"comment_status":"closed","ping_status":"closed","template":"page-templates\/page-general.php","meta":{"_acf_changed":false,"footnotes":""},"class_list":["post-87200","page","type-page","status-publish","has-post-thumbnail","hentry"],"acf":[],"aioseo_notices":[],"_links":{"self":[{"href":"https:\/\/www.bgccan.com\/fr\/wp-json\/wp\/v2\/pages\/87200","targetHints":{"allow":["GET"]}}],"collection":[{"href":"https:\/\/www.bgccan.com\/fr\/wp-json\/wp\/v2\/pages"}],"about":[{"href":"https:\/\/www.bgccan.com\/fr\/wp-json\/wp\/v2\/types\/page"}],"author":[{"embeddable":true,"href":"https:\/\/www.bgccan.com\/fr\/wp-json\/wp\/v2\/users\/2"}],"replies":[{"embeddable":true,"href":"https:\/\/www.bgccan.com\/fr\/wp-json\/wp\/v2\/comments?post=87200"}],"version-history":[{"count":0,"href":"https:\/\/www.bgccan.com\/fr\/wp-json\/wp\/v2\/pages\/87200\/revisions"}],"wp:featuredmedia":[{"embeddable":true,"href":"https:\/\/www.bgccan.com\/fr\/wp-json\/wp\/v2\/media\/87199"}],"wp:attachment":[{"href":"https:\/\/www.bgccan.com\/fr\/wp-json\/wp\/v2\/media?parent=87200"}],"curies":[{"name":"wp","href":"https:\/\/api.w.org\/{rel}","templated":true}]}}