{"id":87237,"date":"2026-02-24T22:05:30","date_gmt":"2026-02-24T22:05:30","guid":{"rendered":"https:\/\/www.bgccan.com\/?page_id=87237"},"modified":"2026-04-14T14:17:24","modified_gmt":"2026-04-14T14:17:24","slug":"devenez-partenaires","status":"publish","type":"page","link":"https:\/\/www.bgccan.com\/fr\/devenez-partenaires\/","title":{"rendered":"Devenez Partenaires"},"content":{"rendered":"<div class=\"wpb-content-wrapper\">[vc_section el_class=\u00a0\u00bbptop-3 pbottom-3&Prime;][vc_row equal_height=\u00a0\u00bbyes\u00a0\u00bb content_placement=\u00a0\u00bbmiddle\u00a0\u00bb][vc_column width=\u00a0\u00bb1\/2&Prime; css=\u00a0\u00bb.vc_custom_1768337292098{margin-right: 30px !important;margin-left: 30px !important;}\u00a0\u00bb]<div class='content-block section-content wpb_text_column wpb_content_element align-left   txt-navy mtop-0 mbottom-0 pbottom-2 fw-bold fs-38 lh-140 ls_minus_32' ><div class='wpb_wrapper'><h2 style=\"text-align: left;\">Les Clubs BGC ont <mark class=\"text-green\">aid\u00e9 des millions de jeunes<\/mark> \u00e0 changer leur vie pour de bon.<\/h2>\n<\/div><\/div><div class='content-block section-content wpb_text_column wpb_content_element align-left   txt-dark-grey mtop-0 mbottom-0 pbottom-5 font_weight_default fs-18 lh-160 ' ><div class='wpb_wrapper'><p><span style=\"font-weight: 400;\">En tant que plus grand organisme canadien ax\u00e9 sur les enfants et les ados, BGC Canada vise \u00e0 offrir un avenir meilleur aux jeunes de tout le pays. Notre vision : que tous les enfants et les ados d\u00e9couvrent leurs r\u00eaves et les r\u00e9alisent, et puissent plus tard mener une vie saine et \u00e9panouie et participer activement \u00e0 la soci\u00e9t\u00e9.<\/span><\/p>\n<\/div><\/div>[vc_btn title=\u00a0\u00bbCommuniquer avec notre \u00e9quipe de partenariats et philanthropie\u00a0\u00bb style=\u00a0\u00bbsolid\u00a0\u00bb color=\u00a0\u00bbgreen_btn\u00a0\u00bb css=\u00a0\u00bb\u00a0\u00bb link=\u00a0\u00bburl:https%3A%2F%2Fwww.bgccan.com%2Ffr%2Fdevenez-partenaires%2Fcommuniquez-avec-notre-equipe-des-partenariats%2F|title:Contact%20our%20Partnerships%20%26%20Philanthropy%20Team\u00a0\u00bb el_class=\u00a0\u00bbmbottom-0&Prime;][\/vc_column][vc_column width=\u00a0\u00bb1\/2&Prime;][vc_single_image image=\u00a0\u00bb87231&Prime; img_size=\u00a0\u00bblarge\u00a0\u00bb css_animation=\u00a0\u00bbnone\u00a0\u00bb css=\u00a0\u00bb\u00a0\u00bb][\/vc_column][\/vc_row][\/vc_section][vc_section full_width=\u00a0\u00bbstretch_row\u00a0\u00bb css=\u00a0\u00bb.vc_custom_1761852279781{background-color: #003B4A !important;}\u00a0\u00bb el_class=\u00a0\u00bbptop-10 pbottom-7&Prime;][vc_row css_animation=\u00a0\u00bbbottom-to-top\u00a0\u00bb][vc_column]<div class='content-block section-content wpb_text_column wpb_content_element align-center   txt-bright-green mbottom-0 pbottom-5 fw-bold fs-48 lh-140 ls_minus_38' ><div class='wpb_wrapper'><p>Pourquoi \u00e9tablir un partenariat avec BGC Canada?<\/p>\n<\/div><\/div>[\/vc_column][\/vc_row][vc_row equal_height=\u00a0\u00bbyes\u00a0\u00bb][vc_column width=\u00a0\u00bb1\/2&Prime;]\n\t\t\t<div tabindex='0' class='wpb_content_element cta-icon size-md align-left mbottom-3'>\n\t\t\t\t<div class='cta-icon__wrapper bg_green-25'>\n                    <div class=\"cta__img\"><img decoding=\"async\" src=\"https:\/\/www.bgccan.com\/wp-content\/uploads\/2025\/09\/Leaf-icon.png\" alt=\"A green line-art icon features a hand holding a small plant with three leaves.\"><\/div>\n\t\t\t\t\t<div class='cta__content'>\t\n\t\t\t\t\t\t\n\t\t\t\t\t\t<h3 class='cta__title'>Pour outiller les jeunes et leur famille<\/h3>\n\t\t\t\t\t\t<div class='cta__desc'><p><span style=\"font-weight: 400;\">Contribuer \u00e0 BGC Canada, c\u2019est investir dans le potentiel des jeunes et des familles. En outillant les jeunes esprits de comp\u00e9tences essentielles, nous les aidons \u00e0 acqu\u00e9rir une r\u00e9silience qui les accompagnera toute leur vie.<\/span><\/p><\/div>\n\t\t\t\t\t\t\n\t\t\t\t\t<\/div>\n\t\t\t\t<\/div>\n\t\t\t<\/div>[\/vc_column][vc_column width=\u00a0\u00bb1\/2&Prime;]\n\t\t\t<div tabindex='0' class='wpb_content_element cta-icon size-md align-left mbottom-3'>\n\t\t\t\t<div class='cta-icon__wrapper bg_yellow-25'>\n                    <div class=\"cta__img\"><img decoding=\"async\" src=\"https:\/\/www.bgccan.com\/wp-content\/uploads\/2025\/09\/heart-icon.png\" alt=\"Hand icon with a heart in the center.\"><\/div>\n\t\t\t\t\t<div class='cta__content'>\t\n\t\t\t\t\t\t\n\t\t\t\t\t\t<h3 class='cta__title'>Pour avoir un effet durable sur le plan social<\/h3>\n\t\t\t\t\t\t<div class='cta__desc'><p><span style=\"font-weight: 400;\">\u00catre partenaire de BGC Canada, c\u2019est \u00eatre un moteur de transformation des d\u00e9fis sociaux pour l\u2019avenir. Lorsqu\u2019il est mis en commun avec toutes les autres contributions, votre soutien amplifie l\u2019effet que peut avoir BGC Canada sur la vie des jeunes d\u2019un bout \u00e0 l\u2019autre du pays. Prenez part \u00e0 ce changement durable.<\/span><\/p><\/div>\n\t\t\t\t\t\t\n\t\t\t\t\t<\/div>\n\t\t\t\t<\/div>\n\t\t\t<\/div>[\/vc_column][vc_column width=\u00a0\u00bb1\/2&Prime;]\n\t\t\t<div tabindex='0' class='wpb_content_element cta-icon size-md align-left mbottom-3'>\n\t\t\t\t<div class='cta-icon__wrapper bg_blue-25'>\n                    <div class=\"cta__img\"><img decoding=\"async\" src=\"https:\/\/www.bgccan.com\/wp-content\/uploads\/2025\/09\/people-icon.png\" alt=\"Blue and white icon representing a group of three people.\"><\/div>\n\t\t\t\t\t<div class='cta__content'>\t\n\t\t\t\t\t\t\n\t\t\t\t\t\t<h3 class='cta__title'>Pour renforcer la responsabilit\u00e9 sociale des entreprises<\/h3>\n\t\t\t\t\t\t<div class='cta__desc'><p><span style=\"font-weight: 400;\">Lorsqu\u2019une entreprise collabore avec BGC Canada, cela d\u00e9montre qu\u2019elle s\u2019engage en toute sinc\u00e9rit\u00e9 \u00e0 changer les choses dans les communaut\u00e9s o\u00f9 elle m\u00e8ne ses activit\u00e9s et o\u00f9 sa client\u00e8le et son personnel vivent et travaillent, ce qui favorise une culture d\u2019entreprise v\u00e9ritablement ax\u00e9e sur le fait de redonner \u00e0 la collectivit\u00e9.<\/span><\/p><\/div>\n\t\t\t\t\t\t\n\t\t\t\t\t<\/div>\n\t\t\t\t<\/div>\n\t\t\t<\/div>[\/vc_column][vc_column width=\u00a0\u00bb1\/2&Prime;]\n\t\t\t<div tabindex='0' class='wpb_content_element cta-icon size-md align-left mbottom-3'>\n\t\t\t\t<div class='cta-icon__wrapper bg_purple-25'>\n                    <div class=\"cta__img\"><img decoding=\"async\" src=\"https:\/\/www.bgccan.com\/wp-content\/uploads\/2025\/09\/holding-hand-icon.png\" alt=\"Purple and white handshake icon inside a grey circle\"><\/div>\n\t\t\t\t\t<div class='cta__content'>\t\n\t\t\t\t\t\t\n\t\t\t\t\t\t<h3 class='cta__title'>Pour favoriser l\u2019engagement communautaire<\/h3>\n\t\t\t\t\t\t<div class='cta__desc'><p><span style=\"font-weight: 400;\">Un partenariat avec BGC Canada constitue une plateforme vous permettant de d\u00e9velopper votre marque et de favoriser l\u2019engagement communautaire dans les collectivit\u00e9s partout au pays.<\/span><\/p><\/div>\n\t\t\t\t\t\t\n\t\t\t\t\t<\/div>\n\t\t\t\t<\/div>\n\t\t\t<\/div>[\/vc_column][\/vc_row][\/vc_section][vc_section full_width=\u00a0\u00bbstretch_row\u00a0\u00bb el_class=\u00a0\u00bbptop-12 pbottom-10 wave-container_top navy\u00a0\u00bb el_id=\u00a0\u00bbcomment-devenir-partenaire\u00a0\u00bb][vc_row css_animation=\u00a0\u00bbbottom-to-top\u00a0\u00bb][vc_column]<div class='content-block section-content wpb_text_column wpb_content_element align-center   txt-navy mbottom-0 pbottom-5 fw-bold fs-48 lh-140 ls_minus_38' ><div class='wpb_wrapper'><p>Comment \u00e9tablir un partenariat avec nous?<\/p>\n<\/div><\/div>[\/vc_column][\/vc_row][vc_row equal_height=\u00a0\u00bbyes\u00a0\u00bb css_animation=\u00a0\u00bbbottom-to-top\u00a0\u00bb][vc_column width=\u00a0\u00bb1\/2&Prime; offset=\u00a0\u00bbvc_col-lg-3 vc_col-xs-12&Prime;]\n\t\t\t<div tabindex='0' class='wpb_content_element cta-icon size-md align-left '>\n\t\t\t\t<div class='cta-icon__wrapper bg_pale_blue-1'>\n                    <div class=\"cta__img\"><img decoding=\"async\" src=\"https:\/\/www.bgccan.com\/wp-content\/uploads\/2025\/09\/darts-icon.png\" alt=\"An icon of a target with an arrow hitting the bullseye.\"><\/div>\n\t\t\t\t\t<div class='cta__content'>\t\n\t\t\t\t\t\t\n\t\t\t\t\t\t<h3 class='cta__title'>En soutenant les initiatives essentielles<\/h3>\n\t\t\t\t\t\t<div class='cta__desc'><p><span style=\"font-weight: 400;\">Joignez-vous \u00e0 BGC Canada et \u00e0 d\u2019autres partenaires aux id\u00e9es semblables pour trouver des solutions aux enjeux importants auxquels font face les enfants et les ados au Canada aujourd\u2019hui.<\/span><span style=\"font-weight: 400;\"><br \/>\n<\/span><\/p><\/div>\n\t\t\t\t\t\t<a href='https:\/\/www.bgccan.com\/fr\/enjeux\/' target='' rel=''>En savoir plus sur ces enjeux<\/a>\n\t\t\t\t\t<\/div>\n\t\t\t\t<\/div>\n\t\t\t<\/div>[\/vc_column][vc_column width=\u00a0\u00bb1\/2&Prime; offset=\u00a0\u00bbvc_col-lg-3 vc_col-xs-12&Prime;]\n\t\t\t<div tabindex='0' class='wpb_content_element cta-icon size-md align-left '>\n\t\t\t\t<div class='cta-icon__wrapper bg_pale_blue-1'>\n                    <div class=\"cta__img\"><img decoding=\"async\" src=\"https:\/\/www.bgccan.com\/wp-content\/uploads\/2025\/09\/gift-icon.png\" alt=\"Line art icon of a purple gift box on a circular background.\"><\/div>\n\t\t\t\t\t<div class='cta__content'>\t\n\t\t\t\t\t\t\n\t\t\t\t\t\t<h3 class='cta__title'>En faisant des dons en nature<\/h3>\n\t\t\t\t\t\t<div class='cta__desc'><p><span style=\"font-weight: 400;\">Les co\u00fbts sont de plus en plus \u00e9lev\u00e9s pour les Clubs BGC. En leur faisant des dons non mon\u00e9taires, vous leur permettez d\u2019investir davantage dans la croissance de leurs programmes.<\/span><\/p><\/div>\n\t\t\t\t\t\t<a href='https:\/\/www.bgccan.com\/fr\/devenez-partenaires\/communiquez-avec-notre-equipe-des-partenariats\/' target='' rel=''>En savoir plus<\/a>\n\t\t\t\t\t<\/div>\n\t\t\t\t<\/div>\n\t\t\t<\/div>[\/vc_column][vc_column width=\u00a0\u00bb1\/2&Prime; offset=\u00a0\u00bbvc_col-lg-3 vc_col-xs-12&Prime;]\n\t\t\t<div tabindex='0' class='wpb_content_element cta-icon size-md align-left '>\n\t\t\t\t<div class='cta-icon__wrapper bg_pale_blue-1'>\n                    <div class=\"cta__img\"><img decoding=\"async\" src=\"https:\/\/www.bgccan.com\/wp-content\/uploads\/2025\/09\/high-five-icon.png\" alt=\"An icon of two green hands performing a high-five.\"><\/div>\n\t\t\t\t\t<div class='cta__content'>\t\n\t\t\t\t\t\t\n\t\t\t\t\t\t<h3 class='cta__title'>En faisant du b\u00e9n\u00e9volat<\/h3>\n\t\t\t\t\t\t<div class='cta__desc'><p>Encouragez votre personnel \u00e0 donner du temps dans le cadre d\u2019une initiative de b\u00e9n\u00e9volat d\u2019entreprise dans nos Clubs locaux, ou encore en participant \u00e0 Kits for a Cause.<\/p><\/div>\n\t\t\t\t\t\t<a href='https:\/\/www.bgccan.com\/fr\/devenir-benevole\/' target='' rel=''>En savoir plus<\/a>\n\t\t\t\t\t<\/div>\n\t\t\t\t<\/div>\n\t\t\t<\/div>[\/vc_column][vc_column width=\u00a0\u00bb1\/2&Prime; offset=\u00a0\u00bbvc_col-lg-3 vc_col-xs-12&Prime;]\n\t\t\t<div tabindex='0' class='wpb_content_element cta-icon size-md align-left '>\n\t\t\t\t<div class='cta-icon__wrapper bg_pale_blue-1'>\n                    <div class=\"cta__img\"><img decoding=\"async\" src=\"https:\/\/www.bgccan.com\/wp-content\/uploads\/2025\/09\/donate-icon.png\" alt=\"Icon of a hand placing a coin into a donation box with a blue background\"><\/div>\n\t\t\t\t\t<div class='cta__content'>\t\n\t\t\t\t\t\t\n\t\t\t\t\t\t<h3 class='cta__title'>En faisant un don individuel<\/h3>\n\t\t\t\t\t\t<div class='cta__desc'><p><span style=\"font-weight: 400;\">Commencez d\u00e8s maintenant \u00e0 soutenir les enfants et les ados : faites un don \u00e0 BGC Canada.<\/span><\/p><\/div>\n\t\t\t\t\t\t<a href='https:\/\/bgcdonors.donorsupport.co\/page\/FUNBFVAKRMA?form=donatenow' target='_blank' rel=''>Faites un don \u00e0 BGC aujourd'hui<\/a>\n\t\t\t\t\t<\/div>\n\t\t\t\t<\/div>\n\t\t\t<\/div>[\/vc_column][\/vc_row][vc_row css_animation=\u00a0\u00bbbottom-to-top\u00a0\u00bb disable_element=\u00a0\u00bbyes\u00a0\u00bb][vc_column]\n\t\t\t\t<div tabindex='0' class='wpb_content_element cta cta__card lg bg_pale_blue-1 align-right mtop-0 mbottom-0'>\n\t\t\t\t\t<div class='cta__wrapper'>\n\t\t\t\t\t\t<div class=\"cta__img\"><img decoding=\"async\" src=\"https:\/\/www.bgccan.com\/wp-content\/uploads\/2026\/02\/old-navy-cta-2-1.jpg\" alt=\"Large group of diverse youth and adults posing together inside a clothing store.\"><\/div>\n\t\t\t\t\t\t<div class='cta__content'>\n\t\t\t\t\t\t\t<div class='cta__top'>\n\t\t\t\t\t\t\t\t\n\t\t\t\t\t\t\t\t<h3 class='cta__head'>Laissez-vous inspirer. Jouez un r\u00f4le d\u00e9terminant.<\/h3>\n\t\t\t\t\t\t\t<\/div>\n\t\t\t\t\t\t\t<div class='cta__bot'>\n\t\t\t\t\t\t\t\t<div class='cta__desc'><p><span style=\"font-weight: 400;\">Abonnez-vous \u00e0 notre infolettre pour les partenaires afin de recevoir toutes les derni\u00e8res nouvelles sur BGC, les mises \u00e0 jour, les faits marquants sur les partenaires, les renseignements sur les \u00e9v\u00e9nements et plus encore.<\/span><\/p>\n<\/div>\n\t\t\t\t\t\t\t<\/div>\n\t\t\t\t\t\t<\/div>\n\t\t\t\t\t<\/div>\n\t\t\t\t<\/div>[\/vc_column][\/vc_row][\/vc_section][vc_section full_width=\u00a0\u00bbstretch_row\u00a0\u00bb css=\u00a0\u00bb.vc_custom_1761852089212{background-color: #F2F7FB !important;}\u00a0\u00bb el_class=\u00a0\u00bbptop-10 pbottom-10&Prime;][vc_row css_animation=\u00a0\u00bbbottom-to-top\u00a0\u00bb][vc_column offset=\u00a0\u00bbvc_col-md-offset-2 vc_col-md-8&Prime;]<div class='content-block section-content wpb_text_column wpb_content_element align-center   txt-navy mbottom-0 pbottom-4 fw-bold fs-32 lh-140 ls_minus_32' ><div class='wpb_wrapper'><p>D\u00e9couvrez leur impact<\/p>\n<\/div><\/div>[\/vc_column][\/vc_row][vc_row css_animation=\u00a0\u00bbbottom-to-top\u00a0\u00bb][vc_column offset=\u00a0\u00bbvc_col-md-offset-2 vc_col-md-8&Prime;][vc_row_inner][vc_column_inner width=\u00a0\u00bb1\/3&Prime;]\n\t\t\t\t<a href='\/fr\/a-propos-de-nous\/' class='wpb_content_element cta cta__card mini  align-default ' target='' rel=''>\n\t\t\t\t\t<div class='cta__wrapper bg_pastel-green'>\n\t\t\t\t\t\t\n\t\t\t\t\t\t<div class='cta__content'>\n\t\t\t\t\t\t\t<div class='cta__top'>\n\t\t\t\t\t\t\t\t<span class='cta__eyebrow'>D\u00e9couvrez<\/span>\n\t\t\t\t\t\t\t\t<h3 class='cta__head'>QUI NOUS SOMMES<\/h3>\n\t\t\t\t\t\t\t<\/div>\n\t\t\t\t\t\t\t<div class='cta__bot'>\n\t\t\t\t\t\t\t\t<div class='cta__desc'><\/div>\n\t\t\t\t\t\t\t\t<div class='cta__link'>\n\t\t\t\t\t\t\t\t\t\n\t\t\t\t\t\t\t\t\t<i class=\"fa-solid fa-arrow-right\"><\/i>\n\t\t\t\t\t\t\t\t<\/div>\n\t\t\t\t\t\t\t<\/div>\n\t\t\t\t\t\t<\/div>\n\t\t\t\t\t<\/div>\n\t\t\t\t<\/a>[\/vc_column_inner][vc_column_inner width=\u00a0\u00bb1\/3&Prime;]\n\t\t\t\t<a href='\/fr\/enjeux\/' class='wpb_content_element cta cta__card mini  align-default ' target='' rel=''>\n\t\t\t\t\t<div class='cta__wrapper bg_pastel-teal'>\n\t\t\t\t\t\t\n\t\t\t\t\t\t<div class='cta__content'>\n\t\t\t\t\t\t\t<div class='cta__top'>\n\t\t\t\t\t\t\t\t<span class='cta__eyebrow'>D\u00e9couvrez<\/span>\n\t\t\t\t\t\t\t\t<h3 class='cta__head'>LES ENJEUX<\/h3>\n\t\t\t\t\t\t\t<\/div>\n\t\t\t\t\t\t\t<div class='cta__bot'>\n\t\t\t\t\t\t\t\t<div class='cta__desc'><\/div>\n\t\t\t\t\t\t\t\t<div class='cta__link'>\n\t\t\t\t\t\t\t\t\t\n\t\t\t\t\t\t\t\t\t<i class=\"fa-solid fa-arrow-right\"><\/i>\n\t\t\t\t\t\t\t\t<\/div>\n\t\t\t\t\t\t\t<\/div>\n\t\t\t\t\t\t<\/div>\n\t\t\t\t\t<\/div>\n\t\t\t\t<\/a>[\/vc_column_inner][vc_column_inner width=\u00a0\u00bb1\/3&Prime;]\n\t\t\t\t<a href='\/fr\/devenez-partenaires\/' class='wpb_content_element cta cta__card mini  align-default ' target='' rel=''>\n\t\t\t\t\t<div class='cta__wrapper bg_pastel-blue'>\n\t\t\t\t\t\t\n\t\t\t\t\t\t<div class='cta__content'>\n\t\t\t\t\t\t\t<div class='cta__top'>\n\t\t\t\t\t\t\t\t<span class='cta__eyebrow'>D\u00e9couvrez<\/span>\n\t\t\t\t\t\t\t\t<h3 class='cta__head'>NOS PARTENAIRES<\/h3>\n\t\t\t\t\t\t\t<\/div>\n\t\t\t\t\t\t\t<div class='cta__bot'>\n\t\t\t\t\t\t\t\t<div class='cta__desc'><\/div>\n\t\t\t\t\t\t\t\t<div class='cta__link'>\n\t\t\t\t\t\t\t\t\t\n\t\t\t\t\t\t\t\t\t<i class=\"fa-solid fa-arrow-right\"><\/i>\n\t\t\t\t\t\t\t\t<\/div>\n\t\t\t\t\t\t\t<\/div>\n\t\t\t\t\t\t<\/div>\n\t\t\t\t\t<\/div>\n\t\t\t\t<\/a>[\/vc_column_inner][\/vc_row_inner][\/vc_column][\/vc_row][vc_row css_animation=\u00a0\u00bbbottom-to-top\u00a0\u00bb][vc_column offset=\u00a0\u00bbvc_col-md-offset-2 vc_col-md-8&Prime;][vc_video link=\u00a0\u00bbhttps:\/\/vimeo.com\/531310088&Prime; css=\u00a0\u00bb\u00a0\u00bb el_class=\u00a0\u00bbmbottom-0&Prime;][\/vc_column][\/vc_row][\/vc_section][vc_section el_class=\u00a0\u00bbptop-10 pbottom-10&Prime;][vc_row css_animation=\u00a0\u00bbbottom-to-top\u00a0\u00bb][vc_column]<div class='content-block section-content wpb_text_column wpb_content_element align-center   txt-navy  fw-bold fs-32 lh-140 ls_minus_32' ><div class='wpb_wrapper'><p>Vu sur<\/p>\n<\/div><\/div>[\/vc_column][\/vc_row][vc_row css_animation=\u00a0\u00bbbottom-to-top\u00a0\u00bb][vc_column css_animation=\u00a0\u00bbbottom-to-top\u00a0\u00bb offset=\u00a0\u00bbvc_col-md-offset-1 vc_col-md-10&Prime;][vc_row_inner equal_height=\u00a0\u00bbyes\u00a0\u00bb content_placement=\u00a0\u00bbmiddle\u00a0\u00bb][vc_column_inner width=\u00a0\u00bb1\/4&Prime;][vc_single_image image=\u00a0\u00bb87232&Prime; img_size=\u00a0\u00bbmedium\u00a0\u00bb alignment=\u00a0\u00bbcenter\u00a0\u00bb css=\u00a0\u00bb\u00a0\u00bb][\/vc_column_inner][vc_column_inner width=\u00a0\u00bb1\/4&Prime;][vc_single_image image=\u00a0\u00bb87233&Prime; img_size=\u00a0\u00bbmedium\u00a0\u00bb alignment=\u00a0\u00bbcenter\u00a0\u00bb css=\u00a0\u00bb\u00a0\u00bb][\/vc_column_inner][vc_column_inner width=\u00a0\u00bb1\/4&Prime;][vc_single_image image=\u00a0\u00bb87234&Prime; img_size=\u00a0\u00bbmedium\u00a0\u00bb alignment=\u00a0\u00bbcenter\u00a0\u00bb css=\u00a0\u00bb\u00a0\u00bb][\/vc_column_inner][vc_column_inner width=\u00a0\u00bb1\/4&Prime;][vc_single_image image=\u00a0\u00bb87235&Prime; img_size=\u00a0\u00bbmedium\u00a0\u00bb alignment=\u00a0\u00bbcenter\u00a0\u00bb css=\u00a0\u00bb\u00a0\u00bb][\/vc_column_inner][\/vc_row_inner][\/vc_column][\/vc_row][\/vc_section]\n<\/div>","protected":false},"excerpt":{"rendered":"<p>[vc_section el_class=\u00a0\u00bbptop-3 pbottom-3&Prime;][vc_row equal_height=\u00a0\u00bbyes\u00a0\u00bb content_placement=\u00a0\u00bbmiddle\u00a0\u00bb][vc_column width=\u00a0\u00bb1\/2&Prime; css=\u00a0\u00bb.vc_custom_1768337292098{margin-right: 30px !important;margin-left: 30px !important;}\u00a0\u00bb][vc_btn title=\u00a0\u00bbCommuniquer avec notre \u00e9quipe de partenariats et philanthropie\u00a0\u00bb style=\u00a0\u00bbsolid\u00a0\u00bb color=\u00a0\u00bbgreen_btn\u00a0\u00bb css=\u00a0\u00bb\u00a0\u00bb link=\u00a0\u00bburl:https%3A%2F%2Fwww.bgccan.com%2Ffr%2Fdevenez-partenaires%2Fcommuniquez-avec-notre-equipe-des-partenariats%2F|title:Contact%20our%20Partnerships%20%26%20Philanthropy%20Team\u00a0\u00bb el_class=\u00a0\u00bbmbottom-0&Prime;][\/vc_column][vc_column width=\u00a0\u00bb1\/2&Prime;][vc_single_image image=\u00a0\u00bb87231&Prime; img_size=\u00a0\u00bblarge\u00a0\u00bb css_animation=\u00a0\u00bbnone\u00a0\u00bb css=\u00a0\u00bb\u00a0\u00bb][\/vc_column][\/vc_row][\/vc_section][vc_section full_width=\u00a0\u00bbstretch_row\u00a0\u00bb css=\u00a0\u00bb.vc_custom_1761852279781{background-color: #003B4A !important;}\u00a0\u00bb el_class=\u00a0\u00bbptop-10 pbottom-7&Prime;][vc_row css_animation=\u00a0\u00bbbottom-to-top\u00a0\u00bb][vc_column][\/vc_column][\/vc_row][vc_row equal_height=\u00a0\u00bbyes\u00a0\u00bb][vc_column width=\u00a0\u00bb1\/2&Prime;][\/vc_column][vc_column width=\u00a0\u00bb1\/2&Prime;][\/vc_column][vc_column width=\u00a0\u00bb1\/2&Prime;][\/vc_column][vc_column width=\u00a0\u00bb1\/2&Prime;][\/vc_column][\/vc_row][\/vc_section][vc_section full_width=\u00a0\u00bbstretch_row\u00a0\u00bb el_class=\u00a0\u00bbptop-12 pbottom-10 wave-container_top navy\u00a0\u00bb el_id=\u00a0\u00bbcomment-devenir-partenaire\u00a0\u00bb][vc_row css_animation=\u00a0\u00bbbottom-to-top\u00a0\u00bb][vc_column][\/vc_column][\/vc_row][vc_row equal_height=\u00a0\u00bbyes\u00a0\u00bb css_animation=\u00a0\u00bbbottom-to-top\u00a0\u00bb][vc_column width=\u00a0\u00bb1\/2&Prime; offset=\u00a0\u00bbvc_col-lg-3 vc_col-xs-12&Prime;][\/vc_column][vc_column width=\u00a0\u00bb1\/2&Prime; offset=\u00a0\u00bbvc_col-lg-3 [&hellip;]<\/p>\n","protected":false},"author":2,"featured_media":87236,"parent":0,"menu_order":0,"comment_status":"closed","ping_status":"closed","template":"","meta":{"_acf_changed":false,"footnotes":""},"class_list":["post-87237","page","type-page","status-publish","has-post-thumbnail","hentry"],"acf":[],"aioseo_notices":[],"_links":{"self":[{"href":"https:\/\/www.bgccan.com\/fr\/wp-json\/wp\/v2\/pages\/87237","targetHints":{"allow":["GET"]}}],"collection":[{"href":"https:\/\/www.bgccan.com\/fr\/wp-json\/wp\/v2\/pages"}],"about":[{"href":"https:\/\/www.bgccan.com\/fr\/wp-json\/wp\/v2\/types\/page"}],"author":[{"embeddable":true,"href":"https:\/\/www.bgccan.com\/fr\/wp-json\/wp\/v2\/users\/2"}],"replies":[{"embeddable":true,"href":"https:\/\/www.bgccan.com\/fr\/wp-json\/wp\/v2\/comments?post=87237"}],"version-history":[{"count":0,"href":"https:\/\/www.bgccan.com\/fr\/wp-json\/wp\/v2\/pages\/87237\/revisions"}],"wp:featuredmedia":[{"embeddable":true,"href":"https:\/\/www.bgccan.com\/fr\/wp-json\/wp\/v2\/media\/87236"}],"wp:attachment":[{"href":"https:\/\/www.bgccan.com\/fr\/wp-json\/wp\/v2\/media?parent=87237"}],"curies":[{"name":"wp","href":"https:\/\/api.w.org\/{rel}","templated":true}]}}