{"id":87277,"date":"2026-02-25T17:25:22","date_gmt":"2026-02-25T17:25:22","guid":{"rendered":"https:\/\/www.bgccan.com\/?page_id=87277"},"modified":"2026-04-15T19:20:09","modified_gmt":"2026-04-15T19:20:09","slug":"a-propos-de-nous","status":"publish","type":"page","link":"https:\/\/www.bgccan.com\/fr\/a-propos-de-nous\/","title":{"rendered":"\u00c0 propos de nous"},"content":{"rendered":"<div class=\"wpb-content-wrapper\">[vc_section el_class=\u00a0\u00bbpbottom-14 ptop-8&Prime;][vc_row full_width=\u00a0\u00bbstretch_row\u00a0\u00bb css_animation=\u00a0\u00bbbottom-to-top\u00a0\u00bb][vc_column offset=\u00a0\u00bbvc_col-md-offset-2 vc_col-md-8&Prime;]<div class='content-block section-content wpb_text_column wpb_content_element align-center   txt-navy margin-0 pbottom-4 fw-bold fs-32 lh-140 ls_minus_32' ><div class='wpb_wrapper'><h2>Nous sommes la plus importante organisation au service de la jeunesse au Canada.<\/h2>\n<\/div><\/div>[\/vc_column][\/vc_row][vc_row full_width=\u00a0\u00bbstretch_row\u00a0\u00bb css_animation=\u00a0\u00bbnone\u00a0\u00bb][vc_column css_animation=\u00a0\u00bbbottom-to-top\u00a0\u00bb width=\u00a0\u00bb1\/2&Prime; offset=\u00a0\u00bbvc_col-md-offset-1 vc_col-md-5&Prime;][vc_single_image image=\u00a0\u00bb87274&Prime; img_size=\u00a0\u00bbfull\u00a0\u00bb css_animation=\u00a0\u00bbappear\u00a0\u00bb css=\u00a0\u00bb\u00a0\u00bb el_class=\u00a0\u00bbmargin-0 pbottom-1&Prime;]<h3 class='innermost-section-heading align-left txt-navy mbottom-0' >Mission<\/h3><div class='content-block section-content wpb_text_column wpb_content_element align-left    mtop-0 font_weight_default   ' ><div class='wpb_wrapper'><p>Offrir des lieux s\u00fbrs et aidants o\u00f9 les enfants et les ados peuvent explorer de nouvelles possibilit\u00e9s, surmonter les obstacles, tisser des liens positifs et acqu\u00e9rir de l\u2019assurance et des comp\u00e9tences qui leur serviront toute la vie.<\/p>\n<\/div><\/div>[\/vc_column][vc_column css_animation=\u00a0\u00bbbottom-to-top\u00a0\u00bb width=\u00a0\u00bb1\/2&Prime; offset=\u00a0\u00bbvc_col-md-5&Prime;][vc_single_image image=\u00a0\u00bb87275&Prime; img_size=\u00a0\u00bbfull\u00a0\u00bb css_animation=\u00a0\u00bbappear\u00a0\u00bb css=\u00a0\u00bb\u00a0\u00bb el_class=\u00a0\u00bbmargin-0 pbottom-1&Prime;]<h3 class='innermost-section-heading align-left txt-navy mbottom-0' >Vision<\/h3><div class='content-block section-content wpb_text_column wpb_content_element align-left    mtop-0 font_weight_default   ' ><div class='wpb_wrapper'><p>Que tous les enfants et les ados d\u00e9couvrent leurs r\u00eaves et les r\u00e9alisent, et deviennent plus tard des membres sains et actifs de la soci\u00e9t\u00e9.<\/p>\n<\/div><\/div>[\/vc_column][\/vc_row][vc_row full_width=\u00a0\u00bbstretch_row\u00a0\u00bb css_animation=\u00a0\u00bbbottom-to-top\u00a0\u00bb][vc_column css_animation=\u00a0\u00bbbottom-to-top\u00a0\u00bb offset=\u00a0\u00bbvc_col-md-offset-2 vc_col-md-8&Prime; css=\u00a0\u00bb.vc_custom_1763585658922{padding-top: 10% !important;padding-right: 10% !important;padding-left: 10% !important;border-radius: 20px !important;}\u00a0\u00bb]<div class='content-block section-content wpb_text_column wpb_content_element align-center   txt-navy margin-0 pbottom-2 fw-bold fs-32 lh-140 ls_minus_32' ><div class='wpb_wrapper'><h2>Chez BGC Canada, nous sommes l\u00e0 pour les jeunes et nous mettons les chances de leur c\u00f4t\u00e9.<\/h2>\n<\/div><\/div><div class='content-block section-content wpb_text_column wpb_content_element align-center    margin-0 pbottom-2 font_weight_default   ' ><div class='wpb_wrapper'><p>Offrant nos services \u00e0 160 000 jeunes dans plus de 600 collectivit\u00e9s au Canada, nous nous attaquons sans rel\u00e2che aux enjeux de plus en plus complexes auxquels font face les enfants et les ados d\u2019aujourd\u2019hui.<\/p>\n<\/div><\/div>[vc_btn title=\u00a0\u00bbAidez-nous \u00e0 changer les choses\u00a0\u00bb style=\u00a0\u00bbsolid\u00a0\u00bb color=\u00a0\u00bbdonate_btn\u00a0\u00bb align=\u00a0\u00bbcenter\u00a0\u00bb css_animation=\u00a0\u00bbnone\u00a0\u00bb css=\u00a0\u00bb.vc_custom_1776280807208{margin-right: 20% !important;margin-left: 20% !important;}\u00a0\u00bb link=\u00a0\u00bburl:https%3A%2F%2Fbgcdonors.donorsupport.co%2Fpage%2FFUNBFVAKRMA%3Fform%3Ddonatenow|title:Aidez-nous%20%C3%A0%20changer%20les%20choses|target:_blank\u00a0\u00bb el_class=\u00a0\u00bbmargin-0 text-default\u00a0\u00bb][\/vc_column][\/vc_row][\/vc_section][vc_section full_width=\u00a0\u00bbstretch_row\u00a0\u00bb css_animation=\u00a0\u00bbbottom-to-top\u00a0\u00bb css=\u00a0\u00bb.vc_custom_1760082952021{background-color: #F2F7FB !important;}\u00a0\u00bb el_class=\u00a0\u00bbptop-13 pbottom-13&Prime;][vc_row css_animation=\u00a0\u00bbbottom-to-top\u00a0\u00bb][vc_column]<div class='content-block section-content wpb_text_column wpb_content_element align-center   txt-navy margin-0 pbottom-5 fw-bold fs-32 lh-140 ls_minus_32' ><div class='wpb_wrapper'><p>Valeurs<\/p>\n<\/div><\/div>[\/vc_column][\/vc_row][vc_row equal_height=\u00a0\u00bbyes\u00a0\u00bb disable_element=\u00a0\u00bbyes\u00a0\u00bb][vc_column css_animation=\u00a0\u00bbappear\u00a0\u00bb width=\u00a0\u00bb1\/2&Prime; offset=\u00a0\u00bbvc_col-lg-1\/5 vc_col-md-4 vc_col-xs-12&Prime;]\n\t\t\t<div tabindex='0' class='wpb_content_element cta-icon size-lg align-left mb-0'>\n\t\t\t\t<div class='cta-icon__wrapper '>\n                    <div class=\"cta__img\"><img decoding=\"async\" src=\"https:\/\/www.bgccan.com\/wp-content\/uploads\/2025\/09\/hand-heart.png\" alt=\"Green line art icon of two hands coming together to form a heart shape on a light green circular background.\"><\/div>\n\t\t\t\t\t<div class='cta__content'>\t\n\t\t\t\t\t\t\n\t\t\t\t\t\t<h3 class='cta__title'>Sentiment d\u2019appartenance<\/h3>\n\t\t\t\t\t\t<div class='cta__desc'><p>Nous accueillons tout le monde dans des milieux s\u00fbrs et ouverts aux diff\u00e9rences, et bas\u00e9s sur le sentiment d\u2019appartenance et les relations positives.<\/p><\/div>\n\t\t\t\t\t\t\n\t\t\t\t\t<\/div>\n\t\t\t\t<\/div>\n\t\t\t<\/div>[\/vc_column][vc_column css_animation=\u00a0\u00bbappear\u00a0\u00bb width=\u00a0\u00bb1\/2&Prime; offset=\u00a0\u00bbvc_col-lg-1\/5 vc_col-md-4 vc_col-xs-12&Prime;]\n\t\t\t<div tabindex='0' class='wpb_content_element cta-icon size-lg align-left mb-0'>\n\t\t\t\t<div class='cta-icon__wrapper '>\n                    <div class=\"cta__img\"><img decoding=\"async\" src=\"https:\/\/www.bgccan.com\/wp-content\/uploads\/2025\/09\/holding-hands-1.png\" alt=\"Line art icon of four hands surrounding a red heart on a circular pink background.\"><\/div>\n\t\t\t\t\t<div class='cta__content'>\t\n\t\t\t\t\t\t\n\t\t\t\t\t\t<h3 class='cta__title'>Respect<\/h3>\n\t\t\t\t\t\t<div class='cta__desc'><p>Nous veillons \u00e0 ce que chaque personne (enfants, ados, familles, b\u00e9n\u00e9voles, membres du personnel) s\u2019exprime, soit valoris\u00e9e et re\u00e7oive un traitement \u00e9quitable.<\/p><\/div>\n\t\t\t\t\t\t\n\t\t\t\t\t<\/div>\n\t\t\t\t<\/div>\n\t\t\t<\/div>[\/vc_column][vc_column css_animation=\u00a0\u00bbappear\u00a0\u00bb width=\u00a0\u00bb1\/2&Prime; offset=\u00a0\u00bbvc_col-lg-1\/5 vc_col-md-4 vc_col-xs-12&Prime;]\n\t\t\t<div tabindex='0' class='wpb_content_element cta-icon size-lg align-left mb-0'>\n\t\t\t\t<div class='cta-icon__wrapper '>\n                    <div class=\"cta__img\"><img decoding=\"async\" src=\"https:\/\/www.bgccan.com\/wp-content\/uploads\/2025\/09\/two-people-high-five.png\" alt=\"Line art icon of two purple figures giving a high five.\"><\/div>\n\t\t\t\t\t<div class='cta__content'>\t\n\t\t\t\t\t\t\n\t\t\t\t\t\t<h3 class='cta__title'>Encouragement et soutien<\/h3>\n\t\t\t\t\t\t<div class='cta__desc'><p>Nous encourageons chaque enfant et chaque ado \u00e0 jouer, \u00e0 apprendre et \u00e0 grandir pour r\u00e9aliser ses r\u00eaves.<\/p><\/div>\n\t\t\t\t\t\t\n\t\t\t\t\t<\/div>\n\t\t\t\t<\/div>\n\t\t\t<\/div>[\/vc_column][vc_column css_animation=\u00a0\u00bbappear\u00a0\u00bb width=\u00a0\u00bb1\/2&Prime; offset=\u00a0\u00bbvc_col-lg-1\/5 vc_col-md-4 vc_col-xs-12&Prime;]\n\t\t\t<div tabindex='0' class='wpb_content_element cta-icon size-lg align-left mb-0'>\n\t\t\t\t<div class='cta-icon__wrapper '>\n                    <div class=\"cta__img\"><img decoding=\"async\" src=\"https:\/\/www.bgccan.com\/wp-content\/uploads\/2025\/09\/holding-hands.png\" alt=\"Line art icon of two hands clasped in a handshake.\"><\/div>\n\t\t\t\t\t<div class='cta__content'>\t\n\t\t\t\t\t\t\n\t\t\t\t\t\t<h3 class='cta__title'>Collaboration<\/h3>\n\t\t\t\t\t\t<div class='cta__desc'><p>Nous travaillons avec des jeunes, des familles, des b\u00e9n\u00e9voles, des collectivit\u00e9s, des partenaires et le gouvernement.<\/p><\/div>\n\t\t\t\t\t\t\n\t\t\t\t\t<\/div>\n\t\t\t\t<\/div>\n\t\t\t<\/div>[\/vc_column][vc_column css_animation=\u00a0\u00bbappear\u00a0\u00bb width=\u00a0\u00bb1\/2&Prime; offset=\u00a0\u00bbvc_col-lg-1\/5 vc_col-md-4 vc_col-xs-12&Prime;]\n\t\t\t<div tabindex='0' class='wpb_content_element cta-icon size-lg align-left mb-0'>\n\t\t\t\t<div class='cta-icon__wrapper '>\n                    <div class=\"cta__img\"><img decoding=\"async\" src=\"https:\/\/www.bgccan.com\/wp-content\/uploads\/2025\/09\/speaking-out.png\" alt=\"An icon of a person holding a megaphone, symbolizing advocacy or communication.\"><\/div>\n\t\t\t\t\t<div class='cta__content'>\t\n\t\t\t\t\t\t\n\t\t\t\t\t\t<h3 class='cta__title'>Expression<\/h3>\n\t\t\t\t\t\t<div class='cta__desc'><p>Nous \u00e9levons notre voix pour d\u00e9fendre les int\u00e9r\u00eats des jeunes et des familles en vue de rendre notre monde meilleur.<\/p><\/div>\n\t\t\t\t\t\t\n\t\t\t\t\t<\/div>\n\t\t\t\t<\/div>\n\t\t\t<\/div>[\/vc_column][\/vc_row][vc_row equal_height=\u00a0\u00bbyes\u00a0\u00bb][vc_column css_animation=\u00a0\u00bbappear\u00a0\u00bb width=\u00a0\u00bb1\/2&Prime; offset=\u00a0\u00bbvc_col-lg-1\/5 vc_col-md-4 vc_col-xs-12&Prime;]\n\t\t\t<div tabindex='0' class='wpb_content_element cta-icon size-lg align-center mb-0'>\n\t\t\t\t<div class='cta-icon__wrapper '>\n                    <div class=\"cta__img\"><img decoding=\"async\" src=\"https:\/\/www.bgccan.com\/wp-content\/uploads\/2025\/09\/hand-heart.png\" alt=\"Green line art icon of two hands coming together to form a heart shape on a light green circular background.\"><\/div>\n\t\t\t\t\t<div class='cta__content'>\t\n\t\t\t\t\t\t\n\t\t\t\t\t\t<h3 class='cta__title'>Sentiment d\u2019appartenance<\/h3>\n\t\t\t\t\t\t<div class='cta__desc'><p>Nous accueillons tout le monde dans des milieux s\u00fbrs et ouverts aux diff\u00e9rences, et bas\u00e9s sur le sentiment d\u2019appartenance et les relations positives.<\/p><\/div>\n\t\t\t\t\t\t\n\t\t\t\t\t<\/div>\n\t\t\t\t<\/div>\n\t\t\t<\/div>[\/vc_column][vc_column css_animation=\u00a0\u00bbappear\u00a0\u00bb width=\u00a0\u00bb1\/2&Prime; offset=\u00a0\u00bbvc_col-lg-1\/5 vc_col-md-4 vc_col-xs-12&Prime;]\n\t\t\t<div tabindex='0' class='wpb_content_element cta-icon size-lg align-center mb-0'>\n\t\t\t\t<div class='cta-icon__wrapper '>\n                    <div class=\"cta__img\"><img decoding=\"async\" src=\"https:\/\/www.bgccan.com\/wp-content\/uploads\/2025\/09\/holding-hands-1.png\" alt=\"Line art icon of four hands surrounding a red heart on a circular pink background.\"><\/div>\n\t\t\t\t\t<div class='cta__content'>\t\n\t\t\t\t\t\t\n\t\t\t\t\t\t<h3 class='cta__title'>Respect<\/h3>\n\t\t\t\t\t\t<div class='cta__desc'><p>Nous veillons \u00e0 ce que chaque personne (enfants, ados, familles, b\u00e9n\u00e9voles, membres du personnel) s\u2019exprime, soit valoris\u00e9e et re\u00e7oive un traitement \u00e9quitable.<\/p><\/div>\n\t\t\t\t\t\t\n\t\t\t\t\t<\/div>\n\t\t\t\t<\/div>\n\t\t\t<\/div>[\/vc_column][vc_column css_animation=\u00a0\u00bbappear\u00a0\u00bb width=\u00a0\u00bb1\/2&Prime; offset=\u00a0\u00bbvc_col-lg-1\/5 vc_col-md-4 vc_col-xs-12&Prime;]\n\t\t\t<div tabindex='0' class='wpb_content_element cta-icon size-lg align-center mb-0'>\n\t\t\t\t<div class='cta-icon__wrapper '>\n                    <div class=\"cta__img\"><img decoding=\"async\" src=\"https:\/\/www.bgccan.com\/wp-content\/uploads\/2025\/09\/two-people-high-five.png\" alt=\"Line art icon of two purple figures giving a high five.\"><\/div>\n\t\t\t\t\t<div class='cta__content'>\t\n\t\t\t\t\t\t\n\t\t\t\t\t\t<h3 class='cta__title'>Encouragement et soutien<\/h3>\n\t\t\t\t\t\t<div class='cta__desc'><p>Nous encourageons chaque enfant et chaque ado \u00e0 jouer, \u00e0 apprendre et \u00e0 grandir pour r\u00e9aliser ses r\u00eaves.<\/p><\/div>\n\t\t\t\t\t\t\n\t\t\t\t\t<\/div>\n\t\t\t\t<\/div>\n\t\t\t<\/div>[\/vc_column][vc_column css_animation=\u00a0\u00bbappear\u00a0\u00bb width=\u00a0\u00bb1\/2&Prime; offset=\u00a0\u00bbvc_col-lg-1\/5 vc_col-md-4 vc_col-xs-12&Prime;]\n\t\t\t<div tabindex='0' class='wpb_content_element cta-icon size-lg align-center mb-0'>\n\t\t\t\t<div class='cta-icon__wrapper '>\n                    <div class=\"cta__img\"><img decoding=\"async\" src=\"https:\/\/www.bgccan.com\/wp-content\/uploads\/2025\/09\/holding-hands.png\" alt=\"Line art icon of two hands clasped in a handshake.\"><\/div>\n\t\t\t\t\t<div class='cta__content'>\t\n\t\t\t\t\t\t\n\t\t\t\t\t\t<h3 class='cta__title'>Collaboration<\/h3>\n\t\t\t\t\t\t<div class='cta__desc'><p>Nous travaillons avec des jeunes, des familles, des b\u00e9n\u00e9voles, des collectivit\u00e9s, des partenaires et le gouvernement.<\/p><\/div>\n\t\t\t\t\t\t\n\t\t\t\t\t<\/div>\n\t\t\t\t<\/div>\n\t\t\t<\/div>[\/vc_column][vc_column css_animation=\u00a0\u00bbappear\u00a0\u00bb width=\u00a0\u00bb1\/2&Prime; offset=\u00a0\u00bbvc_col-lg-1\/5 vc_col-md-4 vc_col-xs-12&Prime;]\n\t\t\t<div tabindex='0' class='wpb_content_element cta-icon size-lg align-center mb-0'>\n\t\t\t\t<div class='cta-icon__wrapper '>\n                    <div class=\"cta__img\"><img decoding=\"async\" src=\"https:\/\/www.bgccan.com\/wp-content\/uploads\/2025\/09\/speaking-out.png\" alt=\"An icon of a person holding a megaphone, symbolizing advocacy or communication.\"><\/div>\n\t\t\t\t\t<div class='cta__content'>\t\n\t\t\t\t\t\t\n\t\t\t\t\t\t<h3 class='cta__title'>Expression<\/h3>\n\t\t\t\t\t\t<div class='cta__desc'><p>Nous \u00e9levons notre voix pour d\u00e9fendre les int\u00e9r\u00eats des jeunes et des familles en vue de rendre notre monde meilleur.<\/p><\/div>\n\t\t\t\t\t\t\n\t\t\t\t\t<\/div>\n\t\t\t\t<\/div>\n\t\t\t<\/div>[\/vc_column][\/vc_row][\/vc_section][vc_section el_class=\u00a0\u00bbptop-13 pbottom-13&Prime;][vc_row full_width=\u00a0\u00bbstretch_row\u00a0\u00bb][vc_column css_animation=\u00a0\u00bbbottom-to-top\u00a0\u00bb]\n\t\t\t\t<a href='https:\/\/www.bgccan.com\/fr\/a-propos-de-nous\/notre-histoire\/' class='wpb_content_element cta cta__card lg  align-left mt-0 mb-0 cta-group_top' target='' rel=''>\n\t\t\t\t\t<div class='cta__wrapper bg_pale_blue-1'>\n\t\t\t\t\t\t<div class=\"cta__img\"><img decoding=\"async\" src=\"https:\/\/www.bgccan.com\/wp-content\/uploads\/2026\/01\/CTA-Creating-opportunities-since-1900.webp\" alt=\"A vintage black and white photo of smiling children competing in an outdoor potato sack race.\"><\/div>\n\t\t\t\t\t\t<div class='cta__content'>\n\t\t\t\t\t\t\t<div class='cta__top'>\n\t\t\t\t\t\t\t\t\n\t\t\t\t\t\t\t\t<h3 class='cta__head'>Nous mettons les chances de leur c\u00f4t\u00e9 depuis 1900<\/h3>\n\t\t\t\t\t\t\t<\/div>\n\t\t\t\t\t\t\t<div class='cta__bot'>\n\t\t\t\t\t\t\t\t<div class='cta__desc'><p>Nous soutenons des communaut\u00e9s partout au pays depuis plus de 125 ans. En reconnaissant ce riche h\u00e9ritage, nous rendons hommage aux g\u00e9n\u00e9rations de jeunes dont la vie a \u00e9t\u00e9 fa\u00e7onn\u00e9e par les programmes, les amiti\u00e9s et les opportunit\u00e9s offertes par le personnel et les b\u00e9n\u00e9voles des Clubs BGC.<\/p>\n<\/div>\n\t\t\t\t\t\t\t\t<div class='cta__link'>\n\t\t\t\t\t\t\t\t\tD\u00e9couvrez notre histoire\n\t\t\t\t\t\t\t\t\t<i class=\"fa-solid fa-arrow-right\"><\/i>\n\t\t\t\t\t\t\t\t<\/div>\n\t\t\t\t\t\t\t<\/div>\n\t\t\t\t\t\t<\/div>\n\t\t\t\t\t<\/div>\n\t\t\t\t<\/a>\n\t\t\t\t<a href='https:\/\/www.bgccan.com\/fr\/a-propos-de-nous\/notre-equipe\/' class='wpb_content_element cta cta__card lg  align-right mt-0 mb-0 cta-group_bottom' target='' rel=''>\n\t\t\t\t\t<div class='cta__wrapper bg_teal-25'>\n\t\t\t\t\t\t<div class=\"cta__img\"><img decoding=\"async\" src=\"https:\/\/www.bgccan.com\/wp-content\/uploads\/2026\/01\/CTA-We-support-BGC-Clubs-so-they-can-support-their-communities.webp\" alt=\"Two women embracing at a BGC event, standing in front of an informational banner.\"><\/div>\n\t\t\t\t\t\t<div class='cta__content'>\n\t\t\t\t\t\t\t<div class='cta__top'>\n\t\t\t\t\t\t\t\t\n\t\t\t\t\t\t\t\t<h3 class='cta__head'>Nous soutenons les Clubs BGC pour qu\u2019ils puissent soutenir leurs collectivit\u00e9s<\/h3>\n\t\t\t\t\t\t\t<\/div>\n\t\t\t\t\t\t\t<div class='cta__bot'>\n\t\t\t\t\t\t\t\t<div class='cta__desc'><p>Notre \u00e9quipe fournit un financement essentiel aux Clubs dans le cadre d\u2019un syst\u00e8me de subvention national, ce qui leur permet d\u2019offrir des programmes efficaces et d\u2019assurer le suivi des r\u00e9sultats. Notre Conseil national des jeunes et nos Conseill\u00e8res autochtones contribuent aussi \u00e0 l\u2019orientation de notre travail.<\/p>\n<\/div>\n\t\t\t\t\t\t\t\t<div class='cta__link'>\n\t\t\t\t\t\t\t\t\tD\u00e9couvrez les gens derri\u00e8re BGC Canada\n\t\t\t\t\t\t\t\t\t<i class=\"fa-solid fa-arrow-right\"><\/i>\n\t\t\t\t\t\t\t\t<\/div>\n\t\t\t\t\t\t\t<\/div>\n\t\t\t\t\t\t<\/div>\n\t\t\t\t\t<\/div>\n\t\t\t\t<\/a>[\/vc_column][\/vc_row][\/vc_section][vc_section el_class=\u00a0\u00bbpbottom-13&Prime;][vc_row full_width=\u00a0\u00bbstretch_row\u00a0\u00bb][vc_column css_animation=\u00a0\u00bbbottom-to-top\u00a0\u00bb offset=\u00a0\u00bbvc_col-md-offset-2 vc_col-md-8&Prime;]<div class='content-block section-content wpb_text_column wpb_content_element align-center   txt-navy margin-0 pbottom-2 fw-bold fs-32 lh-140 ls_minus_32' ><div class='wpb_wrapper'><h2>Nos initiatives qui c\u00e9l\u00e8brent l\u2019impact des Clubs<\/h2>\n<\/div><\/div><div class='content-block section-content wpb_text_column wpb_content_element align-center   txt-dark-grey margin-0 pbottom-6 font_weight_default fs-18 lh-160 ' ><div class='wpb_wrapper'><p>Nos initiatives comme Jeune leader de l\u2019ann\u00e9e et le Temple de la renomm\u00e9e BGC, ainsi que notre journ\u00e9e de sensibilisation nationale, le Jour des Clubs BGC, font briller les personnes et les communaut\u00e9s qui croient en l\u2019impact transformateur des Clubs.<\/p>\n<\/div><\/div>[\/vc_column][\/vc_row][vc_row full_width=\u00a0\u00bbstretch_row\u00a0\u00bb equal_height=\u00a0\u00bbyes\u00a0\u00bb][vc_column css_animation=\u00a0\u00bbbottom-to-top\u00a0\u00bb width=\u00a0\u00bb1\/2&Prime; offset=\u00a0\u00bbvc_col-lg-4 vc_col-md-4 vc_col-xs-12&Prime;]\n\t\t\t\t<a href='https:\/\/www.bgccan.com\/fr\/a-propos-de-nous\/jeune-leader-de-lannee\/' class='wpb_content_element cta cta__card md  align-default ' target='' rel=''>\n\t\t\t\t\t<div class='cta__wrapper bg_navy'>\n\t\t\t\t\t\t<div class=\"cta__img\"><img decoding=\"async\" src=\"https:\/\/www.bgccan.com\/wp-content\/uploads\/2026\/01\/CTA-A-day-to-celebrate-and-raise-awareness-of-BGC-Clubs_v2-scaled.webp\" alt=\"Five smiling young adults pose together with their arms around each other in front of a blue BGC branded backdrop.\"><\/div>\n\t\t\t\t\t\t<div class='cta__content'>\n\t\t\t\t\t\t\t<div class='cta__top'>\n\t\t\t\t\t\t\t\t<span class='cta__eyebrow'>Jeune leader de l\u2019ann\u00e9e<\/span>\n\t\t\t\t\t\t\t\t<h3 class='cta__head'>C\u00e9l\u00e9brer nos jeunes leaders de partout au Canada<\/h3>\n\t\t\t\t\t\t\t<\/div>\n\t\t\t\t\t\t\t<div class='cta__bot'>\n\t\t\t\t\t\t\t\t<div class='cta__desc'><p>Une initiative nationale de BGC Canada qui vise \u00e0 c\u00e9l\u00e9brer d\u2019exceptionnelles jeunes personnes et \u00e0 souligner leur leadership, leur engagement et leurs r\u00e9alisations remarquables au sein de leur Club et de leur collectivit\u00e9.<\/p>\n<\/div>\n\t\t\t\t\t\t\t\t<div class='cta__link'>\n\t\t\t\t\t\t\t\t\tEn savoir plus\n\t\t\t\t\t\t\t\t\t<i class=\"fa-solid fa-arrow-right\"><\/i>\n\t\t\t\t\t\t\t\t<\/div>\n\t\t\t\t\t\t\t<\/div>\n\t\t\t\t\t\t<\/div>\n\t\t\t\t\t<\/div>\n\t\t\t\t<\/a>[\/vc_column][vc_column css_animation=\u00a0\u00bbslideInUp\u00a0\u00bb width=\u00a0\u00bb1\/2&Prime; offset=\u00a0\u00bbvc_col-lg-4 vc_col-md-4 vc_col-xs-12&Prime;]\n\t\t\t\t<a href='https:\/\/www.bgccan.com\/fr\/a-propos-de-nous\/temple-de-la-renommee\/' class='wpb_content_element cta cta__card md  align-default ' target='' rel=''>\n\t\t\t\t\t<div class='cta__wrapper bg_navy'>\n\t\t\t\t\t\t<div class=\"cta__img\"><img decoding=\"async\" src=\"https:\/\/www.bgccan.com\/wp-content\/uploads\/2026\/01\/CTA-Former-BGC-Club-kids-inspire-the-next-generation_v2-scaled.webp\" alt=\"A smiling young boy triumphantly lifts a homemade tinfoil Stanley Cup trophy above his head.\"><\/div>\n\t\t\t\t\t\t<div class='cta__content'>\n\t\t\t\t\t\t\t<div class='cta__top'>\n\t\t\t\t\t\t\t\t<span class='cta__eyebrow'>Temple de la renomm\u00e9e BGC<\/span>\n\t\t\t\t\t\t\t\t<h3 class='cta__head'>Les g\u00e9n\u00e9rations d\u2019hier inspirent les membres d\u2019aujourd\u2019hui<\/h3>\n\t\t\t\t\t\t\t<\/div>\n\t\t\t\t\t\t\t<div class='cta__bot'>\n\t\t\t\t\t\t\t\t<div class='cta__desc'><p>Les personnes intronis\u00e9es ont toutes \u00e9t\u00e9 membres de Clubs BGC lorsqu\u2019elles \u00e9taient plus jeunes. Elles incarnent le changement positif et sont devenues des leaders et des mod\u00e8les dans leurs communaut\u00e9s respectives.<\/p>\n<\/div>\n\t\t\t\t\t\t\t\t<div class='cta__link'>\n\t\t\t\t\t\t\t\t\tEn savoir plus\n\t\t\t\t\t\t\t\t\t<i class=\"fa-solid fa-arrow-right\"><\/i>\n\t\t\t\t\t\t\t\t<\/div>\n\t\t\t\t\t\t\t<\/div>\n\t\t\t\t\t\t<\/div>\n\t\t\t\t\t<\/div>\n\t\t\t\t<\/a>[\/vc_column][vc_column css_animation=\u00a0\u00bbfadeInUp\u00a0\u00bb width=\u00a0\u00bb1\/2&Prime; offset=\u00a0\u00bbvc_col-lg-4 vc_col-md-4 vc_col-xs-12&Prime;]\n\t\t\t\t<a href='https:\/\/www.bgccan.com\/fr\/a-propos-de-nous\/jour-des-clubs-bgc\/' class='wpb_content_element cta cta__card md  align-default ' target='' rel=''>\n\t\t\t\t\t<div class='cta__wrapper bg_navy'>\n\t\t\t\t\t\t<div class=\"cta__img\"><img decoding=\"async\" src=\"https:\/\/www.bgccan.com\/wp-content\/uploads\/2026\/01\/CTA-A-day-to-celebrate-and-raise-awareness-of-BGC-Clubs-scaled.webp\" alt=\"Young girl blowing on a dandelion seed head outdoors.\"><\/div>\n\t\t\t\t\t\t<div class='cta__content'>\n\t\t\t\t\t\t\t<div class='cta__top'>\n\t\t\t\t\t\t\t\t<span class='cta__eyebrow'>Jour des Clubs BGC<\/span>\n\t\t\t\t\t\t\t\t<h3 class='cta__head'>Une journ\u00e9e visant \u00e0 c\u00e9l\u00e9brer l\u2019impact des Clubs BGC<\/h3>\n\t\t\t\t\t\t\t<\/div>\n\t\t\t\t\t\t\t<div class='cta__bot'>\n\t\t\t\t\t\t\t\t<div class='cta__desc'><p>Notre journ\u00e9e annuelle de sensibilisation nationale met en lumi\u00e8re le travail incroyable des Clubs de tout le pays, qui continuent d\u2019avoir des effets positifs innombrables sur la vie des jeunes.<\/p>\n<\/div>\n\t\t\t\t\t\t\t\t<div class='cta__link'>\n\t\t\t\t\t\t\t\t\tEn savoir plus\n\t\t\t\t\t\t\t\t\t<i class=\"fa-solid fa-arrow-right\"><\/i>\n\t\t\t\t\t\t\t\t<\/div>\n\t\t\t\t\t\t\t<\/div>\n\t\t\t\t\t\t<\/div>\n\t\t\t\t\t<\/div>\n\t\t\t\t<\/a>[\/vc_column][\/vc_row][\/vc_section]\n<\/div>","protected":false},"excerpt":{"rendered":"<p>[vc_section el_class=\u00a0\u00bbpbottom-14 ptop-8&Prime;][vc_row full_width=\u00a0\u00bbstretch_row\u00a0\u00bb css_animation=\u00a0\u00bbbottom-to-top\u00a0\u00bb][vc_column offset=\u00a0\u00bbvc_col-md-offset-2 vc_col-md-8&Prime;][\/vc_column][\/vc_row][vc_row full_width=\u00a0\u00bbstretch_row\u00a0\u00bb css_animation=\u00a0\u00bbnone\u00a0\u00bb][vc_column css_animation=\u00a0\u00bbbottom-to-top\u00a0\u00bb width=\u00a0\u00bb1\/2&Prime; offset=\u00a0\u00bbvc_col-md-offset-1 vc_col-md-5&Prime;][vc_single_image image=\u00a0\u00bb87274&Prime; img_size=\u00a0\u00bbfull\u00a0\u00bb css_animation=\u00a0\u00bbappear\u00a0\u00bb css=\u00a0\u00bb\u00a0\u00bb el_class=\u00a0\u00bbmargin-0 pbottom-1&Prime;][\/vc_column][vc_column css_animation=\u00a0\u00bbbottom-to-top\u00a0\u00bb width=\u00a0\u00bb1\/2&Prime; offset=\u00a0\u00bbvc_col-md-5&Prime;][vc_single_image image=\u00a0\u00bb87275&Prime; img_size=\u00a0\u00bbfull\u00a0\u00bb css_animation=\u00a0\u00bbappear\u00a0\u00bb css=\u00a0\u00bb\u00a0\u00bb el_class=\u00a0\u00bbmargin-0 pbottom-1&Prime;][\/vc_column][\/vc_row][vc_row full_width=\u00a0\u00bbstretch_row\u00a0\u00bb css_animation=\u00a0\u00bbbottom-to-top\u00a0\u00bb][vc_column css_animation=\u00a0\u00bbbottom-to-top\u00a0\u00bb offset=\u00a0\u00bbvc_col-md-offset-2 vc_col-md-8&Prime; css=\u00a0\u00bb.vc_custom_1763585658922{padding-top: 10% !important;padding-right: 10% !important;padding-left: 10% !important;border-radius: 20px !important;}\u00a0\u00bb][vc_btn title=\u00a0\u00bbAidez-nous \u00e0 changer les choses\u00a0\u00bb style=\u00a0\u00bbsolid\u00a0\u00bb color=\u00a0\u00bbdonate_btn\u00a0\u00bb align=\u00a0\u00bbcenter\u00a0\u00bb css_animation=\u00a0\u00bbnone\u00a0\u00bb css=\u00a0\u00bb.vc_custom_1776280807208{margin-right: 20% !important;margin-left: 20% [&hellip;]<\/p>\n","protected":false},"author":2,"featured_media":87276,"parent":0,"menu_order":0,"comment_status":"closed","ping_status":"closed","template":"page-templates\/page-general.php","meta":{"_acf_changed":false,"footnotes":""},"class_list":["post-87277","page","type-page","status-publish","has-post-thumbnail","hentry"],"acf":[],"aioseo_notices":[],"_links":{"self":[{"href":"https:\/\/www.bgccan.com\/fr\/wp-json\/wp\/v2\/pages\/87277","targetHints":{"allow":["GET"]}}],"collection":[{"href":"https:\/\/www.bgccan.com\/fr\/wp-json\/wp\/v2\/pages"}],"about":[{"href":"https:\/\/www.bgccan.com\/fr\/wp-json\/wp\/v2\/types\/page"}],"author":[{"embeddable":true,"href":"https:\/\/www.bgccan.com\/fr\/wp-json\/wp\/v2\/users\/2"}],"replies":[{"embeddable":true,"href":"https:\/\/www.bgccan.com\/fr\/wp-json\/wp\/v2\/comments?post=87277"}],"version-history":[{"count":1,"href":"https:\/\/www.bgccan.com\/fr\/wp-json\/wp\/v2\/pages\/87277\/revisions"}],"predecessor-version":[{"id":90039,"href":"https:\/\/www.bgccan.com\/fr\/wp-json\/wp\/v2\/pages\/87277\/revisions\/90039"}],"wp:featuredmedia":[{"embeddable":true,"href":"https:\/\/www.bgccan.com\/fr\/wp-json\/wp\/v2\/media\/87276"}],"wp:attachment":[{"href":"https:\/\/www.bgccan.com\/fr\/wp-json\/wp\/v2\/media?parent=87277"}],"curies":[{"name":"wp","href":"https:\/\/api.w.org\/{rel}","templated":true}]}}