{"id":87309,"date":"2026-02-25T18:38:39","date_gmt":"2026-02-25T18:38:39","guid":{"rendered":"https:\/\/www.bgccan.com\/?page_id=87309"},"modified":"2026-04-06T18:48:43","modified_gmt":"2026-04-06T18:48:43","slug":"jour-des-clubs-bgc","status":"publish","type":"page","link":"https:\/\/www.bgccan.com\/fr\/a-propos-de-nous\/jour-des-clubs-bgc\/","title":{"rendered":"Jour des Clubs BGC"},"content":{"rendered":"<div class=\"wpb-content-wrapper\">[vc_section css_animation=\u00a0\u00bbbottom-to-top\u00a0\u00bb el_id=\u00a0\u00bbcta-jacks-visible\u00a0\u00bb][vc_row full_width=\u00a0\u00bbstretch_row_content_no_spaces\u00a0\u00bb][vc_column]\n\t\t\t\t<div tabindex='0' class='wpb_content_element cta cta__card lg-photo  align-default '>\n\t\t\t\t\t<div class='cta__wrapper'>\n\t\t\t\t\t\t<div class='cta__content'>\n\t\t\t\t\t\t\t<div class='cta__top'>\n\t\t\t\t\t\t\t\t\n\t\t\t\t\t\t\t\t<h3 class='cta__head'>Une journ\u00e9e visant \u00e0 c\u00e9l\u00e9brer l\u2019impact des Clubs BGC.<\/h3>\n\t\t\t\t\t\t\t<\/div>\n\t\t\t\t\t\t\t<div class='cta__bot'>\n\t\t\t\t\t\t\t\t<div class='cta__desc'><p><span style=\"font-weight: 400;\">Depuis plus de 125 ans, les Clubs BGC cr\u00e9ent des possibilit\u00e9s pour des millions d\u2019enfants et d\u2019ados au pays. Notre personnel et nos b\u00e9n\u00e9voles ont re\u00e7u la formation n\u00e9cessaire pour offrir des programmes et des services qui donnent lieu \u00e0 des r\u00e9sultats positifs pour les jeunes. Le Jour des Clubs BGC, notre journ\u00e9e nationale de sensibilisation, vise \u00e0 c\u00e9l\u00e9brer l\u2019impact durable des Clubs BGC.<\/span><\/p>\n<\/div>\n\t\t\t\t\t\t\t\t<div class='cta__link'>\n\t\t\t\t\t\t\t\t\t\n\t\t\t\t\t\t\t\t\t\n\t\t\t\t\t\t\t\t<\/div>\n\t\t\t\t\t\t\t<\/div>\n\t\t\t\t\t\t<\/div>\n\t\t\t\t\t\t<div class=\"cta__img\"><img decoding=\"async\" src=\"https:\/\/www.bgccan.com\/wp-content\/uploads\/2026\/02\/lady-and-girl-v1.jpg\" alt=\"FR TEST 123\"><\/div>\n\t\t\t\t\t<\/div>\n\t\t\t\t<\/div>[\/vc_column][\/vc_row][\/vc_section][vc_section disable_element=\u00a0\u00bbyes\u00a0\u00bb css=\u00a0\u00bb.vc_custom_1773928933226{background-color: #F2F7FB00 !important;}\u00a0\u00bb el_class=\u00a0\u00bbptop-13 pbottom-10&Prime;][vc_row full_width=\u00a0\u00bbstretch_row\u00a0\u00bb equal_height=\u00a0\u00bbyes\u00a0\u00bb rtl_reverse=\u00a0\u00bbyes\u00a0\u00bb content_placement=\u00a0\u00bbmiddle\u00a0\u00bb css_animation=\u00a0\u00bbbottom-to-top\u00a0\u00bb][vc_column width=\u00a0\u00bb1\/2&Prime; offset=\u00a0\u00bbvc_col-xs-12&Prime;][vc_video link=\u00a0\u00bbhttps:\/\/vimeo.com\/1093101410?share=copy&amp;fl=sv&amp;fe=ci\u00a0\u00bb align=\u00a0\u00bbcenter\u00a0\u00bb css=\u00a0\u00bb.vc_custom_1768491555174{margin-bottom: 0px !important;}\u00a0\u00bb][\/vc_column][vc_column width=\u00a0\u00bb1\/2&Prime; offset=\u00a0\u00bbvc_col-lg-offset-1 vc_col-lg-5 vc_col-xs-12&Prime;][vc_single_image image=\u00a0\u00bb87303&Prime; img_size=\u00a0\u00bbfull\u00a0\u00bb css_animation=\u00a0\u00bbflipInX\u00a0\u00bb css=\u00a0\u00bb\u00a0\u00bb]<div class='content-block section-content wpb_text_column wpb_content_element align-left   txt-dark-grey  fw-bold fs-32 lh-140 ls_minus_32' ><div class='wpb_wrapper'><h2>S\u00e9curit\u00e9, <mark class=\"text-green\">plaisir<\/mark> et bienveillance.<\/h2>\n<\/div><\/div><div class='content-block section-content wpb_text_column wpb_content_element align-left   txt-dark-grey mbottom-0 pbottom-2 font_weight_default fs-16 lh-160 ls_minus_20' ><div class='wpb_wrapper'><p><span style=\"font-weight: 400;\">Cette ann\u00e9e, pour souligner notre 125<\/span><span style=\"font-weight: 400;\">e<\/span><span style=\"font-weight: 400;\"> anniversaire, nous avons demand\u00e9 aux jeunes membres, aux b\u00e9n\u00e9voles et au personnel des Clubs de d\u00e9crire leur Club BGC en un mot : leurs r\u00e9ponses ont \u00e9t\u00e9 \u00e0 la hauteur de nos esp\u00e9rances!<\/span><\/p>\n<\/div><\/div>[\/vc_column][\/vc_row][\/vc_section][vc_section full_width=\u00a0\u00bbstretch_row\u00a0\u00bb css=\u00a0\u00bb.vc_custom_1773928942656{padding-bottom: 20px !important;}\u00a0\u00bb el_class=\u00a0\u00bbwave-container pale-blue ptop-8&Prime;][vc_row full_width=\u00a0\u00bbstretch_row\u00a0\u00bb equal_height=\u00a0\u00bbyes\u00a0\u00bb content_placement=\u00a0\u00bbmiddle\u00a0\u00bb css_animation=\u00a0\u00bbbottom-to-top\u00a0\u00bb][vc_column width=\u00a0\u00bb1\/2&Prime;][vc_single_image image=\u00a0\u00bb87304&Prime; img_size=\u00a0\u00bbfull\u00a0\u00bb alignment=\u00a0\u00bbcenter\u00a0\u00bb css=\u00a0\u00bb\u00a0\u00bb][\/vc_column][vc_column width=\u00a0\u00bb1\/2&Prime; offset=\u00a0\u00bbvc_col-lg-offset-1 vc_col-lg-5&Prime;][vc_single_image image=\u00a0\u00bb87305&Prime; img_size=\u00a0\u00bbfull\u00a0\u00bb css_animation=\u00a0\u00bbflipInX\u00a0\u00bb css=\u00a0\u00bb\u00a0\u00bb]<div class='content-block section-content wpb_text_column wpb_content_element align-left   txt-navy  fw-bold fs-32 lh-140 ls_minus_32' ><div class='wpb_wrapper'><h2>Le Jour des Clubs BGC <mark class=\"text-green\">prend de l\u2019ampleur<\/mark> chaque ann\u00e9e<\/h2>\n<\/div><\/div><div class='content-block section-content wpb_text_column wpb_content_element align-left   txt-dark-grey  font_weight_default fs-16 lh-160 ' ><div class='wpb_wrapper'><p><span style=\"font-weight: 400;\">Barbecues, carnavals, jeux de toutes sortes : les Clubs BGC adorent c\u00e9l\u00e9brer leur impact chaque ann\u00e9e! En 2025, nous avons eu droit \u00e0 16 levers du drapeau, 4 proclamations officielles et 42 sites embl\u00e9matiques illumin\u00e9s de vert, la couleur de BGC!<\/span><\/p>\n<\/div><\/div>[vc_btn title=\u00a0\u00bbConsultez la carte des activit\u00e9s de 2025&Prime; style=\u00a0\u00bbtext_link_large\u00a0\u00bb css=\u00a0\u00bb\u00a0\u00bb link=\u00a0\u00bburl:%23carte-du-jour-des-clubs|title:Check%20out%20our%202025%20activation%20map\u00a0\u00bb][\/vc_column][\/vc_row][vc_row css_animation=\u00a0\u00bbbottom-to-top\u00a0\u00bb css=\u00a0\u00bb.vc_custom_1763150836554{margin-bottom: 25px !important;}\u00a0\u00bb][vc_column][vc_single_image image=\u00a0\u00bb87306&Prime; img_size=\u00a0\u00bbfull\u00a0\u00bb alignment=\u00a0\u00bbcenter\u00a0\u00bb css=\u00a0\u00bb\u00a0\u00bb el_class=\u00a0\u00bbpbottom-5&Prime;][\/vc_column][\/vc_row][vc_row full_width=\u00a0\u00bbstretch_row_content_no_spaces\u00a0\u00bb css_animation=\u00a0\u00bbfadeIn\u00a0\u00bb el_id=\u00a0\u00bbcarte-du-jour-des-clubs\u00a0\u00bb][vc_column]<div class='content-block section-content wpb_text_column wpb_content_element align-left     font_weight_default   ' ><div class='wpb_wrapper'>\n<script>\n\tvar icons_url = \"https:\/\/fycapp2025.innermostdigital.com\/images\/icons\/\",imgs_url = \"https:\/\/fycapp2025.innermostdigital.com\/images\/club\/\",plugin_url = \"https:\/\/www.bgccan.com\/wp-content\/plugins\/find-your-club\/\",login_url = \"https:\/\/www.bgccan.com\/fr\/auth\/?redirect_to=https%3A%2F%2Fwww.bgccan.com%2Ffr%2Fa-propos-de-nous%2Fjour-des-clubs-bgc%2F\";\n\tvar pIcon = \"\";\n<\/script>\n\n<div id=\"divMapView\" class=\"fyc-embed-map\">\n\t<div id=\"unplug-map\" style=\"width: 100%; height: 800px;\"><\/div>\n<\/div>\n\n<div id=\"divUnplugSidePanel\" style=\"display:none;\">\n\t<label for=\"chkClub\" class=\"map-legend checked\">\n\t\t<img decoding=\"async\" id=\"legendClub\" src=\"https:\/\/www.bgccan.com\/wp-content\/plugins\/find-your-club\/images\/bgc-active.png\" \/>\n\t\t<span>Club Celebrations<\/span>\n\t<\/label>\n\t<label for=\"chkStar\" class=\"map-legend checked\">\n\t\t<img decoding=\"async\" id=\"legendStar\" src=\"https:\/\/bgcclubdayapp.innermostdigital.com\/images\/icons\/SkOk66JQ.png\" \/>\t\t\n\t\t<span>public events<\/span>\n\t<\/label>\n<\/div>\n\n<script type=\"text\/javascript\">\nvar ICL_LANGUAGE_CODE='fr';\nvar c_minute = \"m\";\nvar c_hour = \"h\";\nvar c_second = \"s\";\nvar c_event = \"event\";\nvar c_unplugger = \"unplugger\";\nvar c_unplugging = \"unplugging\";\n\t\njQuery(document).ready(function ($) {\n\tunplugMap.images_url = \"https:\/\/bgc-covidapp.innermostdigital.com\/images\/\";\n\tunplugMap.icons_url = \"https:\/\/bgcclubdayapp.innermostdigital.com\/images\/icons\/\";\n\tunplugMap.panelIcons_url = \"https:\/\/www.bgccan.com\/wp-content\/themes\/sme-bgccan-child\/images\/icons\/\";\n\tunplugMap.kml_url= \"https:\/\/bgcclubdayapp.innermostdigital.com\/kml\/\";\n\tunplugMap.app_url= \"https:\/\/bgcclubdayapp.innermostdigital.com\/api\/\";\n\tmyMarkerLocation = 0;\n\tmyStarLocation = 0;\n\n\tif (window.screen.width <= 1024){mapOptions.zoom = 4; minZoomLevel = 3; maxFFLevel = 5;}\n\tif (window.screen.width < 768){mapOptions.zoom = 3; minZoomLevel = 2; maxFFLevel = 4;}\n\n\tfrontPage.initMap();\n});\n<\/script>\n<\/div><\/div>[\/vc_column][\/vc_row][\/vc_section][vc_section css=\u00a0\u00bb.vc_custom_1761846096958{padding-top: 100px !important;}\u00a0\u00bb][vc_row full_width=\u00a0\u00bbstretch_row\u00a0\u00bb equal_height=\u00a0\u00bbyes\u00a0\u00bb content_placement=\u00a0\u00bbmiddle\u00a0\u00bb css_animation=\u00a0\u00bbnone\u00a0\u00bb][vc_column css_animation=\u00a0\u00bbbottom-to-top\u00a0\u00bb offset=\u00a0\u00bbvc_col-md-5&Prime;]<div class='content-block section-content wpb_text_column wpb_content_element align-left   txt-dark-grey  font_weight_default fs-32 lh-140 ls_minus_32' ><div class='wpb_wrapper'><h2>Les Aliments M&amp;M fait fi\u00e8rement <mark class=\"text-green\">la promotion<\/mark> du Jour des Clubs BGC<\/h2>\n<\/div><\/div><div class='content-block section-content wpb_text_column wpb_content_element align-left   txt-dark-grey  font_weight_default fs-16 lh-160 ' ><div class='wpb_wrapper'><p><span style=\"font-weight: 400;\">Dans le but de recueillir 100 000 $ pour soutenir les Clubs BGC, des messages sur BGC ont \u00e9t\u00e9 v\u00e9hicul\u00e9s dans les magasins M&amp;M de tout le Canada (sur des affiches, des macarons et les uniformes du personnel) pendant tout le mois pr\u00e9c\u00e9dant le Jour des Clubs! En 2025, Les Aliments M&amp;M a recueilli un total de 168 000 $ en argent comptant, en cartes-cadeaux et en dons de denr\u00e9es alimentaires.<\/span><\/p>\n<p><span style=\"font-weight: 400;\">La Fondation Ultramar* de Parkland a fi\u00e8rement fait un don suppl\u00e9mentaire de 100 000 $ en signe de reconnaissance \u00e0 l\u2019\u00e9gard des efforts fournis pour la collecte de fonds.<\/span><\/p>\n<p><i><span style=\"font-weight: 400;\">* La Fondation Ultramar et Les Aliments M&amp;M font partie de Parkland Corporation.<\/span><\/i><\/p>\n<\/div><\/div>[\/vc_column][vc_column offset=\u00a0\u00bbvc_col-md-7&Prime;][vc_single_image image=\u00a0\u00bb89107&Prime; img_size=\u00a0\u00bbfull\u00a0\u00bb alignment=\u00a0\u00bbcenter\u00a0\u00bb css_animation=\u00a0\u00bbslideInRight\u00a0\u00bb css=\u00a0\u00bb\u00a0\u00bb][\/vc_column][\/vc_row][\/vc_section][vc_section css=\u00a0\u00bb.vc_custom_1761846184573{padding-bottom: 40px !important;}\u00a0\u00bb][vc_row full_width=\u00a0\u00bbstretch_row\u00a0\u00bb css_animation=\u00a0\u00bbbottom-to-top\u00a0\u00bb][vc_column]\n\t\t\t\t<a href='https:\/\/www.bgccan.com\/fr\/devenez-partenaires\/communiquez-avec-notre-equipe-des-partenariats\/' class='wpb_content_element cta cta__card lg  align-left ' target='' rel=''>\n\t\t\t\t\t<div class='cta__wrapper bg_pale_blue-2'>\n\t\t\t\t\t\t<div class=\"cta__img\"><img decoding=\"async\" src=\"https:\/\/www.bgccan.com\/wp-content\/uploads\/2026\/02\/Our_Outcomes_Top_Section.jpg\" alt=\"Three children sitting together outdoors at a park, smiling and holding green inflatable shapes during a group activity.\"><\/div>\n\t\t\t\t\t\t<div class='cta__content'>\n\t\t\t\t\t\t\t<div class='cta__top'>\n\t\t\t\t\t\t\t\t\n\t\t\t\t\t\t\t\t<h3 class='cta__head'>Suscitez des effets positifs<\/h3>\n\t\t\t\t\t\t\t<\/div>\n\t\t\t\t\t\t\t<div class='cta__bot'>\n\t\t\t\t\t\t\t\t<div class='cta__desc'><p><span style=\"font-weight: 400;\">\u00c9tablissez un partenariat avec BGC Canada pour favoriser le succ\u00e8s des jeunes.<\/span><\/p>\n<\/div>\n\t\t\t\t\t\t\t\t<div class='cta__link'>\n\t\t\t\t\t\t\t\t\tNous joindre\n\t\t\t\t\t\t\t\t\t<i class=\"fa-solid fa-arrow-right\"><\/i>\n\t\t\t\t\t\t\t\t<\/div>\n\t\t\t\t\t\t\t<\/div>\n\t\t\t\t\t\t<\/div>\n\t\t\t\t\t<\/div>\n\t\t\t\t<\/a>[\/vc_column][\/vc_row][\/vc_section]\n<\/div>","protected":false},"excerpt":{"rendered":"<p>[vc_section css_animation=\u00a0\u00bbbottom-to-top\u00a0\u00bb el_id=\u00a0\u00bbcta-jacks-visible\u00a0\u00bb][vc_row full_width=\u00a0\u00bbstretch_row_content_no_spaces\u00a0\u00bb][vc_column][\/vc_column][\/vc_row][\/vc_section][vc_section disable_element=\u00a0\u00bbyes\u00a0\u00bb css=\u00a0\u00bb.vc_custom_1773928933226{background-color: #F2F7FB00 !important;}\u00a0\u00bb el_class=\u00a0\u00bbptop-13 pbottom-10&Prime;][vc_row full_width=\u00a0\u00bbstretch_row\u00a0\u00bb equal_height=\u00a0\u00bbyes\u00a0\u00bb rtl_reverse=\u00a0\u00bbyes\u00a0\u00bb content_placement=\u00a0\u00bbmiddle\u00a0\u00bb css_animation=\u00a0\u00bbbottom-to-top\u00a0\u00bb][vc_column width=\u00a0\u00bb1\/2&Prime; offset=\u00a0\u00bbvc_col-xs-12&Prime;][vc_video link=\u00a0\u00bbhttps:\/\/vimeo.com\/1093101410?share=copy&amp;fl=sv&amp;fe=ci\u00a0\u00bb align=\u00a0\u00bbcenter\u00a0\u00bb css=\u00a0\u00bb.vc_custom_1768491555174{margin-bottom: 0px !important;}\u00a0\u00bb][\/vc_column][vc_column width=\u00a0\u00bb1\/2&Prime; offset=\u00a0\u00bbvc_col-lg-offset-1 vc_col-lg-5 vc_col-xs-12&Prime;][vc_single_image image=\u00a0\u00bb87303&Prime; img_size=\u00a0\u00bbfull\u00a0\u00bb css_animation=\u00a0\u00bbflipInX\u00a0\u00bb css=\u00a0\u00bb\u00a0\u00bb][\/vc_column][\/vc_row][\/vc_section][vc_section full_width=\u00a0\u00bbstretch_row\u00a0\u00bb css=\u00a0\u00bb.vc_custom_1773928942656{padding-bottom: 20px !important;}\u00a0\u00bb el_class=\u00a0\u00bbwave-container pale-blue ptop-8&Prime;][vc_row full_width=\u00a0\u00bbstretch_row\u00a0\u00bb equal_height=\u00a0\u00bbyes\u00a0\u00bb content_placement=\u00a0\u00bbmiddle\u00a0\u00bb css_animation=\u00a0\u00bbbottom-to-top\u00a0\u00bb][vc_column width=\u00a0\u00bb1\/2&Prime;][vc_single_image image=\u00a0\u00bb87304&Prime; img_size=\u00a0\u00bbfull\u00a0\u00bb alignment=\u00a0\u00bbcenter\u00a0\u00bb css=\u00a0\u00bb\u00a0\u00bb][\/vc_column][vc_column width=\u00a0\u00bb1\/2&Prime; offset=\u00a0\u00bbvc_col-lg-offset-1 vc_col-lg-5&Prime;][vc_single_image image=\u00a0\u00bb87305&Prime; img_size=\u00a0\u00bbfull\u00a0\u00bb css_animation=\u00a0\u00bbflipInX\u00a0\u00bb css=\u00a0\u00bb\u00a0\u00bb][vc_btn title=\u00a0\u00bbConsultez la [&hellip;]<\/p>\n","protected":false},"author":2,"featured_media":87308,"parent":87277,"menu_order":0,"comment_status":"closed","ping_status":"closed","template":"page-templates\/page-general.php","meta":{"_acf_changed":false,"footnotes":""},"class_list":["post-87309","page","type-page","status-publish","has-post-thumbnail","hentry"],"acf":[],"aioseo_notices":[],"_links":{"self":[{"href":"https:\/\/www.bgccan.com\/fr\/wp-json\/wp\/v2\/pages\/87309","targetHints":{"allow":["GET"]}}],"collection":[{"href":"https:\/\/www.bgccan.com\/fr\/wp-json\/wp\/v2\/pages"}],"about":[{"href":"https:\/\/www.bgccan.com\/fr\/wp-json\/wp\/v2\/types\/page"}],"author":[{"embeddable":true,"href":"https:\/\/www.bgccan.com\/fr\/wp-json\/wp\/v2\/users\/2"}],"replies":[{"embeddable":true,"href":"https:\/\/www.bgccan.com\/fr\/wp-json\/wp\/v2\/comments?post=87309"}],"version-history":[{"count":0,"href":"https:\/\/www.bgccan.com\/fr\/wp-json\/wp\/v2\/pages\/87309\/revisions"}],"up":[{"embeddable":true,"href":"https:\/\/www.bgccan.com\/fr\/wp-json\/wp\/v2\/pages\/87277"}],"wp:featuredmedia":[{"embeddable":true,"href":"https:\/\/www.bgccan.com\/fr\/wp-json\/wp\/v2\/media\/87308"}],"wp:attachment":[{"href":"https:\/\/www.bgccan.com\/fr\/wp-json\/wp\/v2\/media?parent=87309"}],"curies":[{"name":"wp","href":"https:\/\/api.w.org\/{rel}","templated":true}]}}