{"id":87362,"date":"2026-02-27T18:03:10","date_gmt":"2026-02-27T18:03:10","guid":{"rendered":"https:\/\/www.bgccan.com\/?page_id=87362"},"modified":"2026-04-09T17:59:22","modified_gmt":"2026-04-09T17:59:22","slug":"contactez-nous","status":"publish","type":"page","link":"https:\/\/www.bgccan.com\/fr\/contactez-nous\/","title":{"rendered":"Contactez-nous"},"content":{"rendered":"<div class=\"wpb-content-wrapper\">[vc_section][vc_row full_width=\u00a0\u00bbstretch_row\u00a0\u00bb css_animation=\u00a0\u00bbbottom-to-top\u00a0\u00bb][vc_column offset=\u00a0\u00bbvc_col-md-offset-2 vc_col-md-8&Prime;]<div class='content-block section-content wpb_text_column wpb_content_element align-center     font_weight_default fs-30  ' ><div class='wpb_wrapper'><h2><b>Contactez-nous pour toute question d&rsquo;ordre g\u00e9n\u00e9rale concernant BGC Canada, ou trouvez les coordonn\u00e9es d\u2019un Club BGC.<\/b><\/h2>\n<\/div><\/div><div class='content-block section-content wpb_text_column wpb_content_element align-center     font_weight_default fs-18  ' ><div class='wpb_wrapper'><p>Nos Clubs BGC fonctionnent de mani\u00e8re ind\u00e9pendante de BGC Canada ; toute question concernant un Club en particulier doit donc lui \u00eatre adress\u00e9e directement. Afin de mieux vous aider, merci de nous indiquer l&rsquo;objet de votre demande.<\/p>\n<\/div><\/div>[\/vc_column][\/vc_row][vc_row equal_height=\u00a0\u00bbyes\u00a0\u00bb css_animation=\u00a0\u00bbbottom-to-top\u00a0\u00bb][vc_column width=\u00a0\u00bb1\/2&Prime; offset=\u00a0\u00bbvc_col-md-offset-1 vc_col-md-5&Prime;]\n\t\t\t<div tabindex='0' class='wpb_content_element cta-icon size-md align-left '>\n\t\t\t\t<div class='cta-icon__wrapper bg_green-25'>\n                    <div class=\"cta__img\"><img decoding=\"async\" src=\"https:\/\/www.bgccan.com\/wp-content\/uploads\/2025\/09\/icon-chat-bubble-green.png\" alt=\"Line art icon of two overlapping speech bubbles, one white with a question mark and one light blue, set against a light green circular background.\"><\/div>\n\t\t\t\t\t<div class='cta__content'>\t\n\t\t\t\t\t\t\n\t\t\t\t\t\t<h3 class='cta__title'>Clubs BGC<\/h3>\n\t\t\t\t\t\t<div class='cta__desc'><p>Je souhaite obtenir des informations sur les <b>programmes, les ressources et les services <\/b>propos\u00e9s par un Club pr\u00e8s de chez moi.<\/p><\/div>\n\t\t\t\t\t\t<a href='https:\/\/www.bgccan.com\/fr\/trouvez-un-club-bgc\/' target='' rel=''>Contactez un Club<\/a>\n\t\t\t\t\t<\/div>\n\t\t\t\t<\/div>\n\t\t\t<\/div>[\/vc_column][vc_column width=\u00a0\u00bb1\/2&Prime; offset=\u00a0\u00bbvc_col-md-5&Prime;]\n\t\t\t<div tabindex='0' class='wpb_content_element cta-icon size-md align-left '>\n\t\t\t\t<div class='cta-icon__wrapper bg_pale_blue-1'>\n                    <div class=\"cta__img\"><img decoding=\"async\" src=\"https:\/\/www.bgccan.com\/wp-content\/uploads\/2025\/09\/icon-paper-airplane.png\" alt=\"Light green paper airplane icon on a circular light blue background.\"><\/div>\n\t\t\t\t\t<div class='cta__content'>\t\n\t\t\t\t\t\t\n\t\t\t\t\t\t<h3 class='cta__title'>BGC Canada<\/h3>\n\t\t\t\t\t\t<div class='cta__desc'><p>Je souhaite contacter l&rsquo;\u00e9quipe nationale au sujet des partenariats, des relations avec les m\u00e9dias, des programmes nationaux, ou de la <strong>cr\u00e9ation d&rsquo;un Club<\/strong><\/p><\/div>\n\t\t\t\t\t\t<a href='https:\/\/www.bgccan.com\/fr\/contactez-nous\/general-inquiry\/' target='' rel=''>Contactez l'\u00e9quipe nationale<\/a>\n\t\t\t\t\t<\/div>\n\t\t\t\t<\/div>\n\t\t\t<\/div>[\/vc_column][\/vc_row][\/vc_section][vc_section el_class=\u00a0\u00bbrow-down-section\u00a0\u00bb][vc_row full_width=\u00a0\u00bbstretch_row\u00a0\u00bb css_animation=\u00a0\u00bbnone\u00a0\u00bb el_class=\u00a0\u00bbrow-down-100&Prime;][vc_column offset=\u00a0\u00bbvc_col-md-6&Prime;][vc_single_image image=\u00a0\u00bb87360&Prime; img_size=\u00a0\u00bbfull\u00a0\u00bb css_animation=\u00a0\u00bbslideInUp\u00a0\u00bb css=\u00a0\u00bb\u00a0\u00bb el_class=\u00a0\u00bbmtop-0&Prime;][\/vc_column][vc_column offset=\u00a0\u00bbvc_col-md-5&Prime; el_class=\u00a0\u00bbc-padding\u00a0\u00bb]<div class='content-block section-content wpb_text_column wpb_content_element align-left   txt-navy mtop-0 fw-xbold fs-48 lh-110 ls_minus_96' style=\"margin-bottom: 0px !important;padding-bottom: 20px !important;\"><div class='wpb_wrapper'><h2>L\u2019\u00e9quipe nationale<\/h2>\n<\/div><\/div>[vc_row_inner][vc_column_inner width=\u00a0\u00bb1\/2&Prime;][vc_icon icon_fontawesome=\u00a0\u00bbfa fa-solid fa-location-dot\u00a0\u00bb color=\u00a0\u00bbcustom\u00a0\u00bb css=\u00a0\u00bb\u00a0\u00bb el_class=\u00a0\u00bbmbottom-0&Prime; el_id=\u00a0\u00bbcontact-icon-location\u00a0\u00bb custom_color=\u00a0\u00bb#66CC00&Prime;]<div class='content-block section-content wpb_text_column wpb_content_element align-left   txt-dark-grey mtop-0 font_weight_default fs-16 lh-160 ' ><div class='wpb_wrapper'><p>BGC Canada<br \/>\n302-1920 Rue Yonge<br \/>\nToronto, ON, M4S 3E2<\/p>\n<\/div><\/div>[\/vc_column_inner][vc_column_inner width=\u00a0\u00bb1\/2&Prime;][vc_icon icon_fontawesome=\u00a0\u00bbfa fa-solid fa-phone\u00a0\u00bb color=\u00a0\u00bbcustom\u00a0\u00bb css=\u00a0\u00bb\u00a0\u00bb el_class=\u00a0\u00bbmbottom-0&Prime; el_id=\u00a0\u00bbcontact-icon-phone\u00a0\u00bb custom_color=\u00a0\u00bb#66CC00&Prime;]<div class='content-block section-content wpb_text_column wpb_content_element align-left  text-underline txt-dark-grey mtop-0 font_weight_default fs-16 lh-160 ' ><div class='wpb_wrapper'><p>905.477.7272<br \/>\n1-844-477-7272 (appels sans frais)<\/p>\n<\/div><\/div>[\/vc_column_inner][\/vc_row_inner][\/vc_column][\/vc_row][\/vc_section][vc_section el_class=\u00a0\u00bbrow-down-section\u00a0\u00bb][vc_row full_width=\u00a0\u00bbstretch_row\u00a0\u00bb css_animation=\u00a0\u00bbnone\u00a0\u00bb css=\u00a0\u00bb.vc_custom_1767812298632{background-color: #D9F2BF !important;}\u00a0\u00bb el_class=\u00a0\u00bbwave-container green ptop-0&Prime;][vc_column][vc_row_inner el_class=\u00a0\u00bbrow-down-100 ptop-0&Prime;][vc_column_inner el_class=\u00a0\u00bbc-padding\u00a0\u00bb offset=\u00a0\u00bbvc_col-md-5&Prime; css=\u00a0\u00bb.vc_custom_1775757508886{padding-right: 20px !important;}\u00a0\u00bb]<div class='content-block section-content wpb_text_column wpb_content_element align-left   txt-navy mtop-0 fw-xbold fs-48 lh-110 ls_minus_96' style=\"margin-bottom: 0px !important;padding-bottom: 20px !important;\"><div class='wpb_wrapper'><h2><b>Clubs BGC et points de services<\/b><\/h2>\n<\/div><\/div><div class='content-block section-content wpb_text_column wpb_content_element align-left     font_weight_default   ' style=\"margin-bottom: 0px !important;padding-bottom: 20px !important;\"><div class='wpb_wrapper'><p>Vous cherchez les coordonn\u00e9es d\u2019un Club BGC dans votre r\u00e9gion? Trouvez-le sur notre carte des Clubs.<\/p>\n<\/div><\/div>[vc_btn title=\u00a0\u00bbVoir les emplacements des Clubs\u00a0\u00bb style=\u00a0\u00bboutline\u00a0\u00bb color=\u00a0\u00bbpurple_btn\u00a0\u00bb css=\u00a0\u00bb.vc_custom_1774038388005{margin-left: 0px !important;}\u00a0\u00bb link=\u00a0\u00bburl:https%3A%2F%2Fwww.bgccan.com%2Ffr%2Ftrouvez-un-club-bgc%2F|title:Voir%20les%20emplacements%20des%20Clubs\u00a0\u00bb][\/vc_column_inner][vc_column_inner offset=\u00a0\u00bbvc_col-md-offset-1 vc_col-md-6&Prime;][vc_single_image image=\u00a0\u00bb87361&Prime; img_size=\u00a0\u00bbfull\u00a0\u00bb css_animation=\u00a0\u00bbslideInUp\u00a0\u00bb css=\u00a0\u00bb\u00a0\u00bb][\/vc_column_inner][\/vc_row_inner][\/vc_column][\/vc_row][\/vc_section][vc_section el_class=\u00a0\u00bbhidden-xs hidden-sm\u00a0\u00bb][vc_row full_width=\u00a0\u00bbstretch_row\u00a0\u00bb el_class=\u00a0\u00bbwave-container white\u00a0\u00bb][vc_column][vc_row_inner][vc_column_inner][vc_empty_space height=\u00a0\u00bb160px\u00a0\u00bb][\/vc_column_inner][\/vc_row_inner][\/vc_column][\/vc_row][\/vc_section]\n<\/div>","protected":false},"excerpt":{"rendered":"<p>[vc_section][vc_row full_width=\u00a0\u00bbstretch_row\u00a0\u00bb css_animation=\u00a0\u00bbbottom-to-top\u00a0\u00bb][vc_column offset=\u00a0\u00bbvc_col-md-offset-2 vc_col-md-8&Prime;][\/vc_column][\/vc_row][vc_row equal_height=\u00a0\u00bbyes\u00a0\u00bb css_animation=\u00a0\u00bbbottom-to-top\u00a0\u00bb][vc_column width=\u00a0\u00bb1\/2&Prime; offset=\u00a0\u00bbvc_col-md-offset-1 vc_col-md-5&Prime;][\/vc_column][vc_column width=\u00a0\u00bb1\/2&Prime; offset=\u00a0\u00bbvc_col-md-5&Prime;][\/vc_column][\/vc_row][\/vc_section][vc_section el_class=\u00a0\u00bbrow-down-section\u00a0\u00bb][vc_row full_width=\u00a0\u00bbstretch_row\u00a0\u00bb css_animation=\u00a0\u00bbnone\u00a0\u00bb el_class=\u00a0\u00bbrow-down-100&Prime;][vc_column offset=\u00a0\u00bbvc_col-md-6&Prime;][vc_single_image image=\u00a0\u00bb87360&Prime; img_size=\u00a0\u00bbfull\u00a0\u00bb css_animation=\u00a0\u00bbslideInUp\u00a0\u00bb css=\u00a0\u00bb\u00a0\u00bb el_class=\u00a0\u00bbmtop-0&Prime;][\/vc_column][vc_column offset=\u00a0\u00bbvc_col-md-5&Prime; el_class=\u00a0\u00bbc-padding\u00a0\u00bb][vc_row_inner][vc_column_inner width=\u00a0\u00bb1\/2&Prime;][vc_icon icon_fontawesome=\u00a0\u00bbfa fa-solid fa-location-dot\u00a0\u00bb color=\u00a0\u00bbcustom\u00a0\u00bb css=\u00a0\u00bb\u00a0\u00bb el_class=\u00a0\u00bbmbottom-0&Prime; el_id=\u00a0\u00bbcontact-icon-location\u00a0\u00bb custom_color=\u00a0\u00bb#66CC00&Prime;][\/vc_column_inner][vc_column_inner width=\u00a0\u00bb1\/2&Prime;][vc_icon icon_fontawesome=\u00a0\u00bbfa fa-solid fa-phone\u00a0\u00bb color=\u00a0\u00bbcustom\u00a0\u00bb css=\u00a0\u00bb\u00a0\u00bb el_class=\u00a0\u00bbmbottom-0&Prime; el_id=\u00a0\u00bbcontact-icon-phone\u00a0\u00bb custom_color=\u00a0\u00bb#66CC00&Prime;][\/vc_column_inner][\/vc_row_inner][\/vc_column][\/vc_row][\/vc_section][vc_section el_class=\u00a0\u00bbrow-down-section\u00a0\u00bb][vc_row full_width=\u00a0\u00bbstretch_row\u00a0\u00bb css_animation=\u00a0\u00bbnone\u00a0\u00bb css=\u00a0\u00bb.vc_custom_1767812298632{background-color: #D9F2BF !important;}\u00a0\u00bb el_class=\u00a0\u00bbwave-container green ptop-0&Prime;][vc_column][vc_row_inner el_class=\u00a0\u00bbrow-down-100 ptop-0&Prime;][vc_column_inner el_class=\u00a0\u00bbc-padding\u00a0\u00bb offset=\u00a0\u00bbvc_col-md-5&Prime; [&hellip;]<\/p>\n","protected":false},"author":2,"featured_media":0,"parent":0,"menu_order":0,"comment_status":"closed","ping_status":"closed","template":"page-templates\/page-contact-us.php","meta":{"_acf_changed":false,"footnotes":""},"class_list":["post-87362","page","type-page","status-publish","hentry"],"acf":[],"aioseo_notices":[],"_links":{"self":[{"href":"https:\/\/www.bgccan.com\/fr\/wp-json\/wp\/v2\/pages\/87362","targetHints":{"allow":["GET"]}}],"collection":[{"href":"https:\/\/www.bgccan.com\/fr\/wp-json\/wp\/v2\/pages"}],"about":[{"href":"https:\/\/www.bgccan.com\/fr\/wp-json\/wp\/v2\/types\/page"}],"author":[{"embeddable":true,"href":"https:\/\/www.bgccan.com\/fr\/wp-json\/wp\/v2\/users\/2"}],"replies":[{"embeddable":true,"href":"https:\/\/www.bgccan.com\/fr\/wp-json\/wp\/v2\/comments?post=87362"}],"version-history":[{"count":0,"href":"https:\/\/www.bgccan.com\/fr\/wp-json\/wp\/v2\/pages\/87362\/revisions"}],"wp:attachment":[{"href":"https:\/\/www.bgccan.com\/fr\/wp-json\/wp\/v2\/media?parent=87362"}],"curies":[{"name":"wp","href":"https:\/\/api.w.org\/{rel}","templated":true}]}}