{"id":87400,"date":"2025-07-30T21:40:51","date_gmt":"2025-07-30T21:40:51","guid":{"rendered":"https:\/\/www.bgccan.com\/?page_id=87400"},"modified":"2026-04-02T17:47:17","modified_gmt":"2026-04-02T17:47:17","slug":"carrie-wagner","status":"publish","type":"page","link":"https:\/\/www.bgccan.com\/fr\/a-propos-de-nous\/notre-equipe\/carrie-wagner\/","title":{"rendered":"Carrie Wagner"},"content":{"rendered":"<div class=\"wpb-content-wrapper\">[vc_section full_width=\u00a0\u00bbstretch_row_content\u00a0\u00bb][vc_row full_width=\u00a0\u00bbstretch_row_content_no_spaces\u00a0\u00bb][vc_column]\n\t\t\t\t<div tabindex='0' class='wpb_content_element cta cta__card lg-bio  align-default '>\n\t\t\t\t\t<div class='cta__wrapper'>\n\t\t\t\t\t\t<div class=\"cta__img\"><img decoding=\"async\" src=\"https:\/\/www.bgccan.com\/wp-content\/uploads\/2026\/02\/INTRO3-1.png\" alt=\"Carrie Wagner-Miller-headshot\"><\/div>\n\t\t\t\t\t\t<div class='cta__content'>\n\t\t\t\t\t\t\t<div class='cta__top'>\n\t\t\t\t\t\t\t\t<span class='cta__eyebrow'>Pr\u00e9sidente-directrice g\u00e9n\u00e9rale nationale par int\u00e9rim<\/span>\n\t\t\t\t\t\t\t\t<h3 class='cta__head'>Carrie Wagner<\/h3>\n\t\t\t\t\t\t\t<\/div>\n\t\t\t\t\t\t\t<div class='cta__bot'>\n\t\t\t\t\t\t\t\t<div class='cta__desc'><\/div>\n\t\t\t\t\t\t\t\t<div class='cta__link'>\n\t\t\t\t\t\t\t\t\t\n\t\t\t\t\t\t\t\t\t\n\t\t\t\t\t\t\t\t<\/div>\n\t\t\t\t\t\t\t<\/div>\n\t\t\t\t\t\t<\/div>\n\t\t\t\t\t<\/div>\n\t\t\t\t<\/div>[\/vc_column][\/vc_row][\/vc_section][vc_section full_width=\u00a0\u00bbstretch_row\u00a0\u00bb][vc_row el_class=\u00a0\u00bbptop-10 pbottom-7&Prime;][vc_column offset=\u00a0\u00bbvc_col-md-offset-2 vc_col-md-8&Prime;]<div class='content-block section-content wpb_text_column wpb_content_element align-left   txt-navy  fw-bold fs-24  ' ><div class='wpb_wrapper'><p>Pseudo-v\u00e9g\u00e9tarienne, toujours pr\u00eate \u00e0 se laisser tenter par un bon steak au menu! Danseuse de Shumka dou\u00e9e, artiste-peintre de psyankys et cuisini\u00e8re de holubtsi hors pair, tout cela gr\u00e2ce \u00e0 l\u2019\u00e9cole d\u2019immersion ukrainienne qu\u2019elle a fr\u00e9quent\u00e9e dans son enfance.<\/p>\n<\/div><\/div><div class='content-block section-content wpb_text_column wpb_content_element align-left   txt-dark-grey  font_weight_default   ' ><div class='wpb_wrapper'><p>Alli\u00e9e des Clubs depuis plus de quinze ans, Carrie a commenc\u00e9 sa carri\u00e8re chez BGC Canada en tant que directrice r\u00e9gionale du Pacifique, o\u00f9 elle a travaill\u00e9 avec les Clubs en Colombie-Britannique et au Yukon. En 2015, Carrie a pris en charge les normes de fonctionnement et le processus d\u2019\u00e9valuation par les pairs, ainsi que mis sur pied le comit\u00e9 d\u2019excellence op\u00e9rationnelle pour orienter ce travail important. Durant son mandat, elle a contribu\u00e9 \u00e0 la mise \u00e0 jour des normes de fonctionnement pour refl\u00e9ter les indicateurs actuels d\u2019excellence op\u00e9rationnelle des Clubs et fait migrer le processus d\u2019\u00e9valuation papier vers une plateforme en ligne. Qui plus est, elle a cr\u00e9\u00e9 des formations pour le personnel d\u2019\u00e9valuation et les Clubs, et fait la promotion du processus aupr\u00e8s de tous les Clubs et des membres du personnel \u00e0 l\u2019\u00e9chelle du mouvement.<\/p>\n<p>L\u2019ann\u00e9e 2017 a marqu\u00e9 la fusion des r\u00e9gions du Pacifique et de l\u2019Ouest. Carrie est alors devenue directrice r\u00e9gionale de l\u2019Ouest, et son soutien s\u2019est \u00e9largi pour inclure les Clubs en Alberta, en Saskatchewan et au Manitoba.<\/p>\n<p>En 2020, Carrie a dirig\u00e9 notre projet d\u2019apprentissage et d\u2019impact, et elle \u00e9prouve de la fiert\u00e9 en voyant l\u2019excellent travail des Clubs partout au pays qui font valoir et am\u00e9liorent leurs programmes et services pour les enfants, les jeunes et les familles.<\/p>\n<p>Carrie est n\u00e9e et a grandi \u00e0 Edmonton, en Alberta, et a fait l\u2019exp\u00e9rience d\u2019un Club pour la premi\u00e8re fois en croisant dans la rue les membres du Rundle Boys and Girls Club. Elle s\u2019est mise \u00e0 fr\u00e9quenter le Club de son quartier \u00e0 l\u2019occasion et raconte avoir v\u00e9cu son plus beau souvenir au camp de jour.<\/p>\n<p>Apr\u00e8s avoir obtenu son baccalaur\u00e9at de l\u2019universit\u00e9 MacEwan, Carrie a entam\u00e9 sa carri\u00e8re dans le secteur sans but lucratif en tant que directrice g\u00e9n\u00e9rale adjointe du programme Edmonton Northwest Out of School Care. Carrie a d\u00e9m\u00e9nag\u00e9 \u00e0 Kelowna, en Colombie-Britannique, en 2003, o\u00f9 elle a travaill\u00e9 comme gestionnaire de cas p\u00e9diatriques, puis comme directrice des op\u00e9rations \u00e0 BrainTrust Canada. Enfin, elle a renou\u00e9 avec les Clubs le jour de son embauche chez Boys and Girls Clubs of British Columbia en 2008. Carrie habite maintenant l\u2019\u00eele de Vancouver avec son mari et se sent d\u00e9j\u00e0 chez elle dans ce coin de pays entour\u00e9 d\u2019eau. Elle adore profiter du plein air, que ce soit sur les sentiers de randonn\u00e9e avec son chien Luna, dans son jardin, en canot, en camping ou simplement lors d\u2019une promenade sur la plage.<\/p>\n<\/div><\/div>[\/vc_column][\/vc_row][\/vc_section][vc_section full_width=\u00a0\u00bbstretch_row_content\u00a0\u00bb el_class=\u00a0\u00bbptop-0&Prime;][vc_row el_class=\u00a0\u00bbptop-10 pbottom-7&Prime; css=\u00a0\u00bb.vc_custom_1762310601431{background-color: #F2F7FB !important;}\u00a0\u00bb][vc_column css_animation=\u00a0\u00bbbottom-to-top\u00a0\u00bb el_class=\u00a0\u00bbptop-0&Prime; css=\u00a0\u00bb.vc_custom_1760084985932{padding-top: 0px !important;}\u00a0\u00bb]<div class=\"vc_posts ptop-0\"><div class=\"posts_heading\"><h2>Lire les derni\u00e8res nouvelles des Clubs<\/h2><div class=\"vc_news_link\"><a href='https:\/\/www.bgccan.com\/fr\/category\/bgc-club-stories-fr\/' class='btn vc_btn3-color-green_btn vc_btn3-style-solid' target='' rel=''>Voir toutes les histoires<\/a><\/div><\/div><div class=\"posts_listing\">\n        <article id='post-89174' class='post' data-index='1'>\n        \t<a href='https:\/\/www.bgccan.com\/fr\/bgc-ma-incite-a-redonner-a-ma-collectivite\/' class='post__entry'>\n\t  \t\t\t<div class='post_img'><img decoding=\"async\" src=\"https:\/\/www.bgccan.com\/wp-content\/uploads\/2026\/01\/BGC-Club-Stories-1024x538.jpg\" alt=\"Green line art icon of a hand holding a small plant seedling.\" \/><\/div>\n\t\t\t\t<div class='post_content'>\n\t\t\t\t\t<div class='post_cat'><span class=\"label label-info\">Histoires des Clubs BGC<\/span><\/div>\n\t\t\t\t\t<h3 class='post_title'>BGC m\u2019a incit\u00e9 \u00e0 redonner \u00e0 ma collectivit\u00e9<\/h3>\n\t\t\t\t\t<div class='post_excerpt'>[vc_section][vc_row][vc_column offset=\"vc_col-lg-12 vc_col-md-12\"]Ruben est un jeune exceptionnel connu au sein de son Club et de sa collectivit\u00e9 pour son leadership, les valeurs qu\u2019il incarne et sa capacit\u00e9 \u00e0 inspirer les autres. En 2025, il a \u00e9t\u00e9 nomm\u00e9 Jeune leader national\u2026<\/div>\n\t\t\t\t\t<div class='post_link'>\n\t\t\t\t\t\tLire la suite\n\t\t\t\t\t\t<i class='fa fa-arrow-right fa-after'><\/i>\n\t\t\t\t\t<\/div>\n\t\t\t\t\t\t\n\t\t\t\t<\/div>\n\t\t\t<\/a>\n        <\/article>\n      \n        <article id='post-89168' class='post' data-index='2'>\n        \t<a href='https:\/\/www.bgccan.com\/fr\/la-ou-tout-a-commence-comment-bgc-west-scarborough-est-devenu-mon-deuxieme-chez-moi-au-canada\/' class='post__entry'>\n\t  \t\t\t<div class='post_img'><img decoding=\"async\" src=\"https:\/\/www.bgccan.com\/wp-content\/uploads\/2026\/01\/Sebastian-Cifuentes-photo-1024x559.jpg\" alt=\"Sebastian Cifuentes photo\" \/><\/div>\n\t\t\t\t<div class='post_content'>\n\t\t\t\t\t<div class='post_cat'><span class=\"label label-info\">Histoires des Clubs BGC<\/span><\/div>\n\t\t\t\t\t<h3 class='post_title'>L\u00e0 o\u00f9 tout a commenc\u00e9\u202f: comment BGC\u202fWest\u202fScarborough est devenu mon deuxi\u00e8me chez-moi au Canada<\/h3>\n\t\t\t\t\t<div class='post_excerpt'>[vc_section][vc_row][vc_column offset=\"vc_col-lg-12 vc_col-md-12\"]Publi\u00e9 sur Toronto.com le 2 novembre 2023 Avant ma naissance, mes parents ont d\u00fb fuir la Colombie pour se rendre aux \u00c9tats-Unis et y demander le statut de r\u00e9fugi\u00e9s. Au moment o\u00f9 je suis n\u00e9, ils attendaient encore\u2026<\/div>\n\t\t\t\t\t<div class='post_link'>\n\t\t\t\t\t\tLire la suite\n\t\t\t\t\t\t<i class='fa fa-arrow-right fa-after'><\/i>\n\t\t\t\t\t<\/div>\n\t\t\t\t\t\t\n\t\t\t\t<\/div>\n\t\t\t<\/a>\n        <\/article>\n      \n        <article id='post-89067' class='post' data-index='3'>\n        \t<a href='https:\/\/www.bgccan.com\/fr\/plus-que-jamais-les-jeunes-queers-ont-besoin-des-clubs-bgc\/' class='post__entry'>\n\t  \t\t\t<div class='post_img'><img decoding=\"async\" src=\"https:\/\/www.bgccan.com\/wp-content\/uploads\/2026\/03\/BGCC_Physical-Mental-Health_section-banner-1-1024x680.jpg\" alt=\"Deux jeunes dessinent un arc-en-ciel color\u00e9 avec des marqueurs\" \/><\/div>\n\t\t\t\t<div class='post_content'>\n\t\t\t\t\t<div class='post_cat'><span class=\"label label-info\">Histoires des Clubs BGC<\/span><\/div>\n\t\t\t\t\t<h3 class='post_title'>Plus que jamais, les jeunes queers ont besoin des Clubs BGC<\/h3>\n\t\t\t\t\t<div class='post_excerpt'>Par Sam, anciennement membre d\u2019un Club, Jeune leader de l\u2019ann\u00e9e 2021. 21\u202fmars\u202f2025 Il y a huit ans, j\u2019ai fait mon coming out pour la premi\u00e8re fois devant une pi\u00e8ce remplie de personnes que je ne connaissais pas\u2026 et elles ont\u2026<\/div>\n\t\t\t\t\t<div class='post_link'>\n\t\t\t\t\t\tLire la suite\n\t\t\t\t\t\t<i class='fa fa-arrow-right fa-after'><\/i>\n\t\t\t\t\t<\/div>\n\t\t\t\t\t\t<div class=\"post_tags\"><span class=\"label label-info\">2S &amp; LGBTQIA+<\/span>, <span class=\"label label-info\">BGC Canada<\/span>, <span class=\"label label-info\">Clubs BGC<\/span>, <span class=\"label label-info\">espaces s\u00fbrs<\/span>, <span class=\"label label-info last\">haine anti-LGBT<\/span><\/div>\n\t\t\t\t<\/div>\n\t\t\t<\/a>\n        <\/article>\n      <\/div><\/div>[\/vc_column][\/vc_row][\/vc_section][vc_section][vc_row full_width=\u00a0\u00bbstretch_row\u00a0\u00bb el_class=\u00a0\u00bbwhite wave-container ptop-10 pbottom-7&Prime;][vc_column][vc_single_image image=\u00a0\u00bb87399&Prime; img_size=\u00a0\u00bb216&#215;200&Prime; alignment=\u00a0\u00bbcenter\u00a0\u00bb css_animation=\u00a0\u00bbappear\u00a0\u00bb css=\u00a0\u00bb\u00a0\u00bb]<div class='content-block section-content wpb_text_column wpb_content_element align-center   txt-navy  fw-bold fs-32 lh-140 ls_minus_32' ><div class='wpb_wrapper'><p>Contactez-nous<\/p>\n<\/div><\/div>[vc_btn title=\u00a0\u00bbContactez-nous\u00a0\u00bb style=\u00a0\u00bbsolid\u00a0\u00bb color=\u00a0\u00bbgreen_btn\u00a0\u00bb align=\u00a0\u00bbcenter\u00a0\u00bb css=\u00a0\u00bb\u00a0\u00bb link=\u00a0\u00bburl:https%3A%2F%2Fwww.bgccan.com%2Ffr%2Fcontactez-nous%2F|title:Contactez-nous\u00a0\u00bb][\/vc_column][\/vc_row][\/vc_section]\n<\/div>","protected":false},"excerpt":{"rendered":"<p>[vc_section full_width=\u00a0\u00bbstretch_row_content\u00a0\u00bb][vc_row full_width=\u00a0\u00bbstretch_row_content_no_spaces\u00a0\u00bb][vc_column][\/vc_column][\/vc_row][\/vc_section][vc_section full_width=\u00a0\u00bbstretch_row\u00a0\u00bb][vc_row el_class=\u00a0\u00bbptop-10 pbottom-7&Prime;][vc_column offset=\u00a0\u00bbvc_col-md-offset-2 vc_col-md-8&Prime;][\/vc_column][\/vc_row][\/vc_section][vc_section full_width=\u00a0\u00bbstretch_row_content\u00a0\u00bb el_class=\u00a0\u00bbptop-0&Prime;][vc_row el_class=\u00a0\u00bbptop-10 pbottom-7&Prime; css=\u00a0\u00bb.vc_custom_1762310601431{background-color: #F2F7FB !important;}\u00a0\u00bb][vc_column css_animation=\u00a0\u00bbbottom-to-top\u00a0\u00bb el_class=\u00a0\u00bbptop-0&Prime; css=\u00a0\u00bb.vc_custom_1760084985932{padding-top: 0px !important;}\u00a0\u00bb][\/vc_column][\/vc_row][\/vc_section][vc_section][vc_row full_width=\u00a0\u00bbstretch_row\u00a0\u00bb el_class=\u00a0\u00bbwhite wave-container ptop-10 pbottom-7&Prime;][vc_column][vc_single_image image=\u00a0\u00bb87399&Prime; img_size=\u00a0\u00bb216&#215;200&Prime; alignment=\u00a0\u00bbcenter\u00a0\u00bb css_animation=\u00a0\u00bbappear\u00a0\u00bb css=\u00a0\u00bb\u00a0\u00bb][vc_btn title=\u00a0\u00bbContactez-nous\u00a0\u00bb style=\u00a0\u00bbsolid\u00a0\u00bb color=\u00a0\u00bbgreen_btn\u00a0\u00bb align=\u00a0\u00bbcenter\u00a0\u00bb css=\u00a0\u00bb\u00a0\u00bb link=\u00a0\u00bburl:https%3A%2F%2Fwww.bgccan.com%2Ffr%2Fcontactez-nous%2F|title:Contactez-nous\u00a0\u00bb][\/vc_column][\/vc_row][\/vc_section]<\/p>\n","protected":false},"author":1,"featured_media":0,"parent":87293,"menu_order":0,"comment_status":"closed","ping_status":"closed","template":"","meta":{"_acf_changed":false,"footnotes":""},"class_list":["post-87400","page","type-page","status-publish","hentry"],"acf":[],"aioseo_notices":[],"_links":{"self":[{"href":"https:\/\/www.bgccan.com\/fr\/wp-json\/wp\/v2\/pages\/87400","targetHints":{"allow":["GET"]}}],"collection":[{"href":"https:\/\/www.bgccan.com\/fr\/wp-json\/wp\/v2\/pages"}],"about":[{"href":"https:\/\/www.bgccan.com\/fr\/wp-json\/wp\/v2\/types\/page"}],"author":[{"embeddable":true,"href":"https:\/\/www.bgccan.com\/fr\/wp-json\/wp\/v2\/users\/1"}],"replies":[{"embeddable":true,"href":"https:\/\/www.bgccan.com\/fr\/wp-json\/wp\/v2\/comments?post=87400"}],"version-history":[{"count":0,"href":"https:\/\/www.bgccan.com\/fr\/wp-json\/wp\/v2\/pages\/87400\/revisions"}],"up":[{"embeddable":true,"href":"https:\/\/www.bgccan.com\/fr\/wp-json\/wp\/v2\/pages\/87293"}],"wp:attachment":[{"href":"https:\/\/www.bgccan.com\/fr\/wp-json\/wp\/v2\/media?parent=87400"}],"curies":[{"name":"wp","href":"https:\/\/api.w.org\/{rel}","templated":true}]}}