{"id":87971,"date":"2025-04-21T19:25:10","date_gmt":"2025-04-21T19:25:10","guid":{"rendered":"https:\/\/www.bgccan.com\/notre-impact\/nos-resultats\/lifelong-learners\/"},"modified":"2026-04-06T17:19:24","modified_gmt":"2026-04-06T17:19:24","slug":"apprentissage-continu","status":"publish","type":"page","link":"https:\/\/www.bgccan.com\/fr\/notre-impact\/nos-resultats\/apprentissage-continu\/","title":{"rendered":"Apprentissage continu"},"content":{"rendered":"<div class=\"wpb-content-wrapper\">[vc_row el_class=\u00a0\u00bbpbottom-5 ptop-4&Prime;][vc_column offset=\u00a0\u00bbvc_col-md-offset-2 vc_col-md-8&Prime;][vc_single_image image=\u00a0\u00bb87974&Prime; img_size=\u00a0\u00bblarge\u00a0\u00bb alignment=\u00a0\u00bbcenter\u00a0\u00bb css_animation=\u00a0\u00bbbounceIn\u00a0\u00bb css=\u00a0\u00bb\u00a0\u00bb]<div class='content-block section-content wpb_text_column wpb_content_element align-center   txt-navy pbottom-3 fw-bold fs-38 lh-140 ls_minus_38' style=\"margin-bottom: 0px !important;\"><div class='wpb_wrapper'><h2>Les Clubs BGC favorisent l\u2019apprentissage continu chez les jeunes en leur <mark class=\"text-green\">coffrant des environnements propices \u00e0 la curiosit\u00e9 et aux habitudes d\u2019apprentissage positives.<\/mark><\/h2>\n<\/div><\/div>[vc_btn title=\u00a0\u00bbFAITES UN DON\u00a0\u00bb style=\u00a0\u00bbsolid\u00a0\u00bb color=\u00a0\u00bbdonate_btn\u00a0\u00bb align=\u00a0\u00bbcenter\u00a0\u00bb css=\u00a0\u00bb\u00a0\u00bb link=\u00a0\u00bburl:https%3A%2F%2Fbgcdonors.donorsupport.co%2Fpage%2FFUNBFVAKRMA%3Fform%3Ddonatenow|title:Donate|target:_blank\u00a0\u00bb][\/vc_column][\/vc_row][vc_section full_width=\u00a0\u00bbstretch_row\u00a0\u00bb css=\u00a0\u00bb.vc_custom_1758221797167{background-color: #003B4A00 !important;}\u00a0\u00bb][vc_row full_width=\u00a0\u00bbstretch_row_content_no_spaces\u00a0\u00bb css_animation=\u00a0\u00bbbottom-to-top\u00a0\u00bb css=\u00a0\u00bb.vc_custom_1759178441127{background-color: #003B4A !important;}\u00a0\u00bb el_class=\u00a0\u00bbwave-container navy ptop-7 pbottom-10 stretch-row max-width-1320&Prime;][vc_column][vc_row_inner content_placement=\u00a0\u00bbmiddle\u00a0\u00bb el_class=\u00a0\u00bbpbottom-5&Prime;][vc_column_inner el_class=\u00a0\u00bbcustom-padding\u00a0\u00bb offset=\u00a0\u00bbvc_col-md-6&Prime; css=\u00a0\u00bb.vc_custom_1768602780244{padding-right: 30px !important;padding-left: 30px !important;}\u00a0\u00bb]<div class='content-block section-content wpb_text_column wpb_content_element align-left   txt-white pbottom-2 fw-bold fs-30 lh-140 ls_minus_38' style=\"margin-bottom: 0px !important;\"><div class='wpb_wrapper'><h2>L\u2019occasion d\u2019apprendre, c\u2019est l\u2019occasion d\u2019une vie.<\/h2>\n<\/div><\/div><div class='content-block section-content wpb_text_column wpb_content_element align-left   txt-white pbotttom-5 font_weight_default fs-18 lh-160 ' style=\"margin-bottom: 0px !important;\"><div class='wpb_wrapper'><p>Leur esprit \u00e9tant en plein d\u00e9veloppement, les enfants et les ados arrivent rapidement \u00e0 absorber de nouvelles informations et \u00e0 acqu\u00e9rir de nouvelles comp\u00e9tences. Gr\u00e2ce \u00e0 la gamme de programmes qu\u2019ils offrent, les Clubs BGC maximisent le potentiel d\u2019apprentissage des jeunes et les outillent de nouvelles comp\u00e9tences qui leur serviront bien longtemps apr\u00e8s leur passage au Club.<\/p>\n<p>L\u2019apprentissage continu est l\u2019un des quatre r\u00e9sultats cl\u00e9s que visent les Clubs BGC, et il se divise en cinq facteurs : pr\u00e9paration \u00e0 l\u2019\u00e9cole, exploration, cr\u00e9ativit\u00e9, d\u00e9fis et atteinte des objectifs.\u00a0<mark class=\"text-brightgreen\"><br \/>\n<\/mark><\/p>\n<\/div><\/div>[\/vc_column_inner][vc_column_inner offset=\u00a0\u00bbvc_col-md-6&Prime;][vc_single_image image=\u00a0\u00bb87975&Prime; img_size=\u00a0\u00bbfull\u00a0\u00bb css=\u00a0\u00bb\u00a0\u00bb el_class=\u00a0\u00bbcustom-image-padding\u00a0\u00bb][\/vc_column_inner][\/vc_row_inner][vc_row_inner][vc_column_inner offset=\u00a0\u00bbvc_col-md-offset-2 vc_col-md-8&Prime;]<div class='content-block section-content wpb_text_column wpb_content_element align-center   txt-white mtop-0 mbottom-0 pbottom-10 fw-bold fs-32 lh-140 ls_minus_32' ><div class='wpb_wrapper'><h2 style=\"text-align: center;\">Selon nos plus r\u00e9centes donn\u00e9es, gr\u00e2ce \u00e0 leur Club\u2026<\/h2>\n<\/div><\/div>[\/vc_column_inner][\/vc_row_inner][vc_row_inner equal_height=\u00a0\u00bbyes\u00a0\u00bb gap=\u00a0\u00bb35&Prime;][vc_column_inner offset=\u00a0\u00bbvc_col-md-4&Prime; css=\u00a0\u00bb.vc_custom_1768602747395{padding-right: 30px !important;padding-left: 30px !important;}\u00a0\u00bb] \n                <div class='wpb_content_element cta cta__card stats-icon '> \n                    <div class='cta__wrapper bg_pale_blue-1'> \n                        <div class='cta__content'> \n\t\t\t\t\t\t\t<div class='cta__icon'><i class='fa-regular fa-graduation-cap'><\/i><\/div>\n\t\t\t\t\t\t\t<h3 class='cta__head'>73%<\/h3> \n\t\t\t\t\t\t\t<div class='cta__desc'><p>de nos jeunes sont mieux pr\u00e9par\u00e9es \u00e0 faire leurs travaux scolaires<\/p>\n<\/div>\n\t\t\t\t\t\t\n\t\t\t\t\t\t<\/div> \n\t\t\t\t\t<\/div> \n\t\t\t\t<\/div>[\/vc_column_inner][vc_column_inner offset=\u00a0\u00bbvc_col-md-4&Prime; css=\u00a0\u00bb.vc_custom_1768602755262{padding-right: 30px !important;padding-left: 30px !important;}\u00a0\u00bb] \n                <div class='wpb_content_element cta cta__card stats-icon '> \n                    <div class='cta__wrapper bg_pale_blue-1'> \n                        <div class='cta__content'> \n\t\t\t\t\t\t\t<div class='cta__icon'><i class='fa-regular fa-rocket'><\/i><\/div>\n\t\t\t\t\t\t\t<h3 class='cta__head'>91%<\/h3> \n\t\t\t\t\t\t\t<div class='cta__desc'><p>de nos jeunes sont plus enthousiastes \u00e0 l\u2019id\u00e9e d\u2019essayer de nouvelles choses<\/p>\n<\/div>\n\t\t\t\t\t\t\n\t\t\t\t\t\t<\/div> \n\t\t\t\t\t<\/div> \n\t\t\t\t<\/div>[\/vc_column_inner][vc_column_inner offset=\u00a0\u00bbvc_col-md-4&Prime; css=\u00a0\u00bb.vc_custom_1768602765027{padding-right: 30px !important;padding-left: 30px !important;}\u00a0\u00bb] \n                <div class='wpb_content_element cta cta__card stats-icon '> \n                    <div class='cta__wrapper bg_pale_blue-1'> \n                        <div class='cta__content'> \n\t\t\t\t\t\t\t<div class='cta__icon'><i class='fa-regular fa-wand-magic-sparkles'><\/i><\/div>\n\t\t\t\t\t\t\t<h3 class='cta__head'>85%<\/h3> \n\t\t\t\t\t\t\t<div class='cta__desc'><p>de nos jeunes se servent davantage de leur imagination lorsqu\u2019elles font quelque chose<\/p>\n<\/div>\n\t\t\t\t\t\t\n\t\t\t\t\t\t<\/div> \n\t\t\t\t\t<\/div> \n\t\t\t\t<\/div>[\/vc_column_inner][vc_column_inner offset=\u00a0\u00bbvc_col-md-4&Prime; css=\u00a0\u00bb.vc_custom_1768602770953{padding-right: 30px !important;padding-left: 30px !important;}\u00a0\u00bb] \n                <div class='wpb_content_element cta cta__card stats-icon '> \n                    <div class='cta__wrapper bg_pale_blue-1'> \n                        <div class='cta__content'> \n\t\t\t\t\t\t\t<div class='cta__icon'><i class='fa-regular fa-person-hiking'><\/i><\/div>\n\t\t\t\t\t\t\t<h3 class='cta__head'>87%<\/h3> \n\t\t\t\t\t\t\t<div class='cta__desc'><p>de nos jeunes aiment davantage se d\u00e9passer<\/p>\n<\/div>\n\t\t\t\t\t\t\n\t\t\t\t\t\t<\/div> \n\t\t\t\t\t<\/div> \n\t\t\t\t<\/div>[\/vc_column_inner][vc_column_inner offset=\u00a0\u00bbvc_col-md-4&Prime; css=\u00a0\u00bb.vc_custom_1768602774785{padding-right: 30px !important;padding-left: 30px !important;}\u00a0\u00bb] \n                <div class='wpb_content_element cta cta__card stats-icon '> \n                    <div class='cta__wrapper bg_pale_blue-1'> \n                        <div class='cta__content'> \n\t\t\t\t\t\t\t<div class='cta__icon'><i class='fa-regular fa-bullseye-arrow'><\/i><\/div>\n\t\t\t\t\t\t\t<h3 class='cta__head'>88%<\/h3> \n\t\t\t\t\t\t\t<div class='cta__desc'><p>de nos jeunes sont plus aptes \u00e0 prendre des mesures pour atteindre leurs objectifs<\/p>\n<\/div>\n\t\t\t\t\t\t\n\t\t\t\t\t\t<\/div> \n\t\t\t\t\t<\/div> \n\t\t\t\t<\/div>[\/vc_column_inner][\/vc_row_inner][vc_row_inner el_class=\u00a0\u00bbpbottom-10&Prime;][vc_column_inner offset=\u00a0\u00bbvc_col-md-offset-2 vc_col-md-8&Prime;]<div class='content-block section-content wpb_text_column wpb_content_element align-center   txt-white ptop-10 pbottom-5 fw-med fs-24 lh-140 ls_minus_38' style=\"margin-bottom: 0px !important;\"><div class='wpb_wrapper'><p>Lorsque les jeunes ont l\u2019occasion d\u2019avoir confiance en leur capacit\u00e9 \u00e0 apprendre, <strong>les possibilit\u00e9s sont infinies.<\/strong><\/p>\n<\/div><\/div>[\/vc_column_inner][\/vc_row_inner][vc_row_inner el_class=\u00a0\u00bbcustom-block-white\u00a0\u00bb][vc_column_inner offset=\u00a0\u00bbvc_col-md-offset-2 vc_col-md-8&Prime; css=\u00a0\u00bb.vc_custom_1760717652882{background-color: #FFFFFF !important;}\u00a0\u00bb]<div class='content-block section-content wpb_text_column wpb_content_element align-center   txt-navy margin-0 pbottom-1 fw-bold fs-24 lh-140 ls_minus_32' ><div class='wpb_wrapper'><p>\u00ab Les Clubs BGC nous donnent la meilleure chose que personne ne peut nous enlever : la confiance en soi. \u00bb<\/p>\n<\/div><\/div><div class='content-block section-content wpb_text_column wpb_content_element align-center   txt-dark-grey  font_weight_default fs-18 lh-160 ' ><div class='wpb_wrapper'><p>&#8211;<span style=\"font-weight: 400;\">Kayla Grey, membre du<\/span><a href=\"https:\/\/www.bgccan.com\/fr\/a-propos-de-nous\/temple-de-la-renommee\/\"> <span style=\"font-weight: 400;\">Temple de la renomm\u00e9e BGC<\/span><\/a><\/p>\n<\/div><\/div>[\/vc_column_inner][\/vc_row_inner][\/vc_column][\/vc_row][\/vc_section][vc_section el_class=\u00a0\u00bbptop-0&Prime;][vc_row full_width=\u00a0\u00bbstretch_row\u00a0\u00bb el_class=\u00a0\u00bbwave-container white ptop-8 pbottom-4&Prime; css=\u00a0\u00bb.vc_custom_1758469066438{background-color: #FFFFFF !important;}\u00a0\u00bb][vc_column][vc_row_inner][vc_column_inner]\n\t\t\t\t<a href='https:\/\/www.bgccan.com\/fr\/devenez-partenaires\/communiquez-avec-notre-equipe-des-partenariats\/' class='wpb_content_element cta cta__card lg  align-right ' target='' rel=''>\n\t\t\t\t\t<div class='cta__wrapper bg_pale_blue-1'>\n\t\t\t\t\t\t<div class=\"cta__img\"><img decoding=\"async\" src=\"https:\/\/www.bgccan.com\/wp-content\/uploads\/2026\/01\/Lifelong_Learners_Bottom_CTA.webp\" alt=\"A child smiling and holding a handmade sign that reads \u2018I learned an instrument,\u2019 decorated with drawings of music symbols.\"><\/div>\n\t\t\t\t\t\t<div class='cta__content'>\n\t\t\t\t\t\t\t<div class='cta__top'>\n\t\t\t\t\t\t\t\t\n\t\t\t\t\t\t\t\t<h3 class='cta__head'>Favorisez l\u2019apprentissage continu pour les jeunes du pays<\/h3>\n\t\t\t\t\t\t\t<\/div>\n\t\t\t\t\t\t\t<div class='cta__bot'>\n\t\t\t\t\t\t\t\t<div class='cta__desc'><p><span style=\"font-weight: 400;\">Notre Fonds pour l\u2019apprentissage et le d\u00e9veloppement fournit aux Clubs BGC les ressources dont ils ont besoin pour donner aux jeunes l\u2019occasion d\u2019apprendre.<\/span><\/p>\n<\/div>\n\t\t\t\t\t\t\t\t<div class='cta__link'>\n\t\t\t\t\t\t\t\t\tDevenez partenaire\n\t\t\t\t\t\t\t\t\t<i class=\"fa-solid fa-arrow-right\"><\/i>\n\t\t\t\t\t\t\t\t<\/div>\n\t\t\t\t\t\t\t<\/div>\n\t\t\t\t\t\t<\/div>\n\t\t\t\t\t<\/div>\n\t\t\t\t<\/a>[\/vc_column_inner][\/vc_row_inner][\/vc_column][\/vc_row][\/vc_section]\n<\/div>","protected":false},"excerpt":{"rendered":"<p>[vc_row el_class=\u00a0\u00bbpbottom-5 ptop-4&Prime;][vc_column offset=\u00a0\u00bbvc_col-md-offset-2 vc_col-md-8&Prime;][vc_single_image image=\u00a0\u00bb87974&Prime; img_size=\u00a0\u00bblarge\u00a0\u00bb alignment=\u00a0\u00bbcenter\u00a0\u00bb css_animation=\u00a0\u00bbbounceIn\u00a0\u00bb css=\u00a0\u00bb\u00a0\u00bb][vc_btn title=\u00a0\u00bbFAITES UN DON\u00a0\u00bb style=\u00a0\u00bbsolid\u00a0\u00bb color=\u00a0\u00bbdonate_btn\u00a0\u00bb align=\u00a0\u00bbcenter\u00a0\u00bb css=\u00a0\u00bb\u00a0\u00bb link=\u00a0\u00bburl:https%3A%2F%2Fbgcdonors.donorsupport.co%2Fpage%2FFUNBFVAKRMA%3Fform%3Ddonatenow|title:Donate|target:_blank\u00a0\u00bb][\/vc_column][\/vc_row][vc_section full_width=\u00a0\u00bbstretch_row\u00a0\u00bb css=\u00a0\u00bb.vc_custom_1758221797167{background-color: #003B4A00 !important;}\u00a0\u00bb][vc_row full_width=\u00a0\u00bbstretch_row_content_no_spaces\u00a0\u00bb css_animation=\u00a0\u00bbbottom-to-top\u00a0\u00bb css=\u00a0\u00bb.vc_custom_1759178441127{background-color: #003B4A !important;}\u00a0\u00bb el_class=\u00a0\u00bbwave-container navy ptop-7 pbottom-10 stretch-row max-width-1320&Prime;][vc_column][vc_row_inner content_placement=\u00a0\u00bbmiddle\u00a0\u00bb el_class=\u00a0\u00bbpbottom-5&Prime;][vc_column_inner el_class=\u00a0\u00bbcustom-padding\u00a0\u00bb offset=\u00a0\u00bbvc_col-md-6&Prime; css=\u00a0\u00bb.vc_custom_1768602780244{padding-right: 30px !important;padding-left: 30px !important;}\u00a0\u00bb][\/vc_column_inner][vc_column_inner offset=\u00a0\u00bbvc_col-md-6&Prime;][vc_single_image image=\u00a0\u00bb87975&Prime; img_size=\u00a0\u00bbfull\u00a0\u00bb css=\u00a0\u00bb\u00a0\u00bb el_class=\u00a0\u00bbcustom-image-padding\u00a0\u00bb][\/vc_column_inner][\/vc_row_inner][vc_row_inner][vc_column_inner offset=\u00a0\u00bbvc_col-md-offset-2 vc_col-md-8&Prime;][\/vc_column_inner][\/vc_row_inner][vc_row_inner equal_height=\u00a0\u00bbyes\u00a0\u00bb gap=\u00a0\u00bb35&Prime;][vc_column_inner offset=\u00a0\u00bbvc_col-md-4&Prime; css=\u00a0\u00bb.vc_custom_1768602747395{padding-right: 30px !important;padding-left: [&hellip;]<\/p>\n","protected":false},"author":1,"featured_media":87973,"parent":87961,"menu_order":0,"comment_status":"closed","ping_status":"closed","template":"page-templates\/page-general.php","meta":{"_acf_changed":false,"footnotes":""},"class_list":["post-87971","page","type-page","status-publish","has-post-thumbnail","hentry"],"acf":[],"aioseo_notices":[],"_links":{"self":[{"href":"https:\/\/www.bgccan.com\/fr\/wp-json\/wp\/v2\/pages\/87971","targetHints":{"allow":["GET"]}}],"collection":[{"href":"https:\/\/www.bgccan.com\/fr\/wp-json\/wp\/v2\/pages"}],"about":[{"href":"https:\/\/www.bgccan.com\/fr\/wp-json\/wp\/v2\/types\/page"}],"author":[{"embeddable":true,"href":"https:\/\/www.bgccan.com\/fr\/wp-json\/wp\/v2\/users\/1"}],"replies":[{"embeddable":true,"href":"https:\/\/www.bgccan.com\/fr\/wp-json\/wp\/v2\/comments?post=87971"}],"version-history":[{"count":0,"href":"https:\/\/www.bgccan.com\/fr\/wp-json\/wp\/v2\/pages\/87971\/revisions"}],"up":[{"embeddable":true,"href":"https:\/\/www.bgccan.com\/fr\/wp-json\/wp\/v2\/pages\/87961"}],"wp:featuredmedia":[{"embeddable":true,"href":"https:\/\/www.bgccan.com\/fr\/wp-json\/wp\/v2\/media\/87973"}],"wp:attachment":[{"href":"https:\/\/www.bgccan.com\/fr\/wp-json\/wp\/v2\/media?parent=87971"}],"curies":[{"name":"wp","href":"https:\/\/api.w.org\/{rel}","templated":true}]}}