{"id":87978,"date":"2025-04-21T19:25:22","date_gmt":"2025-04-21T19:25:22","guid":{"rendered":"https:\/\/www.bgccan.com\/notre-impact\/nos-resultats\/sustained-wellbeing\/"},"modified":"2026-04-06T17:20:34","modified_gmt":"2026-04-06T17:20:34","slug":"bien-etre-durable","status":"publish","type":"page","link":"https:\/\/www.bgccan.com\/fr\/notre-impact\/nos-resultats\/bien-etre-durable\/","title":{"rendered":"Bien-\u00eatre durable"},"content":{"rendered":"<div class=\"wpb-content-wrapper\">[vc_row el_class=\u00a0\u00bbpbottom-5 ptop-4&Prime;][vc_column offset=\u00a0\u00bbvc_col-md-offset-2 vc_col-md-8&Prime;][vc_single_image image=\u00a0\u00bb87979&Prime; img_size=\u00a0\u00bblarge\u00a0\u00bb alignment=\u00a0\u00bbcenter\u00a0\u00bb css_animation=\u00a0\u00bbbounceIn\u00a0\u00bb css=\u00a0\u00bb\u00a0\u00bb]<div class='content-block section-content wpb_text_column wpb_content_element align-center   txt-navy pbottom-3 fw-bold fs-38 lh-140 ls_minus_38' style=\"margin-bottom: 0px !important;\"><div class='wpb_wrapper'><h2>Gr\u00e2ce \u00e0 une programmation fond\u00e9e sur des donn\u00e9es probantes, les Clubs BGC aident les jeunes \u00e0 adopter un mode de vie sain et actif et \u00e0 d\u00e9velopper leur confiance en soi.<\/h2>\n<\/div><\/div>[vc_btn title=\u00a0\u00bbFAITES UN DON\u00a0\u00bb style=\u00a0\u00bbsolid\u00a0\u00bb color=\u00a0\u00bbdonate_btn\u00a0\u00bb align=\u00a0\u00bbcenter\u00a0\u00bb css=\u00a0\u00bb\u00a0\u00bb link=\u00a0\u00bburl:https%3A%2F%2Fbgcdonors.donorsupport.co%2Fpage%2FFUNBFVAKRMA%3Fform%3Ddonatenow|title:Donate|target:_blank\u00a0\u00bb][\/vc_column][\/vc_row][vc_section full_width=\u00a0\u00bbstretch_row\u00a0\u00bb css=\u00a0\u00bb.vc_custom_1758221797167{background-color: #003B4A00 !important;}\u00a0\u00bb][vc_row full_width=\u00a0\u00bbstretch_row_content_no_spaces\u00a0\u00bb css_animation=\u00a0\u00bbbottom-to-top\u00a0\u00bb css=\u00a0\u00bb.vc_custom_1759178441127{background-color: #003B4A !important;}\u00a0\u00bb el_class=\u00a0\u00bbwave-container navy ptop-7 pbottom-10 stretch-row max-width-1320&Prime;][vc_column][vc_row_inner content_placement=\u00a0\u00bbmiddle\u00a0\u00bb el_class=\u00a0\u00bbpbottom-5&Prime;][vc_column_inner el_class=\u00a0\u00bbcustom-padding\u00a0\u00bb offset=\u00a0\u00bbvc_col-md-6&Prime; css=\u00a0\u00bb.vc_custom_1768602780244{padding-right: 30px !important;padding-left: 30px !important;}\u00a0\u00bb]<div class='content-block section-content wpb_text_column wpb_content_element align-left   txt-white pbottom-2 fw-bold fs-30 lh-140 ls_minus_38' style=\"margin-bottom: 0px !important;\"><div class='wpb_wrapper'><h2>Apprendre \u00e0 faire des choix \u00e9clair\u00e9s qui favorisent leur bien-\u00eatre permet aux jeunes de faire preuve de r\u00e9silience \u00e0 l\u2019\u00e2ge adulte.<\/h2>\n<\/div><\/div><div class='content-block section-content wpb_text_column wpb_content_element align-left   txt-white pbotttom-5 font_weight_default fs-18 lh-160 ' style=\"margin-bottom: 0px !important;\"><div class='wpb_wrapper'><p>Les habitudes acquises pendant l\u2019enfance constituent une base essentielle pour le reste de la vie d\u2019une personne. Les jeunes qui fr\u00e9quentent les Clubs y apprennent chaque jour \u00e0 prendre des d\u00e9cisions b\u00e9n\u00e9fiques pour leur bien-\u00eatre physique, mental et \u00e9motionnel, ce qui les aide \u00e0 se forger leurs propres strat\u00e9gies de bien-\u00eatre.<\/p>\n<p>Le bien-\u00eatre durable est l\u2019un des quatre r\u00e9sultats cl\u00e9s que visent les Clubs BGC, et il se divise en cinq facteurs : choix sains, alimentation, activit\u00e9 physique, attitude positive et r\u00e9silience.<\/p>\n<\/div><\/div>[\/vc_column_inner][vc_column_inner offset=\u00a0\u00bbvc_col-md-6&Prime;][vc_single_image image=\u00a0\u00bb87981&Prime; img_size=\u00a0\u00bbfull\u00a0\u00bb css=\u00a0\u00bb\u00a0\u00bb el_class=\u00a0\u00bbcustom-image-padding\u00a0\u00bb][\/vc_column_inner][\/vc_row_inner][vc_row_inner][vc_column_inner offset=\u00a0\u00bbvc_col-md-offset-2 vc_col-md-8&Prime;]<div class='content-block section-content wpb_text_column wpb_content_element align-center   txt-white mtop-0 mbottom-0 pbottom-10 fw-bold fs-32 lh-140 ls_minus_32' ><div class='wpb_wrapper'><h2 style=\"text-align: center;\">Selon les r\u00e9centes donn\u00e9es de notre sondage de 2025, gr\u00e2ce \u00e0 leur Club :<\/h2>\n<\/div><\/div>[\/vc_column_inner][\/vc_row_inner][vc_row_inner equal_height=\u00a0\u00bbyes\u00a0\u00bb gap=\u00a0\u00bb35&Prime;][vc_column_inner offset=\u00a0\u00bbvc_col-md-4&Prime; css=\u00a0\u00bb.vc_custom_1768602747395{padding-right: 30px !important;padding-left: 30px !important;}\u00a0\u00bb] \n                <div class='wpb_content_element cta cta__card stats-icon '> \n                    <div class='cta__wrapper bg_pale_blue-1'> \n                        <div class='cta__content'> \n\t\t\t\t\t\t\t<div class='cta__icon'><i class='fa-regular fa-check-double'><\/i><\/div>\n\t\t\t\t\t\t\t<h3 class='cta__head'>89%<\/h3> \n\t\t\t\t\t\t\t<div class='cta__desc'><p>de nos jeunes font de meilleurs choix<\/p>\n<\/div>\n\t\t\t\t\t\t\n\t\t\t\t\t\t<\/div> \n\t\t\t\t\t<\/div> \n\t\t\t\t<\/div>[\/vc_column_inner][vc_column_inner offset=\u00a0\u00bbvc_col-md-4&Prime; css=\u00a0\u00bb.vc_custom_1768602755262{padding-right: 30px !important;padding-left: 30px !important;}\u00a0\u00bb] \n                <div class='wpb_content_element cta cta__card stats-icon '> \n                    <div class='cta__wrapper bg_pale_blue-1'> \n                        <div class='cta__content'> \n\t\t\t\t\t\t\t<div class='cta__icon'><i class='fa-regular fa-apple-whole'><\/i><\/div>\n\t\t\t\t\t\t\t<h3 class='cta__head'>80%<\/h3> \n\t\t\t\t\t\t\t<div class='cta__desc'><p>de nos jeunes connaissent mieux les aliments qui sont bons pour leur sant\u00e9<\/p>\n<\/div>\n\t\t\t\t\t\t\n\t\t\t\t\t\t<\/div> \n\t\t\t\t\t<\/div> \n\t\t\t\t<\/div>[\/vc_column_inner][vc_column_inner offset=\u00a0\u00bbvc_col-md-4&Prime; css=\u00a0\u00bb.vc_custom_1768602765027{padding-right: 30px !important;padding-left: 30px !important;}\u00a0\u00bb] \n                <div class='wpb_content_element cta cta__card stats-icon '> \n                    <div class='cta__wrapper bg_pale_blue-1'> \n                        <div class='cta__content'> \n\t\t\t\t\t\t\t<div class='cta__icon'><i class='fa-regular fa-person-running'><\/i><\/div>\n\t\t\t\t\t\t\t<h3 class='cta__head'>90%<\/h3> \n\t\t\t\t\t\t\t<div class='cta__desc'><p>de nos jeunes font davantage d\u2019activit\u00e9 physique<\/p>\n<\/div>\n\t\t\t\t\t\t\n\t\t\t\t\t\t<\/div> \n\t\t\t\t\t<\/div> \n\t\t\t\t<\/div>[\/vc_column_inner][vc_column_inner offset=\u00a0\u00bbvc_col-md-4&Prime; css=\u00a0\u00bb.vc_custom_1768602770953{padding-right: 30px !important;padding-left: 30px !important;}\u00a0\u00bb] \n                <div class='wpb_content_element cta cta__card stats-icon '> \n                    <div class='cta__wrapper bg_pale_blue-1'> \n                        <div class='cta__content'> \n\t\t\t\t\t\t\t<div class='cta__icon'><i class='fa-regular fa-arrow-up-right-dots'><\/i><\/div>\n\t\t\t\t\t\t\t<h3 class='cta__head'>85%<\/h3> \n\t\t\t\t\t\t\t<div class='cta__desc'><p>de nos jeunes ont davantage confiance en leur avenir<\/p>\n<\/div>\n\t\t\t\t\t\t\n\t\t\t\t\t\t<\/div> \n\t\t\t\t\t<\/div> \n\t\t\t\t<\/div>[\/vc_column_inner][vc_column_inner offset=\u00a0\u00bbvc_col-md-4&Prime; css=\u00a0\u00bb.vc_custom_1768602774785{padding-right: 30px !important;padding-left: 30px !important;}\u00a0\u00bb] \n                <div class='wpb_content_element cta cta__card stats-icon '> \n                    <div class='cta__wrapper bg_pale_blue-1'> \n                        <div class='cta__content'> \n\t\t\t\t\t\t\t<div class='cta__icon'><i class='fa-regular fa-seedling'><\/i><\/div>\n\t\t\t\t\t\t\t<h3 class='cta__head'>85%<\/h3> \n\t\t\t\t\t\t\t<div class='cta__desc'><p>de nos jeunes arrivent mieux \u00e0 remonter la pente apr\u00e8s avoir travers\u00e9 une p\u00e9riode difficile<\/p>\n<\/div>\n\t\t\t\t\t\t\n\t\t\t\t\t\t<\/div> \n\t\t\t\t\t<\/div> \n\t\t\t\t<\/div>[\/vc_column_inner][\/vc_row_inner][vc_empty_space][vc_row_inner el_class=\u00a0\u00bbcustom-block-white\u00a0\u00bb][vc_column_inner offset=\u00a0\u00bbvc_col-md-offset-2 vc_col-md-8&Prime; css=\u00a0\u00bb.vc_custom_1760717652882{background-color: #FFFFFF !important;}\u00a0\u00bb]<div class='content-block section-content wpb_text_column wpb_content_element align-center   txt-navy margin-0 pbottom-1 fw-bold fs-24 lh-140 ls_minus_32' ><div class='wpb_wrapper'><p>\u00ab \u00c0 mon avis, les Clubs BGC aident \u00e0 guider les jeunes dans la bonne direction sur le chemin de la vie. Leur contexte de vie n\u2019est pas toujours facile, et les Clubs les aident \u00e0 trouver une voie \u00e0 suivre qui, je crois, am\u00e9liorera leur vie et celle de leur famille. \u00bb<\/p>\n<\/div><\/div><div class='content-block section-content wpb_text_column wpb_content_element align-center   txt-dark-grey  font_weight_default fs-18 lh-160 ' ><div class='wpb_wrapper'><p>&#8211;<span style=\"font-weight: 400;\">Art Eggleton, qui a \u00e9t\u00e9 le plus longtemps maire de toute l\u2019histoire de Toronto, membre du<\/span><a href=\"https:\/\/www.bgccan.com\/fr\/a-propos-de-nous\/temple-de-la-renommee\/\"> <span style=\"font-weight: 400;\">Temple de la renomm\u00e9e BGC<\/span><\/a><\/p>\n<\/div><\/div>[\/vc_column_inner][\/vc_row_inner][\/vc_column][\/vc_row][\/vc_section][vc_section el_class=\u00a0\u00bbptop-0&Prime;][vc_row full_width=\u00a0\u00bbstretch_row\u00a0\u00bb el_class=\u00a0\u00bbwave-container white ptop-8 pbottom-4&Prime; css=\u00a0\u00bb.vc_custom_1758469066438{background-color: #FFFFFF !important;}\u00a0\u00bb][vc_column][vc_row_inner][vc_column_inner]\n\t\t\t\t<a href='https:\/\/www.bgccan.com\/fr\/devenez-partenaires\/communiquez-avec-notre-equipe-des-partenariats\/' class='wpb_content_element cta cta__card lg  align-right ' target='' rel=''>\n\t\t\t\t\t<div class='cta__wrapper bg_pale_blue-1'>\n\t\t\t\t\t\t<div class=\"cta__img\"><img decoding=\"async\" src=\"https:\/\/www.bgccan.com\/wp-content\/uploads\/2026\/01\/Sustained_Wellbeing_Dark_Background_v2.webp\" alt=\"A child smiling and holding a handmade sign that reads \u2018I feel loving,\u2019 decorated with hearts.\"><\/div>\n\t\t\t\t\t\t<div class='cta__content'>\n\t\t\t\t\t\t\t<div class='cta__top'>\n\t\t\t\t\t\t\t\t\n\t\t\t\t\t\t\t\t<h3 class='cta__head'>Favorisez le bien-\u00eatre des jeunes de tout le pays<\/h3>\n\t\t\t\t\t\t\t<\/div>\n\t\t\t\t\t\t\t<div class='cta__bot'>\n\t\t\t\t\t\t\t\t<div class='cta__desc'><p>Notre Fonds pour la sant\u00e9 mentale fournit aux Clubs BGC les ressources qu\u2019il leur faut pour r\u00e9pondre aux besoins en sant\u00e9 mentale de leur collectivit\u00e9.<\/p>\n<\/div>\n\t\t\t\t\t\t\t\t<div class='cta__link'>\n\t\t\t\t\t\t\t\t\tDevenez partenaire\n\t\t\t\t\t\t\t\t\t<i class=\"fa-solid fa-arrow-right\"><\/i>\n\t\t\t\t\t\t\t\t<\/div>\n\t\t\t\t\t\t\t<\/div>\n\t\t\t\t\t\t<\/div>\n\t\t\t\t\t<\/div>\n\t\t\t\t<\/a>[\/vc_column_inner][\/vc_row_inner][\/vc_column][\/vc_row][\/vc_section]\n<\/div>","protected":false},"excerpt":{"rendered":"<p>[vc_row el_class=\u00a0\u00bbpbottom-5 ptop-4&Prime;][vc_column offset=\u00a0\u00bbvc_col-md-offset-2 vc_col-md-8&Prime;][vc_single_image image=\u00a0\u00bb87979&Prime; img_size=\u00a0\u00bblarge\u00a0\u00bb alignment=\u00a0\u00bbcenter\u00a0\u00bb css_animation=\u00a0\u00bbbounceIn\u00a0\u00bb css=\u00a0\u00bb\u00a0\u00bb][vc_btn title=\u00a0\u00bbFAITES UN DON\u00a0\u00bb style=\u00a0\u00bbsolid\u00a0\u00bb color=\u00a0\u00bbdonate_btn\u00a0\u00bb align=\u00a0\u00bbcenter\u00a0\u00bb css=\u00a0\u00bb\u00a0\u00bb link=\u00a0\u00bburl:https%3A%2F%2Fbgcdonors.donorsupport.co%2Fpage%2FFUNBFVAKRMA%3Fform%3Ddonatenow|title:Donate|target:_blank\u00a0\u00bb][\/vc_column][\/vc_row][vc_section full_width=\u00a0\u00bbstretch_row\u00a0\u00bb css=\u00a0\u00bb.vc_custom_1758221797167{background-color: #003B4A00 !important;}\u00a0\u00bb][vc_row full_width=\u00a0\u00bbstretch_row_content_no_spaces\u00a0\u00bb css_animation=\u00a0\u00bbbottom-to-top\u00a0\u00bb css=\u00a0\u00bb.vc_custom_1759178441127{background-color: #003B4A !important;}\u00a0\u00bb el_class=\u00a0\u00bbwave-container navy ptop-7 pbottom-10 stretch-row max-width-1320&Prime;][vc_column][vc_row_inner content_placement=\u00a0\u00bbmiddle\u00a0\u00bb el_class=\u00a0\u00bbpbottom-5&Prime;][vc_column_inner el_class=\u00a0\u00bbcustom-padding\u00a0\u00bb offset=\u00a0\u00bbvc_col-md-6&Prime; css=\u00a0\u00bb.vc_custom_1768602780244{padding-right: 30px !important;padding-left: 30px !important;}\u00a0\u00bb][\/vc_column_inner][vc_column_inner offset=\u00a0\u00bbvc_col-md-6&Prime;][vc_single_image image=\u00a0\u00bb87981&Prime; img_size=\u00a0\u00bbfull\u00a0\u00bb css=\u00a0\u00bb\u00a0\u00bb el_class=\u00a0\u00bbcustom-image-padding\u00a0\u00bb][\/vc_column_inner][\/vc_row_inner][vc_row_inner][vc_column_inner offset=\u00a0\u00bbvc_col-md-offset-2 vc_col-md-8&Prime;][\/vc_column_inner][\/vc_row_inner][vc_row_inner equal_height=\u00a0\u00bbyes\u00a0\u00bb gap=\u00a0\u00bb35&Prime;][vc_column_inner offset=\u00a0\u00bbvc_col-md-4&Prime; css=\u00a0\u00bb.vc_custom_1768602747395{padding-right: 30px !important;padding-left: [&hellip;]<\/p>\n","protected":false},"author":1,"featured_media":87980,"parent":87961,"menu_order":0,"comment_status":"closed","ping_status":"closed","template":"page-templates\/page-general.php","meta":{"_acf_changed":false,"footnotes":""},"class_list":["post-87978","page","type-page","status-publish","has-post-thumbnail","hentry"],"acf":[],"aioseo_notices":[],"_links":{"self":[{"href":"https:\/\/www.bgccan.com\/fr\/wp-json\/wp\/v2\/pages\/87978","targetHints":{"allow":["GET"]}}],"collection":[{"href":"https:\/\/www.bgccan.com\/fr\/wp-json\/wp\/v2\/pages"}],"about":[{"href":"https:\/\/www.bgccan.com\/fr\/wp-json\/wp\/v2\/types\/page"}],"author":[{"embeddable":true,"href":"https:\/\/www.bgccan.com\/fr\/wp-json\/wp\/v2\/users\/1"}],"replies":[{"embeddable":true,"href":"https:\/\/www.bgccan.com\/fr\/wp-json\/wp\/v2\/comments?post=87978"}],"version-history":[{"count":0,"href":"https:\/\/www.bgccan.com\/fr\/wp-json\/wp\/v2\/pages\/87978\/revisions"}],"up":[{"embeddable":true,"href":"https:\/\/www.bgccan.com\/fr\/wp-json\/wp\/v2\/pages\/87961"}],"wp:featuredmedia":[{"embeddable":true,"href":"https:\/\/www.bgccan.com\/fr\/wp-json\/wp\/v2\/media\/87980"}],"wp:attachment":[{"href":"https:\/\/www.bgccan.com\/fr\/wp-json\/wp\/v2\/media?parent=87978"}],"curies":[{"name":"wp","href":"https:\/\/api.w.org\/{rel}","templated":true}]}}