{"id":87984,"date":"2025-04-21T19:25:39","date_gmt":"2025-04-21T19:25:39","guid":{"rendered":"https:\/\/www.bgccan.com\/notre-impact\/nos-resultats\/positive-relationships\/"},"modified":"2026-04-06T17:23:16","modified_gmt":"2026-04-06T17:23:16","slug":"relations-positives","status":"publish","type":"page","link":"https:\/\/www.bgccan.com\/fr\/notre-impact\/nos-resultats\/relations-positives\/","title":{"rendered":"Relations positives"},"content":{"rendered":"<div class=\"wpb-content-wrapper\">[vc_row el_class=\u00a0\u00bbpbottom-5 ptop-4&Prime;][vc_column offset=\u00a0\u00bbvc_col-md-offset-2 vc_col-md-8&Prime;][vc_single_image image=\u00a0\u00bb87985&Prime; img_size=\u00a0\u00bblarge\u00a0\u00bb alignment=\u00a0\u00bbcenter\u00a0\u00bb css_animation=\u00a0\u00bbbounceIn\u00a0\u00bb css=\u00a0\u00bb\u00a0\u00bb]<div class='content-block section-content wpb_text_column wpb_content_element align-center   txt-navy pbottom-3 fw-bold fs-38 lh-140 ls_minus_38' style=\"margin-bottom: 0px !important;\"><div class='wpb_wrapper'><h2>Les Clubs BGC aident les jeunes personnes qui les fr\u00e9quentent \u00e0 entretenir des relations saines avec elles-m\u00eames et avec les autres en les mettant en contact avec un r\u00e9seau de gens qui ont leur bien-\u00eatre \u00e0 c\u0153ur.<\/h2>\n<\/div><\/div>[vc_btn title=\u00a0\u00bbFAITES UN DON\u00a0\u00bb style=\u00a0\u00bbsolid\u00a0\u00bb color=\u00a0\u00bbdonate_btn\u00a0\u00bb align=\u00a0\u00bbcenter\u00a0\u00bb css=\u00a0\u00bb\u00a0\u00bb link=\u00a0\u00bburl:https%3A%2F%2Fbgcdonors.donorsupport.co%2Fpage%2FFUNBFVAKRMA%3Fform%3Ddonatenow|title:Donate|target:_blank\u00a0\u00bb][\/vc_column][\/vc_row][vc_section full_width=\u00a0\u00bbstretch_row\u00a0\u00bb css=\u00a0\u00bb.vc_custom_1758221797167{background-color: #003B4A00 !important;}\u00a0\u00bb][vc_row full_width=\u00a0\u00bbstretch_row_content_no_spaces\u00a0\u00bb css_animation=\u00a0\u00bbbottom-to-top\u00a0\u00bb css=\u00a0\u00bb.vc_custom_1759178441127{background-color: #003B4A !important;}\u00a0\u00bb el_class=\u00a0\u00bbwave-container navy ptop-7 pbottom-10 stretch-row max-width-1320&Prime;][vc_column][vc_row_inner content_placement=\u00a0\u00bbmiddle\u00a0\u00bb el_class=\u00a0\u00bbpbottom-5&Prime;][vc_column_inner el_class=\u00a0\u00bbcustom-padding\u00a0\u00bb offset=\u00a0\u00bbvc_col-md-6&Prime; css=\u00a0\u00bb.vc_custom_1768602780244{padding-right: 30px !important;padding-left: 30px !important;}\u00a0\u00bb]<div class='content-block section-content wpb_text_column wpb_content_element align-left   txt-white pbottom-2 fw-bold fs-30 lh-140 ls_minus_38' style=\"margin-bottom: 0px !important;\"><div class='wpb_wrapper'><h2>Les relations positives et les liens sociaux significatifs sont des \u00e9l\u00e9ments essentiels d\u2019une enfance saine.<\/h2>\n<\/div><\/div><div class='content-block section-content wpb_text_column wpb_content_element align-left   txt-white pbotttom-5 font_weight_default fs-18 lh-160 ' style=\"margin-bottom: 0px !important;\"><div class='wpb_wrapper'><p>Les relations des jeunes avec des pairs et des adultes qui les soutiennent constituent un facteur de protection contre diverses cons\u00e9quences n\u00e9gatives et les aident \u00e0 acqu\u00e9rir des comp\u00e9tences sociales qui leur serviront toute leur vie. Les Clubs BGC offrent un milieu qui encourage d\u00e9lib\u00e9r\u00e9ment l\u2019\u00e9tablissement et l\u2019entretien de relations positives, o\u00f9 toutes les jeunes personnes, qu\u2019elles soient extraverties ou introverties, peuvent cr\u00e9er des liens qui comptent.<\/p>\n<p>Les relations positives sont l\u2019un des quatre r\u00e9sultats cl\u00e9s que visent les Clubs BGC, et il se divise en cinq facteurs : liens, r\u00e9solution de conflits, sentiment d\u2019appartenance, acceptation de soi et acceptation des autres. <mark class=\"text-brightgreen\">Selon les donn\u00e9es de notre plus r\u00e9cent sondage : <\/mark><\/p>\n<\/div><\/div>[\/vc_column_inner][vc_column_inner offset=\u00a0\u00bbvc_col-md-6&Prime;][vc_single_image image=\u00a0\u00bb87988&Prime; img_size=\u00a0\u00bbfull\u00a0\u00bb css=\u00a0\u00bb\u00a0\u00bb el_class=\u00a0\u00bbcustom-image-padding\u00a0\u00bb][\/vc_column_inner][\/vc_row_inner][vc_row_inner][vc_column_inner offset=\u00a0\u00bbvc_col-md-offset-2 vc_col-md-8&Prime;]<div class='content-block section-content wpb_text_column wpb_content_element align-center   txt-white mtop-0 mbottom-0 pbottom-10 fw-bold fs-32 lh-140 ls_minus_32' ><div class='wpb_wrapper'><h2 style=\"text-align: center;\">Gr\u00e2ce \u00e0 leur Club&#8230;<\/h2>\n<\/div><\/div>[\/vc_column_inner][\/vc_row_inner][vc_row_inner equal_height=\u00a0\u00bbyes\u00a0\u00bb gap=\u00a0\u00bb35&Prime;][vc_column_inner offset=\u00a0\u00bbvc_col-md-4&Prime; css=\u00a0\u00bb.vc_custom_1768602747395{padding-right: 30px !important;padding-left: 30px !important;}\u00a0\u00bb] \n                <div class='wpb_content_element cta cta__card stats-icon '> \n                    <div class='cta__wrapper bg_pale_blue-1'> \n                        <div class='cta__content'> \n\t\t\t\t\t\t\t<div class='cta__icon'><i class='fa-regular fa-users'><\/i><\/div>\n\t\t\t\t\t\t\t<h3 class='cta__head'>95%<\/h3> \n\t\t\t\t\t\t\t<div class='cta__desc'><p>de nos jeunes ont rencontr\u00e9 plus de personnes qu\u2019elles aiment bien c\u00f4toyer<\/p>\n<\/div>\n\t\t\t\t\t\t\n\t\t\t\t\t\t<\/div> \n\t\t\t\t\t<\/div> \n\t\t\t\t<\/div>[\/vc_column_inner][vc_column_inner offset=\u00a0\u00bbvc_col-md-4&Prime; css=\u00a0\u00bb.vc_custom_1768602755262{padding-right: 30px !important;padding-left: 30px !important;}\u00a0\u00bb] \n                <div class='wpb_content_element cta cta__card stats-icon '> \n                    <div class='cta__wrapper bg_pale_blue-1'> \n                        <div class='cta__content'> \n\t\t\t\t\t\t\t<div class='cta__icon'><i class='fa-regular fa-handshake'><\/i><\/div>\n\t\t\t\t\t\t\t<h3 class='cta__head'>79%<\/h3> \n\t\t\t\t\t\t\t<div class='cta__desc'><p>de nos jeunes sont plus apte \u00e0 r\u00e9soudre leurs disputes avec les autres<\/p>\n<\/div>\n\t\t\t\t\t\t\n\t\t\t\t\t\t<\/div> \n\t\t\t\t\t<\/div> \n\t\t\t\t<\/div>[\/vc_column_inner][vc_column_inner offset=\u00a0\u00bbvc_col-md-4&Prime; css=\u00a0\u00bb.vc_custom_1768602765027{padding-right: 30px !important;padding-left: 30px !important;}\u00a0\u00bb] \n                <div class='wpb_content_element cta cta__card stats-icon '> \n                    <div class='cta__wrapper bg_pale_blue-1'> \n                        <div class='cta__content'> \n\t\t\t\t\t\t\t<div class='cta__icon'><i class='fa-regular fa-heart'><\/i><\/div>\n\t\t\t\t\t\t\t<h3 class='cta__head'>87%<\/h3> \n\t\t\t\t\t\t\t<div class='cta__desc'><p>de nos jeunes ont l\u2019impression d\u2019avoir de l\u2019importance aux yeux des autres<\/p>\n<\/div>\n\t\t\t\t\t\t\n\t\t\t\t\t\t<\/div> \n\t\t\t\t\t<\/div> \n\t\t\t\t<\/div>[\/vc_column_inner][vc_column_inner offset=\u00a0\u00bbvc_col-md-4&Prime; css=\u00a0\u00bb.vc_custom_1768602770953{padding-right: 30px !important;padding-left: 30px !important;}\u00a0\u00bb] \n                <div class='wpb_content_element cta cta__card stats-icon '> \n                    <div class='cta__wrapper bg_pale_blue-1'> \n                        <div class='cta__content'> \n\t\t\t\t\t\t\t<div class='cta__icon'><i class='fa-regular fa-child-reaching'><\/i><\/div>\n\t\t\t\t\t\t\t<h3 class='cta__head'>90%<\/h3> \n\t\t\t\t\t\t\t<div class='cta__desc'><p>de nos jeunes sont plus \u00e0 l\u2019aise d\u2019\u00eatre elles-m\u00eames<\/p>\n<\/div>\n\t\t\t\t\t\t\n\t\t\t\t\t\t<\/div> \n\t\t\t\t\t<\/div> \n\t\t\t\t<\/div>[\/vc_column_inner][vc_column_inner offset=\u00a0\u00bbvc_col-md-4&Prime; css=\u00a0\u00bb.vc_custom_1768602774785{padding-right: 30px !important;padding-left: 30px !important;}\u00a0\u00bb] \n                <div class='wpb_content_element cta cta__card stats-icon '> \n                    <div class='cta__wrapper bg_pale_blue-1'> \n                        <div class='cta__content'> \n\t\t\t\t\t\t\t<div class='cta__icon'><i class='fa-regular fa-face-smile'><\/i><\/div>\n\t\t\t\t\t\t\t<h3 class='cta__head'>90%<\/h3> \n\t\t\t\t\t\t\t<div class='cta__desc'><p>de nos jeunes ont davantage conscience des sentiments des autres<\/p>\n<\/div>\n\t\t\t\t\t\t\n\t\t\t\t\t\t<\/div> \n\t\t\t\t\t<\/div> \n\t\t\t\t<\/div>[\/vc_column_inner][\/vc_row_inner][vc_row_inner el_class=\u00a0\u00bbptop-10 custom-block-white\u00a0\u00bb][vc_column_inner offset=\u00a0\u00bbvc_col-md-offset-2 vc_col-md-8&Prime; css=\u00a0\u00bb.vc_custom_1760717652882{background-color: #FFFFFF !important;}\u00a0\u00bb]<div class='content-block section-content wpb_text_column wpb_content_element align-center   txt-navy margin-0 pbottom-1 fw-bold fs-24 lh-140 ls_minus_32' ><div class='wpb_wrapper'><p>\u00ab Il est essentiel que les enfants puissent travailler avec des adultes et d\u2019autres enfants pour apprendre \u00e0 r\u00e9soudre des probl\u00e8mes, \u00e0 comprendre le point de vue des autres et \u00e0 mieux se conna\u00eetre soi-m\u00eame; voil\u00e0 le genre d\u2019exp\u00e9riences auxquelles les Clubs BGC donnent lieu intentionnellement! \u00bb<\/p>\n<\/div><\/div><div class='content-block section-content wpb_text_column wpb_content_element align-center   txt-dark-grey  font_weight_default fs-18 lh-160 ' ><div class='wpb_wrapper'><p>&#8211;<span style=\"font-weight: 400;\">D<\/span><span style=\"font-weight: 400;\">re<\/span><span style=\"font-weight: 400;\"> Jean Clinton, p\u00e9dopsychiatre et membre du<\/span><a href=\"https:\/\/www.bgccan.com\/fr\/a-propos-de-nous\/temple-de-la-renommee\/\"> <span style=\"font-weight: 400;\">Temple de la renomm\u00e9e BGC<\/span><\/a><\/p>\n<\/div><\/div>[\/vc_column_inner][\/vc_row_inner][\/vc_column][\/vc_row][\/vc_section][vc_section el_class=\u00a0\u00bbptop-0&Prime;][vc_row full_width=\u00a0\u00bbstretch_row\u00a0\u00bb el_class=\u00a0\u00bbwave-container white ptop-8 pbottom-4&Prime; css=\u00a0\u00bb.vc_custom_1758469066438{background-color: #FFFFFF !important;}\u00a0\u00bb][vc_column][vc_row_inner][vc_column_inner]\n\t\t\t\t<a href='https:\/\/www.bgccan.com\/fr\/devenez-partenaires\/communiquez-avec-notre-equipe-des-partenariats\/' class='wpb_content_element cta cta__card lg  align-right ' target='' rel=''>\n\t\t\t\t\t<div class='cta__wrapper bg_pale_blue-1'>\n\t\t\t\t\t\t<div class=\"cta__img\"><img decoding=\"async\" src=\"https:\/\/www.bgccan.com\/wp-content\/uploads\/2026\/01\/Positive_Relationships_Bottom_CTA.webp\" alt=\"A child smiling and holding a handmade sign that reads \u2018I help others,\u2019 decorated with colorful drawings.\"><\/div>\n\t\t\t\t\t\t<div class='cta__content'>\n\t\t\t\t\t\t\t<div class='cta__top'>\n\t\t\t\t\t\t\t\t\n\t\t\t\t\t\t\t\t<h3 class='cta__head'>Les relations positives changent tout. Discutons-en!<\/h3>\n\t\t\t\t\t\t\t<\/div>\n\t\t\t\t\t\t\t<div class='cta__bot'>\n\t\t\t\t\t\t\t\t<div class='cta__desc'><p>Communiquez avec notre \u00e9quipe de partenariats et philanthropie pour nous aider \u00e0 susciter un impact durable dans la vie des enfants et des ados du Canada.<\/p>\n<\/div>\n\t\t\t\t\t\t\t\t<div class='cta__link'>\n\t\t\t\t\t\t\t\t\tDevenez partenaire\n\t\t\t\t\t\t\t\t\t<i class=\"fa-solid fa-arrow-right\"><\/i>\n\t\t\t\t\t\t\t\t<\/div>\n\t\t\t\t\t\t\t<\/div>\n\t\t\t\t\t\t<\/div>\n\t\t\t\t\t<\/div>\n\t\t\t\t<\/a>[\/vc_column_inner][\/vc_row_inner][\/vc_column][\/vc_row][\/vc_section]\n<\/div>","protected":false},"excerpt":{"rendered":"<p>[vc_row el_class=\u00a0\u00bbpbottom-5 ptop-4&Prime;][vc_column offset=\u00a0\u00bbvc_col-md-offset-2 vc_col-md-8&Prime;][vc_single_image image=\u00a0\u00bb87985&Prime; img_size=\u00a0\u00bblarge\u00a0\u00bb alignment=\u00a0\u00bbcenter\u00a0\u00bb css_animation=\u00a0\u00bbbounceIn\u00a0\u00bb css=\u00a0\u00bb\u00a0\u00bb][vc_btn title=\u00a0\u00bbFAITES UN DON\u00a0\u00bb style=\u00a0\u00bbsolid\u00a0\u00bb color=\u00a0\u00bbdonate_btn\u00a0\u00bb align=\u00a0\u00bbcenter\u00a0\u00bb css=\u00a0\u00bb\u00a0\u00bb link=\u00a0\u00bburl:https%3A%2F%2Fbgcdonors.donorsupport.co%2Fpage%2FFUNBFVAKRMA%3Fform%3Ddonatenow|title:Donate|target:_blank\u00a0\u00bb][\/vc_column][\/vc_row][vc_section full_width=\u00a0\u00bbstretch_row\u00a0\u00bb css=\u00a0\u00bb.vc_custom_1758221797167{background-color: #003B4A00 !important;}\u00a0\u00bb][vc_row full_width=\u00a0\u00bbstretch_row_content_no_spaces\u00a0\u00bb css_animation=\u00a0\u00bbbottom-to-top\u00a0\u00bb css=\u00a0\u00bb.vc_custom_1759178441127{background-color: #003B4A !important;}\u00a0\u00bb el_class=\u00a0\u00bbwave-container navy ptop-7 pbottom-10 stretch-row max-width-1320&Prime;][vc_column][vc_row_inner content_placement=\u00a0\u00bbmiddle\u00a0\u00bb el_class=\u00a0\u00bbpbottom-5&Prime;][vc_column_inner el_class=\u00a0\u00bbcustom-padding\u00a0\u00bb offset=\u00a0\u00bbvc_col-md-6&Prime; css=\u00a0\u00bb.vc_custom_1768602780244{padding-right: 30px !important;padding-left: 30px !important;}\u00a0\u00bb][\/vc_column_inner][vc_column_inner offset=\u00a0\u00bbvc_col-md-6&Prime;][vc_single_image image=\u00a0\u00bb87988&Prime; img_size=\u00a0\u00bbfull\u00a0\u00bb css=\u00a0\u00bb\u00a0\u00bb el_class=\u00a0\u00bbcustom-image-padding\u00a0\u00bb][\/vc_column_inner][\/vc_row_inner][vc_row_inner][vc_column_inner offset=\u00a0\u00bbvc_col-md-offset-2 vc_col-md-8&Prime;][\/vc_column_inner][\/vc_row_inner][vc_row_inner equal_height=\u00a0\u00bbyes\u00a0\u00bb gap=\u00a0\u00bb35&Prime;][vc_column_inner offset=\u00a0\u00bbvc_col-md-4&Prime; css=\u00a0\u00bb.vc_custom_1768602747395{padding-right: 30px !important;padding-left: [&hellip;]<\/p>\n","protected":false},"author":1,"featured_media":87986,"parent":87961,"menu_order":0,"comment_status":"closed","ping_status":"closed","template":"page-templates\/page-general.php","meta":{"_acf_changed":false,"footnotes":""},"class_list":["post-87984","page","type-page","status-publish","has-post-thumbnail","hentry"],"acf":[],"aioseo_notices":[],"_links":{"self":[{"href":"https:\/\/www.bgccan.com\/fr\/wp-json\/wp\/v2\/pages\/87984","targetHints":{"allow":["GET"]}}],"collection":[{"href":"https:\/\/www.bgccan.com\/fr\/wp-json\/wp\/v2\/pages"}],"about":[{"href":"https:\/\/www.bgccan.com\/fr\/wp-json\/wp\/v2\/types\/page"}],"author":[{"embeddable":true,"href":"https:\/\/www.bgccan.com\/fr\/wp-json\/wp\/v2\/users\/1"}],"replies":[{"embeddable":true,"href":"https:\/\/www.bgccan.com\/fr\/wp-json\/wp\/v2\/comments?post=87984"}],"version-history":[{"count":0,"href":"https:\/\/www.bgccan.com\/fr\/wp-json\/wp\/v2\/pages\/87984\/revisions"}],"up":[{"embeddable":true,"href":"https:\/\/www.bgccan.com\/fr\/wp-json\/wp\/v2\/pages\/87961"}],"wp:featuredmedia":[{"embeddable":true,"href":"https:\/\/www.bgccan.com\/fr\/wp-json\/wp\/v2\/media\/87986"}],"wp:attachment":[{"href":"https:\/\/www.bgccan.com\/fr\/wp-json\/wp\/v2\/media?parent=87984"}],"curies":[{"name":"wp","href":"https:\/\/api.w.org\/{rel}","templated":true}]}}