{"id":88002,"date":"2025-04-21T19:35:26","date_gmt":"2025-04-21T19:35:26","guid":{"rendered":"https:\/\/www.bgccan.com\/a-propos\/alumni-hall-of-fame\/"},"modified":"2026-04-10T15:58:29","modified_gmt":"2026-04-10T15:58:29","slug":"temple-de-la-renommee","status":"publish","type":"page","link":"https:\/\/www.bgccan.com\/fr\/a-propos-de-nous\/temple-de-la-renommee\/","title":{"rendered":"Temple de la renomm\u00e9e"},"content":{"rendered":"<div class=\"wpb-content-wrapper\">[vc_section el_class=\u00a0\u00bbteam-section-nat\u00a0\u00bb][vc_row equal_height=\u00a0\u00bbyes\u00a0\u00bb content_placement=\u00a0\u00bbmiddle\u00a0\u00bb css_animation=\u00a0\u00bbbottom-to-top\u00a0\u00bb][vc_column offset=\u00a0\u00bbvc_col-md-6&Prime;]<div class='content-block section-content wpb_text_column wpb_content_element align-left     font_weight_default fs-36  ' ><div class='wpb_wrapper'><h2>BGC Canada lance son tout premier Temple de la renomm\u00e9e BGC<\/h2>\n<\/div><\/div><div class='content-block section-content wpb_text_column wpb_content_element align-left     font_weight_default fs-18  ' style=\"margin-top: 0px !important;\"><div class='wpb_wrapper'><p>BGC Canada (anciennement Repaires jeunesse du Canada), la plus grande organisation du pays au service de l\u2019enfance et de la jeunesse, a le plaisir de vous pr\u00e9senter les premi\u00e8res intronisations du Temple de la renomm\u00e9e BGC. Ces personnes ont toutes \u00e9t\u00e9 membres de Clubs BGC lorsqu\u2019elles \u00e9taient plus jeunes. Elles incarnent le changement positif et sont devenues des leaders et des mod\u00e8les dans leurs communaut\u00e9s respectives.<\/p>\n<\/div><\/div>[\/vc_column][vc_column offset=\u00a0\u00bbvc_col-md-offset-1 vc_col-md-5&Prime;][vc_single_image image=\u00a0\u00bb89628&Prime; img_size=\u00a0\u00bbfull\u00a0\u00bb css_animation=\u00a0\u00bbslideInRight\u00a0\u00bb css=\u00a0\u00bb\u00a0\u00bb][\/vc_column][\/vc_row][vc_row css_animation=\u00a0\u00bbbottom-to-top\u00a0\u00bb][vc_column][vc_tta_tabs][vc_tta_section title=\u00a0\u00bb2024&Prime; tab_id=\u00a0\u00bbyoy-2024&Prime;]<h2 class='innermost-section-heading align-left  ' >Voici les personnes intronis\u00e9es au Temple de la renomm\u00e9e BGC pour 2024<\/h2><div class='content-block section-content wpb_text_column wpb_content_element align-left     font_weight_default   ' ><div class='wpb_wrapper'><p style=\"text-align: left;\"><strong>Les personnes intronis\u00e9es sont Taylor Hall, vedette de la LNH, Kayla Grey, c\u00e9l\u00e8bre animatrice sportive, la Dre Jean Clinton, p\u00e9dopsychiatre de renomm\u00e9e mondiale, et Art Eggleton, politicien.<\/strong><\/p>\n<p style=\"text-align: left;\">Leur intronisation a eu lieu le vendredi 31 mai lors d\u2019une soir\u00e9e de gala anim\u00e9e par le c\u00e9l\u00e8bre com\u00e9dien canadien Steve Patterson, animateur de l\u2019\u00e9mission The Debaters, sur la cha\u00eene CBC. Patterson a lui aussi \u00e9t\u00e9 membre du Club au cours de sa jeunesse, et il sait que les Clubs peuvent changer une vie.<\/p>\n<p style=\"text-align: left;\">Auparavant membres de Clubs BGC, les personnalit\u00e9s canadiennes intronis\u00e9es en 2024 sont issues de divers milieux professionnels : m\u00e9dias, sport, \u00e9ducation et politique.<\/p>\n<\/div><\/div>[vc_video link=\u00a0\u00bbhttps:\/\/vimeo.com\/1010710534?fl=pl&amp;fe=sh\u00a0\u00bb css=\u00a0\u00bb\u00a0\u00bb]<div class='content-block section-content wpb_text_column wpb_content_element align-left     font_weight_default   ' ><div class='wpb_wrapper'><div class=\"teams_list grp_temple-de-la-renommee\">\n\t\t\t\t\t\t<div tabindex=\"0\" class=\"team temple-de-la-renommee art-eggleton \" data-index=\"87583\">\n\t\t\t\t\t\t\t<div class=\"team__wrap\">\n\t\t\t\t\t\t\t\t\n                        <div class=\"team__img dept_anciens-membres-2024\" style=\"background-image: url(https:\/\/www.bgccan.com\/wp-content\/uploads\/2025\/05\/AHOF-headshots-Art-1.png);\">\n                            <div class=\"team__img-hover\" style=\"background-image: url();\"><\/div>\n                        <\/div>\n\t\t\t\t\t\t\t\t<div class=\"team__content\">\n                                    <div class=\"team__info-wrapper\">\n                                        <h3 class=\"t_name\">Art Eggleton<\/h3>\n                                        \n                                        \n                                        \n                                        \n                                        BGC Toronto Kiwanis\n                                        \n                                        \n\t\t\t\t\t\t\t\t\t\t<div class=\"t_content\"><p>Art Eggleton a travaill\u00e9 pendant plus de 45 ans au service de la population canadienne et de la ville de Toronto dans le cadre de fonctions publiques. D\u2019abord conseiller municipal de Toronto en 1970, Art Eggleton est devenu maire de la ville (1980-1991), avant d\u2019\u00eatre d\u00e9put\u00e9 (1993-2004), puis ministre pendant 9 ans, et enfin s\u00e9nateur \u00e0 partir de 2005 jusqu\u2019\u00e0 sa retraite en 2018. Il a alors poursuivi ses activit\u00e9s au sein de la communaut\u00e9 aupr\u00e8s du Kiwanis Club de la Toronto Foundation et de BGC Toronto Kiwanis (anciennement Repaires jeunesse du Toronto Kiwanis). Sur les plans international et national, il occupe un poste de vice-pr\u00e9sident \u00e0 l\u2019Internationale lib\u00e9rale, et il est pr\u00e9sident du Groupe canadien de cette organisation.<\/p>\n<p><strong>Implication actuelle aupr\u00e8s des Clubs :<\/strong> Actif au sein la communaut\u00e9 de Kiwanis, Art Eggleton a jou\u00e9 un r\u00f4le majeur dans la fusion du Cabbagetown Youth Centre avec BGC Toronto Kiwanis. Actuellement, il dirige la campagne pour la collecte de fonds Opportunity Changes Everything Capital Campaign. Les fonds r\u00e9colt\u00e9s permettront de restaurer le Club du Cabbagetown Youth Centre et de relancer des programmes importants concernant les activit\u00e9s apr\u00e8s l\u2019\u00e9cole et les camps de jour pendant les vacances d\u2019\u00e9t\u00e9.<\/p>\n<\/div>\n\t\t\t\t\t\t\t\t\t\t\n                                    <\/div>\n\t\t\t\t\t\t\t\t\t\n\t\t\t\t\t\t\t\t<\/div>\n\t\t\t\t\t\t\t<\/div>\n\t\t\t\t\t\t<\/div>\n\t\t\t\t\t\n\t\t\t\t\t\t<div tabindex=\"0\" class=\"team temple-de-la-renommee dr-jean-clinton \" data-index=\"87644\">\n\t\t\t\t\t\t\t<div class=\"team__wrap\">\n\t\t\t\t\t\t\t\t\n                        <div class=\"team__img dept_anciens-membres-2024\" style=\"background-image: url(https:\/\/www.bgccan.com\/wp-content\/uploads\/2025\/05\/AHOF-headshots-Jean.png);\">\n                            <div class=\"team__img-hover\" style=\"background-image: url();\"><\/div>\n                        <\/div>\n\t\t\t\t\t\t\t\t<div class=\"team__content\">\n                                    <div class=\"team__info-wrapper\">\n                                        <h3 class=\"t_name\">Dre Jean Clinton, BGC Hamilton-Halton<\/h3>\n                                        \n                                        \n                                        \n                                        \n                                        BGC Hamilton-Halton\n                                        \n                                        \n\t\t\t\t\t\t\t\t\t\t<div class=\"t_content\"><p>Professeure clinicienne \u00e0 la McMaster University, Jean Clinton est sp\u00e9cialis\u00e9e en p\u00e9dopsychiatrie. La Dre Clinton, qui dispose d\u2019une longue exp\u00e9rience dans les programmes de sant\u00e9 mentale, plaide en faveur d\u2019une \u00e9ducation bienveillante, fond\u00e9e sur les comp\u00e9tences. Elle a collabor\u00e9 avec des experts tels que le Dr Bruce Perry et Michael Fullan \u00e0 des travaux ax\u00e9s sur le r\u00f4le fondamental que jouent les relations, le sentiment d\u2019appartenance et la cr\u00e9ation de liens dans le d\u00e9veloppement du cerveau. Elle travaille au sein de diff\u00e9rents comit\u00e9s consultatifs et vient de publier son premier livre, Love Builds Brains.<\/p>\n<p><strong>Implication actuelle aupr\u00e8s des Clubs :<\/strong> M\u00eame si son calendrier l\u2019am\u00e8ne \u00e0 faire des conf\u00e9rences dans tout le pays et partout dans le monde, la Dre Clinton reste toujours en contact avec son Club, en organisant des formations pour le personnel d\u2019Hamilton et en tenant celui-ci inform\u00e9 des nouvelles recherches sur le d\u00e9veloppement infantile. Elle continue de repr\u00e9senter efficacement le Club dans ses relations avec les pouvoirs publics \u00e0 tous les \u00e9chelons, et met r\u00e9guli\u00e8rement en contact le Club avec des partenaires pouvant l\u2019aider dans sa mission.<\/p>\n<\/div>\n\t\t\t\t\t\t\t\t\t\t\n                                    <\/div>\n\t\t\t\t\t\t\t\t\t\n\t\t\t\t\t\t\t\t<\/div>\n\t\t\t\t\t\t\t<\/div>\n\t\t\t\t\t\t<\/div>\n\t\t\t\t\t\n\t\t\t\t\t\t<div tabindex=\"0\" class=\"team temple-de-la-renommee kayla-grey \" data-index=\"87742\">\n\t\t\t\t\t\t\t<div class=\"team__wrap\">\n\t\t\t\t\t\t\t\t\n                        <div class=\"team__img dept_anciens-membres-2024\" style=\"background-image: url(https:\/\/www.bgccan.com\/wp-content\/uploads\/2025\/05\/AHOF-headshots-Kayla.png);\">\n                            <div class=\"team__img-hover\" style=\"background-image: url();\"><\/div>\n                        <\/div>\n\t\t\t\t\t\t\t\t<div class=\"team__content\">\n                                    <div class=\"team__info-wrapper\">\n                                        <h3 class=\"t_name\">Kayla Grey<\/h3>\n                                        \n                                        \n                                        \n                                        \n                                        BGC West Scarborough\n                                        \n                                        \n\t\t\t\t\t\t\t\t\t\t<div class=\"t_content\"><p>Kayla Grey est une pr\u00e9sentatrice prim\u00e9e, une entrepreneure et une personnalit\u00e9 reconnue comme agente de changement dans les m\u00e9dias canadiens. Elle est coproductrice d\u00e9l\u00e9gu\u00e9e de l\u2019\u00e9mission The Shift with Kayla Grey et commentatrice pour les Raptors de Toronto sur la cha\u00eene TSN. Kayla Grey est entr\u00e9e dans l\u2019histoire en \u00e9tant la premi\u00e8re femme noire \u00e0 animer une \u00e9mission sportive phare au Canada. Elle a re\u00e7u de nombreuses r\u00e9compenses pour son travail en tant que journaliste, notamment le Prix de l\u2019agente de changement de l\u2019Acad\u00e9mie canadienne du cin\u00e9ma et de la t\u00e9l\u00e9vision. Kayla Grey poursuit son travail cr\u00e9atif sur les plateformes traditionnelles, les r\u00e9seaux sociaux et avec son entreprise, Kayla Grey Media Inc.<\/p>\n<p><strong>Implication actuelle aupr\u00e8s des Clubs :<\/strong> Kayla Grey soutient les programmes de BGC West Scarborough de diff\u00e9rentes mani\u00e8res. R\u00e9cemment, elle a invit\u00e9 un groupe de jeunes \u00e0 un match de basketball qui se d\u00e9roulait au Centre Rogers, ce qui leur a permis de prendre des photos sur le terrain. Elle a \u00e9galement invit\u00e9 les jeunes du Club \u00e0 assister \u00e0 la remise des prix du conseil municipal des jeunes de la ville de Toronto, ce qui leur a donn\u00e9 l\u2019occasion de se parer de leurs plus beaux atours et de profiter d\u2019une soir\u00e9e \u00e9l\u00e9gante. Toujours pr\u00eate \u00e0 offrir son aide, elle r\u00e9pond aux demandes faites \u00e0 propos des besoins particuliers des familles, et elle fait de son mieux pour leur apporter le soutien n\u00e9cessaire.<\/p>\n<\/div>\n\t\t\t\t\t\t\t\t\t\t\n                                    <\/div>\n\t\t\t\t\t\t\t\t\t\n\t\t\t\t\t\t\t\t<\/div>\n\t\t\t\t\t\t\t<\/div>\n\t\t\t\t\t\t<\/div>\n\t\t\t\t\t\n\t\t\t\t\t\t<div tabindex=\"0\" class=\"team temple-de-la-renommee taylor-hall \" data-index=\"87888\">\n\t\t\t\t\t\t\t<div class=\"team__wrap\">\n\t\t\t\t\t\t\t\t\n                        <div class=\"team__img dept_anciens-membres-2024\" style=\"background-image: url(https:\/\/www.bgccan.com\/wp-content\/uploads\/2025\/05\/AHOF-headshots-Taylor.jpg);\">\n                            <div class=\"team__img-hover\" style=\"background-image: url();\"><\/div>\n                        <\/div>\n\t\t\t\t\t\t\t\t<div class=\"team__content\">\n                                    <div class=\"team__info-wrapper\">\n                                        <h3 class=\"t_name\">Taylor Hall<\/h3>\n                                        \n                                        \n                                        \n                                        \n                                        BGC Calgary \u2013 Renfrew\n                                        \n                                        \n\t\t\t\t\t\t\t\t\t\t<div class=\"t_content\"><p>Taylor Hall est une personnalit\u00e9 c\u00e9l\u00e8bre dans le milieu du hockey professionnel, et sa brillante carri\u00e8re s\u2019\u00e9tend sur 14 ans. Le parcours de Taylor Hall a commenc\u00e9 \u00e0 Kingston, en Ontario, o\u00f9 il s\u2019est distingu\u00e9 dans l\u2019\u00e9quipe junior de hockey en remportant de nombreux championnats, prix et titres. Apr\u00e8s son transfert \u00e0 la LNH, il s\u2019est d\u00e9marqu\u00e9 au sein d\u2019\u00e9quipes comme les Devils du New Jersey, les Bruins de Boston, les Oilers d\u2019Edmonton et les Blackhawks de Chicago. Taylor Hall a repr\u00e9sent\u00e9 le Canada dans diverses comp\u00e9titions internationales, et il a remport\u00e9 une m\u00e9daille d\u2019or aux championnats du monde.<\/p>\n<p><strong>Implication actuelle aupr\u00e8s des Clubs :<\/strong> En 2016 et 2018, Taylor Hall a particip\u00e9 \u00e0 des tournois de hockey qui ont rassembl\u00e9 des adeptes de hockey et des membres de la communaut\u00e9, lors de l\u2019\u00e9v\u00e9nement inaugural de hockey en plein air. Ces tournois ont permis de r\u00e9colter 20 000 $ au profit des Clubs BGC. Saisissant l\u2019occasion de soutenir davantage sa communaut\u00e9, Taylor Hall a accept\u00e9 de donner son nom \u00e0 l\u2019\u00e9v\u00e9nement qui est devenu le Taylor Hall Ball Hockey Classic. Taylor Hall a recrut\u00e9 des dizaines de joueurs renomm\u00e9s de la LNH et, pendant sept ans, le tournoi a r\u00e9colt\u00e9 150 000 $, ce qui a permis de soutenir des programmes de sports et de donner \u00e0 des jeunes la possibilit\u00e9 de participer \u00e0 des camps d\u2019\u00e9t\u00e9. Avant chaque tournoi, Taylor Hall a toujours rendu visite au Club afin de dialoguer avec des jeunes.<\/p>\n<\/div>\n\t\t\t\t\t\t\t\t\t\t\n                                    <\/div>\n\t\t\t\t\t\t\t\t\t\n\t\t\t\t\t\t\t\t<\/div>\n\t\t\t\t\t\t\t<\/div>\n\t\t\t\t\t\t<\/div>\n\t\t\t\t\t<\/div>\n<\/div><\/div>[\/vc_tta_section][\/vc_tta_tabs][\/vc_column][\/vc_row][vc_row equal_height=\u00a0\u00bbyes\u00a0\u00bb content_placement=\u00a0\u00bbmiddle\u00a0\u00bb css_animation=\u00a0\u00bbbottom-to-top\u00a0\u00bb disable_element=\u00a0\u00bbyes\u00a0\u00bb css=\u00a0\u00bb.vc_custom_1775072469571{margin-bottom: 60px !important;}\u00a0\u00bb][vc_column offset=\u00a0\u00bbvc_col-md-7&Prime;]<div class='content-block section-content wpb_text_column wpb_content_element align-left     font_weight_default   ' ><div class='wpb_wrapper'><h4><strong>Alumni Hall of Fame in the media:<\/strong><\/h4>\n<ul>\n<li><a href=\"https:\/\/www.newswire.ca\/news-releases\/bgc-canada-launches-first-ever-alumni-hall-of-fame-872598757.html\" target=\"_blank\" rel=\"noopener\">BGC Canada Launches First-Ever Alumni Hall of Fame<\/a><\/li>\n<li><a href=\"https:\/\/www.thewhig.com\/news\/local-news\/kingstons-taylor-hall-among-first-four-inductees-into-bgc-canada-alumni-hall-of-fame\" target=\"_blank\" rel=\"noopener\">Kingston\u2019s Taylor Hall among first four inductees into BGC Canada Alumni Hall of Fame<\/a><\/li>\n<li><a href=\"https:\/\/www.tsn.ca\/the-shift\/video\/taylor-hall-and-kayla-grey-speak-on-bgc-canada-launching-first-e~2932903\" target=\"_blank\" rel=\"noopener\">Taylor Hall and Kayla Grey speak on BGC Canada Launching First-Ever Alumni Hall of Fame<\/a><\/li>\n<\/ul>\n<\/div><\/div>[\/vc_column][vc_column css_animation=\u00a0\u00bbfadeIn\u00a0\u00bb offset=\u00a0\u00bbvc_col-md-offset-1 vc_col-md-4&Prime;]\n\t\t\t<div tabindex='0' class='wpb_content_element cta-icon size-md align-left '>\n\t\t\t\t<div class='cta-icon__wrapper bg_pale_blue-1'>\n                    <div class=\"cta__img\"><img decoding=\"async\" src=\"https:\/\/www.bgccan.com\/wp-content\/uploads\/2025\/09\/icon-paper-airplane.png\" alt=\"Light green paper airplane icon on a circular light blue background.\"><\/div>\n\t\t\t\t\t<div class='cta__content'>\t\n\t\t\t\t\t\t\n\t\t\t\t\t\t<h3 class='cta__title'>Vous avez d\u00e9j\u00e0 \u00e9t\u00e9 membre d\u2019un Club BGC?<\/h3>\n\t\t\t\t\t\t\n\t\t\t\t\t\t<a href='https:\/\/www.bgccan.com\/fr\/anciens-membres-des-clubs\/' target='' rel=''>Racontez-nous votre histoire<\/a>\n\t\t\t\t\t<\/div>\n\t\t\t\t<\/div>\n\t\t\t<\/div>[\/vc_column][\/vc_row][vc_row][vc_column offset=\u00a0\u00bbvc_col-lg-offset-2 vc_col-lg-8 vc_col-md-offset-2 vc_col-md-8&Prime;]\n\t\t\t<div tabindex='0' class='wpb_content_element cta-icon size-md align-left '>\n\t\t\t\t<div class='cta-icon__wrapper bg_pale_blue-1'>\n                    <div class=\"cta__img\"><img decoding=\"async\" src=\"https:\/\/www.bgccan.com\/wp-content\/uploads\/2025\/09\/icon-paper-airplane.png\" alt=\"Light green paper airplane icon on a circular light blue background.\"><\/div>\n\t\t\t\t\t<div class='cta__content'>\t\n\t\t\t\t\t\t\n\t\t\t\t\t\t<h3 class='cta__title'>Vous avez d\u00e9j\u00e0 \u00e9t\u00e9 membre d\u2019un Club BGC?<\/h3>\n\t\t\t\t\t\t\n\t\t\t\t\t\t<a href='https:\/\/www.bgccan.com\/fr\/anciens-membres-des-clubs\/' target='' rel=''>Racontez-nous votre histoire<\/a>\n\t\t\t\t\t<\/div>\n\t\t\t\t<\/div>\n\t\t\t<\/div>[\/vc_column][\/vc_row][\/vc_section][vc_section full_width=\u00a0\u00bbstretch_row\u00a0\u00bb el_class=\u00a0\u00bbteam-section-bottom\u00a0\u00bb css=\u00a0\u00bb.vc_custom_1753760008481{background-color: #F2F7FB !important;}\u00a0\u00bb][vc_row full_width=\u00a0\u00bbstretch_row\u00a0\u00bb css_animation=\u00a0\u00bbtop-to-bottom\u00a0\u00bb css=\u00a0\u00bb.vc_custom_1763151452569{background-color: #F2F7FB00 !important;}\u00a0\u00bb][vc_column offset=\u00a0\u00bbvc_col-md-offset-1 vc_col-md-10&Prime;]<div class='content-block section-content wpb_text_column wpb_content_element align-center   txt-navy  fw-bold fs-32 lh-140 ls_minus_32' ><div class='wpb_wrapper'><p>Notre avenir d\u00e9pend de leaders comme les personnes issues des programmes offerts dans les Clubs BGC. Rencontrez ces personnes:<\/p>\n<\/div><\/div>[\/vc_column][\/vc_row][vc_row full_width=\u00a0\u00bbstretch_row\u00a0\u00bb css_animation=\u00a0\u00bbbottom-to-top\u00a0\u00bb css=\u00a0\u00bb.vc_custom_1763151459373{background-color: #F2F7FB00 !important;}\u00a0\u00bb][vc_column offset=\u00a0\u00bbvc_col-md-offset-1 vc_col-md-10&Prime;][vc_row_inner][vc_column_inner width=\u00a0\u00bb1\/2&Prime;]\n\t\t\t\t<a href='https:\/\/www.bgccan.com\/fr\/a-propos-de-nous\/jeune-leader-de-lannee\/' class='wpb_content_element cta cta__card mini  align-default ' target='' rel=''>\n\t\t\t\t\t<div class='cta__wrapper bg_pastel-teal'>\n\t\t\t\t\t\t\n\t\t\t\t\t\t<div class='cta__content'>\n\t\t\t\t\t\t\t<div class='cta__top'>\n\t\t\t\t\t\t\t\t<span class='cta__eyebrow'>D\u00e9couvrez notre<\/span>\n\t\t\t\t\t\t\t\t<h3 class='cta__head'>Jeune Leader de l\u2019ann\u00e9e<\/h3>\n\t\t\t\t\t\t\t<\/div>\n\t\t\t\t\t\t\t<div class='cta__bot'>\n\t\t\t\t\t\t\t\t<div class='cta__desc'><\/div>\n\t\t\t\t\t\t\t\t<div class='cta__link'>\n\t\t\t\t\t\t\t\t\t\n\t\t\t\t\t\t\t\t\t<i class=\"fa-solid fa-arrow-right\"><\/i>\n\t\t\t\t\t\t\t\t<\/div>\n\t\t\t\t\t\t\t<\/div>\n\t\t\t\t\t\t<\/div>\n\t\t\t\t\t<\/div>\n\t\t\t\t<\/a>[\/vc_column_inner][vc_column_inner width=\u00a0\u00bb1\/2&Prime;]\n\t\t\t\t<a href='https:\/\/www.bgccan.com\/fr\/a-propos-de-nous\/notre-equipe\/cercle-consultatif-des-jeunes\/' class='wpb_content_element cta cta__card mini  align-default ' target='' rel=''>\n\t\t\t\t\t<div class='cta__wrapper bg_pastel-orange'>\n\t\t\t\t\t\t\n\t\t\t\t\t\t<div class='cta__content'>\n\t\t\t\t\t\t\t<div class='cta__top'>\n\t\t\t\t\t\t\t\t<span class='cta__eyebrow'>D\u00e9couvrez notre<\/span>\n\t\t\t\t\t\t\t\t<h3 class='cta__head'>Cercle consultatif des jeunes<\/h3>\n\t\t\t\t\t\t\t<\/div>\n\t\t\t\t\t\t\t<div class='cta__bot'>\n\t\t\t\t\t\t\t\t<div class='cta__desc'><\/div>\n\t\t\t\t\t\t\t\t<div class='cta__link'>\n\t\t\t\t\t\t\t\t\t\n\t\t\t\t\t\t\t\t\t<i class=\"fa-solid fa-arrow-right\"><\/i>\n\t\t\t\t\t\t\t\t<\/div>\n\t\t\t\t\t\t\t<\/div>\n\t\t\t\t\t\t<\/div>\n\t\t\t\t\t<\/div>\n\t\t\t\t<\/a>[\/vc_column_inner][\/vc_row_inner][vc_row_inner disable_element=\u00a0\u00bbyes\u00a0\u00bb][vc_column_inner width=\u00a0\u00bb1\/3&Prime;]\n\t\t\t\t<a href='\/about\/our-team\/board-of-directors\/' class='wpb_content_element cta cta__card mini  align-default ' target='' rel=''>\n\t\t\t\t\t<div class='cta__wrapper bg_pastel-teal'>\n\t\t\t\t\t\t\n\t\t\t\t\t\t<div class='cta__content'>\n\t\t\t\t\t\t\t<div class='cta__top'>\n\t\t\t\t\t\t\t\t<span class='cta__eyebrow'>Meet our<\/span>\n\t\t\t\t\t\t\t\t<h3 class='cta__head'>Board of Directors<\/h3>\n\t\t\t\t\t\t\t<\/div>\n\t\t\t\t\t\t\t<div class='cta__bot'>\n\t\t\t\t\t\t\t\t<div class='cta__desc'><\/div>\n\t\t\t\t\t\t\t\t<div class='cta__link'>\n\t\t\t\t\t\t\t\t\t\n\t\t\t\t\t\t\t\t\t<i class=\"fa-solid fa-arrow-right\"><\/i>\n\t\t\t\t\t\t\t\t<\/div>\n\t\t\t\t\t\t\t<\/div>\n\t\t\t\t\t\t<\/div>\n\t\t\t\t\t<\/div>\n\t\t\t\t<\/a>[\/vc_column_inner][vc_column_inner width=\u00a0\u00bb1\/3&Prime;]\n\t\t\t\t<a href='\/about\/our-team\/national-youth-advisory-circle\/' class='wpb_content_element cta cta__card mini  align-default ' target='' rel=''>\n\t\t\t\t\t<div class='cta__wrapper bg_pastel-orange'>\n\t\t\t\t\t\t\n\t\t\t\t\t\t<div class='cta__content'>\n\t\t\t\t\t\t\t<div class='cta__top'>\n\t\t\t\t\t\t\t\t<span class='cta__eyebrow'>Meet our<\/span>\n\t\t\t\t\t\t\t\t<h3 class='cta__head'>National Youth Advisory Circle<\/h3>\n\t\t\t\t\t\t\t<\/div>\n\t\t\t\t\t\t\t<div class='cta__bot'>\n\t\t\t\t\t\t\t\t<div class='cta__desc'><\/div>\n\t\t\t\t\t\t\t\t<div class='cta__link'>\n\t\t\t\t\t\t\t\t\t\n\t\t\t\t\t\t\t\t\t<i class=\"fa-solid fa-arrow-right\"><\/i>\n\t\t\t\t\t\t\t\t<\/div>\n\t\t\t\t\t\t\t<\/div>\n\t\t\t\t\t\t<\/div>\n\t\t\t\t\t<\/div>\n\t\t\t\t<\/a>[\/vc_column_inner][vc_column_inner width=\u00a0\u00bb1\/3&Prime;]\n\t\t\t\t<a href='\/about\/our-team\/indigenous-advisors\/' class='wpb_content_element cta cta__card mini  align-default ' target='' rel=''>\n\t\t\t\t\t<div class='cta__wrapper bg_pastel-purple'>\n\t\t\t\t\t\t\n\t\t\t\t\t\t<div class='cta__content'>\n\t\t\t\t\t\t\t<div class='cta__top'>\n\t\t\t\t\t\t\t\t<span class='cta__eyebrow'>Meet our<\/span>\n\t\t\t\t\t\t\t\t<h3 class='cta__head'>Indigenous Advisors<\/h3>\n\t\t\t\t\t\t\t<\/div>\n\t\t\t\t\t\t\t<div class='cta__bot'>\n\t\t\t\t\t\t\t\t<div class='cta__desc'><\/div>\n\t\t\t\t\t\t\t\t<div class='cta__link'>\n\t\t\t\t\t\t\t\t\t\n\t\t\t\t\t\t\t\t\t<i class=\"fa-solid fa-arrow-right\"><\/i>\n\t\t\t\t\t\t\t\t<\/div>\n\t\t\t\t\t\t\t<\/div>\n\t\t\t\t\t\t<\/div>\n\t\t\t\t\t<\/div>\n\t\t\t\t<\/a>[\/vc_column_inner][\/vc_row_inner][\/vc_column][\/vc_row][\/vc_section]\n<\/div>","protected":false},"excerpt":{"rendered":"<p>[vc_section el_class=\u00a0\u00bbteam-section-nat\u00a0\u00bb][vc_row equal_height=\u00a0\u00bbyes\u00a0\u00bb content_placement=\u00a0\u00bbmiddle\u00a0\u00bb css_animation=\u00a0\u00bbbottom-to-top\u00a0\u00bb][vc_column offset=\u00a0\u00bbvc_col-md-6&Prime;][\/vc_column][vc_column offset=\u00a0\u00bbvc_col-md-offset-1 vc_col-md-5&Prime;][vc_single_image image=\u00a0\u00bb89628&Prime; img_size=\u00a0\u00bbfull\u00a0\u00bb css_animation=\u00a0\u00bbslideInRight\u00a0\u00bb css=\u00a0\u00bb\u00a0\u00bb][\/vc_column][\/vc_row][vc_row css_animation=\u00a0\u00bbbottom-to-top\u00a0\u00bb][vc_column][vc_tta_tabs][vc_tta_section title=\u00a0\u00bb2024&Prime; tab_id=\u00a0\u00bbyoy-2024&Prime;][vc_video link=\u00a0\u00bbhttps:\/\/vimeo.com\/1010710534?fl=pl&amp;fe=sh\u00a0\u00bb css=\u00a0\u00bb\u00a0\u00bb][\/vc_tta_section][\/vc_tta_tabs][\/vc_column][\/vc_row][vc_row equal_height=\u00a0\u00bbyes\u00a0\u00bb content_placement=\u00a0\u00bbmiddle\u00a0\u00bb css_animation=\u00a0\u00bbbottom-to-top\u00a0\u00bb disable_element=\u00a0\u00bbyes\u00a0\u00bb css=\u00a0\u00bb.vc_custom_1775072469571{margin-bottom: 60px !important;}\u00a0\u00bb][vc_column offset=\u00a0\u00bbvc_col-md-7&Prime;][\/vc_column][vc_column css_animation=\u00a0\u00bbfadeIn\u00a0\u00bb offset=\u00a0\u00bbvc_col-md-offset-1 vc_col-md-4&Prime;][\/vc_column][\/vc_row][vc_row][vc_column offset=\u00a0\u00bbvc_col-lg-offset-2 vc_col-lg-8 vc_col-md-offset-2 vc_col-md-8&Prime;][\/vc_column][\/vc_row][\/vc_section][vc_section full_width=\u00a0\u00bbstretch_row\u00a0\u00bb el_class=\u00a0\u00bbteam-section-bottom\u00a0\u00bb css=\u00a0\u00bb.vc_custom_1753760008481{background-color: #F2F7FB !important;}\u00a0\u00bb][vc_row full_width=\u00a0\u00bbstretch_row\u00a0\u00bb css_animation=\u00a0\u00bbtop-to-bottom\u00a0\u00bb css=\u00a0\u00bb.vc_custom_1763151452569{background-color: #F2F7FB00 !important;}\u00a0\u00bb][vc_column offset=\u00a0\u00bbvc_col-md-offset-1 vc_col-md-10&Prime;][\/vc_column][\/vc_row][vc_row full_width=\u00a0\u00bbstretch_row\u00a0\u00bb css_animation=\u00a0\u00bbbottom-to-top\u00a0\u00bb css=\u00a0\u00bb.vc_custom_1763151459373{background-color: #F2F7FB00 !important;}\u00a0\u00bb][vc_column offset=\u00a0\u00bbvc_col-md-offset-1 vc_col-md-10&Prime;][vc_row_inner][vc_column_inner width=\u00a0\u00bb1\/2&Prime;][\/vc_column_inner][vc_column_inner width=\u00a0\u00bb1\/2&Prime;][\/vc_column_inner][\/vc_row_inner][vc_row_inner disable_element=\u00a0\u00bbyes\u00a0\u00bb][vc_column_inner width=\u00a0\u00bb1\/3&Prime;][\/vc_column_inner][vc_column_inner [&hellip;]<\/p>\n","protected":false},"author":1,"featured_media":88004,"parent":87277,"menu_order":0,"comment_status":"closed","ping_status":"closed","template":"page-templates\/page-general.php","meta":{"_acf_changed":false,"footnotes":""},"class_list":["post-88002","page","type-page","status-publish","has-post-thumbnail","hentry"],"acf":[],"aioseo_notices":[],"_links":{"self":[{"href":"https:\/\/www.bgccan.com\/fr\/wp-json\/wp\/v2\/pages\/88002","targetHints":{"allow":["GET"]}}],"collection":[{"href":"https:\/\/www.bgccan.com\/fr\/wp-json\/wp\/v2\/pages"}],"about":[{"href":"https:\/\/www.bgccan.com\/fr\/wp-json\/wp\/v2\/types\/page"}],"author":[{"embeddable":true,"href":"https:\/\/www.bgccan.com\/fr\/wp-json\/wp\/v2\/users\/1"}],"replies":[{"embeddable":true,"href":"https:\/\/www.bgccan.com\/fr\/wp-json\/wp\/v2\/comments?post=88002"}],"version-history":[{"count":0,"href":"https:\/\/www.bgccan.com\/fr\/wp-json\/wp\/v2\/pages\/88002\/revisions"}],"up":[{"embeddable":true,"href":"https:\/\/www.bgccan.com\/fr\/wp-json\/wp\/v2\/pages\/87277"}],"wp:featuredmedia":[{"embeddable":true,"href":"https:\/\/www.bgccan.com\/fr\/wp-json\/wp\/v2\/media\/88004"}],"wp:attachment":[{"href":"https:\/\/www.bgccan.com\/fr\/wp-json\/wp\/v2\/media?parent=88002"}],"curies":[{"name":"wp","href":"https:\/\/api.w.org\/{rel}","templated":true}]}}