{"id":88476,"date":"2025-03-12T17:40:11","date_gmt":"2025-03-12T17:40:11","guid":{"rendered":"https:\/\/www.bgccan.com\/privacy-policy\/"},"modified":"2026-04-10T15:40:15","modified_gmt":"2026-04-10T15:40:15","slug":"politique-de-confidentialite","status":"publish","type":"page","link":"https:\/\/www.bgccan.com\/fr\/politique-de-confidentialite\/","title":{"rendered":"Politique de confidentialit\u00e9"},"content":{"rendered":"<div class=\"wpb-content-wrapper\">[vc_section][vc_row full_width=\u00a0\u00bbstretch_row\u00a0\u00bb][vc_column offset=\u00a0\u00bbvc_col-md-offset-1 vc_col-md-10&Prime;]<div class='content-block section-content wpb_text_column wpb_content_element align-left     font_weight_default fs-32  ' ><div class='wpb_wrapper'><h2>Notre engagement<\/h2>\n<\/div><\/div><div class='content-block section-content wpb_text_column wpb_content_element align-left     font_weight_default   ' ><div class='wpb_wrapper'><p>Repaires jeunesse du Canada s\u2019engage \u00e0 prot\u00e9ger les renseignements personnels de ses employ\u00e9s, de ses membres, de ses donateurs et de toute autre partie prenante. Repaires jeunesse du Canada (ci-apr\u00e8s appel\u00e9 RJC) accorde une grande importance \u00e0 la confiance des personnes avec qui il fait affaire et \u00e0 celle du public, et reconna\u00eet que le maintien de cette confiance exige qu\u2019il traite de mani\u00e8re transparente et responsable les renseignements que vous avez choisi de lui confier.<\/p>\n<p>Dans le cadre de ses divers projets et activit\u00e9s, Repaires jeunesse du Canada recueille des renseignements personnels et les utilise \u00e0 l\u2019occasion. Toute personne qui fournit de tels renseignements peut \u00eatre assur\u00e9e que RJC les prot\u00e8gera avec soin et que toute utilisation ou tout autre traitement sera soumis \u00e0 son approbation. C\u2019est la raison d\u2019\u00eatre des pratiques de RJC en mati\u00e8re de confidentialit\u00e9.<\/p>\n<\/div><\/div>[vc_btn title=\u00a0\u00bbConsulter la politique de confidentialit\u00e9 et le plan\u00a0\u00bb style=\u00a0\u00bbsolid\u00a0\u00bb color=\u00a0\u00bbgreen_btn\u00a0\u00bb css=\u00a0\u00bb\u00a0\u00bb link=\u00a0\u00bburl:%2Fwp-content%2Fuploads%2F2025%2F09%2FPrivacy-Policy-and-Plan.pdf|target:_blank\u00a0\u00bb el_class=\u00a0\u00bbno-margin\u00a0\u00bb][vc_separator color=\u00a0\u00bbbg_pastel-pale\u00a0\u00bb css=\u00a0\u00bb.vc_custom_1758566464261{margin-top: 60px !important;margin-bottom: 25px !important;}\u00a0\u00bb][\/vc_column][\/vc_row][vc_row full_width=\u00a0\u00bbstretch_row\u00a0\u00bb][vc_column offset=\u00a0\u00bbvc_col-md-offset-1 vc_col-md-10&Prime;]<div class='content-block section-content wpb_text_column wpb_content_element align-left     font_weight_default fs-32  ' ><div class='wpb_wrapper'><h2>D\u00e9finition des renseignements personnels<\/h2>\n<\/div><\/div><div class='content-block section-content wpb_text_column wpb_content_element align-left     font_weight_default   ' ><div class='wpb_wrapper'><p>Les renseignements personnels sont d\u00e9finis comme toute information utilis\u00e9e pour distinguer et identifier une personne en particulier ou communiquer avec elle. Cela peut inclure les opinions ou les croyances de cette personne, ainsi que des faits relatifs \u00e0 cette personne ou qui y sont reli\u00e9s. Les \u00e9l\u00e9ments suivants sont un exemple de renseignements personnels : num\u00e9ro d\u2019assurance sociale, \u00e2ge, situation de famille et langue. Exceptions : les coordonn\u00e9es d\u2019affaires et certains renseignements accessibles au public tels que le nom, l\u2019adresse et le num\u00e9ro de t\u00e9l\u00e9phone figurant \u00e0 des annuaires t\u00e9l\u00e9phoniques ne sont pas consid\u00e9r\u00e9s comme des renseignements personnels.<\/p>\n<p>Quand une personne utilise aussi les coordonn\u00e9es de son domicile dans ses coordonn\u00e9es d\u2019affaires, RJC consid\u00e8re que ces coordonn\u00e9es font partie des coordonn\u00e9es d\u2019affaires et que, par cons\u00e9quent, elles ne sont pas soumises \u00e0 la protection des renseignements personnels.<\/p>\n<\/div><\/div>[vc_separator color=\u00a0\u00bbbg_pastel-pale\u00a0\u00bb css=\u00a0\u00bb.vc_custom_1758566447876{margin-top: 60px !important;margin-bottom: 60px !important;}\u00a0\u00bb]<div class='content-block section-content wpb_text_column wpb_content_element align-left     font_weight_default fs-32  ' ><div class='wpb_wrapper'><h2>Pratiques relatives \u00e0 la confidentialit\u00e9<\/h2>\n<\/div><\/div><div class='content-block section-content wpb_text_column wpb_content_element align-left     font_weight_default   ' ><div class='wpb_wrapper'><p>Les renseignements personnels recueillis par RJC demeurent confidentiels. Le personnel de RJC est autoris\u00e9 \u00e0 consulter les renseignements personnels uniquement s\u2019il a besoin de traiter l\u2019information pour les fins auxquelles elle a \u00e9t\u00e9 obtenue. Des mesures de protection sont en place pour assurer que les renseignements ne sont pas divulgu\u00e9s ou partag\u00e9s plus largement qu\u2019il est n\u00e9cessaire pour les fins auxquelles ils ont \u00e9t\u00e9 recueillis. RJC prend aussi des mesures en vue d\u2019assurer l\u2019int\u00e9grit\u00e9 de ces renseignements et pr\u00e9venir leur perte ou leur destruction. RJC recueille des renseignements personnels, les utilise et les divulgue seulement aux fins qu\u2019une personne raisonnable estimerait appropri\u00e9es dans les circonstances.<\/p>\n<p>We collect, use, and disclose personal information only for purposes that a reasonable person would consider appropriate in light of the circumstances.<\/p>\n<\/div><\/div>[vc_separator color=\u00a0\u00bbbg_pastel-pale\u00a0\u00bb css=\u00a0\u00bb.vc_custom_1758566447876{margin-top: 60px !important;margin-bottom: 60px !important;}\u00a0\u00bb]<div class='content-block section-content wpb_text_column wpb_content_element align-left     font_weight_default fs-32  ' ><div class='wpb_wrapper'><h2>Site web et commerce \u00e9lectronique<\/h2>\n<\/div><\/div><div class='content-block section-content wpb_text_column wpb_content_element align-left     font_weight_default   ' ><div class='wpb_wrapper'><p>Repaires jeunesse du Canada utilise des services qui exigent des protocoles de mots de passe et des logiciels de cryptage pour prot\u00e9ger les renseignements personnels et tout autre renseignement re\u00e7u quand un produit ou service fait l\u2019objet d\u2019une demande ou d\u2019un paiement en ligne. Tous ces tiers fournisseurs de services doivent se conformer \u00e0 la LPRPDE; ils ont \u00e9galement \u00e9tabli et publi\u00e9 des politiques de confidentialit\u00e9 accessibles \u00e0 tous les utilisateurs.<\/p>\n<\/div><\/div>[vc_separator color=\u00a0\u00bbbg_pastel-pale\u00a0\u00bb css=\u00a0\u00bb.vc_custom_1758566447876{margin-top: 60px !important;margin-bottom: 60px !important;}\u00a0\u00bb]<div class='content-block section-content wpb_text_column wpb_content_element align-left     font_weight_default fs-32  ' ><div class='wpb_wrapper'><h2>Mise \u00e0 jour de la politique de confidentialit\u00e9<\/h2>\n<\/div><\/div><div class='content-block section-content wpb_text_column wpb_content_element align-left     font_weight_default   ' ><div class='wpb_wrapper'><p>Repaires jeunesse du Canada r\u00e9vise r\u00e9guli\u00e8rement les pratiques en mati\u00e8re de confidentialit\u00e9 qu\u2019il applique dans ses diverses activit\u00e9s. Toute modification \u00e0 la politique sera affich\u00e9e sur son site web dans les mois suivants.<\/p>\n<\/div><\/div>[vc_separator color=\u00a0\u00bbbg_pastel-pale\u00a0\u00bb css=\u00a0\u00bb.vc_custom_1758566447876{margin-top: 60px !important;margin-bottom: 60px !important;}\u00a0\u00bb]<div class='content-block section-content wpb_text_column wpb_content_element align-left     font_weight_default fs-32  ' ><div class='wpb_wrapper'><h2>Nous contacter<\/h2>\n<\/div><\/div><div class='content-block section-content wpb_text_column wpb_content_element align-left     font_weight_default   ' ><div class='wpb_wrapper'><p>Toute question, plainte ou pr\u00e9occupation doit \u00eatre transmise par courriel au responsable de la\u00a0<a href=\"mailto:privacyofficer@bgccan.com\" target=\"_blank\" rel=\"noopener\">protection de la vie priv\u00e9e de RJC<\/a>.<\/p>\n<p>Pour plus d\u2019information sur la confidentialit\u00e9 et sur vos droits en mati\u00e8re de protection des renseignements personnels, veuillez consulter le site web du\u00a0<a href=\"https:\/\/www.priv.gc.ca\/fr\/\" target=\"_blank\" rel=\"noopener\">commissaire \u00e0 la protection<\/a>\u00a0de la vie priv\u00e9e du Canada.<\/p>\n<p>Vous trouverez ici la version int\u00e9grale de notre politique de confidentialit\u00e9 et notre plan de\u00a0<a href=\"https:\/\/www.bgccan.com\/wp-content\/uploads\/2025\/09\/Privacy-Policy-and-Plan.pdf\" target=\"_blank\" rel=\"noopener\">protection des renseignements personnels<\/a>.<\/p>\n<\/div><\/div>[vc_empty_space height=\u00a0\u00bb65px\u00a0\u00bb][\/vc_column][\/vc_row][\/vc_section]\n<\/div>","protected":false},"excerpt":{"rendered":"<p>[vc_section][vc_row full_width=\u00a0\u00bbstretch_row\u00a0\u00bb][vc_column offset=\u00a0\u00bbvc_col-md-offset-1 vc_col-md-10&Prime;][vc_btn title=\u00a0\u00bbConsulter la politique de confidentialit\u00e9 et le plan\u00a0\u00bb style=\u00a0\u00bbsolid\u00a0\u00bb color=\u00a0\u00bbgreen_btn\u00a0\u00bb css=\u00a0\u00bb\u00a0\u00bb link=\u00a0\u00bburl:%2Fwp-content%2Fuploads%2F2025%2F09%2FPrivacy-Policy-and-Plan.pdf|target:_blank\u00a0\u00bb el_class=\u00a0\u00bbno-margin\u00a0\u00bb][vc_separator color=\u00a0\u00bbbg_pastel-pale\u00a0\u00bb css=\u00a0\u00bb.vc_custom_1758566464261{margin-top: 60px !important;margin-bottom: 25px !important;}\u00a0\u00bb][\/vc_column][\/vc_row][vc_row full_width=\u00a0\u00bbstretch_row\u00a0\u00bb][vc_column offset=\u00a0\u00bbvc_col-md-offset-1 vc_col-md-10&Prime;][vc_separator color=\u00a0\u00bbbg_pastel-pale\u00a0\u00bb css=\u00a0\u00bb.vc_custom_1758566447876{margin-top: 60px !important;margin-bottom: 60px !important;}\u00a0\u00bb][vc_separator color=\u00a0\u00bbbg_pastel-pale\u00a0\u00bb css=\u00a0\u00bb.vc_custom_1758566447876{margin-top: 60px !important;margin-bottom: 60px !important;}\u00a0\u00bb][vc_separator color=\u00a0\u00bbbg_pastel-pale\u00a0\u00bb css=\u00a0\u00bb.vc_custom_1758566447876{margin-top: 60px !important;margin-bottom: 60px !important;}\u00a0\u00bb][vc_separator color=\u00a0\u00bbbg_pastel-pale\u00a0\u00bb css=\u00a0\u00bb.vc_custom_1758566447876{margin-top: 60px !important;margin-bottom: 60px !important;}\u00a0\u00bb][vc_empty_space height=\u00a0\u00bb65px\u00a0\u00bb][\/vc_column][\/vc_row][\/vc_section]<\/p>\n","protected":false},"author":1,"featured_media":0,"parent":0,"menu_order":0,"comment_status":"closed","ping_status":"closed","template":"page-templates\/page-general.php","meta":{"_acf_changed":false,"footnotes":""},"class_list":["post-88476","page","type-page","status-publish","hentry"],"acf":[],"aioseo_notices":[],"_links":{"self":[{"href":"https:\/\/www.bgccan.com\/fr\/wp-json\/wp\/v2\/pages\/88476","targetHints":{"allow":["GET"]}}],"collection":[{"href":"https:\/\/www.bgccan.com\/fr\/wp-json\/wp\/v2\/pages"}],"about":[{"href":"https:\/\/www.bgccan.com\/fr\/wp-json\/wp\/v2\/types\/page"}],"author":[{"embeddable":true,"href":"https:\/\/www.bgccan.com\/fr\/wp-json\/wp\/v2\/users\/1"}],"replies":[{"embeddable":true,"href":"https:\/\/www.bgccan.com\/fr\/wp-json\/wp\/v2\/comments?post=88476"}],"version-history":[{"count":0,"href":"https:\/\/www.bgccan.com\/fr\/wp-json\/wp\/v2\/pages\/88476\/revisions"}],"wp:attachment":[{"href":"https:\/\/www.bgccan.com\/fr\/wp-json\/wp\/v2\/media?parent=88476"}],"curies":[{"name":"wp","href":"https:\/\/api.w.org\/{rel}","templated":true}]}}