{"id":88478,"date":"2025-04-21T19:42:14","date_gmt":"2025-04-21T19:42:14","guid":{"rendered":"https:\/\/www.bgccan.com\/complaints\/"},"modified":"2026-04-10T15:48:34","modified_gmt":"2026-04-10T15:48:34","slug":"envoyer-une-plainte","status":"publish","type":"page","link":"https:\/\/www.bgccan.com\/fr\/envoyer-une-plainte\/","title":{"rendered":"Envoyer une plainte"},"content":{"rendered":"<div class=\"wpb-content-wrapper\">[vc_section css=\u00a0\u00bb.vc_custom_1758579969779{padding-top: 50px !important;padding-bottom: 100px !important;}\u00a0\u00bb][vc_row full_width=\u00a0\u00bbstretch_row\u00a0\u00bb css_animation=\u00a0\u00bbbottom-to-top\u00a0\u00bb][vc_column offset=\u00a0\u00bbvc_col-md-offset-2 vc_col-md-8&Prime; el_class=\u00a0\u00bbcenter\u00a0\u00bb][vc_single_image image=\u00a0\u00bb87363&Prime; img_size=\u00a0\u00bbfull\u00a0\u00bb alignment=\u00a0\u00bbcenter\u00a0\u00bb css_animation=\u00a0\u00bbflipInX\u00a0\u00bb css=\u00a0\u00bb.vc_custom_1763152773919{margin-top: 0px !important;margin-bottom: 50px !important;}\u00a0\u00bb]<div class='content-block section-content wpb_text_column wpb_content_element align-center     font_weight_default fs-intro  ' style=\"margin-bottom: 60px !important;\"><div class='wpb_wrapper'><p>Toute question concernant un Club en particulier doit lui \u00eatre adress\u00e9e directement. Chaque Club BGC est g\u00e9r\u00e9 de mani\u00e8re ind\u00e9pendante et autonome, sous la supervision de son propre conseil d&rsquo;administration.<\/p>\n<\/div><\/div>[vc_btn title=\u00a0\u00bbPlainte \u2013 Club BGC locaux\u00a0\u00bb style=\u00a0\u00bbsolid\u00a0\u00bb color=\u00a0\u00bbgreen_btn\u00a0\u00bb css=\u00a0\u00bb\u00a0\u00bb link=\u00a0\u00bburl:https%3A%2F%2Fwww.bgccan.com%2Ffr%2Fcomplaints%2Fplainte-club-bgc-locaux%2F|title:Plainte%20%E2%80%93%20Club%20BGC%20locaux\u00a0\u00bb][vc_btn title=\u00a0\u00bbPlainte \u2013 Club BGC locaux Plainte \u2013 \u00c9quipe nationale de BGC Canada\u00a0\u00bb style=\u00a0\u00bboutline\u00a0\u00bb color=\u00a0\u00bbpurple_btn\u00a0\u00bb css=\u00a0\u00bb\u00a0\u00bb link=\u00a0\u00bburl:https%3A%2F%2Fwww.bgccan.com%2Ffr%2Fcomplaints%2Fplainte-equipe-nationale-de-bgc-canada%2F|title:Plainte%20%E2%80%93%20Club%20BGC%20locaux%20Plainte%20%E2%80%93%20%C3%89quipe%20nationale%20de%20BGC%20Canada\u00a0\u00bb][\/vc_column][\/vc_row][\/vc_section]\n<\/div>","protected":false},"excerpt":{"rendered":"<p>[vc_section css=\u00a0\u00bb.vc_custom_1758579969779{padding-top: 50px !important;padding-bottom: 100px !important;}\u00a0\u00bb][vc_row full_width=\u00a0\u00bbstretch_row\u00a0\u00bb css_animation=\u00a0\u00bbbottom-to-top\u00a0\u00bb][vc_column offset=\u00a0\u00bbvc_col-md-offset-2 vc_col-md-8&Prime; el_class=\u00a0\u00bbcenter\u00a0\u00bb][vc_single_image image=\u00a0\u00bb87363&Prime; img_size=\u00a0\u00bbfull\u00a0\u00bb alignment=\u00a0\u00bbcenter\u00a0\u00bb css_animation=\u00a0\u00bbflipInX\u00a0\u00bb css=\u00a0\u00bb.vc_custom_1763152773919{margin-top: 0px !important;margin-bottom: 50px !important;}\u00a0\u00bb][vc_btn title=\u00a0\u00bbPlainte \u2013 Club BGC locaux\u00a0\u00bb style=\u00a0\u00bbsolid\u00a0\u00bb color=\u00a0\u00bbgreen_btn\u00a0\u00bb css=\u00a0\u00bb\u00a0\u00bb link=\u00a0\u00bburl:https%3A%2F%2Fwww.bgccan.com%2Ffr%2Fcomplaints%2Fplainte-club-bgc-locaux%2F|title:Plainte%20%E2%80%93%20Club%20BGC%20locaux\u00a0\u00bb][vc_btn title=\u00a0\u00bbPlainte \u2013 Club BGC locaux Plainte \u2013 \u00c9quipe nationale de BGC Canada\u00a0\u00bb style=\u00a0\u00bboutline\u00a0\u00bb color=\u00a0\u00bbpurple_btn\u00a0\u00bb css=\u00a0\u00bb\u00a0\u00bb link=\u00a0\u00bburl:https%3A%2F%2Fwww.bgccan.com%2Ffr%2Fcomplaints%2Fplainte-equipe-nationale-de-bgc-canada%2F|title:Plainte%20%E2%80%93%20Club%20BGC%20locaux%20Plainte%20%E2%80%93%20%C3%89quipe%20nationale%20de%20BGC%20Canada\u00a0\u00bb][\/vc_column][\/vc_row][\/vc_section]<\/p>\n","protected":false},"author":1,"featured_media":0,"parent":0,"menu_order":0,"comment_status":"closed","ping_status":"closed","template":"page-templates\/page-general.php","meta":{"_acf_changed":false,"footnotes":""},"class_list":["post-88478","page","type-page","status-publish","hentry"],"acf":[],"aioseo_notices":[],"_links":{"self":[{"href":"https:\/\/www.bgccan.com\/fr\/wp-json\/wp\/v2\/pages\/88478","targetHints":{"allow":["GET"]}}],"collection":[{"href":"https:\/\/www.bgccan.com\/fr\/wp-json\/wp\/v2\/pages"}],"about":[{"href":"https:\/\/www.bgccan.com\/fr\/wp-json\/wp\/v2\/types\/page"}],"author":[{"embeddable":true,"href":"https:\/\/www.bgccan.com\/fr\/wp-json\/wp\/v2\/users\/1"}],"replies":[{"embeddable":true,"href":"https:\/\/www.bgccan.com\/fr\/wp-json\/wp\/v2\/comments?post=88478"}],"version-history":[{"count":0,"href":"https:\/\/www.bgccan.com\/fr\/wp-json\/wp\/v2\/pages\/88478\/revisions"}],"wp:attachment":[{"href":"https:\/\/www.bgccan.com\/fr\/wp-json\/wp\/v2\/media?parent=88478"}],"curies":[{"name":"wp","href":"https:\/\/api.w.org\/{rel}","templated":true}]}}