{"id":88512,"date":"2025-09-29T21:46:49","date_gmt":"2025-09-29T21:46:49","guid":{"rendered":"https:\/\/www.bgccan.com\/contactez-nous\/general-inquiry\/"},"modified":"2026-04-01T14:30:16","modified_gmt":"2026-04-01T14:30:16","slug":"demande","status":"publish","type":"page","link":"https:\/\/www.bgccan.com\/fr\/contactez-nous\/demande\/","title":{"rendered":"Demande"},"content":{"rendered":"<div class=\"wpb-content-wrapper\">[vc_section][vc_row][vc_column offset=\u00a0\u00bbvc_col-md-offset-2 vc_col-md-8&Prime;]<div class='content-block section-content wpb_text_column wpb_content_element align-center     font_weight_default fs-30  ' ><div class='wpb_wrapper'><h2>Contactez-nous pour toute question g\u00e9n\u00e9rale concernant BGC Canada.<\/h2>\n<\/div><\/div><div class='content-block section-content wpb_text_column wpb_content_element align-center     font_weight_default fs-18  ' style=\"margin-bottom: 0px !important;\"><div class='wpb_wrapper'><p>Afin que nous puissions r\u00e9pondre ad\u00e9quatement \u00e0 votre demande, veuillez indiquer votre nom et le mode de communication privil\u00e9gi\u00e9 (courriel ou t\u00e9l\u00e9phone).<\/p>\n<p>Vos informations personnelles sont confidentielles. Nous ne partagerons aucune information sans votre accord \u00e9crit.<\/p>\n<p>Num\u00e9ro d\u2019enregistrement d\u2019organisme de bienfaisance : 130361710RR0001<\/p>\n<\/div><\/div>[\/vc_column][\/vc_row][\/vc_section]\n<\/div>","protected":false},"excerpt":{"rendered":"<p>[vc_section][vc_row][vc_column offset=\u00a0\u00bbvc_col-md-offset-2 vc_col-md-8&Prime;][\/vc_column][\/vc_row][\/vc_section]<\/p>\n","protected":false},"author":1,"featured_media":0,"parent":87362,"menu_order":0,"comment_status":"closed","ping_status":"closed","template":"page-templates\/page-contact-us-form.php","meta":{"_acf_changed":false,"footnotes":""},"class_list":["post-88512","page","type-page","status-publish","hentry"],"acf":[],"aioseo_notices":[],"_links":{"self":[{"href":"https:\/\/www.bgccan.com\/fr\/wp-json\/wp\/v2\/pages\/88512","targetHints":{"allow":["GET"]}}],"collection":[{"href":"https:\/\/www.bgccan.com\/fr\/wp-json\/wp\/v2\/pages"}],"about":[{"href":"https:\/\/www.bgccan.com\/fr\/wp-json\/wp\/v2\/types\/page"}],"author":[{"embeddable":true,"href":"https:\/\/www.bgccan.com\/fr\/wp-json\/wp\/v2\/users\/1"}],"replies":[{"embeddable":true,"href":"https:\/\/www.bgccan.com\/fr\/wp-json\/wp\/v2\/comments?post=88512"}],"version-history":[{"count":0,"href":"https:\/\/www.bgccan.com\/fr\/wp-json\/wp\/v2\/pages\/88512\/revisions"}],"up":[{"embeddable":true,"href":"https:\/\/www.bgccan.com\/fr\/wp-json\/wp\/v2\/pages\/87362"}],"wp:attachment":[{"href":"https:\/\/www.bgccan.com\/fr\/wp-json\/wp\/v2\/media?parent=88512"}],"curies":[{"name":"wp","href":"https:\/\/api.w.org\/{rel}","templated":true}]}}