{"id":88517,"date":"2025-09-03T21:57:36","date_gmt":"2025-09-03T21:57:36","guid":{"rendered":"https:\/\/www.bgccan.com\/complaints\/complaint-local-bgc-club\/"},"modified":"2026-03-20T20:31:48","modified_gmt":"2026-03-20T20:31:48","slug":"plainte-club-bgc-locaux","status":"publish","type":"page","link":"https:\/\/www.bgccan.com\/fr\/envoyer-une-plainte\/plainte-club-bgc-locaux\/","title":{"rendered":"Plainte \u2013 Club BGC locaux"},"content":{"rendered":"<div class=\"wpb-content-wrapper\">[vc_section css=\u00a0\u00bb.vc_custom_1758580012546{padding-top: 50px !important;padding-bottom: 100px !important;}\u00a0\u00bb][vc_row full_width=\u00a0\u00bbstretch_row\u00a0\u00bb][vc_column offset=\u00a0\u00bbvc_col-md-offset-2 vc_col-md-8&Prime;]<div class='content-block section-content wpb_text_column wpb_content_element align-left     font_weight_default fs-18  ' style=\"margin-bottom: 45px !important;\"><div class='wpb_wrapper'><p>Les plaintes concernant un BGC en particulier doivent \u00eatre achemin\u00e9es directement \u00e0 ce dernier. Chaque BGC est autonome et op\u00e8re de fa\u00e7on ind\u00e9pendante, sous la supervision de son propre conseil d\u2019administration.<\/p>\n<p>Si vous ne connaissez pas le site web \/ les coordonn\u00e9es du BGC en question, utilisez l\u2019outil Trouver un BGC.<\/p>\n<\/div><\/div>[vc_btn title=\u00a0\u00bbTrouver un BGC\u00a0\u00bb style=\u00a0\u00bbsolid\u00a0\u00bb color=\u00a0\u00bbgreen_btn\u00a0\u00bb css=\u00a0\u00bb\u00a0\u00bb link=\u00a0\u00bburl:https%3A%2F%2Fwww.bgccan.com%2Ffr%2Ftrouvez-un-club-bgc%2F|title:Trouver%20un%20BGC\u00a0\u00bb][\/vc_column][\/vc_row][\/vc_section]\n<\/div>","protected":false},"excerpt":{"rendered":"<p>[vc_section css=\u00a0\u00bb.vc_custom_1758580012546{padding-top: 50px !important;padding-bottom: 100px !important;}\u00a0\u00bb][vc_row full_width=\u00a0\u00bbstretch_row\u00a0\u00bb][vc_column offset=\u00a0\u00bbvc_col-md-offset-2 vc_col-md-8&Prime;][vc_btn title=\u00a0\u00bbTrouver un BGC\u00a0\u00bb style=\u00a0\u00bbsolid\u00a0\u00bb color=\u00a0\u00bbgreen_btn\u00a0\u00bb css=\u00a0\u00bb\u00a0\u00bb link=\u00a0\u00bburl:https%3A%2F%2Fwww.bgccan.com%2Ffr%2Ftrouvez-un-club-bgc%2F|title:Trouver%20un%20BGC\u00a0\u00bb][\/vc_column][\/vc_row][\/vc_section]<\/p>\n","protected":false},"author":1,"featured_media":0,"parent":88478,"menu_order":0,"comment_status":"closed","ping_status":"closed","template":"page-templates\/page-general.php","meta":{"_acf_changed":false,"footnotes":""},"class_list":["post-88517","page","type-page","status-publish","hentry"],"acf":[],"aioseo_notices":[],"_links":{"self":[{"href":"https:\/\/www.bgccan.com\/fr\/wp-json\/wp\/v2\/pages\/88517","targetHints":{"allow":["GET"]}}],"collection":[{"href":"https:\/\/www.bgccan.com\/fr\/wp-json\/wp\/v2\/pages"}],"about":[{"href":"https:\/\/www.bgccan.com\/fr\/wp-json\/wp\/v2\/types\/page"}],"author":[{"embeddable":true,"href":"https:\/\/www.bgccan.com\/fr\/wp-json\/wp\/v2\/users\/1"}],"replies":[{"embeddable":true,"href":"https:\/\/www.bgccan.com\/fr\/wp-json\/wp\/v2\/comments?post=88517"}],"version-history":[{"count":0,"href":"https:\/\/www.bgccan.com\/fr\/wp-json\/wp\/v2\/pages\/88517\/revisions"}],"up":[{"embeddable":true,"href":"https:\/\/www.bgccan.com\/fr\/wp-json\/wp\/v2\/pages\/88478"}],"wp:attachment":[{"href":"https:\/\/www.bgccan.com\/fr\/wp-json\/wp\/v2\/media?parent=88517"}],"curies":[{"name":"wp","href":"https:\/\/api.w.org\/{rel}","templated":true}]}}