{"id":88518,"date":"2025-09-03T22:03:19","date_gmt":"2025-09-03T22:03:19","guid":{"rendered":"https:\/\/www.bgccan.com\/complaints\/complaint-bgc-canada\/"},"modified":"2026-04-15T20:13:47","modified_gmt":"2026-04-15T20:13:47","slug":"plainte-equipe-nationale-de-bgc-canada","status":"publish","type":"page","link":"https:\/\/www.bgccan.com\/fr\/envoyer-une-plainte\/plainte-equipe-nationale-de-bgc-canada\/","title":{"rendered":"Plainte \u2013 \u00c9quipe nationale de BGC Canada"},"content":{"rendered":"<div class=\"wpb-content-wrapper\">[vc_section css=\u00a0\u00bb.vc_custom_1776283994430{padding-top: 50px !important;}\u00a0\u00bb][vc_row][vc_column offset=\u00a0\u00bbvc_col-md-offset-2 vc_col-md-8&Prime;]<div class='content-block section-content wpb_text_column wpb_content_element align-left   txt-navy  font_weight_default fs-24  ' ><div class='wpb_wrapper'><p><strong>Les plaintes concernant un BGC en particulier doivent \u00eatre achemin\u00e9es directement \u00e0 ce dernier. Chaque BGC est autonome et op\u00e8re de fa\u00e7on ind\u00e9pendante, sous la supervision de son propre conseil d\u2019administration.<\/strong><\/p>\n<\/div><\/div><div class='content-block section-content wpb_text_column wpb_content_element align-left     font_weight_default   ' ><div class='wpb_wrapper'><ul>\n<li>Si vous ne connaissez pas le site web \/ les coordonn\u00e9es du BGC en question, utilisez l\u2019outil\u00a0<a href=\"https:\/\/www.bgccan.com\/fr\/trouvez-un-club-bgc\/\">Trouver un BGC<\/a>.<\/li>\n<li>Si vous n\u2019\u00eates pas satisfait de la fa\u00e7on dont votre plainte est trait\u00e9e par le BGC, ou si votre plainte concerne l\u2019instance dirigeante BGC du Canada, veuillez compl\u00e9ter les informations ci-dessous et nous y r\u00e9pondrons dans les plus brefs d\u00e9lais.<\/li>\n<\/ul>\n<p>Pour que nous puissions r\u00e9pondre de mani\u00e8re ad\u00e9quate \u00e0 votre demande, veuillez indiquer votre nom et le mode de communication que vous pr\u00e9f\u00e9rez (courriel ou t\u00e9l\u00e9phone).<\/p>\n<p><strong>Vos informations personnelles sont confidentielles. Nous ne partagerons aucune information sans votre autorisation \u00e9crite.<\/strong><\/p>\n<\/div><\/div>[\/vc_column][\/vc_row][\/vc_section]\n<\/div>","protected":false},"excerpt":{"rendered":"<p>[vc_section css=\u00a0\u00bb.vc_custom_1776283994430{padding-top: 50px !important;}\u00a0\u00bb][vc_row][vc_column offset=\u00a0\u00bbvc_col-md-offset-2 vc_col-md-8&Prime;][\/vc_column][\/vc_row][\/vc_section]<\/p>\n","protected":false},"author":1,"featured_media":0,"parent":88478,"menu_order":0,"comment_status":"closed","ping_status":"closed","template":"page-templates\/page-contact-us-form.php","meta":{"_acf_changed":false,"footnotes":""},"class_list":["post-88518","page","type-page","status-publish","hentry"],"acf":[],"aioseo_notices":[],"_links":{"self":[{"href":"https:\/\/www.bgccan.com\/fr\/wp-json\/wp\/v2\/pages\/88518","targetHints":{"allow":["GET"]}}],"collection":[{"href":"https:\/\/www.bgccan.com\/fr\/wp-json\/wp\/v2\/pages"}],"about":[{"href":"https:\/\/www.bgccan.com\/fr\/wp-json\/wp\/v2\/types\/page"}],"author":[{"embeddable":true,"href":"https:\/\/www.bgccan.com\/fr\/wp-json\/wp\/v2\/users\/1"}],"replies":[{"embeddable":true,"href":"https:\/\/www.bgccan.com\/fr\/wp-json\/wp\/v2\/comments?post=88518"}],"version-history":[{"count":5,"href":"https:\/\/www.bgccan.com\/fr\/wp-json\/wp\/v2\/pages\/88518\/revisions"}],"predecessor-version":[{"id":90049,"href":"https:\/\/www.bgccan.com\/fr\/wp-json\/wp\/v2\/pages\/88518\/revisions\/90049"}],"up":[{"embeddable":true,"href":"https:\/\/www.bgccan.com\/fr\/wp-json\/wp\/v2\/pages\/88478"}],"wp:attachment":[{"href":"https:\/\/www.bgccan.com\/fr\/wp-json\/wp\/v2\/media?parent=88518"}],"curies":[{"name":"wp","href":"https:\/\/api.w.org\/{rel}","templated":true}]}}