{"id":88534,"date":"2025-04-21T19:39:39","date_gmt":"2025-04-21T19:39:39","guid":{"rendered":"https:\/\/www.bgccan.com\/media-room\/"},"modified":"2026-04-10T18:45:59","modified_gmt":"2026-04-10T18:45:59","slug":"salle-de-presse","status":"publish","type":"page","link":"https:\/\/www.bgccan.com\/fr\/salle-de-presse\/","title":{"rendered":"Salle de presse"},"content":{"rendered":"<div class=\"wpb-content-wrapper\">[vc_section css=\u00a0\u00bb.vc_custom_1759258912662{padding-bottom: 60px !important;}\u00a0\u00bb][vc_row full_width=\u00a0\u00bbstretch_row\u00a0\u00bb css_animation=\u00a0\u00bbbottom-to-top\u00a0\u00bb][vc_column offset=\u00a0\u00bbvc_col-md-offset-2 vc_col-md-8&Prime;]<div class='content-block section-content wpb_text_column wpb_content_element align-center     font_weight_default fs-36  ' ><div class='wpb_wrapper'><h2>D\u00e9couvrez les derni\u00e8res nouvelles, la couverture m\u00e9diatique et les ressources de marque de BGC Canada.<\/h2>\n<\/div><\/div>[\/vc_column][\/vc_row][vc_row full_width=\u00a0\u00bbstretch_row\u00a0\u00bb content_placement=\u00a0\u00bbmiddle\u00a0\u00bb css_animation=\u00a0\u00bbbottom-to-top\u00a0\u00bb][vc_column offset=\u00a0\u00bbvc_col-lg-5 vc_col-md-6&Prime;]<div class='content-block section-content wpb_text_column wpb_content_element align-left   txt-dark-green  font_weight_default fs-26  ' ><div class='wpb_wrapper'><h3>Mettons les chances de leur c\u00f4t\u00e9<\/h3>\n<\/div><\/div><div class='content-block section-content wpb_text_column wpb_content_element align-left     font_weight_default   ' ><div class='wpb_wrapper'><p>Depuis 1900, nous suscitons la participation de millions d\u2019enfants et d\u2019ados partout au Canada, et nous leur donnons les moyens d\u2019agir.<\/p>\n<p>BGC Canada est l\u2019organisation qui chapeaute les Clubs BGC. Nos Clubs, qui constituent le plus important organisme caritatif de services aux enfants et aux ados au Canada, ouvrent leurs portes \u00e0 160 000 jeunes et \u00e0 leurs familles dans plus de 600 communaut\u00e9s d\u2019un bout \u00e0 l\u2019autre du pays, dans les petites localit\u00e9s comme dans les grandes villes, en campagne et dans les communaut\u00e9s autochtones.<\/p>\n<p>En dehors des heures de classe, notre personnel et nos b\u00e9n\u00e9voles qualifi\u00e9s offrent des programmes et services qui aident les jeunes \u00e0 parvenir \u00e0 des r\u00e9sultats positifs. Expression de soi, \u00e9ducation, mode de vie sain, activit\u00e9 physique, sant\u00e9 mentale, leadership et plus encore : tout y est sous un m\u00eame toit!<\/p>\n<p><strong>Mettons les chances de leur c\u00f4t\u00e9.<\/strong><\/p>\n<\/div><\/div>[\/vc_column][vc_column offset=\u00a0\u00bbvc_col-lg-offset-1 vc_col-md-6 vc_col-xs-12&Prime;][vc_video link=\u00a0\u00bbhttps:\/\/vimeo.com\/531310088&Prime; css=\u00a0\u00bb\u00a0\u00bb][\/vc_column][\/vc_row][\/vc_section][vc_section full_width=\u00a0\u00bbstretch_row_content\u00a0\u00bb css=\u00a0\u00bb.vc_custom_1759259759352{padding-top: 100px !important;padding-bottom: 60px !important;background-color: #E4ECF4 !important;}\u00a0\u00bb][vc_row css_animation=\u00a0\u00bbbottom-to-top\u00a0\u00bb][vc_column]<div class=\"vc_posts news-list_media-room\"><div class=\"posts_heading\"><h2>Derni\u00e8res nouvelles<\/h2><\/div><div class=\"posts_listing\">\n        <article id='post-89174' class='post' data-index='1'>\n        \t<a href='https:\/\/www.bgccan.com\/fr\/bgc-ma-incite-a-redonner-a-ma-collectivite\/' class='post__entry'>\n\t  \t\t\t<div class='post_img'><img decoding=\"async\" src=\"https:\/\/www.bgccan.com\/wp-content\/uploads\/2026\/01\/BGC-Club-Stories-1024x538.jpg\" alt=\"Green line art icon of a hand holding a small plant seedling.\" \/><\/div>\n\t\t\t\t<div class='post_content'>\n\t\t\t\t\t<div class='post_cat'><span class=\"label label-info\">Histoires des Clubs BGC<\/span><\/div>\n\t\t\t\t\t<h3 class='post_title'>BGC m\u2019a incit\u00e9 \u00e0 redonner \u00e0 ma collectivit\u00e9<\/h3>\n\t\t\t\t\t<div class='post_excerpt'>[vc_section][vc_row][vc_column offset=\"vc_col-lg-12 vc_col-md-12\"]Ruben est un jeune exceptionnel connu au sein de son Club et de sa collectivit\u00e9 pour son leadership, les valeurs qu\u2019il incarne et sa capacit\u00e9 \u00e0 inspirer les autres. En 2025, il a \u00e9t\u00e9 nomm\u00e9 Jeune leader national\u2026<\/div>\n\t\t\t\t\t<div class='post_link'>\n\t\t\t\t\t\tLire la suite\n\t\t\t\t\t\t<i class='fa fa-arrow-right fa-after'><\/i>\n\t\t\t\t\t<\/div>\n\t\t\t\t\t\t\n\t\t\t\t<\/div>\n\t\t\t<\/a>\n        <\/article>\n      \n        <article id='post-89168' class='post' data-index='2'>\n        \t<a href='https:\/\/www.bgccan.com\/fr\/la-ou-tout-a-commence-comment-bgc-west-scarborough-est-devenu-mon-deuxieme-chez-moi-au-canada\/' class='post__entry'>\n\t  \t\t\t<div class='post_img'><img decoding=\"async\" src=\"https:\/\/www.bgccan.com\/wp-content\/uploads\/2026\/01\/Sebastian-Cifuentes-photo-1024x559.jpg\" alt=\"Sebastian Cifuentes photo\" \/><\/div>\n\t\t\t\t<div class='post_content'>\n\t\t\t\t\t<div class='post_cat'><span class=\"label label-info\">Histoires des Clubs BGC<\/span><\/div>\n\t\t\t\t\t<h3 class='post_title'>L\u00e0 o\u00f9 tout a commenc\u00e9\u202f: comment BGC\u202fWest\u202fScarborough est devenu mon deuxi\u00e8me chez-moi au Canada<\/h3>\n\t\t\t\t\t<div class='post_excerpt'>[vc_section][vc_row][vc_column offset=\"vc_col-lg-12 vc_col-md-12\"]Publi\u00e9 sur Toronto.com le 2 novembre 2023 Avant ma naissance, mes parents ont d\u00fb fuir la Colombie pour se rendre aux \u00c9tats-Unis et y demander le statut de r\u00e9fugi\u00e9s. Au moment o\u00f9 je suis n\u00e9, ils attendaient encore\u2026<\/div>\n\t\t\t\t\t<div class='post_link'>\n\t\t\t\t\t\tLire la suite\n\t\t\t\t\t\t<i class='fa fa-arrow-right fa-after'><\/i>\n\t\t\t\t\t<\/div>\n\t\t\t\t\t\t\n\t\t\t\t<\/div>\n\t\t\t<\/a>\n        <\/article>\n      \n        <article id='post-89067' class='post' data-index='3'>\n        \t<a href='https:\/\/www.bgccan.com\/fr\/plus-que-jamais-les-jeunes-queers-ont-besoin-des-clubs-bgc\/' class='post__entry'>\n\t  \t\t\t<div class='post_img'><img decoding=\"async\" src=\"https:\/\/www.bgccan.com\/wp-content\/uploads\/2026\/03\/BGCC_Physical-Mental-Health_section-banner-1-1024x680.jpg\" alt=\"Deux jeunes dessinent un arc-en-ciel color\u00e9 avec des marqueurs\" \/><\/div>\n\t\t\t\t<div class='post_content'>\n\t\t\t\t\t<div class='post_cat'><span class=\"label label-info\">Histoires des Clubs BGC<\/span><\/div>\n\t\t\t\t\t<h3 class='post_title'>Plus que jamais, les jeunes queers ont besoin des Clubs BGC<\/h3>\n\t\t\t\t\t<div class='post_excerpt'>Par Sam, anciennement membre d\u2019un Club, Jeune leader de l\u2019ann\u00e9e 2021. 21\u202fmars\u202f2025 Il y a huit ans, j\u2019ai fait mon coming out pour la premi\u00e8re fois devant une pi\u00e8ce remplie de personnes que je ne connaissais pas\u2026 et elles ont\u2026<\/div>\n\t\t\t\t\t<div class='post_link'>\n\t\t\t\t\t\tLire la suite\n\t\t\t\t\t\t<i class='fa fa-arrow-right fa-after'><\/i>\n\t\t\t\t\t<\/div>\n\t\t\t\t\t\t<div class=\"post_tags\"><span class=\"label label-info\">2S &amp; LGBTQIA+<\/span>, <span class=\"label label-info\">BGC Canada<\/span>, <span class=\"label label-info\">Clubs BGC<\/span>, <span class=\"label label-info\">espaces s\u00fbrs<\/span>, <span class=\"label label-info last\">haine anti-LGBT<\/span><\/div>\n\t\t\t\t<\/div>\n\t\t\t<\/a>\n        <\/article>\n      \n        <article id='post-88717' class='post' data-index='4'>\n        \t<a href='https:\/\/www.bgccan.com\/fr\/bgc-canada-lance-la-campagne-de-la-rentreebgc-pour-soutenir-les-enfants-et-ados-du-pays\/' class='post__entry'>\n\t  \t\t\t<div class='post_img'><img decoding=\"async\" src=\"https:\/\/www.bgccan.com\/wp-content\/uploads\/2025\/08\/news_bgc-back2school-campaign.jpg\" alt=\"Young girl blowing a dandelion with \u201cBGC Back 2 School\u201d logo on the left.\" \/><\/div>\n\t\t\t\t<div class='post_content'>\n\t\t\t\t\t<div class='post_cat'><span class=\"label label-info\">Nouvelles des partenaires<\/span><\/div>\n\t\t\t\t\t<h3 class='post_title'>BGC Canada lance la campagne de la #Rentr\u00e9eBGC pour soutenir les enfants et ados du pays<\/h3>\n\t\t\t\t\t<div class='post_excerpt'>Des partenaires nationaux font des dons aux Clubs BGC sous forme de fonds et de fournitures scolaires Publi\u00e9 sur Cision le 25 ao\u00fbt 2022 TORONTO,\u00a0le 25 ao\u00fbt 2022\u00a0\/CNW\/ - En septembre, lorsque les jeunes recommenceront l'\u00e9cole virtuellement ou en personne,\u2026<\/div>\n\t\t\t\t\t<div class='post_link'>\n\t\t\t\t\t\tLire la suite\n\t\t\t\t\t\t<i class='fa fa-arrow-right fa-after'><\/i>\n\t\t\t\t\t<\/div>\n\t\t\t\t\t\t<div class=\"post_tags\"><span class=\"label label-info\">BGC Canada<\/span>, <span class=\"label label-info\">Clubs BGC<\/span>, <span class=\"label label-info\">Kleenex<\/span>, <span class=\"label label-info\">La Fondation Coca-Cola<\/span>, <span class=\"label label-info\">Old Navy<\/span>, <span class=\"label label-info\">OSL Retail Services<\/span>, <span class=\"label label-info\">programmes scolairs<\/span>, <span class=\"label label-info\">Rentr\u00e9eBGC<\/span>, <span class=\"label label-info last\">Tigre G\u00e9ant<\/span><\/div>\n\t\t\t\t<\/div>\n\t\t\t<\/a>\n        <\/article>\n      \n        <article id='post-88691' class='post' data-index='5'>\n        \t<a href='https:\/\/www.bgccan.com\/fr\/les-clubs-bgc-veulent-le-meilleur-pour-les-jeunes\/' class='post__entry'>\n\t  \t\t\t<div class='post_img'><img decoding=\"async\" src=\"https:\/\/www.bgccan.com\/wp-content\/uploads\/2025\/08\/owen-bgccornwall-1024x591.jpg\" alt=\"Post - BGC Clubs want the best for Canadian kids\" \/><\/div>\n\t\t\t\t<div class='post_content'>\n\t\t\t\t\t<div class='post_cat'><span class=\"label label-info\">Blogue du leadership<\/span><\/div>\n\t\t\t\t\t<h3 class='post_title'>Les Clubs BGC veulent ce qu\u2019il y a de mieux pour les jeunes du Canada<\/h3>\n\t\t\t\t\t<div class='post_excerpt'>Par Owen Charters, pr\u00e9sident-directeur g\u00e9n\u00e9ral, BGC\u202fCanada 18\u202fnovembre\u202f2024 Vous pouvez aimer les enfants sans vouloir vous mettre \u00e0 genoux pour jouer au hockey miniature avec eux ou les faire grimper sur vos \u00e9paules le temps d\u2019une photo.\u202fVous n\u2019avez qu\u2019\u00e0 croire en\u2026<\/div>\n\t\t\t\t\t<div class='post_link'>\n\t\t\t\t\t\tLire la suite\n\t\t\t\t\t\t<i class='fa fa-arrow-right fa-after'><\/i>\n\t\t\t\t\t<\/div>\n\t\t\t\t\t\t<div class=\"post_tags\"><span class=\"label label-info\">BGC Clubs<\/span>, <span class=\"label label-info\">Blogue du PDG<\/span>, <span class=\"label label-info\">Clubs BGC<\/span>, <span class=\"label label-info\">Owen Charters<\/span>, <span class=\"label label-info\">programmes pour les parents<\/span>, <span class=\"label label-info last\">projet d\u2019apprentissage et d\u2019impact<\/span><\/div>\n\t\t\t\t<\/div>\n\t\t\t<\/a>\n        <\/article>\n      \n        <article id='post-88683' class='post' data-index='6'>\n        \t<a href='https:\/\/www.bgccan.com\/fr\/les-clubs-bgc-une-solution-moderne-pour-aider-les-parents\/' class='post__entry'>\n\t  \t\t\t<div class='post_img'><img decoding=\"async\" src=\"https:\/\/www.bgccan.com\/wp-content\/uploads\/2025\/10\/Impact-News-1024x538.jpg\" alt=\"Yellow line art icon of a hand giving a thumbs up with two sparkling stars on a circular background.\" \/><\/div>\n\t\t\t\t<div class='post_content'>\n\t\t\t\t\t<div class='post_cat'><span class=\"label label-info\">Nouvelles d\u2019impact<\/span><\/div>\n\t\t\t\t\t<h3 class='post_title'>Les Clubs BGC, une solution moderne pour aider les parents<\/h3>\n\t\t\t\t\t<div class='post_excerpt'>Par Owen Charters, pr\u00e9sident-directeur g\u00e9n\u00e9ral, BGC\u202fCanada 30\u202foctobre 2024 \u00c9lever des enfants n\u2019est pas facile\u202f: il faut tout un village pour y arriver. Toutefois, nous vivons \u00e0 une \u00e9poque o\u00f9 nous n\u2019habitons pas n\u00e9cessairement dans ledit village. Il faut donc des\u2026<\/div>\n\t\t\t\t\t<div class='post_link'>\n\t\t\t\t\t\tLire la suite\n\t\t\t\t\t\t<i class='fa fa-arrow-right fa-after'><\/i>\n\t\t\t\t\t<\/div>\n\t\t\t\t\t\t<div class=\"post_tags\"><span class=\"label label-info\">BGC Canada<\/span>, <span class=\"label label-info\">Clubs BGC<\/span>, <span class=\"label label-info\">Owen Charters<\/span>, <span class=\"label label-info last\">programmes pour les parents<\/span><\/div>\n\t\t\t\t<\/div>\n\t\t\t<\/a>\n        <\/article>\n      <div class=\"posts_pagination\"><ul class=\"pagination\"><li><span aria-current=\"page\" class=\"page-numbers current\">1<\/span><\/li><li><a class=\"page-numbers\" href=\"https:\/\/www.bgccan.com\/fr\/wp-json\/wp\/v2\/pages\/88534\/\/page\/2\">2<\/a><\/li><li><span class=\"page-numbers dots\">\u2026<\/span><\/li><li><a class=\"page-numbers\" href=\"https:\/\/www.bgccan.com\/fr\/wp-json\/wp\/v2\/pages\/88534\/\/page\/29\">29<\/a><\/li><li><a class=\"next page-numbers\" href=\"https:\/\/www.bgccan.com\/fr\/wp-json\/wp\/v2\/pages\/88534\/\/page\/2\"><i class=\"fas fa-arrow-right\"><\/i><\/a><\/li><\/ul><\/div><\/div><\/div>[\/vc_column][\/vc_row][\/vc_section][vc_section full_width=\u00a0\u00bbstretch_row\u00a0\u00bb disable_element=\u00a0\u00bbyes\u00a0\u00bb css=\u00a0\u00bb.vc_custom_1774039483939{padding-top: 100px !important;padding-bottom: 60px !important;background-color: #F2F7FB !important;}\u00a0\u00bb][vc_row full_width=\u00a0\u00bbstretch_row\u00a0\u00bb equal_height=\u00a0\u00bbyes\u00a0\u00bb content_placement=\u00a0\u00bbmiddle\u00a0\u00bb css_animation=\u00a0\u00bbbottom-to-top\u00a0\u00bb][vc_column offset=\u00a0\u00bbvc_col-md-5 vc_hidden-xs\u00a0\u00bb][vc_single_image image=\u00a0\u00bb1697&Prime; img_size=\u00a0\u00bbfull\u00a0\u00bb alignment=\u00a0\u00bbcenter\u00a0\u00bb css_animation=\u00a0\u00bbfadeIn\u00a0\u00bb css=\u00a0\u00bb\u00a0\u00bb][\/vc_column][vc_column offset=\u00a0\u00bbvc_col-md-offset-1 vc_col-md-6&Prime;]<div class='content-block section-content wpb_text_column wpb_content_element align-left     font_weight_default fs-36  ' ><div class='wpb_wrapper'><h2>In the Media<\/h2>\n<\/div><\/div><div class='content-block section-content wpb_text_column wpb_content_element align-left     font_weight_default   ' ><div class='wpb_wrapper'><ul>\n<li><strong>June 17, 2025<\/strong><br \/>\n<a href=\"https:\/\/lindsayadvocate.ca\/local-youth-awards-given-for-annual-bgc-event\/\" target=\"_blank\" rel=\"noopener\">Local youth awards given for annual BGC event<\/a>\u00a0(The Lindsay Advocate)<\/li>\n<li><strong>February 16, 2025<br \/>\n<\/strong><a href=\"https:\/\/www.cbc.ca\/player\/play\/video\/9.6648095\" target=\"_blank\" rel=\"noopener\">St. Anthony pushing forward following fire at Boys and Girls Club<\/a>\u00a0(CBC News)<\/li>\n<li><strong>February 16, 2025<br \/>\n<\/strong><a href=\"https:\/\/www.cbc.ca\/news\/canada\/newfoundland-labrador\/boys-and-girls-club-st-anthony-update-1.7459875\" target=\"_blank\" rel=\"noopener\">Boys and Girls Club community spirit is still intact after St. Anthony fire<\/a>\u00a0(CBC News)<\/li>\n<li><strong>January 17, 2025<\/strong><br \/>\n<a href=\"https:\/\/www.breakfasttelevision.ca\/videos\/the-bgcs-national-youth-of-the-year-recipient-is-a-changemaker\/\" target=\"_blank\" rel=\"noopener\">The BGC\u2019s \u2018National Youth of the Year\u2019 recipient is a changemaker<\/a>\u00a0(Breakfast Television)<\/li>\n<li><strong>December 23, 2024<br \/>\n<\/strong><a href=\"https:\/\/www.ponokanews.com\/local-news\/former-ponoka-resident-yael-witvoet-sets-sights-on-helping-victims-of-human-trafficking-7722154\" target=\"_blank\" rel=\"noopener\">Hometown Ponoka advocate Ya\u00ebl Witvoet sets sights on helping victims of human trafficking<\/a>\u00a0(Ponoka News)<\/li>\n<li><strong>December 6, 2024<br \/>\n<\/strong><a href=\"https:\/\/www.cp24.com\/video\/2024\/12\/06\/titobi-oriola-is-bgc-canadas-2024-national-youth-of-the-year-award-winner\/\" target=\"_blank\" rel=\"noopener\">Titobi Oriola is BGC Canada\u2019s 2024 National Youth of the Year Award winner<\/a>\u00a0(CP24)<\/li>\n<li><strong>September 19, 2024<\/strong><br \/>\n<a href=\"https:\/\/www.kiss925.com\/2024\/09\/19\/making-dreams-come-true-rogers-donates-taylor-swift-the-eras-tour-tickets-to-kids-charities\/\" target=\"_blank\" rel=\"noopener\">Rogers Donates Taylor Swift | The Eras Tour Tickets to Kids\u2019 Charities<\/a>\u00a0(Kiss 92.5)<\/li>\n<li><strong>September 18, 2024<\/strong><br \/>\n<a href=\"https:\/\/beachmetro.com\/2024\/09\/18\/east-torontos-shahaddah-jack-set-to-become-torontos-first-youth-poet-laureate\/\" target=\"_blank\" rel=\"noopener\">East Toronto\u2019s Shahaddah Jack set to become Toronto\u2019s first Youth Poet Laureate<\/a>\u00a0(Beach Metro)<\/li>\n<\/ul>\n<\/div><\/div>[\/vc_column][\/vc_row][\/vc_section][vc_section css=\u00a0\u00bb.vc_custom_1759421625046{padding-top: 100px !important;padding-bottom: 65px !important;}\u00a0\u00bb][vc_row css_animation=\u00a0\u00bbbottom-to-top\u00a0\u00bb][vc_column width=\u00a0\u00bb1\/2&Prime; offset=\u00a0\u00bbvc_col-xs-12&Prime;]\n\t\t\t<div tabindex='0' class='wpb_content_element cta-icon size-sm align-left '>\n\t\t\t\t<div class='cta-icon__wrapper bg_green-25'>\n                    <div class='cta__img'><i class='fa-regular fa-message-question'><\/i><\/div>\n\t\t\t\t\t<div class='cta__content'>\t\n\t\t\t\t\t\t\n\t\t\t\t\t\t<h3 class='cta__title'>Personne-ressource pour les m\u00e9dias<\/h3>\n\t\t\t\t\t\t<div class='cta__desc'><p>Si vous souhaitez obtenir une entrevue avec BGC Canada ou faire une demande de renseignements pour les m\u00e9dias, veuillez communiquer avec :<\/p>\n<p><strong>\u00c9mie Boies Bastien<\/strong><\/p>\n<p>Gestionnaire, communications bilingues<br \/>\n<a href=\"mailto:eboiesbastien@bgccan.com\" target=\"_blank\" rel=\"noopener\">eboiesbastien@bgccan.com<\/a> | 905-477-7272 x2247<\/p><\/div>\n\t\t\t\t\t\t\n\t\t\t\t\t<\/div>\n\t\t\t\t<\/div>\n\t\t\t<\/div>[\/vc_column][vc_column width=\u00a0\u00bb1\/2&Prime; offset=\u00a0\u00bbvc_col-xs-12&Prime;]\n\t\t\t<div tabindex='0' class='wpb_content_element cta-icon size-sm align-left '>\n\t\t\t\t<div class='cta-icon__wrapper bg_pale_blue-2'>\n                    <div class='cta__img'><i class='fa-regular fa-images'><\/i><\/div>\n\t\t\t\t\t<div class='cta__content'>\t\n\t\t\t\t\t\t\n\t\t\t\t\t\t<h3 class='cta__title'>Ressources li\u00e9es \u00e0 la marque<\/h3>\n\t\t\t\t\t\t<div class='cta__desc'><p>N\u2019h\u00e9sitez pas \u00e0 communiquer avec nous si vous avez besoin d\u2019aide pour trouver des ressources li\u00e9es \u00e0 la marque ou d\u2019autres actifs.<\/p>\n<ul class=\"no-margin\">\n<li><a href=\"https:\/\/www.dropbox.com\/s\/2uiq5ge4mpnols6\/2021%20BGC%20Canada%20Boilerplate%20%28EN%2BFR%29.docx?dl=0\" target=\"_blank\" rel=\"noopener\">Texte passe-partout pour les m\u00e9dias<\/a><\/li>\n<li><a href=\"https:\/\/www.dropbox.com\/sh\/7deqa41icmn55sc\/AAA7V4nWzl4-2qRjBimZ0dCva?dl=0\" target=\"_blank\" rel=\"noopener\">Logos BGC Images BGC<\/a><\/li>\n<li><a href=\"https:\/\/www.dropbox.com\/sh\/5cpimi1imz7kphr\/AABtc5ZqklnxJlsDBd6JJAUwa?dl=0\" target=\"_blank\" rel=\"noopener\">Vid\u00e9o \u00e0 propos de BGC<\/a><\/li>\n<li><a href=\"https:\/\/www.bgccan.com\/fr\/a-propos-de-nous\/rapports-annuels\/\">Rapport annuel<\/a><\/li>\n<\/ul>\n<\/p><\/div>\n\t\t\t\t\t\t\n\t\t\t\t\t<\/div>\n\t\t\t\t<\/div>\n\t\t\t<\/div>[\/vc_column][\/vc_row][vc_row css_animation=\u00a0\u00bbbottom-to-top\u00a0\u00bb][vc_column]\n\t\t\t<div tabindex='0' class='wpb_content_element cta-icon size-sm align-left '>\n\t\t\t\t<div class='cta-icon__wrapper bg_pale_blue-2'>\n                    <div class='cta__img'><i class='fa-regular fa-messages'><\/i><\/div>\n\t\t\t\t\t<div class='cta__content'>\t\n\t\t\t\t\t\t\n\t\t\t\t\t\t<h3 class='cta__title'>Autres fa\u00e7ons de rester en contact<\/h3>\n\t\t\t\t\t\t<div class='cta__desc'><p>\n<ul class=\"no-margin\">\n<li>Consultez notre page <strong><a href=\"https:\/\/www.linkedin.com\/company\/bgc-canada\/\" target=\"_blank\" rel=\"noopener\">LinkedIn<\/a><\/strong><\/li>\n<li>Abonnez-vous \u00e0 nos comptes <strong><a href=\"https:\/\/www.facebook.com\/BGCCAN\" target=\"_blank\" rel=\"noopener\">Facebook<\/a><\/strong> et <strong><a href=\"https:\/\/www.instagram.com\/bgccan\/\" target=\"_blank\" rel=\"noopener\">Instagram<\/a><\/strong><\/li>\n<li>Regardez nos vid\u00e9os sur <strong><a href=\"https:\/\/www.youtube.com\/@bgccan\" target=\"_blank\" rel=\"noopener\">YouTube<\/a> <\/strong>or <a href=\"https:\/\/vimeo.com\/bgccan\" target=\"_blank\" rel=\"noopener\"><strong>Vimeo<\/strong><\/a><\/li>\n<li>Suivez BGC Canada sur <a href=\"https:\/\/bsky.app\/profile\/bgccan.bsky.social\" target=\"_blank\" rel=\"noopener\"><strong>BlueSky<\/strong><\/a><\/li>\n<li>Vous avez d\u00e9j\u00e0 \u00e9t\u00e9 membre de BGC? <strong><a href=\"https:\/\/www.bgccan.com\/fr\/les-clubs-bgc\/partagez-votre-histoire\/\">Racontez-nous votre histoire<\/a><\/strong><\/li>\n<\/ul>\n<\/p><\/div>\n\t\t\t\t\t\t\n\t\t\t\t\t<\/div>\n\t\t\t\t<\/div>\n\t\t\t<\/div>[\/vc_column][\/vc_row][\/vc_section]\n<\/div>","protected":false},"excerpt":{"rendered":"<p>[vc_section css=\u00a0\u00bb.vc_custom_1759258912662{padding-bottom: 60px !important;}\u00a0\u00bb][vc_row full_width=\u00a0\u00bbstretch_row\u00a0\u00bb css_animation=\u00a0\u00bbbottom-to-top\u00a0\u00bb][vc_column offset=\u00a0\u00bbvc_col-md-offset-2 vc_col-md-8&Prime;][\/vc_column][\/vc_row][vc_row full_width=\u00a0\u00bbstretch_row\u00a0\u00bb content_placement=\u00a0\u00bbmiddle\u00a0\u00bb css_animation=\u00a0\u00bbbottom-to-top\u00a0\u00bb][vc_column offset=\u00a0\u00bbvc_col-lg-5 vc_col-md-6&Prime;][\/vc_column][vc_column offset=\u00a0\u00bbvc_col-lg-offset-1 vc_col-md-6 vc_col-xs-12&Prime;][vc_video link=\u00a0\u00bbhttps:\/\/vimeo.com\/531310088&Prime; css=\u00a0\u00bb\u00a0\u00bb][\/vc_column][\/vc_row][\/vc_section][vc_section full_width=\u00a0\u00bbstretch_row_content\u00a0\u00bb css=\u00a0\u00bb.vc_custom_1759259759352{padding-top: 100px !important;padding-bottom: 60px !important;background-color: #E4ECF4 !important;}\u00a0\u00bb][vc_row css_animation=\u00a0\u00bbbottom-to-top\u00a0\u00bb][vc_column][\/vc_column][\/vc_row][\/vc_section][vc_section full_width=\u00a0\u00bbstretch_row\u00a0\u00bb disable_element=\u00a0\u00bbyes\u00a0\u00bb css=\u00a0\u00bb.vc_custom_1774039483939{padding-top: 100px !important;padding-bottom: 60px !important;background-color: #F2F7FB !important;}\u00a0\u00bb][vc_row full_width=\u00a0\u00bbstretch_row\u00a0\u00bb equal_height=\u00a0\u00bbyes\u00a0\u00bb content_placement=\u00a0\u00bbmiddle\u00a0\u00bb css_animation=\u00a0\u00bbbottom-to-top\u00a0\u00bb][vc_column offset=\u00a0\u00bbvc_col-md-5 vc_hidden-xs\u00a0\u00bb][vc_single_image image=\u00a0\u00bb1697&Prime; img_size=\u00a0\u00bbfull\u00a0\u00bb alignment=\u00a0\u00bbcenter\u00a0\u00bb css_animation=\u00a0\u00bbfadeIn\u00a0\u00bb css=\u00a0\u00bb\u00a0\u00bb][\/vc_column][vc_column offset=\u00a0\u00bbvc_col-md-offset-1 vc_col-md-6&Prime;][\/vc_column][\/vc_row][\/vc_section][vc_section css=\u00a0\u00bb.vc_custom_1759421625046{padding-top: 100px !important;padding-bottom: 65px !important;}\u00a0\u00bb][vc_row css_animation=\u00a0\u00bbbottom-to-top\u00a0\u00bb][vc_column [&hellip;]<\/p>\n","protected":false},"author":1,"featured_media":0,"parent":0,"menu_order":0,"comment_status":"closed","ping_status":"closed","template":"page-templates\/page-general.php","meta":{"_acf_changed":false,"footnotes":""},"class_list":["post-88534","page","type-page","status-publish","hentry"],"acf":[],"aioseo_notices":[],"_links":{"self":[{"href":"https:\/\/www.bgccan.com\/fr\/wp-json\/wp\/v2\/pages\/88534","targetHints":{"allow":["GET"]}}],"collection":[{"href":"https:\/\/www.bgccan.com\/fr\/wp-json\/wp\/v2\/pages"}],"about":[{"href":"https:\/\/www.bgccan.com\/fr\/wp-json\/wp\/v2\/types\/page"}],"author":[{"embeddable":true,"href":"https:\/\/www.bgccan.com\/fr\/wp-json\/wp\/v2\/users\/1"}],"replies":[{"embeddable":true,"href":"https:\/\/www.bgccan.com\/fr\/wp-json\/wp\/v2\/comments?post=88534"}],"version-history":[{"count":0,"href":"https:\/\/www.bgccan.com\/fr\/wp-json\/wp\/v2\/pages\/88534\/revisions"}],"wp:attachment":[{"href":"https:\/\/www.bgccan.com\/fr\/wp-json\/wp\/v2\/media?parent=88534"}],"curies":[{"name":"wp","href":"https:\/\/api.w.org\/{rel}","templated":true}]}}