{"id":88538,"date":"2025-04-21T19:38:22","date_gmt":"2025-04-21T19:38:22","guid":{"rendered":"https:\/\/www.bgccan.com\/a-propos-de-nous\/annual-report\/"},"modified":"2026-04-06T18:53:40","modified_gmt":"2026-04-06T18:53:40","slug":"rapports-annuels","status":"publish","type":"page","link":"https:\/\/www.bgccan.com\/fr\/a-propos-de-nous\/rapports-annuels\/","title":{"rendered":"Rapports annuels"},"content":{"rendered":"<div class=\"wpb-content-wrapper\">[vc_section el_class=\u00a0\u00bbannual-report-main ptop-10 pbottom-13&Prime;][vc_row full_width=\u00a0\u00bbstretch_row\u00a0\u00bb css_animation=\u00a0\u00bbbottom-to-top\u00a0\u00bb][vc_column offset=\u00a0\u00bbvc_col-md-offset-1 vc_col-md-10&Prime;]<div class='content-block section-content wpb_text_column wpb_content_element align-left    mtop-0 fw-semi fs-26 lh-160 ' ><div class='wpb_wrapper'><h2>Notre <mark class=\"text-green\">rapport annuel<\/mark> met en lumi\u00e8re les programmes et les services des BGC Canada, et reconna\u00eet le soutien incroyable offert par nos partenaires, nos bailleurs de fonds et nos donateurs.<\/h2>\n<\/div><\/div><div class='content-block section-content wpb_text_column wpb_content_element align-left     font_weight_default fs-18  ' ><div class='wpb_wrapper'><p>Des informations additionnelles, incluant les renseignements sur la r\u00e9mun\u00e9ration, peuvent \u00eatre trouv\u00e9es sur le\u00a0<a href=\"https:\/\/apps.cra-arc.gc.ca\/ebci\/hacc\/srch\/pub\/dsplyQckVw?selectedCharityBn=130361710RR0001&amp;isSingleResult=false&amp;q.srchNmFltr=boys+and+girls+clubs+of+canada&amp;q.stts=0007\" target=\"_blank\" rel=\"noopener\">site de l\u2019Agence du revenu du Canada<\/a>.<\/p>\n<\/div><\/div>[vc_empty_space height=\u00a0\u00bb60px\u00a0\u00bb el_class=\u00a0\u00bbhidden-xs\u00a0\u00bb][\/vc_column][\/vc_row][vc_row full_width=\u00a0\u00bbstretch_row\u00a0\u00bb][vc_column css_animation=\u00a0\u00bbbottom-to-top\u00a0\u00bb offset=\u00a0\u00bbvc_col-md-offset-1 vc_col-md-10&Prime;]\n\t\t\t<a href='https:\/\/www.bgccan.com\/wp-content\/uploads\/2026\/03\/2024-BGC-Canada-Annual-Report-FR.pdf' class='wpb_content_element cta-report size-lg ' target='_blank' rel='nofollow'>\n\t\t\t\t<div class='cta-report__wrapper bg_green-50'>\n\t\t\t\t\t<div class='cta__img'><img src='https:\/\/www.bgccan.com\/wp-content\/uploads\/2025\/08\/annual-report-image.jpg' alt='Young boy in a red shirt smiling while holding a green pipe cleaner craft in front of him.'><\/div>\n\t\t\t\t\t<div class='cta__content'>\t\n\t\t\t\t\t\t<h3 class='cta__title'>Rapport annuel 2024<\/h3>\n\t\t\t\t\t\t<div class=\"cta__desc\"><\/div>\n\t\t\t\t\t\t<div class='cta__link'>\n\t\t\t\t\t\t\tT\u00e9l\u00e9charger le PDF\n\t\t\t\t\t\t<\/div>\n\t\t\t\t\t<\/div>\n\t\t\t\t<\/div>\n\t\t\t<\/a>\n\t\t\t<a href='https:\/\/www.bgccan.com\/wp-content\/uploads\/2026\/03\/Boys-and-Girls-Clubs-of-Canada-FS-2024-12-31-V2_FRE.pdf' class='wpb_content_element cta-report size-lg ' target='_blank' rel='nofollow'>\n\t\t\t\t<div class='cta-report__wrapper bg_yellow-50'>\n\t\t\t\t\t<div class='cta__img'><img src='https:\/\/www.bgccan.com\/wp-content\/uploads\/2026\/02\/annual-report-image2.jpg' alt='Young girl holding a basketball on an outdoor court.'><\/div>\n\t\t\t\t\t<div class='cta__content'>\t\n\t\t\t\t\t\t<h3 class='cta__title'>Rapport financier 2024<\/h3>\n\t\t\t\t\t\t<div class=\"cta__desc\"><\/div>\n\t\t\t\t\t\t<div class='cta__link'>\n\t\t\t\t\t\t\tT\u00e9l\u00e9charger le PDF\n\t\t\t\t\t\t<\/div>\n\t\t\t\t\t<\/div>\n\t\t\t\t<\/div>\n\t\t\t<\/a>[\/vc_column][\/vc_row][\/vc_section][vc_section css=\u00a0\u00bb.vc_custom_1757960300897{background-color: #D9F2BF00 !important;}\u00a0\u00bb][vc_row full_width=\u00a0\u00bbstretch_row\u00a0\u00bb css=\u00a0\u00bb.vc_custom_1757965665202{background-color: #D9F2BF !important;}\u00a0\u00bb el_class=\u00a0\u00bbannual-report-list green wave-container ptop-14 pbottom-14&Prime;][vc_column css_animation=\u00a0\u00bbbottom-to-top\u00a0\u00bb][vc_row_inner][vc_column_inner width=\u00a0\u00bb4\/12&Prime;]<div class='content-block section-content wpb_text_column wpb_content_element align-left   txt-navy  fw-xbold fs-48 lh-110 ls_minus_96' ><div class='wpb_wrapper'><p>Rapports annuels ant\u00e9rieurs<\/p>\n<\/div><\/div>[\/vc_column_inner][vc_column_inner width=\u00a0\u00bb8\/12&Prime;]\n\t\t\t<a href='https:\/\/www.bgccan.com\/wp-content\/uploads\/2026\/03\/BGC_AnnualReport2023-FR-final.pdf' class='wpb_content_element cta-report size-md ' target='_blank' rel=''>\n\t\t\t\t<div class='cta-report__wrapper bg_green-50'>\n\t\t\t\t\t\n\t\t\t\t\t<div class='cta__content'>\t\n\t\t\t\t\t\t<h3 class='cta__title'>Rapport annuel 2023<\/h3>\n\t\t\t\t\t\t<div class=\"cta__desc\"><\/div>\n\t\t\t\t\t\t<div class='cta__link'>\n\t\t\t\t\t\t\tT\u00e9l\u00e9charger le PDF\n\t\t\t\t\t\t<\/div>\n\t\t\t\t\t<\/div>\n\t\t\t\t<\/div>\n\t\t\t<\/a>\n\t\t\t<a href='https:\/\/www.bgccan.com\/wp-content\/uploads\/2026\/03\/BGC_AnnualReport2022-FR.pdf' class='wpb_content_element cta-report size-md ' target='_blank' rel=''>\n\t\t\t\t<div class='cta-report__wrapper bg_green-50'>\n\t\t\t\t\t\n\t\t\t\t\t<div class='cta__content'>\t\n\t\t\t\t\t\t<h3 class='cta__title'>Rapport annuel 2022<\/h3>\n\t\t\t\t\t\t<div class=\"cta__desc\"><\/div>\n\t\t\t\t\t\t<div class='cta__link'>\n\t\t\t\t\t\t\tT\u00e9l\u00e9charger le PDF\n\t\t\t\t\t\t<\/div>\n\t\t\t\t\t<\/div>\n\t\t\t\t<\/div>\n\t\t\t<\/a>\n\t\t\t<a href='https:\/\/www.bgccan.com\/wp-content\/uploads\/2026\/03\/BGC-AnnualReport2021_FR.pdf' class='wpb_content_element cta-report size-md ' target='_blank' rel=''>\n\t\t\t\t<div class='cta-report__wrapper bg_green-50'>\n\t\t\t\t\t\n\t\t\t\t\t<div class='cta__content'>\t\n\t\t\t\t\t\t<h3 class='cta__title'>Rapport annuel 2021<\/h3>\n\t\t\t\t\t\t<div class=\"cta__desc\"><\/div>\n\t\t\t\t\t\t<div class='cta__link'>\n\t\t\t\t\t\t\tT\u00e9l\u00e9charger le PDF\n\t\t\t\t\t\t<\/div>\n\t\t\t\t\t<\/div>\n\t\t\t\t<\/div>\n\t\t\t<\/a>\n\t\t\t<a href='https:\/\/www.bgccan.com\/wp-content\/uploads\/2026\/03\/BGC-Canada-Rapport-annuel-2020.pdf' class='wpb_content_element cta-report size-md ' target='_blank' rel=''>\n\t\t\t\t<div class='cta-report__wrapper bg_green-50'>\n\t\t\t\t\t\n\t\t\t\t\t<div class='cta__content'>\t\n\t\t\t\t\t\t<h3 class='cta__title'>Rapport annuel 2020<\/h3>\n\t\t\t\t\t\t<div class=\"cta__desc\"><\/div>\n\t\t\t\t\t\t<div class='cta__link'>\n\t\t\t\t\t\t\tT\u00e9l\u00e9charger le PDF\n\t\t\t\t\t\t<\/div>\n\t\t\t\t\t<\/div>\n\t\t\t\t<\/div>\n\t\t\t<\/a>\n\t\t\t<a href='https:\/\/www.bgccan.com\/wp-content\/uploads\/2026\/03\/BGCC-AnnualReport-2019-FR.pdf' class='wpb_content_element cta-report size-md ' target='_blank' rel=''>\n\t\t\t\t<div class='cta-report__wrapper bg_green-50'>\n\t\t\t\t\t\n\t\t\t\t\t<div class='cta__content'>\t\n\t\t\t\t\t\t<h3 class='cta__title'>Rapport annuel 2019<\/h3>\n\t\t\t\t\t\t<div class=\"cta__desc\"><\/div>\n\t\t\t\t\t\t<div class='cta__link'>\n\t\t\t\t\t\t\tT\u00e9l\u00e9charger le PDF\n\t\t\t\t\t\t<\/div>\n\t\t\t\t\t<\/div>\n\t\t\t\t<\/div>\n\t\t\t<\/a>\n\t\t\t<a href='https:\/\/www.bgccan.com\/wp-content\/uploads\/2026\/03\/RJC-Rapport-annuel-2018.pdf' class='wpb_content_element cta-report size-md ' target='_blank' rel=''>\n\t\t\t\t<div class='cta-report__wrapper bg_green-50'>\n\t\t\t\t\t\n\t\t\t\t\t<div class='cta__content'>\t\n\t\t\t\t\t\t<h3 class='cta__title'>Rapport annuel 2018<\/h3>\n\t\t\t\t\t\t<div class=\"cta__desc\"><\/div>\n\t\t\t\t\t\t<div class='cta__link'>\n\t\t\t\t\t\t\tT\u00e9l\u00e9charger le PDF\n\t\t\t\t\t\t<\/div>\n\t\t\t\t\t<\/div>\n\t\t\t\t<\/div>\n\t\t\t<\/a>\n\t\t\t<a href='https:\/\/www.bgccan.com\/wp-content\/uploads\/2026\/03\/Rapport-annuel-2017.pdf' class='wpb_content_element cta-report size-md ' target='_blank' rel=''>\n\t\t\t\t<div class='cta-report__wrapper bg_green-50'>\n\t\t\t\t\t\n\t\t\t\t\t<div class='cta__content'>\t\n\t\t\t\t\t\t<h3 class='cta__title'>Rapport annuel 2017<\/h3>\n\t\t\t\t\t\t<div class=\"cta__desc\"><\/div>\n\t\t\t\t\t\t<div class='cta__link'>\n\t\t\t\t\t\t\tT\u00e9l\u00e9charger le PDF\n\t\t\t\t\t\t<\/div>\n\t\t\t\t\t<\/div>\n\t\t\t\t<\/div>\n\t\t\t<\/a>\n\t\t\t<a href='https:\/\/www.bgccan.com\/wp-content\/uploads\/2026\/03\/Rapport-annuel-2016.pdf' class='wpb_content_element cta-report size-md ' target='_blank' rel=''>\n\t\t\t\t<div class='cta-report__wrapper bg_green-50'>\n\t\t\t\t\t\n\t\t\t\t\t<div class='cta__content'>\t\n\t\t\t\t\t\t<h3 class='cta__title'>Rapport annuel 2016<\/h3>\n\t\t\t\t\t\t<div class=\"cta__desc\"><\/div>\n\t\t\t\t\t\t<div class='cta__link'>\n\t\t\t\t\t\t\tT\u00e9l\u00e9charger le PDF\n\t\t\t\t\t\t<\/div>\n\t\t\t\t\t<\/div>\n\t\t\t\t<\/div>\n\t\t\t<\/a>\n\t\t\t<a href='https:\/\/www.bgccan.com\/wp-content\/uploads\/2026\/03\/2015-Rapport-Annuel.pdf' class='wpb_content_element cta-report size-md ' target='_blank' rel=''>\n\t\t\t\t<div class='cta-report__wrapper bg_green-50'>\n\t\t\t\t\t\n\t\t\t\t\t<div class='cta__content'>\t\n\t\t\t\t\t\t<h3 class='cta__title'>Rapport annuel 2015<\/h3>\n\t\t\t\t\t\t<div class=\"cta__desc\"><\/div>\n\t\t\t\t\t\t<div class='cta__link'>\n\t\t\t\t\t\t\tT\u00e9l\u00e9charger le PDF\n\t\t\t\t\t\t<\/div>\n\t\t\t\t\t<\/div>\n\t\t\t\t<\/div>\n\t\t\t<\/a>\n\t\t\t<a href='https:\/\/www.bgccan.com\/wp-content\/uploads\/2026\/03\/2014-Rapport-Annuel.pdf' class='wpb_content_element cta-report size-md ' target='_blank' rel=''>\n\t\t\t\t<div class='cta-report__wrapper bg_green-50'>\n\t\t\t\t\t\n\t\t\t\t\t<div class='cta__content'>\t\n\t\t\t\t\t\t<h3 class='cta__title'>Rapport annuel 2014<\/h3>\n\t\t\t\t\t\t<div class=\"cta__desc\"><\/div>\n\t\t\t\t\t\t<div class='cta__link'>\n\t\t\t\t\t\t\tT\u00e9l\u00e9charger le PDF\n\t\t\t\t\t\t<\/div>\n\t\t\t\t\t<\/div>\n\t\t\t\t<\/div>\n\t\t\t<\/a>[\/vc_column_inner][\/vc_row_inner][\/vc_column][\/vc_row][vc_row full_width=\u00a0\u00bbstretch_row\u00a0\u00bb css=\u00a0\u00bb.vc_custom_1757960352112{background-color: #FDF6D2 !important;}\u00a0\u00bb el_class=\u00a0\u00bbannual-report-list yellow wave-container ptop-14 pbottom-14&Prime;][vc_column css_animation=\u00a0\u00bbbottom-to-top\u00a0\u00bb][vc_row_inner][vc_column_inner width=\u00a0\u00bb4\/12&Prime;]<div class='content-block section-content wpb_text_column wpb_content_element align-left   txt-navy  fw-xbold fs-48 lh-110 ls_minus_96' ><div class='wpb_wrapper'><p>Rapports financiers ant\u00e9rieurs<\/p>\n<\/div><\/div>[\/vc_column_inner][vc_column_inner width=\u00a0\u00bb8\/12&Prime;]\n\t\t\t<a href='https:\/\/www.bgccan.com\/wp-content\/uploads\/2026\/03\/Etats-Financiers-de_-Repaires-Jeunesse-Du-Canada.pdf' class='wpb_content_element cta-report size-md ' target='_blank' rel=''>\n\t\t\t\t<div class='cta-report__wrapper bg_yellow-50'>\n\t\t\t\t\t\n\t\t\t\t\t<div class='cta__content'>\t\n\t\t\t\t\t\t<h3 class='cta__title'>Rapport financier 2023<\/h3>\n\t\t\t\t\t\t<div class=\"cta__desc\"><\/div>\n\t\t\t\t\t\t<div class='cta__link'>\n\t\t\t\t\t\t\tT\u00e9l\u00e9charger le PDF\n\t\t\t\t\t\t<\/div>\n\t\t\t\t\t<\/div>\n\t\t\t\t<\/div>\n\t\t\t<\/a>\n\t\t\t<a href='https:\/\/www.bgccan.com\/wp-content\/uploads\/2026\/03\/Boys-and-Girls-Clubs-of-Canada-FS-2022-12-31-FRE_signed.pdf' class='wpb_content_element cta-report size-md ' target='_blank' rel=''>\n\t\t\t\t<div class='cta-report__wrapper bg_yellow-50'>\n\t\t\t\t\t\n\t\t\t\t\t<div class='cta__content'>\t\n\t\t\t\t\t\t<h3 class='cta__title'>Rapport financier 2022<\/h3>\n\t\t\t\t\t\t<div class=\"cta__desc\"><\/div>\n\t\t\t\t\t\t<div class='cta__link'>\n\t\t\t\t\t\t\tT\u00e9l\u00e9charger le PDF\n\t\t\t\t\t\t<\/div>\n\t\t\t\t\t<\/div>\n\t\t\t\t<\/div>\n\t\t\t<\/a>\n\t\t\t<a href='https:\/\/www.bgccan.com\/wp-content\/uploads\/2026\/03\/BGCC-FS_12-31-2021-French_signed.pdf' class='wpb_content_element cta-report size-md ' target='_blank' rel=''>\n\t\t\t\t<div class='cta-report__wrapper bg_yellow-50'>\n\t\t\t\t\t\n\t\t\t\t\t<div class='cta__content'>\t\n\t\t\t\t\t\t<h3 class='cta__title'>Rapport financier 2021<\/h3>\n\t\t\t\t\t\t<div class=\"cta__desc\"><\/div>\n\t\t\t\t\t\t<div class='cta__link'>\n\t\t\t\t\t\t\tT\u00e9l\u00e9charger le PDF\n\t\t\t\t\t\t<\/div>\n\t\t\t\t\t<\/div>\n\t\t\t\t<\/div>\n\t\t\t<\/a>\n\t\t\t<a href='https:\/\/www.bgccan.com\/wp-content\/uploads\/2026\/03\/BGC-Canada-2020-Financial-report.pdf' class='wpb_content_element cta-report size-md ' target='_blank' rel=''>\n\t\t\t\t<div class='cta-report__wrapper bg_yellow-50'>\n\t\t\t\t\t\n\t\t\t\t\t<div class='cta__content'>\t\n\t\t\t\t\t\t<h3 class='cta__title'>Rapport financier 2020<\/h3>\n\t\t\t\t\t\t<div class=\"cta__desc\"><\/div>\n\t\t\t\t\t\t<div class='cta__link'>\n\t\t\t\t\t\t\tT\u00e9l\u00e9charger le PDF\n\t\t\t\t\t\t<\/div>\n\t\t\t\t\t<\/div>\n\t\t\t\t<\/div>\n\t\t\t<\/a>\n\t\t\t<a href='https:\/\/www.bgccan.com\/wp-content\/uploads\/2026\/03\/2019-BGCC-FR-Financials.pdf' class='wpb_content_element cta-report size-md ' target='_blank' rel=''>\n\t\t\t\t<div class='cta-report__wrapper bg_yellow-50'>\n\t\t\t\t\t\n\t\t\t\t\t<div class='cta__content'>\t\n\t\t\t\t\t\t<h3 class='cta__title'>Rapport financier 2019<\/h3>\n\t\t\t\t\t\t<div class=\"cta__desc\"><\/div>\n\t\t\t\t\t\t<div class='cta__link'>\n\t\t\t\t\t\t\tT\u00e9l\u00e9charger le PDF\n\t\t\t\t\t\t<\/div>\n\t\t\t\t\t<\/div>\n\t\t\t\t<\/div>\n\t\t\t<\/a>\n\t\t\t<a href='https:\/\/www.bgccan.com\/wp-content\/uploads\/2026\/03\/RJC-Rapport-financier-2018.pdf' class='wpb_content_element cta-report size-md ' target='_blank' rel=''>\n\t\t\t\t<div class='cta-report__wrapper bg_yellow-50'>\n\t\t\t\t\t\n\t\t\t\t\t<div class='cta__content'>\t\n\t\t\t\t\t\t<h3 class='cta__title'>Rapport financier 2018<\/h3>\n\t\t\t\t\t\t<div class=\"cta__desc\"><\/div>\n\t\t\t\t\t\t<div class='cta__link'>\n\t\t\t\t\t\t\tT\u00e9l\u00e9charger le PDF\n\t\t\t\t\t\t<\/div>\n\t\t\t\t\t<\/div>\n\t\t\t\t<\/div>\n\t\t\t<\/a>\n\t\t\t<a href='https:\/\/www.bgccan.com\/wp-content\/uploads\/2026\/03\/RJC-Rapport-financier-2017.pdf' class='wpb_content_element cta-report size-md ' target='_blank' rel=''>\n\t\t\t\t<div class='cta-report__wrapper bg_yellow-50'>\n\t\t\t\t\t\n\t\t\t\t\t<div class='cta__content'>\t\n\t\t\t\t\t\t<h3 class='cta__title'>Rapport financier 2017<\/h3>\n\t\t\t\t\t\t<div class=\"cta__desc\"><\/div>\n\t\t\t\t\t\t<div class='cta__link'>\n\t\t\t\t\t\t\tT\u00e9l\u00e9charger le PDF\n\t\t\t\t\t\t<\/div>\n\t\t\t\t\t<\/div>\n\t\t\t\t<\/div>\n\t\t\t<\/a>\n\t\t\t<a href='https:\/\/www.bgccan.com\/wp-content\/uploads\/2026\/03\/Etats-financiers-de-2016.pdf' class='wpb_content_element cta-report size-md ' target='_blank' rel=''>\n\t\t\t\t<div class='cta-report__wrapper bg_yellow-50'>\n\t\t\t\t\t\n\t\t\t\t\t<div class='cta__content'>\t\n\t\t\t\t\t\t<h3 class='cta__title'>Rapport financier 2016<\/h3>\n\t\t\t\t\t\t<div class=\"cta__desc\"><\/div>\n\t\t\t\t\t\t<div class='cta__link'>\n\t\t\t\t\t\t\tT\u00e9l\u00e9charger le PDF\n\t\t\t\t\t\t<\/div>\n\t\t\t\t\t<\/div>\n\t\t\t\t<\/div>\n\t\t\t<\/a>\n\t\t\t<a href='https:\/\/www.bgccan.com\/wp-content\/uploads\/2026\/03\/Etats-financiers-de-2015.pdf' class='wpb_content_element cta-report size-md ' target='_blank' rel=''>\n\t\t\t\t<div class='cta-report__wrapper bg_yellow-50'>\n\t\t\t\t\t\n\t\t\t\t\t<div class='cta__content'>\t\n\t\t\t\t\t\t<h3 class='cta__title'>Rapport financier 2015<\/h3>\n\t\t\t\t\t\t<div class=\"cta__desc\"><\/div>\n\t\t\t\t\t\t<div class='cta__link'>\n\t\t\t\t\t\t\tT\u00e9l\u00e9charger le PDF\n\t\t\t\t\t\t<\/div>\n\t\t\t\t\t<\/div>\n\t\t\t\t<\/div>\n\t\t\t<\/a>\n\t\t\t<a href='https:\/\/www.bgccan.com\/wp-content\/uploads\/2026\/03\/Etats-financiers-de-2014.pdf' class='wpb_content_element cta-report size-md ' target='_blank' rel=''>\n\t\t\t\t<div class='cta-report__wrapper bg_yellow-50'>\n\t\t\t\t\t\n\t\t\t\t\t<div class='cta__content'>\t\n\t\t\t\t\t\t<h3 class='cta__title'>Rapport financier 2014<\/h3>\n\t\t\t\t\t\t<div class=\"cta__desc\"><\/div>\n\t\t\t\t\t\t<div class='cta__link'>\n\t\t\t\t\t\t\tT\u00e9l\u00e9charger le PDF\n\t\t\t\t\t\t<\/div>\n\t\t\t\t\t<\/div>\n\t\t\t\t<\/div>\n\t\t\t<\/a>[\/vc_column_inner][\/vc_row_inner][\/vc_column][\/vc_row][\/vc_section][vc_section el_class=\u00a0\u00bbptop-13 pbottom-13&Prime;][vc_row][vc_column css_animation=\u00a0\u00bbbottom-to-top\u00a0\u00bb offset=\u00a0\u00bbvc_col-md-offset-1 vc_col-md-10&Prime;]\n\t\t\t<a href='https:\/\/apps.cra-arc.gc.ca\/ebci\/hacc\/srch\/pub\/dsplyQckVw?selectedCharityBn=130361710RR0001&isSingleResult=false&q.srchNmFltr=boys+and+girls+clubs+of+canada&q.stts=0007' class='wpb_content_element cta-report size-lg ' target='_blank' rel='nofollow'>\n\t\t\t\t<div class='cta-report__wrapper bg_pale_blue-2'>\n\t\t\t\t\t<div class='cta__img'><img src='https:\/\/www.bgccan.com\/wp-content\/uploads\/2025\/08\/annual-report-cta.jpg' alt='Three smiling children wearing grey &quot;Boys &amp; Girls Clubs&quot; t-shirts proudly hold up their colorful, hand-drawn artwork.'><\/div>\n\t\t\t\t\t<div class='cta__content'>\t\n\t\t\t\t\t\t<h3 class='cta__title'>D\u00e9claration de renseignements d\u2019organisme de bienfaisance enregistr\u00e9<\/h3>\n\t\t\t\t\t\t<div class=\"cta__desc\"><p>No d\u2019enregistrement d\u2019organisme de bienfaisance no 130361710RR0001<\/p>\n<\/div>\n\t\t\t\t\t\t<div class='cta__link'>\n\t\t\t\t\t\t\tVoir\n\t\t\t\t\t\t<\/div>\n\t\t\t\t\t<\/div>\n\t\t\t\t<\/div>\n\t\t\t<\/a>[\/vc_column][\/vc_row][\/vc_section]\n<\/div>","protected":false},"excerpt":{"rendered":"<p>[vc_section el_class=\u00a0\u00bbannual-report-main ptop-10 pbottom-13&Prime;][vc_row full_width=\u00a0\u00bbstretch_row\u00a0\u00bb css_animation=\u00a0\u00bbbottom-to-top\u00a0\u00bb][vc_column offset=\u00a0\u00bbvc_col-md-offset-1 vc_col-md-10&Prime;][vc_empty_space height=\u00a0\u00bb60px\u00a0\u00bb el_class=\u00a0\u00bbhidden-xs\u00a0\u00bb][\/vc_column][\/vc_row][vc_row full_width=\u00a0\u00bbstretch_row\u00a0\u00bb][vc_column css_animation=\u00a0\u00bbbottom-to-top\u00a0\u00bb offset=\u00a0\u00bbvc_col-md-offset-1 vc_col-md-10&Prime;][\/vc_column][\/vc_row][\/vc_section][vc_section css=\u00a0\u00bb.vc_custom_1757960300897{background-color: #D9F2BF00 !important;}\u00a0\u00bb][vc_row full_width=\u00a0\u00bbstretch_row\u00a0\u00bb css=\u00a0\u00bb.vc_custom_1757965665202{background-color: #D9F2BF !important;}\u00a0\u00bb el_class=\u00a0\u00bbannual-report-list green wave-container ptop-14 pbottom-14&Prime;][vc_column css_animation=\u00a0\u00bbbottom-to-top\u00a0\u00bb][vc_row_inner][vc_column_inner width=\u00a0\u00bb4\/12&Prime;][\/vc_column_inner][vc_column_inner width=\u00a0\u00bb8\/12&Prime;][\/vc_column_inner][\/vc_row_inner][\/vc_column][\/vc_row][vc_row full_width=\u00a0\u00bbstretch_row\u00a0\u00bb css=\u00a0\u00bb.vc_custom_1757960352112{background-color: #FDF6D2 !important;}\u00a0\u00bb el_class=\u00a0\u00bbannual-report-list yellow wave-container ptop-14 pbottom-14&Prime;][vc_column css_animation=\u00a0\u00bbbottom-to-top\u00a0\u00bb][vc_row_inner][vc_column_inner width=\u00a0\u00bb4\/12&Prime;][\/vc_column_inner][vc_column_inner width=\u00a0\u00bb8\/12&Prime;][\/vc_column_inner][\/vc_row_inner][\/vc_column][\/vc_row][\/vc_section][vc_section el_class=\u00a0\u00bbptop-13 pbottom-13&Prime;][vc_row][vc_column css_animation=\u00a0\u00bbbottom-to-top\u00a0\u00bb offset=\u00a0\u00bbvc_col-md-offset-1 vc_col-md-10&Prime;][\/vc_column][\/vc_row][\/vc_section]<\/p>\n","protected":false},"author":1,"featured_media":0,"parent":87277,"menu_order":0,"comment_status":"closed","ping_status":"closed","template":"page-templates\/page-general.php","meta":{"_acf_changed":false,"footnotes":""},"class_list":["post-88538","page","type-page","status-publish","hentry"],"acf":[],"aioseo_notices":[],"_links":{"self":[{"href":"https:\/\/www.bgccan.com\/fr\/wp-json\/wp\/v2\/pages\/88538","targetHints":{"allow":["GET"]}}],"collection":[{"href":"https:\/\/www.bgccan.com\/fr\/wp-json\/wp\/v2\/pages"}],"about":[{"href":"https:\/\/www.bgccan.com\/fr\/wp-json\/wp\/v2\/types\/page"}],"author":[{"embeddable":true,"href":"https:\/\/www.bgccan.com\/fr\/wp-json\/wp\/v2\/users\/1"}],"replies":[{"embeddable":true,"href":"https:\/\/www.bgccan.com\/fr\/wp-json\/wp\/v2\/comments?post=88538"}],"version-history":[{"count":0,"href":"https:\/\/www.bgccan.com\/fr\/wp-json\/wp\/v2\/pages\/88538\/revisions"}],"up":[{"embeddable":true,"href":"https:\/\/www.bgccan.com\/fr\/wp-json\/wp\/v2\/pages\/87277"}],"wp:attachment":[{"href":"https:\/\/www.bgccan.com\/fr\/wp-json\/wp\/v2\/media?parent=88538"}],"curies":[{"name":"wp","href":"https:\/\/api.w.org\/{rel}","templated":true}]}}