{"id":88546,"date":"2025-04-21T19:39:57","date_gmt":"2025-04-21T19:39:57","guid":{"rendered":"https:\/\/www.bgccan.com\/volunteer\/"},"modified":"2026-04-10T18:32:33","modified_gmt":"2026-04-10T18:32:33","slug":"devenir-benevole","status":"publish","type":"page","link":"https:\/\/www.bgccan.com\/fr\/devenir-benevole\/","title":{"rendered":"Devenir b\u00e9n\u00e9vole"},"content":{"rendered":"<div class=\"wpb-content-wrapper\">[vc_section][vc_row full_width=\u00a0\u00bbstretch_row_content_no_spaces\u00a0\u00bb css_animation=\u00a0\u00bbbottom-to-top\u00a0\u00bb][vc_column]\n\t\t\t\t<div tabindex='0' class='wpb_content_element cta cta__card lg-photo  align-default padding-0'>\n\t\t\t\t\t<div class='cta__wrapper'>\n\t\t\t\t\t\t<div class='cta__content'>\n\t\t\t\t\t\t\t<div class='cta__top'>\n\t\t\t\t\t\t\t\t\n\t\t\t\t\t\t\t\t<h3 class='cta__head'>Donnez du temps. Changez des vies.<\/h3>\n\t\t\t\t\t\t\t<\/div>\n\t\t\t\t\t\t\t<div class='cta__bot'>\n\t\t\t\t\t\t\t\t<div class='cta__desc'><p>Pour le mentorat, l\u2019aide aux devoirs, les travaux de r\u00e9novation, la pr\u00e9paration de repas ou l\u2019animation d\u2019activit\u00e9s du Club, nos b\u00e9n\u00e9voles sont une ressource inestimable!<\/p>\n<\/div>\n\t\t\t\t\t\t\t\t<div class='cta__link'>\n\t\t\t\t\t\t\t\t\t<a href='https:\/\/www.bgccan.com\/fr\/trouvez-un-club-bgc\/' class='btn vc_general vc_btn3-style-solid vc_btn3-color-green_btn' target='' rel=''>Trouver votre Club<\/a>\n\t\t\t\t\t\t\t\t\t\n\t\t\t\t\t\t\t\t<\/div>\n\t\t\t\t\t\t\t<\/div>\n\t\t\t\t\t\t<\/div>\n\t\t\t\t\t\t<div class=\"cta__img\"><img decoding=\"async\" src=\"https:\/\/www.bgccan.com\/wp-content\/uploads\/2026\/02\/volunteer-image-1.jpg\" alt=\"Four volunteers wearing blue &quot;VOLUNTEER&quot; t-shirts smile while packing boxes of consumer healthcare products at a long table.\"><\/div>\n\t\t\t\t\t<\/div>\n\t\t\t\t<\/div>[\/vc_column][\/vc_row][\/vc_section][vc_section][vc_row full_width=\u00a0\u00bbstretch_row\u00a0\u00bb equal_height=\u00a0\u00bbyes\u00a0\u00bb content_placement=\u00a0\u00bbmiddle\u00a0\u00bb css_animation=\u00a0\u00bbbottom-to-top\u00a0\u00bb disable_element=\u00a0\u00bbyes\u00a0\u00bb el_class=\u00a0\u00bbptop-10 pbottom-0&Prime;][vc_column width=\u00a0\u00bb7\/12&Prime; offset=\u00a0\u00bbvc_col-lg-5 vc_col-xs-12&Prime;][vc_single_image image=\u00a0\u00bb88547&Prime; img_size=\u00a0\u00bb424&#215;211&Prime; css=\u00a0\u00bb\u00a0\u00bb el_class=\u00a0\u00bbmargin-0 pbottom-2&Prime;]<div class='content-block section-content wpb_text_column wpb_content_element align-left   txt-navy margin-0 pbottom-2 fw-bold fs-28 lh-140 ls_minus_28' ><div class='wpb_wrapper'><h2>Help assemble \u201ccare kits\u201d for children and youth who attend BGC Clubs.<\/h2>\n<\/div><\/div><div class='content-block section-content wpb_text_column wpb_content_element align-left   txt-dark-grey  font_weight_default fs-16 lh-160 ' ><div class='wpb_wrapper'><p>This program was developed specifically to accommodate groups of all sizes, whether you\u2019re volunteering with colleagues, or on your own, there can be groups from 5 to 5,000!<br \/>\nFor more information, email\u00a0<a style=\"font-size: 16px;\" href=\"mailto:info@kitsforacause.com\">info@kitsforacause.com<\/a> or\u00a0<a style=\"font-size: 16px;\" href=\"https:\/\/kitsforacause.com\/charities\/bgc-canada-formerly-boys-and-girls-clubs-of-canada\/\" target=\"_blank\" rel=\"noopener\">click here to fill out the inquiry form<\/a>. The team will guide you through the process and ensure a seamless experience.<br \/>\nOur national partner, Best Buy packed kits with\u00a0<a style=\"font-size: 16px;\" href=\"https:\/\/kitsforacause.com\/\" target=\"_blank\" rel=\"noopener\">Kits for a Cause<\/a>\u00a0in May 2025, and they had a fantastic experience that will be the first of many!<\/p>\n<\/div><\/div>[\/vc_column][vc_column width=\u00a0\u00bb5\/12&Prime; offset=\u00a0\u00bbvc_col-lg-offset-1 vc_col-lg-6 vc_col-xs-12&Prime;][vc_single_image image=\u00a0\u00bb88548&Prime; img_size=\u00a0\u00bbfull\u00a0\u00bb alignment=\u00a0\u00bbcenter\u00a0\u00bb css_animation=\u00a0\u00bbslideInRight\u00a0\u00bb css=\u00a0\u00bb\u00a0\u00bb][\/vc_column][\/vc_row][vc_row css_animation=\u00a0\u00bbbottom-to-top\u00a0\u00bb el_class=\u00a0\u00bbpbottom-2&Prime;][vc_column]\n\t\t\t\t<a href='https:\/\/www.bgccan.com\/fr\/trouvez-un-club-bgc\/' class='wpb_content_element cta cta__card lg  align-right ' target='' rel=''>\n\t\t\t\t\t<div class='cta__wrapper bg_pale_blue-1'>\n\t\t\t\t\t\t<div class=\"cta__img\"><img decoding=\"async\" src=\"https:\/\/www.bgccan.com\/wp-content\/uploads\/2026\/02\/bgc-club-photo.jpg\" alt=\"A modern community building features the &quot;Taggart Parkes Family Clubhouse&quot; sign alongside a large BGC logo and an intricate tree mural.\"><\/div>\n\t\t\t\t\t\t<div class='cta__content'>\n\t\t\t\t\t\t\t<div class='cta__top'>\n\t\t\t\t\t\t\t\t\n\t\t\t\t\t\t\t\t<h3 class='cta__head'>Changez les choses d\u00e8s aujourd\u2019hui. Faites du b\u00e9n\u00e9volat dans un Club.<\/h3>\n\t\t\t\t\t\t\t<\/div>\n\t\t\t\t\t\t\t<div class='cta__bot'>\n\t\t\t\t\t\t\t\t<div class='cta__desc'><p>Tous les Clubs BGC fonctionnent de mani\u00e8re ind\u00e9pendante,\u00a0<strong>veuillez contacter votre Club local<\/strong>\u00a0pour conna\u00eetre les possibilit\u00e9s de b\u00e9n\u00e9volat. Chaque b\u00e9n\u00e9vole des BGC doit passer par un processus de s\u00e9lection et recevoir une formation, en plus de se soumettre \u00e0 une v\u00e9rification polici\u00e8re pour des motifs de s\u00e9curit\u00e9.<\/p>\n<\/div>\n\t\t\t\t\t\t\t\t<div class='cta__link'>\n\t\t\t\t\t\t\t\t\tTrouvez votre Club maintenant\n\t\t\t\t\t\t\t\t\t<i class=\"fa-solid fa-arrow-right\"><\/i>\n\t\t\t\t\t\t\t\t<\/div>\n\t\t\t\t\t\t\t<\/div>\n\t\t\t\t\t\t<\/div>\n\t\t\t\t\t<\/div>\n\t\t\t\t<\/a>[\/vc_column][\/vc_row][\/vc_section]\n<\/div>","protected":false},"excerpt":{"rendered":"<p>[vc_section][vc_row full_width=\u00a0\u00bbstretch_row_content_no_spaces\u00a0\u00bb css_animation=\u00a0\u00bbbottom-to-top\u00a0\u00bb][vc_column][\/vc_column][\/vc_row][\/vc_section][vc_section][vc_row full_width=\u00a0\u00bbstretch_row\u00a0\u00bb equal_height=\u00a0\u00bbyes\u00a0\u00bb content_placement=\u00a0\u00bbmiddle\u00a0\u00bb css_animation=\u00a0\u00bbbottom-to-top\u00a0\u00bb disable_element=\u00a0\u00bbyes\u00a0\u00bb el_class=\u00a0\u00bbptop-10 pbottom-0&Prime;][vc_column width=\u00a0\u00bb7\/12&Prime; offset=\u00a0\u00bbvc_col-lg-5 vc_col-xs-12&Prime;][vc_single_image image=\u00a0\u00bb88547&Prime; img_size=\u00a0\u00bb424&#215;211&Prime; css=\u00a0\u00bb\u00a0\u00bb el_class=\u00a0\u00bbmargin-0 pbottom-2&Prime;][\/vc_column][vc_column width=\u00a0\u00bb5\/12&Prime; offset=\u00a0\u00bbvc_col-lg-offset-1 vc_col-lg-6 vc_col-xs-12&Prime;][vc_single_image image=\u00a0\u00bb88548&Prime; img_size=\u00a0\u00bbfull\u00a0\u00bb alignment=\u00a0\u00bbcenter\u00a0\u00bb css_animation=\u00a0\u00bbslideInRight\u00a0\u00bb css=\u00a0\u00bb\u00a0\u00bb][\/vc_column][\/vc_row][vc_row css_animation=\u00a0\u00bbbottom-to-top\u00a0\u00bb el_class=\u00a0\u00bbpbottom-2&Prime;][vc_column][\/vc_column][\/vc_row][\/vc_section]<\/p>\n","protected":false},"author":1,"featured_media":0,"parent":0,"menu_order":0,"comment_status":"closed","ping_status":"closed","template":"page-templates\/page-general.php","meta":{"_acf_changed":false,"footnotes":""},"class_list":["post-88546","page","type-page","status-publish","hentry"],"acf":[],"aioseo_notices":[],"_links":{"self":[{"href":"https:\/\/www.bgccan.com\/fr\/wp-json\/wp\/v2\/pages\/88546","targetHints":{"allow":["GET"]}}],"collection":[{"href":"https:\/\/www.bgccan.com\/fr\/wp-json\/wp\/v2\/pages"}],"about":[{"href":"https:\/\/www.bgccan.com\/fr\/wp-json\/wp\/v2\/types\/page"}],"author":[{"embeddable":true,"href":"https:\/\/www.bgccan.com\/fr\/wp-json\/wp\/v2\/users\/1"}],"replies":[{"embeddable":true,"href":"https:\/\/www.bgccan.com\/fr\/wp-json\/wp\/v2\/comments?post=88546"}],"version-history":[{"count":0,"href":"https:\/\/www.bgccan.com\/fr\/wp-json\/wp\/v2\/pages\/88546\/revisions"}],"wp:attachment":[{"href":"https:\/\/www.bgccan.com\/fr\/wp-json\/wp\/v2\/media?parent=88546"}],"curies":[{"name":"wp","href":"https:\/\/api.w.org\/{rel}","templated":true}]}}