{"id":88555,"date":"2025-04-21T19:39:20","date_gmt":"2025-04-21T19:39:20","guid":{"rendered":"https:\/\/www.bgccan.com\/careers\/"},"modified":"2026-04-15T18:26:59","modified_gmt":"2026-04-15T18:26:59","slug":"faire-carriere-chez-nous","status":"publish","type":"page","link":"https:\/\/www.bgccan.com\/fr\/faire-carriere-chez-nous\/","title":{"rendered":"Faire carri\u00e8re chez nous"},"content":{"rendered":"<div class=\"wpb-content-wrapper\">[vc_section full_width=\u00a0\u00bbstretch_row_content\u00a0\u00bb el_id=\u00a0\u00bbcta-jacks-visible\u00a0\u00bb][vc_row full_width=\u00a0\u00bbstretch_row_content_no_spaces\u00a0\u00bb][vc_column css_animation=\u00a0\u00bbbottom-to-top\u00a0\u00bb]\n\t\t\t\t<div tabindex='0' class='wpb_content_element cta cta__card lg-photo  align-default '>\n\t\t\t\t\t<div class='cta__wrapper'>\n\t\t\t\t\t\t<div class='cta__content'>\n\t\t\t\t\t\t\t<div class='cta__top'>\n\t\t\t\t\t\t\t\t\n\t\t\t\t\t\t\t\t<h3 class='cta__head'>Amorcez d\u00e8s aujourd\u2019hui un avenir brillant!<\/h3>\n\t\t\t\t\t\t\t<\/div>\n\t\t\t\t\t\t\t<div class='cta__bot'>\n\t\t\t\t\t\t\t\t<div class='cta__desc'><p>Les BGC offrent des possibilit\u00e9s de carri\u00e8re enrichissantes aux personnes qui ont les jeunes et les enfants \u00e0 c\u0153ur, et qui veulent les aider \u00e0 acqu\u00e9rir l\u2019assurance et les comp\u00e9tences dont ils ont besoin pour r\u00e9ussir.<\/p>\n<p>Consultez la liste ci-dessous pour voir les possibilit\u00e9s d\u2019emploi \u00e0 BGC Canada et dans les Clubs partout au Canada. Tous les BGC ont un fonctionnement autonome et embauchent eux-m\u00eames leur personnel. Les personnes dot\u00e9es des comp\u00e9tences requises sont invit\u00e9es \u00e0 envoyer leur curriculum vitae \u00e0 l\u2019adresse indiqu\u00e9e pour chaque poste. Nous contacterons seulement les personnes dont la candidature est consid\u00e9r\u00e9e.<\/p>\n<\/div>\n\t\t\t\t\t\t\t\t<div class='cta__link'>\n\t\t\t\t\t\t\t\t\t<a href='#possibilites-de-carriere' class='btn vc_general vc_btn3-style-solid vc_btn3-color-green_btn' target='' rel=''>Voir les offres d\u2019emploi<\/a>\n\t\t\t\t\t\t\t\t\t\n\t\t\t\t\t\t\t\t<\/div>\n\t\t\t\t\t\t\t<\/div>\n\t\t\t\t\t\t<\/div>\n\t\t\t\t\t\t<div class=\"cta__img\"><img decoding=\"async\" src=\"https:\/\/www.bgccan.com\/wp-content\/uploads\/2026\/02\/careers-image-1.jpg\" alt=\"A young boy and a woman sit together at a table sharing and eating toasted sandwiches.\"><\/div>\n\t\t\t\t\t<\/div>\n\t\t\t\t<\/div>[\/vc_column][\/vc_row][\/vc_section][vc_section][vc_row full_width=\u00a0\u00bbstretch_row\u00a0\u00bb gap=\u00a0\u00bb25&Prime; css_animation=\u00a0\u00bbbottom-to-top\u00a0\u00bb el_id=\u00a0\u00bbpossibilites-de-carriere\u00a0\u00bb el_class=\u00a0\u00bbcareer-title-space\u00a0\u00bb][vc_column width=\u00a0\u00bb1\/3&Prime; offset=\u00a0\u00bbvc_col-lg-offset-1 vc_col-lg-4 vc_col-md-5&Prime;]<h2 class='innermost-section-heading align-left  margin-0' >Opportunit\u00e9s de carri\u00e8re<\/h2>[\/vc_column][vc_column width=\u00a0\u00bb2\/3&Prime; offset=\u00a0\u00bbvc_col-lg-offset-1 vc_col-lg-5 vc_col-md-7&Prime;]<div class='content-block section-content wpb_text_column wpb_content_element align-left     font_weight_default fs-16  ' ><div class='wpb_wrapper'><p>BGC Canada accueille favorablement les candidatures de personnes ayant un handicap. Sur demande, nous prendrons les mesures particuli\u00e8res requises pour toute personne qui participe \u00e0 l\u2019une ou l\u2019autre des \u00e9tapes du processus de s\u00e9lection.<\/p>\n<\/div><\/div>[\/vc_column][\/vc_row][vc_row css_animation=\u00a0\u00bbbottom-to-top\u00a0\u00bb disable_element=\u00a0\u00bbyes\u00a0\u00bb][vc_column offset=\u00a0\u00bbvc_col-lg-offset-1 vc_col-lg-10&Prime;]<div class='content-block section-content wpb_text_column wpb_content_element align-left   txt-navy right-arrow-list-style career-list-space font_weight_default  lh-140 ' style=\"background-color: #F2F7FB !important;border-radius: 20px !important;\"><div class='wpb_wrapper'><p><strong>Please note the following:<\/strong><\/p>\n<ul>\n<li>All our Clubs are independently operated and hire their own staff.<\/li>\n<li>Qualified applicants are encouraged to send resumes to the contacts provided for each job posting.<\/li>\n<li>Only candidates being considered will be contacted.<\/li>\n<li>BGC Canada welcomes and encourages applications from people with disabilities. Accommodations are available on request for candidates taking part in all aspects of the selection process.<\/li>\n<\/ul>\n<\/div><\/div>\n\t\t\t<div class='wpb_content_element vc_shortcode '>\n\t\t\t\t\n\n\t\t\t<\/div>[\/vc_column][\/vc_row][vc_row css_animation=\u00a0\u00bbbottom-to-top\u00a0\u00bb][vc_column offset=\u00a0\u00bbvc_col-lg-offset-1 vc_col-lg-10&Prime;]\n\t\t\t<div class='wpb_content_element vc_shortcode '>\n\t\t\t\t\n\n\t\t\t<\/div>[\/vc_column][\/vc_row][\/vc_section]\n<\/div>","protected":false},"excerpt":{"rendered":"<p>[vc_section full_width=\u00a0\u00bbstretch_row_content\u00a0\u00bb el_id=\u00a0\u00bbcta-jacks-visible\u00a0\u00bb][vc_row full_width=\u00a0\u00bbstretch_row_content_no_spaces\u00a0\u00bb][vc_column css_animation=\u00a0\u00bbbottom-to-top\u00a0\u00bb][\/vc_column][\/vc_row][\/vc_section][vc_section][vc_row full_width=\u00a0\u00bbstretch_row\u00a0\u00bb gap=\u00a0\u00bb25&Prime; css_animation=\u00a0\u00bbbottom-to-top\u00a0\u00bb el_id=\u00a0\u00bbpossibilites-de-carriere\u00a0\u00bb el_class=\u00a0\u00bbcareer-title-space\u00a0\u00bb][vc_column width=\u00a0\u00bb1\/3&Prime; offset=\u00a0\u00bbvc_col-lg-offset-1 vc_col-lg-4 vc_col-md-5&Prime;][\/vc_column][vc_column width=\u00a0\u00bb2\/3&Prime; offset=\u00a0\u00bbvc_col-lg-offset-1 vc_col-lg-5 vc_col-md-7&Prime;][\/vc_column][\/vc_row][vc_row css_animation=\u00a0\u00bbbottom-to-top\u00a0\u00bb disable_element=\u00a0\u00bbyes\u00a0\u00bb][vc_column offset=\u00a0\u00bbvc_col-lg-offset-1 vc_col-lg-10&Prime;][\/vc_column][\/vc_row][vc_row css_animation=\u00a0\u00bbbottom-to-top\u00a0\u00bb][vc_column offset=\u00a0\u00bbvc_col-lg-offset-1 vc_col-lg-10&Prime;][\/vc_column][\/vc_row][\/vc_section]<\/p>\n","protected":false},"author":1,"featured_media":0,"parent":0,"menu_order":0,"comment_status":"closed","ping_status":"closed","template":"page-templates\/page-general.php","meta":{"_acf_changed":false,"footnotes":""},"class_list":["post-88555","page","type-page","status-publish","hentry"],"acf":[],"aioseo_notices":[],"_links":{"self":[{"href":"https:\/\/www.bgccan.com\/fr\/wp-json\/wp\/v2\/pages\/88555","targetHints":{"allow":["GET"]}}],"collection":[{"href":"https:\/\/www.bgccan.com\/fr\/wp-json\/wp\/v2\/pages"}],"about":[{"href":"https:\/\/www.bgccan.com\/fr\/wp-json\/wp\/v2\/types\/page"}],"author":[{"embeddable":true,"href":"https:\/\/www.bgccan.com\/fr\/wp-json\/wp\/v2\/users\/1"}],"replies":[{"embeddable":true,"href":"https:\/\/www.bgccan.com\/fr\/wp-json\/wp\/v2\/comments?post=88555"}],"version-history":[{"count":1,"href":"https:\/\/www.bgccan.com\/fr\/wp-json\/wp\/v2\/pages\/88555\/revisions"}],"predecessor-version":[{"id":90020,"href":"https:\/\/www.bgccan.com\/fr\/wp-json\/wp\/v2\/pages\/88555\/revisions\/90020"}],"wp:attachment":[{"href":"https:\/\/www.bgccan.com\/fr\/wp-json\/wp\/v2\/media?parent=88555"}],"curies":[{"name":"wp","href":"https:\/\/api.w.org\/{rel}","templated":true}]}}