{"id":88637,"date":"2025-04-21T19:40:41","date_gmt":"2025-04-21T19:40:41","guid":{"rendered":"https:\/\/www.bgccan.com\/les-clubs-bgc\/start-a-club\/"},"modified":"2026-04-10T16:00:06","modified_gmt":"2026-04-10T16:00:06","slug":"ouvrir-un-bgc","status":"publish","type":"page","link":"https:\/\/www.bgccan.com\/fr\/les-clubs-bgc\/ouvrir-un-bgc\/","title":{"rendered":"Ouvrir un BGC"},"content":{"rendered":"<div class=\"wpb-content-wrapper\">[vc_section][vc_row css_animation=\u00a0\u00bbbottom-to-top\u00a0\u00bb el_class=\u00a0\u00bbptop-1 pbottom-4&Prime;][vc_column offset=\u00a0\u00bbvc_col-md-offset-2 vc_col-md-8&Prime;]<div class='content-block section-content wpb_text_column wpb_content_element align-center     font_weight_default fs-36  ' ><div class='wpb_wrapper'><h2>Programmes qui changent la vie des jeunes.<\/h2>\n<\/div><\/div><div class='content-block section-content wpb_text_column wpb_content_element align-center     font_weight_default   ' ><div class='wpb_wrapper'><p>Tous les BGC sont des organismes communautaires priv\u00e9s sans but lucratif qui paient des frais d\u2019adh\u00e9sion annuels pour \u00eatres membres de BGC Canada.<\/p>\n<\/div><\/div>[\/vc_column][\/vc_row][vc_row full_width=\u00a0\u00bbstretch_row_content_no_spaces\u00a0\u00bb css_animation=\u00a0\u00bbbottom-to-top\u00a0\u00bb][vc_column]\n\t\t\t\t<div tabindex='0' class='wpb_content_element cta cta__card lg-photo  align-default '>\n\t\t\t\t\t<div class='cta__wrapper'>\n\t\t\t\t\t\t<div class='cta__content'>\n\t\t\t\t\t\t\t<div class='cta__top'>\n\t\t\t\t\t\t\t\t\n\t\t\t\t\t\t\t\t<h3 class='cta__head'><\/h3>\n\t\t\t\t\t\t\t<\/div>\n\t\t\t\t\t\t\t<div class='cta__bot'>\n\t\t\t\t\t\t\t\t<div class='cta__desc'><h3>Voici quelques avantages dont b\u00e9n\u00e9ficient les membres :<\/h3>\n<ul>\n<li>Cr\u00e9dibilit\u00e9 d\u2019un organisme de bienfaisance national reconnu<\/li>\n<li>Normes et garantie de qualit\u00e9 nationales<\/li>\n<li>Mat\u00e9riel et services de soutien pour faciliter le fonctionnement du BGC et l\u2019\u00e9laboration des politiques<\/li>\n<li>Financement par l\u2019entremise de partenariats nationaux<\/li>\n<li>Possibilit\u00e9s de formation et programmes nationaux<\/li>\n<li>Et beaucoup plus encore\u2026<\/li>\n<\/ul>\n<\/div>\n\t\t\t\t\t\t\t\t<div class='cta__link'>\n\t\t\t\t\t\t\t\t\t<a href='#Ouvrir-un-BGC' class='btn vc_general vc_btn3-style-solid vc_btn3-color-green_btn' target='' rel=''>En savoir plus<\/a>\n\t\t\t\t\t\t\t\t\t\n\t\t\t\t\t\t\t\t<\/div>\n\t\t\t\t\t\t\t<\/div>\n\t\t\t\t\t\t<\/div>\n\t\t\t\t\t\t<div class=\"cta__img\"><img decoding=\"async\" src=\"https:\/\/www.bgccan.com\/wp-content\/uploads\/2026\/03\/Start-a-Club_Large_CTA_1-1.webp\" alt=\"Un enfant jouant \u00e0 un jeu d\u2019empilement de blocs lors d\u2019une activit\u00e9 du Club.\"><\/div>\n\t\t\t\t\t<\/div>\n\t\t\t\t<\/div>[\/vc_column][\/vc_row][\/vc_section][vc_section full_width=\u00a0\u00bbstretch_row\u00a0\u00bb css=\u00a0\u00bb.vc_custom_1774555525823{padding-top: 100px !important;padding-bottom: 80px !important;background-color: #F2F7FB !important;}\u00a0\u00bb el_id=\u00a0\u00bbOuvrir-un-BGC\u00a0\u00bb][vc_row css_animation=\u00a0\u00bbtop-to-bottom\u00a0\u00bb][vc_column offset=\u00a0\u00bbvc_col-md-offset-2 vc_col-md-8&Prime;]<div class='content-block section-content wpb_text_column wpb_content_element align-center     font_weight_default fs-36  ' ><div class='wpb_wrapper'><h2>Pour ouvrir un Club, vous devez participer \u00e0 trois phases de d\u00e9veloppement :<\/h2>\n<\/div><\/div>[\/vc_column][\/vc_row][vc_row equal_height=\u00a0\u00bbyes\u00a0\u00bb css_animation=\u00a0\u00bbfadeInUp\u00a0\u00bb][vc_column offset=\u00a0\u00bbvc_col-md-4&Prime;]\n\t\t\t<div tabindex='0' class='wpb_content_element cta-icon size-md align-center '>\n\t\t\t\t<div class='cta-icon__wrapper bg_pale_blue-2'>\n                    <div class=\"cta__img\"><img decoding=\"async\" src=\"https:\/\/www.bgccan.com\/wp-content\/uploads\/2025\/09\/high-five-icon.png\" alt=\"An icon of two green hands performing a high-five.\"><\/div>\n\t\t\t\t\t<div class='cta__content'>\t\n\t\t\t\t\t\t\n\t\t\t\t\t\t<h3 class='cta__title'>Examen communautaire<\/h3>\n\t\t\t\t\t\t<div class='cta__desc'><p>Pour mieux saisir les besoins de votre collectivit\u00e9 et leur ad\u00e9quation avec le mod\u00e8le des BGC<br \/>\n<strong>(3-6 mois)<\/strong><\/p><\/div>\n\t\t\t\t\t\t\n\t\t\t\t\t<\/div>\n\t\t\t\t<\/div>\n\t\t\t<\/div>[\/vc_column][vc_column offset=\u00a0\u00bbvc_col-md-4&Prime;]\n\t\t\t<div tabindex='0' class='wpb_content_element cta-icon size-md align-center '>\n\t\t\t\t<div class='cta-icon__wrapper bg_pale_blue-2'>\n                    <div class=\"cta__img\"><img decoding=\"async\" src=\"https:\/\/www.bgccan.com\/wp-content\/uploads\/2025\/09\/idea-icon.png\" alt=\"Yellow line art icon of a glowing light bulb set against a circular light blue background.\"><\/div>\n\t\t\t\t\t<div class='cta__content'>\t\n\t\t\t\t\t\t\n\t\t\t\t\t\t<h3 class='cta__title'>D\u00e9veloppement organisationnel<\/h3>\n\t\t\t\t\t\t<div class='cta__desc'><p>Pour cr\u00e9er un plan d\u2019entreprise en vue d\u2019offrir des services, ce qui englobe la mise sur pied d\u2019un conseil d\u2019administration, l\u2019incorporation et la recherche de financement<br \/>\n<strong>(6-8 mois)<\/strong><\/p><\/div>\n\t\t\t\t\t\t\n\t\t\t\t\t<\/div>\n\t\t\t\t<\/div>\n\t\t\t<\/div>[\/vc_column][vc_column offset=\u00a0\u00bbvc_col-md-4&Prime;]\n\t\t\t<div tabindex='0' class='wpb_content_element cta-icon size-md align-center '>\n\t\t\t\t<div class='cta-icon__wrapper bg_pale_blue-2'>\n                    <div class=\"cta__img\"><img decoding=\"async\" src=\"https:\/\/www.bgccan.com\/wp-content\/uploads\/2025\/09\/darts-icon.png\" alt=\"An icon of a target with an arrow hitting the bullseye.\"><\/div>\n\t\t\t\t\t<div class='cta__content'>\t\n\t\t\t\t\t\t\n\t\t\t\t\t\t<h3 class='cta__title'>\u00c9laboration de programmes<\/h3>\n\t\t\t\t\t\t<div class='cta__desc'><p>Pour commencer \u00e0 \u00e9laborer les programmes de votre Club, \u00e9tablir des politiques essentielles et vous conformer \u00e0 toute autre exigence requise pour devenir membre<br \/>\n<strong>(1-3 mois)<\/strong><\/p><\/div>\n\t\t\t\t\t\t\n\t\t\t\t\t<\/div>\n\t\t\t\t<\/div>\n\t\t\t<\/div>[\/vc_column][\/vc_row][vc_row css_animation=\u00a0\u00bbbottom-to-top\u00a0\u00bb el_class=\u00a0\u00bbcenter\u00a0\u00bb css=\u00a0\u00bb.vc_custom_1763152192493{padding-top: 50px !important;}\u00a0\u00bb][vc_column offset=\u00a0\u00bbvc_col-md-offset-2 vc_col-md-8&Prime;]<div class='content-block section-content wpb_text_column wpb_content_element align-center     font_weight_default   ' ><div class='wpb_wrapper'><h3 class=\"cta__title\">Vous voulez lancer un nouveau Club?<\/h3>\n<p>Les Clubs sont r\u00e9gis par un conseil d\u2019administration autonome et b\u00e9n\u00e9vole compos\u00e9 de personnes r\u00e9sidant dans leur communaut\u00e9. Chaque Club BGC obtient son financement de fa\u00e7on ind\u00e9pendante, aupr\u00e8s de sources communautaires, gouvernementales et priv\u00e9es. Pour en savoir plus sur le d\u00e9marrage d\u2019un Club, communiquez avec nous d\u00e8s aujourd\u2019hui.<\/p>\n<\/div><\/div>[vc_btn title=\u00a0\u00bbContactez-nous\u00a0\u00bb style=\u00a0\u00bbsolid\u00a0\u00bb color=\u00a0\u00bbgreen_btn\u00a0\u00bb css=\u00a0\u00bb\u00a0\u00bb link=\u00a0\u00bburl:https%3A%2F%2Fwww.bgccan.com%2Ffr%2Fcontactez-nous%2F|title:Contactez-nous%20&Prime;][\/vc_column][\/vc_row][\/vc_section][vc_section css=\u00a0\u00bb.vc_custom_1759428168961{padding-bottom: 40px !important;}\u00a0\u00bb][vc_row full_width=\u00a0\u00bbstretch_row\u00a0\u00bb css_animation=\u00a0\u00bbbottom-to-top\u00a0\u00bb][vc_column]\n\t\t\t\t<a href='https:\/\/www.bgccan.com\/fr\/trouvez-un-club-bgc\/' class='wpb_content_element cta cta__card lg  align-right ' target='' rel=''>\n\t\t\t\t\t<div class='cta__wrapper bg_pale_blue-1'>\n\t\t\t\t\t\t<div class=\"cta__img\"><img decoding=\"async\" src=\"https:\/\/www.bgccan.com\/wp-content\/uploads\/2026\/03\/Start-a-Club_Large_CTA_2-1.webp\" alt=\"Deux membres du personnel des Clubs BGC aidant un enfant \u00e0 pr\u00e9parer de la nourriture lors d\u2019une activit\u00e9.\"><\/div>\n\t\t\t\t\t\t<div class='cta__content'>\n\t\t\t\t\t\t\t<div class='cta__top'>\n\t\t\t\t\t\t\t\t\n\t\t\t\t\t\t\t\t<h3 class='cta__head'>Y a-t-il d\u00e9j\u00e0 un BGC pr\u00e8s de chez vous?<\/h3>\n\t\t\t\t\t\t\t<\/div>\n\t\t\t\t\t\t\t<div class='cta__bot'>\n\t\t\t\t\t\t\t\t<div class='cta__desc'><p>Plusieurs de nos affili\u00e9s utilisent des points de service \u2013 des installations d\u00e9tenues par des tiers, comme les organismes communautaires, les \u00e9coles, les municipalit\u00e9s, les offices du logement, etc. Ces points de service sont g\u00e9r\u00e9s par le BGC local et offrent des programmes et services similaires.<\/p>\n<\/div>\n\t\t\t\t\t\t\t\t<div class='cta__link'>\n\t\t\t\t\t\t\t\t\tTrouvez votre Club local pour en savoir plus\n\t\t\t\t\t\t\t\t\t<i class=\"fa-solid fa-arrow-right\"><\/i>\n\t\t\t\t\t\t\t\t<\/div>\n\t\t\t\t\t\t\t<\/div>\n\t\t\t\t\t\t<\/div>\n\t\t\t\t\t<\/div>\n\t\t\t\t<\/a>[\/vc_column][\/vc_row][\/vc_section]\n<\/div>","protected":false},"excerpt":{"rendered":"<p>[vc_section][vc_row css_animation=\u00a0\u00bbbottom-to-top\u00a0\u00bb el_class=\u00a0\u00bbptop-1 pbottom-4&Prime;][vc_column offset=\u00a0\u00bbvc_col-md-offset-2 vc_col-md-8&Prime;][\/vc_column][\/vc_row][vc_row full_width=\u00a0\u00bbstretch_row_content_no_spaces\u00a0\u00bb css_animation=\u00a0\u00bbbottom-to-top\u00a0\u00bb][vc_column][\/vc_column][\/vc_row][\/vc_section][vc_section full_width=\u00a0\u00bbstretch_row\u00a0\u00bb css=\u00a0\u00bb.vc_custom_1774555525823{padding-top: 100px !important;padding-bottom: 80px !important;background-color: #F2F7FB !important;}\u00a0\u00bb el_id=\u00a0\u00bbOuvrir-un-BGC\u00a0\u00bb][vc_row css_animation=\u00a0\u00bbtop-to-bottom\u00a0\u00bb][vc_column offset=\u00a0\u00bbvc_col-md-offset-2 vc_col-md-8&Prime;][\/vc_column][\/vc_row][vc_row equal_height=\u00a0\u00bbyes\u00a0\u00bb css_animation=\u00a0\u00bbfadeInUp\u00a0\u00bb][vc_column offset=\u00a0\u00bbvc_col-md-4&Prime;][\/vc_column][vc_column offset=\u00a0\u00bbvc_col-md-4&Prime;][\/vc_column][vc_column offset=\u00a0\u00bbvc_col-md-4&Prime;][\/vc_column][\/vc_row][vc_row css_animation=\u00a0\u00bbbottom-to-top\u00a0\u00bb el_class=\u00a0\u00bbcenter\u00a0\u00bb css=\u00a0\u00bb.vc_custom_1763152192493{padding-top: 50px !important;}\u00a0\u00bb][vc_column offset=\u00a0\u00bbvc_col-md-offset-2 vc_col-md-8&Prime;][vc_btn title=\u00a0\u00bbContactez-nous\u00a0\u00bb style=\u00a0\u00bbsolid\u00a0\u00bb color=\u00a0\u00bbgreen_btn\u00a0\u00bb css=\u00a0\u00bb\u00a0\u00bb link=\u00a0\u00bburl:https%3A%2F%2Fwww.bgccan.com%2Ffr%2Fcontactez-nous%2F|title:Contactez-nous%20&Prime;][\/vc_column][\/vc_row][\/vc_section][vc_section css=\u00a0\u00bb.vc_custom_1759428168961{padding-bottom: 40px !important;}\u00a0\u00bb][vc_row full_width=\u00a0\u00bbstretch_row\u00a0\u00bb css_animation=\u00a0\u00bbbottom-to-top\u00a0\u00bb][vc_column][\/vc_column][\/vc_row][\/vc_section]<\/p>\n","protected":false},"author":1,"featured_media":0,"parent":87200,"menu_order":0,"comment_status":"closed","ping_status":"closed","template":"page-templates\/page-general.php","meta":{"_acf_changed":false,"footnotes":""},"class_list":["post-88637","page","type-page","status-publish","hentry"],"acf":[],"aioseo_notices":[],"_links":{"self":[{"href":"https:\/\/www.bgccan.com\/fr\/wp-json\/wp\/v2\/pages\/88637","targetHints":{"allow":["GET"]}}],"collection":[{"href":"https:\/\/www.bgccan.com\/fr\/wp-json\/wp\/v2\/pages"}],"about":[{"href":"https:\/\/www.bgccan.com\/fr\/wp-json\/wp\/v2\/types\/page"}],"author":[{"embeddable":true,"href":"https:\/\/www.bgccan.com\/fr\/wp-json\/wp\/v2\/users\/1"}],"replies":[{"embeddable":true,"href":"https:\/\/www.bgccan.com\/fr\/wp-json\/wp\/v2\/comments?post=88637"}],"version-history":[{"count":0,"href":"https:\/\/www.bgccan.com\/fr\/wp-json\/wp\/v2\/pages\/88637\/revisions"}],"up":[{"embeddable":true,"href":"https:\/\/www.bgccan.com\/fr\/wp-json\/wp\/v2\/pages\/87200"}],"wp:attachment":[{"href":"https:\/\/www.bgccan.com\/fr\/wp-json\/wp\/v2\/media?parent=88637"}],"curies":[{"name":"wp","href":"https:\/\/api.w.org\/{rel}","templated":true}]}}