{"id":88776,"date":"2026-03-26T19:09:44","date_gmt":"2026-03-26T19:09:44","guid":{"rendered":"https:\/\/www.bgccan.com\/sweeter-together-project\/"},"modified":"2026-03-26T21:32:35","modified_gmt":"2026-03-26T21:32:35","slug":"la-vie-est-plus-douce-ensemble","status":"publish","type":"page","link":"https:\/\/www.bgccan.com\/fr\/la-vie-est-plus-douce-ensemble\/","title":{"rendered":"La vie est plus douce ensemble"},"content":{"rendered":"<div class=\"wpb-content-wrapper\">[vc_section][vc_row][vc_column][vc_single_image image=\u00a0\u00bb88778&Prime; img_size=\u00a0\u00bbfull\u00a0\u00bb alignment=\u00a0\u00bbcenter\u00a0\u00bb css=\u00a0\u00bb\u00a0\u00bb]<div class='content-block section-content wpb_text_column wpb_content_element align-center     font_weight_default   ' ><div class='wpb_wrapper'><p>HERSHEY\u2019S et BGC Canada en sont \u00e0 la deuxi\u00e8me ann\u00e9e du projet Sweeter Together, un partenariat pluriannuel dont l\u2019objectif est de favoriser l\u2019inclusion et de cr\u00e9er un sentiment d\u2019appartenance pour les enfants du Canada. Il y a 3 programmes en 2023 qui soutiendront notre objectif, y compris la Journ\u00e9e du T-shirt Rose, le Duo Dynamique de Reese\u2019s, et les S\u2019mores de HERSHEY\u2019S. Voir ci-dessous pour les d\u00e9tails sur chacun d\u2019eux !<\/p>\n<\/div><\/div>[vc_video link=\u00a0\u00bbhttps:\/\/vimeo.com\/1177446005&Prime; el_width=\u00a0\u00bb70&Prime; el_aspect=\u00a0\u00bb43&Prime; align=\u00a0\u00bbcenter\u00a0\u00bb css=\u00a0\u00bb\u00a0\u00bb][vc_separator css=\u00a0\u00bb\u00a0\u00bb][\/vc_column][\/vc_row][vc_row][vc_column width=\u00a0\u00bb1\/3&Prime;][vc_single_image image=\u00a0\u00bb88779&Prime; img_size=\u00a0\u00bbfull\u00a0\u00bb alignment=\u00a0\u00bbcenter\u00a0\u00bb css=\u00a0\u00bb\u00a0\u00bb][\/vc_column][vc_column width=\u00a0\u00bb2\/3&Prime;]<div class='content-block section-content wpb_text_column wpb_content_element align-left     font_weight_default   ' ><div class='wpb_wrapper'><h2>LA JOURN\u00c9E DU CHANDAIL ROSE<\/h2>\n<p>La Journ\u00e9e du chandail rose est un \u00e9v\u00e9nement annuel visant \u00e0 promouvoir la sensibilisation, la compr\u00e9hension et l\u2019ouverture face au probl\u00e8me de l\u2019intimidation, et \u00e0 favoriser l\u2019inclusion chez les jeunes. Cette ann\u00e9e, l\u2019\u00e9v\u00e9nement a lieu le 22 f\u00e9vrier et HERSHEY\u2019S est le commanditaire officiel de notre activation de la Journ\u00e9e du chandail rose dans les Clubs BGC \u00e0 travers le Canada. Ensemble, nous avons d\u00e9velopp\u00e9 une bo\u00eete \u00e0 outils pour les Clubs, nous organisons des \u00e9v\u00e9nements de sensibilisation et offrons des subventions \u00e0 20 Clubs BGC \u00e0 travers le Canada pour qu\u2019ils puissent organiser leurs propres activit\u00e9s de la Journ\u00e9e du chandail rose.<\/p>\n<\/div><\/div>[\/vc_column][\/vc_row][vc_row][vc_column width=\u00a0\u00bb2\/3&Prime;]<div class='content-block section-content wpb_text_column wpb_content_element align-left     font_weight_default   ' ><div class='wpb_wrapper'><h2>LE DUO DYNAMIQUE DE REESE\u2019S<\/h2>\n<p>HERSHEY\u2019S, NBA Canada et BGC Canada collaborent \u00e0 une initiative communautaire visant \u00e0 rassembler les jeunes athl\u00e8tes par la pratique du basket-ball et \u00e0 leur donner un sentiment d\u2019appartenance. Ils investiront dans de nouvelles infrastructures de basket-ball et am\u00e9lioreront l\u2019acc\u00e8s \u00e0 ce sport dans tout le pays. Le programme 2023 comprend la remise \u00e0 neuf de deux terrains et la fourniture de nouveaux panneaux de fond, d\u2019\u00e9quipements et de kits de basket-ball aux clubs de tout le Canada, laissant ainsi une impression significative sur les communaut\u00e9s canadiennes pour les ann\u00e9es \u00e0 venir. <a href=\"https:\/\/www.hersheyland.ca\/en_ca\/promotions\/reeses-dynamic-duo.html\" target=\"_blank\" rel=\"nofollow noopener\">Pour en savoir plus sur les tribunaux qui ont \u00e9t\u00e9 construits jusqu\u2019\u00e0 pr\u00e9sent, cliquez ici.<\/a><\/p>\n<\/div><\/div>[\/vc_column][vc_column width=\u00a0\u00bb1\/3&Prime;][vc_single_image image=\u00a0\u00bb88772&Prime; img_size=\u00a0\u00bbfull\u00a0\u00bb alignment=\u00a0\u00bbcenter\u00a0\u00bb css=\u00a0\u00bb\u00a0\u00bb][\/vc_column][\/vc_row][vc_row][vc_column width=\u00a0\u00bb1\/3&Prime;][vc_single_image image=\u00a0\u00bb88773&Prime; img_size=\u00a0\u00bbfull\u00a0\u00bb alignment=\u00a0\u00bbcenter\u00a0\u00bb css=\u00a0\u00bb\u00a0\u00bb][\/vc_column][vc_column width=\u00a0\u00bb2\/3&Prime;]<div class='content-block section-content wpb_text_column wpb_content_element align-left     font_weight_default   ' ><div class='wpb_wrapper'><h2>HERSHEY\u2019S S\u2019MORES<\/h2>\n<p>HERSHEY\u2019S S\u2019mores est une campagne en magasin qui se d\u00e9roulera pendant la p\u00e9riode estivale et lors de laquelle pour chaque ensemble de S\u2019mores de HERSHEY\u2019S vendu, une partie des fonds servira \u00e0 soutenir BGC Canada pour soutenir nos programmes jeunesse partout au pays (jusqu\u2019\u00e0 un maximum de $40 000 CAD).<\/p>\n<\/div><\/div>[\/vc_column][\/vc_row][vc_row][vc_column][vc_separator css=\u00a0\u00bb\u00a0\u00bb][vc_single_image image=\u00a0\u00bb88774&Prime; img_size=\u00a0\u00bbfull\u00a0\u00bb alignment=\u00a0\u00bbcenter\u00a0\u00bb css=\u00a0\u00bb\u00a0\u00bb][\/vc_column][\/vc_row][\/vc_section]\n<\/div>","protected":false},"excerpt":{"rendered":"<p>[vc_section][vc_row][vc_column][vc_single_image image=\u00a0\u00bb88778&Prime; img_size=\u00a0\u00bbfull\u00a0\u00bb alignment=\u00a0\u00bbcenter\u00a0\u00bb css=\u00a0\u00bb\u00a0\u00bb][vc_video link=\u00a0\u00bbhttps:\/\/vimeo.com\/1177446005&Prime; el_width=\u00a0\u00bb70&Prime; el_aspect=\u00a0\u00bb43&Prime; align=\u00a0\u00bbcenter\u00a0\u00bb css=\u00a0\u00bb\u00a0\u00bb][vc_separator css=\u00a0\u00bb\u00a0\u00bb][\/vc_column][\/vc_row][vc_row][vc_column width=\u00a0\u00bb1\/3&Prime;][vc_single_image image=\u00a0\u00bb88779&Prime; img_size=\u00a0\u00bbfull\u00a0\u00bb alignment=\u00a0\u00bbcenter\u00a0\u00bb css=\u00a0\u00bb\u00a0\u00bb][\/vc_column][vc_column width=\u00a0\u00bb2\/3&Prime;][\/vc_column][\/vc_row][vc_row][vc_column width=\u00a0\u00bb2\/3&Prime;][\/vc_column][vc_column width=\u00a0\u00bb1\/3&Prime;][vc_single_image image=\u00a0\u00bb88772&Prime; img_size=\u00a0\u00bbfull\u00a0\u00bb alignment=\u00a0\u00bbcenter\u00a0\u00bb css=\u00a0\u00bb\u00a0\u00bb][\/vc_column][\/vc_row][vc_row][vc_column width=\u00a0\u00bb1\/3&Prime;][vc_single_image image=\u00a0\u00bb88773&Prime; img_size=\u00a0\u00bbfull\u00a0\u00bb alignment=\u00a0\u00bbcenter\u00a0\u00bb css=\u00a0\u00bb\u00a0\u00bb][\/vc_column][vc_column width=\u00a0\u00bb2\/3&Prime;][\/vc_column][\/vc_row][vc_row][vc_column][vc_separator css=\u00a0\u00bb\u00a0\u00bb][vc_single_image image=\u00a0\u00bb88774&Prime; img_size=\u00a0\u00bbfull\u00a0\u00bb alignment=\u00a0\u00bbcenter\u00a0\u00bb css=\u00a0\u00bb\u00a0\u00bb][\/vc_column][\/vc_row][\/vc_section]<\/p>\n","protected":false},"author":1,"featured_media":0,"parent":0,"menu_order":0,"comment_status":"closed","ping_status":"closed","template":"","meta":{"_acf_changed":false,"footnotes":""},"class_list":["post-88776","page","type-page","status-publish","hentry"],"acf":[],"aioseo_notices":[],"_links":{"self":[{"href":"https:\/\/www.bgccan.com\/fr\/wp-json\/wp\/v2\/pages\/88776","targetHints":{"allow":["GET"]}}],"collection":[{"href":"https:\/\/www.bgccan.com\/fr\/wp-json\/wp\/v2\/pages"}],"about":[{"href":"https:\/\/www.bgccan.com\/fr\/wp-json\/wp\/v2\/types\/page"}],"author":[{"embeddable":true,"href":"https:\/\/www.bgccan.com\/fr\/wp-json\/wp\/v2\/users\/1"}],"replies":[{"embeddable":true,"href":"https:\/\/www.bgccan.com\/fr\/wp-json\/wp\/v2\/comments?post=88776"}],"version-history":[{"count":0,"href":"https:\/\/www.bgccan.com\/fr\/wp-json\/wp\/v2\/pages\/88776\/revisions"}],"wp:attachment":[{"href":"https:\/\/www.bgccan.com\/fr\/wp-json\/wp\/v2\/media?parent=88776"}],"curies":[{"name":"wp","href":"https:\/\/api.w.org\/{rel}","templated":true}]}}