{"id":88928,"date":"2026-03-27T17:22:24","date_gmt":"2026-03-27T17:22:24","guid":{"rendered":"https:\/\/www.bgccan.com\/cibc-youth-accelerator-scholarship\/"},"modified":"2026-03-27T17:25:10","modified_gmt":"2026-03-27T17:25:10","slug":"bourse-detudes-youth-accelerator-de-cibc","status":"publish","type":"page","link":"https:\/\/www.bgccan.com\/fr\/bourse-detudes-youth-accelerator-de-cibc\/","title":{"rendered":"Bourse d\u2019\u00e9tudes Youth Accelerator de CIBC"},"content":{"rendered":"<div class=\"wpb-content-wrapper\">[vc_section css=\u00a0\u00bb.vc_custom_1774632178858{padding-bottom: 100px !important;}\u00a0\u00bb][vc_row][vc_column offset=\u00a0\u00bbvc_col-md-offset-3 vc_col-md-6&Prime;][vc_single_image image=\u00a0\u00bb88926&Prime; img_size=\u00a0\u00bbfull\u00a0\u00bb alignment=\u00a0\u00bbcenter\u00a0\u00bb css=\u00a0\u00bb\u00a0\u00bb]<div class='content-block section-content wpb_text_column wpb_content_element align-center     font_weight_default fs-24  ' ><div class='wpb_wrapper'><h2 class=\"paragraph\">Merci pour votre visite<\/h2>\n<\/div><\/div><div class='content-block section-content wpb_text_column wpb_content_element align-center     font_weight_default   ' ><div class='wpb_wrapper'><p>Le programme de bourses d\u2019\u00e9tudes Youth Accelerator de CIBC est actuellement ouvert aux jeunes Noirs de 3e ou 4e ann\u00e9e du secondaire qui sont membres d\u2019un Club BGC. Les candidatures doivent \u00eatre propos\u00e9es par un membre du personnel du Club qui conna\u00eet bien le candidat et qui peut t\u00e9moigner de sa participation aux programmes et activit\u00e9s du Club.<\/p>\n<p>Veuillez consulter <a href=\"\/wp-content\/uploads\/2026\/03\/BGCC_CIBC-Youth-Accelerator-2.pdf\" target=\"_blank\" rel=\"noopener\">ce feuillet d\u2019information<\/a> pour en savoir plus sur la bourse.<\/p>\n<p>Si vous souhaitez obtenir de plus amples renseignements sur les programmes et ressources offerts dans les Clubs BGC, veuillez contacter un Club pr\u00e8s de chez vous.<\/p>\n<p><a href=\"\/fr\/find-your-club\/\">Cliquez ici<\/a> pour trouver le Club le plus pr\u00e8s de chez vous.<\/p>\n<\/div><\/div>[\/vc_column][\/vc_row][\/vc_section]\n<\/div>","protected":false},"excerpt":{"rendered":"<p>[vc_section css=\u00a0\u00bb.vc_custom_1774632178858{padding-bottom: 100px !important;}\u00a0\u00bb][vc_row][vc_column offset=\u00a0\u00bbvc_col-md-offset-3 vc_col-md-6&Prime;][vc_single_image image=\u00a0\u00bb88926&Prime; img_size=\u00a0\u00bbfull\u00a0\u00bb alignment=\u00a0\u00bbcenter\u00a0\u00bb css=\u00a0\u00bb\u00a0\u00bb][\/vc_column][\/vc_row][\/vc_section]<\/p>\n","protected":false},"author":1,"featured_media":0,"parent":0,"menu_order":0,"comment_status":"closed","ping_status":"closed","template":"","meta":{"_acf_changed":false,"footnotes":""},"class_list":["post-88928","page","type-page","status-publish","hentry"],"acf":[],"aioseo_notices":[],"_links":{"self":[{"href":"https:\/\/www.bgccan.com\/fr\/wp-json\/wp\/v2\/pages\/88928","targetHints":{"allow":["GET"]}}],"collection":[{"href":"https:\/\/www.bgccan.com\/fr\/wp-json\/wp\/v2\/pages"}],"about":[{"href":"https:\/\/www.bgccan.com\/fr\/wp-json\/wp\/v2\/types\/page"}],"author":[{"embeddable":true,"href":"https:\/\/www.bgccan.com\/fr\/wp-json\/wp\/v2\/users\/1"}],"replies":[{"embeddable":true,"href":"https:\/\/www.bgccan.com\/fr\/wp-json\/wp\/v2\/comments?post=88928"}],"version-history":[{"count":0,"href":"https:\/\/www.bgccan.com\/fr\/wp-json\/wp\/v2\/pages\/88928\/revisions"}],"wp:attachment":[{"href":"https:\/\/www.bgccan.com\/fr\/wp-json\/wp\/v2\/media?parent=88928"}],"curies":[{"name":"wp","href":"https:\/\/api.w.org\/{rel}","templated":true}]}}