{"id":88941,"date":"2026-03-27T17:32:58","date_gmt":"2026-03-27T17:32:58","guid":{"rendered":"https:\/\/www.bgccan.com\/bgc-canadas-no-more-barriers-campaign\/"},"modified":"2026-03-27T17:52:19","modified_gmt":"2026-03-27T17:52:19","slug":"bye-bye-obstacles","status":"publish","type":"page","link":"https:\/\/www.bgccan.com\/fr\/bye-bye-obstacles\/","title":{"rendered":"Nouvelle campagne de marque de BGC Canada"},"content":{"rendered":"<div class=\"wpb-content-wrapper\">[vc_section css=\u00a0\u00bb.vc_custom_1774632803154{padding-bottom: 100px !important;}\u00a0\u00bb][vc_row][vc_column][vc_single_image image=\u00a0\u00bb88943&Prime; img_size=\u00a0\u00bbfull\u00a0\u00bb css=\u00a0\u00bb\u00a0\u00bb]<div class='content-block section-content wpb_text_column wpb_content_element align-left     font_weight_default fs-24  ' ><div class='wpb_wrapper'><h2>Bye. Bye. Obstacles.<\/h2>\n<\/div><\/div><div class='content-block section-content wpb_text_column wpb_content_element align-left     font_weight_default   ' ><div class='wpb_wrapper'><p>En collaboration avec l\u2019agence torontoise ROUND, BGC Canada (anciennement Repaires jeunesse du Canada) a lanc\u00e9 une nouvelle campagne qui met l\u2019emphase sur la confiance que 200 000 enfants et ados d\u00e9veloppent chaque ann\u00e9e dans les Clubs BGC \u00e0 travers le pays. Il s\u2019agit de notre toute premi\u00e8re campagne depuis que nous avons opt\u00e9 pour une identit\u00e9 plus inclusive, soit BGC. Notre nouvelle voix est audacieuse, lumineuse et positive. Nous travaillons sans rel\u00e2che depuis plus de 120 ans pour aider les jeunes, les familles et les communaut\u00e9s partout au pays; il est temps pour nous de raconter notre histoire haut et fort.<\/p>\n<p>La campagne <em>Bye. Bye. Obstacles.<\/em> met en vedette de vrais jeunes des Clubs BGC, qui ont \u00e9galement cr\u00e9\u00e9 la trame sonore avec l\u2019aide de l\u2019\u00e9cole de musique MJMS et qui, par leurs t\u00e9moignages, ont inspir\u00e9 les illustrations qui apparaissent tout au long de la vid\u00e9o. Lire le communiqu\u00e9 de presse.<\/p>\n<p><a href=\"\/fr\/bgc-canada-lance-sa-toute-premiere-campagne-depuis-le-devoilement-de-sa-nouvelle-identite-de-marque\/\">Lire le communiqu\u00e9<\/a><\/p>\n<\/div><\/div>[\/vc_column][\/vc_row][vc_row][vc_column]<div class='content-block section-content wpb_text_column wpb_content_element align-left     font_weight_default fs-24  ' ><div class='wpb_wrapper'><h2>VISIONNEZ LA VID\u00c9O BYE. BYE. OBSTACLES.<\/h2>\n<\/div><\/div>[vc_video link=\u00a0\u00bbhttps:\/\/vimeo.com\/616296446&Prime; css=\u00a0\u00bb\u00a0\u00bb][\/vc_column][\/vc_row][vc_row][vc_column]<div class='content-block section-content wpb_text_column wpb_content_element align-left     font_weight_default fs-24  ' ><div class='wpb_wrapper'><h2>DEVENEZ UN PARTENAIRE<\/h2>\n<\/div><\/div><div class='content-block section-content wpb_text_column wpb_content_element align-left     font_weight_default   ' ><div class='wpb_wrapper'><p>Un partenariat avec BGC Canada est une occasion de s\u2019attaquer aux probl\u00e8mes sociaux qui touchent les familles et les communaut\u00e9s de tout le pays, de faire participer les employ\u00e9s \u00e0 des activit\u00e9s de b\u00e9n\u00e9volat, d\u2019accro\u00eetre votre pr\u00e9sence sur le march\u00e9 et de faire conna\u00eetre votre marque.<\/p>\n<p>Vous souhaitez devenir un partenaire ? Contactez notre \u00e9quipe de d\u00e9veloppement de fonds \u00e0 <a href=\"mailto:development@bgccan.com\" target=\"_blank\" rel=\"noopener\">development@bgccan.com<\/a>.<\/p>\n<\/div><\/div>[\/vc_column][\/vc_row][\/vc_section]\n<\/div>","protected":false},"excerpt":{"rendered":"<p>[vc_section css=\u00a0\u00bb.vc_custom_1774632803154{padding-bottom: 100px !important;}\u00a0\u00bb][vc_row][vc_column][vc_single_image image=\u00a0\u00bb88943&Prime; img_size=\u00a0\u00bbfull\u00a0\u00bb css=\u00a0\u00bb\u00a0\u00bb][\/vc_column][\/vc_row][vc_row][vc_column][vc_video link=\u00a0\u00bbhttps:\/\/vimeo.com\/616296446&Prime; css=\u00a0\u00bb\u00a0\u00bb][\/vc_column][\/vc_row][vc_row][vc_column][\/vc_column][\/vc_row][\/vc_section]<\/p>\n","protected":false},"author":1,"featured_media":0,"parent":0,"menu_order":0,"comment_status":"closed","ping_status":"closed","template":"","meta":{"_acf_changed":false,"footnotes":""},"class_list":["post-88941","page","type-page","status-publish","hentry"],"acf":[],"aioseo_notices":[],"_links":{"self":[{"href":"https:\/\/www.bgccan.com\/fr\/wp-json\/wp\/v2\/pages\/88941","targetHints":{"allow":["GET"]}}],"collection":[{"href":"https:\/\/www.bgccan.com\/fr\/wp-json\/wp\/v2\/pages"}],"about":[{"href":"https:\/\/www.bgccan.com\/fr\/wp-json\/wp\/v2\/types\/page"}],"author":[{"embeddable":true,"href":"https:\/\/www.bgccan.com\/fr\/wp-json\/wp\/v2\/users\/1"}],"replies":[{"embeddable":true,"href":"https:\/\/www.bgccan.com\/fr\/wp-json\/wp\/v2\/comments?post=88941"}],"version-history":[{"count":0,"href":"https:\/\/www.bgccan.com\/fr\/wp-json\/wp\/v2\/pages\/88941\/revisions"}],"wp:attachment":[{"href":"https:\/\/www.bgccan.com\/fr\/wp-json\/wp\/v2\/media?parent=88941"}],"curies":[{"name":"wp","href":"https:\/\/api.w.org\/{rel}","templated":true}]}}