{"id":88956,"date":"2026-03-27T17:44:17","date_gmt":"2026-03-27T17:44:17","guid":{"rendered":"https:\/\/www.bgccan.com\/bgc-canadas-new-brand-campaign\/"},"modified":"2026-03-27T17:52:40","modified_gmt":"2026-03-27T17:52:40","slug":"la-nouvelle-campagne-de-marque-de-bgc-canada","status":"publish","type":"page","link":"https:\/\/www.bgccan.com\/fr\/la-nouvelle-campagne-de-marque-de-bgc-canada\/","title":{"rendered":"La nouvelle campagne de marque de BGC Canada"},"content":{"rendered":"<div class=\"wpb-content-wrapper\">[vc_section css=\u00a0\u00bb.vc_custom_1774632803154{padding-bottom: 100px !important;}\u00a0\u00bb][vc_row][vc_column][vc_video link=\u00a0\u00bbhttps:\/\/vimeo.com\/780494809&Prime; css=\u00a0\u00bb\u00a0\u00bb][\/vc_column][\/vc_row][vc_row][vc_column]<div class='content-block section-content wpb_text_column wpb_content_element align-left     font_weight_default fs-24  ' ><div class='wpb_wrapper'><h2>BGC Canada (anciennement Repaires jeunesse Canada) a lanc\u00e9 une nouvelle campagne qui met en \u00e9vidence l\u2019impact r\u00e9el de nos Clubs BGC \u00e0 travers le pays.<\/h2>\n<\/div><\/div><div class='content-block section-content wpb_text_column wpb_content_element align-left     font_weight_default   ' ><div class='wpb_wrapper'><p>BGC Canada (anciennement Repaires jeunesse Canada) a lanc\u00e9 une nouvelle campagne qui met en \u00e9vidence l&rsquo;impact r\u00e9el de nos Clubs BGC \u00e0 travers le pays.<\/p>\n<p>Nos enfants sont confiants, actifs et audacieux, mais ne nous croyez pas sur parole, \u00e9coutez-les directement dans les clubs d&rsquo;un oc\u00e9an \u00e0 l&rsquo;autre. Cette mise \u00e0 jour de notre campagne <a href=\"https:\/\/www.bgccan.com\/fr\/bye-bye-obstacles\/\">Bye. Bye. Obstacles<\/a>. met en lumi\u00e8re les r\u00e9sultats de notre <a href=\"\/wp-content\/uploads\/2026\/03\/Learning-and-Impact-Project-National-Member-Survey-Report-2022.pdf\" target=\"_blank\" rel=\"noopener\">enqu\u00eate nationale d&rsquo;apprentissage et d&rsquo;impact aupr\u00e8s des jeunes des Clubs<\/a>:<\/p>\n<ul>\n<li>92 % de nos jeunes disent mieux accepter les autres gr\u00e2ce \u00e0 leur Club<\/li>\n<li>92 % de nos jeunes disent mieux accepter les autres gr\u00e2ce \u00e0 leur Club<\/li>\n<li>91 % de nos jeunes disent faire davantage d\u2019activit\u00e9 physique gr\u00e2ce \u00e0 leur Club<\/li>\n<li>90 % de nos jeunes disent faire de meilleurs choix gr\u00e2ce \u00e0 leur Club<\/li>\n<li>91 % de nos jeunes disent avoir davantage confiance en leurs capacit\u00e9s gr\u00e2ce \u00e0 leur Club<\/li>\n<li>93 % de nos jeunes disent prendre davantage d\u2019initiatives gr\u00e2ce \u00e0 leur Club<\/li>\n<\/ul>\n<p>R\u00e9pondre aux besoins des jeunes? Notre priorit\u00e9! Avec plus de 120 ans d&rsquo;exp\u00e9rience et pr\u00e8s de 800 emplacements \u00e0 travers le Canada, les Clubs BGC servent 200 000 jeunes chaque ann\u00e9e.<\/p>\n<\/div><\/div><div class='content-block section-content wpb_text_column wpb_content_element align-left   txt-green  fw-bold fs-24  ' ><div class='wpb_wrapper'><p>Les effets positifs, eux, sont innombrables.<\/p>\n<\/div><\/div>[\/vc_column][\/vc_row][vc_row][vc_column][vc_separator css=\u00a0\u00bb\u00a0\u00bb]<div class='content-block section-content wpb_text_column wpb_content_element align-left     font_weight_default fs-24  ' ><div class='wpb_wrapper'><h2>DEVENEZ UN PARTENAIRE<\/h2>\n<\/div><\/div><div class='content-block section-content wpb_text_column wpb_content_element align-left     font_weight_default   ' ><div class='wpb_wrapper'><p>Un partenariat avec BGC Canada est une occasion de s\u2019attaquer aux probl\u00e8mes sociaux qui touchent les familles et les communaut\u00e9s de tout le pays, de faire participer les employ\u00e9s \u00e0 des activit\u00e9s de b\u00e9n\u00e9volat, d\u2019accro\u00eetre votre pr\u00e9sence sur le march\u00e9 et de faire conna\u00eetre votre marque.<\/p>\n<p>Vous souhaitez devenir un partenaire ? Contactez notre \u00e9quipe de d\u00e9veloppement de fonds \u00e0 <a href=\"mailto:development@bgccan.com\" target=\"_blank\" rel=\"noopener\">development@bgccan.com<\/a>.<\/p>\n<\/div><\/div>[\/vc_column][\/vc_row][\/vc_section]\n<\/div>","protected":false},"excerpt":{"rendered":"<p>[vc_section css=\u00a0\u00bb.vc_custom_1774632803154{padding-bottom: 100px !important;}\u00a0\u00bb][vc_row][vc_column][vc_video link=\u00a0\u00bbhttps:\/\/vimeo.com\/780494809&Prime; css=\u00a0\u00bb\u00a0\u00bb][\/vc_column][\/vc_row][vc_row][vc_column][\/vc_column][\/vc_row][vc_row][vc_column][vc_separator css=\u00a0\u00bb\u00a0\u00bb][\/vc_column][\/vc_row][\/vc_section]<\/p>\n","protected":false},"author":1,"featured_media":0,"parent":0,"menu_order":0,"comment_status":"closed","ping_status":"closed","template":"","meta":{"_acf_changed":false,"footnotes":""},"class_list":["post-88956","page","type-page","status-publish","hentry"],"acf":[],"aioseo_notices":[],"_links":{"self":[{"href":"https:\/\/www.bgccan.com\/fr\/wp-json\/wp\/v2\/pages\/88956","targetHints":{"allow":["GET"]}}],"collection":[{"href":"https:\/\/www.bgccan.com\/fr\/wp-json\/wp\/v2\/pages"}],"about":[{"href":"https:\/\/www.bgccan.com\/fr\/wp-json\/wp\/v2\/types\/page"}],"author":[{"embeddable":true,"href":"https:\/\/www.bgccan.com\/fr\/wp-json\/wp\/v2\/users\/1"}],"replies":[{"embeddable":true,"href":"https:\/\/www.bgccan.com\/fr\/wp-json\/wp\/v2\/comments?post=88956"}],"version-history":[{"count":0,"href":"https:\/\/www.bgccan.com\/fr\/wp-json\/wp\/v2\/pages\/88956\/revisions"}],"wp:attachment":[{"href":"https:\/\/www.bgccan.com\/fr\/wp-json\/wp\/v2\/media?parent=88956"}],"curies":[{"name":"wp","href":"https:\/\/api.w.org\/{rel}","templated":true}]}}