{"id":89849,"date":"2026-04-06T18:32:06","date_gmt":"2026-04-06T18:32:06","guid":{"rendered":"https:\/\/www.bgccan.com\/?page_id=89849"},"modified":"2026-04-10T16:31:18","modified_gmt":"2026-04-10T16:31:18","slug":"reconnaissance-du-territoire-autochtone","status":"publish","type":"page","link":"https:\/\/www.bgccan.com\/fr\/reconnaissance-du-territoire-autochtone\/","title":{"rendered":"Reconnaissance du territoire autochtone"},"content":{"rendered":"<div class=\"wpb-content-wrapper\">[vc_section css=\u00a0\u00bb.vc_custom_1765400815795{padding-bottom: 60px !important;}\u00a0\u00bb][vc_row][vc_column offset=\u00a0\u00bbvc_col-md-offset-2 vc_col-md-8&Prime;][vc_single_image image=\u00a0\u00bb89848&Prime; img_size=\u00a0\u00bbfull\u00a0\u00bb alignment=\u00a0\u00bbcenter\u00a0\u00bb css=\u00a0\u00bb.vc_custom_1765431816545{margin-bottom: 60px !important;}\u00a0\u00bb]<div class='content-block section-content wpb_text_column wpb_content_element align-left     font_weight_default fs-40  ' ><div class='wpb_wrapper'><h2>Marcher ensemble vers la v\u00e9rit\u00e9<\/h2>\n<\/div><\/div><div class='content-block section-content wpb_text_column wpb_content_element align-left     font_weight_default   ' ><div class='wpb_wrapper'><h3>Nos engagements<\/h3>\n<p>Chez BGC Canada, nous avons \u00e0 c\u0153ur de favoriser chaque jour la compr\u00e9hension de la v\u00e9rit\u00e9 des peuples autochtones du Canada. Pour ce faire, il faut aller au-del\u00e0 des d\u00e9clarations de reconnaissance c\u00e9r\u00e9monielles et cr\u00e9er des espaces \u00e9thiques o\u00f9 les points de vue autochtones et non autochtones se rencontrent dans un esprit de respect mutuel. Notre travail est guid\u00e9 par les principes de l\u2019\u00e9quit\u00e9, de la lutte contre le racisme et de la s\u00e9curit\u00e9 culturelle, ce qui assure que les voix et les valeurs autochtones sont prises en compte dans nos programmes et nos partenariats.<\/p>\n<p><strong>Nous nous engageons \u00e0 :<\/strong><\/p>\n<ul>\n<li>Cr\u00e9er, en collaboration avec des communaut\u00e9s autochtones, des programmes dirig\u00e9s par des Autochtones et tenant compte du savoir autochtone afin d\u2019honorer les protocoles, traditions et savoirs ancestraux<\/li>\n<li>\u00c9tablir des relations authentiques empreintes de respect et de r\u00e9ciprocit\u00e9 avec les communaut\u00e9s, les familles, les enfants et les ados<\/li>\n<li>Cr\u00e9er des tiers-lieux s\u00fbrs, c\u2019est-\u00e0-dire des espaces autres que la maison et l\u2019\u00e9cole o\u00f9 les jeunes peuvent trouver un v\u00e9ritable lieu d\u2019appartenance, former des liens authentiques et avoir acc\u00e8s \u00e0 des opportunit\u00e9s qui changent des vies<\/li>\n<li>Plaider en faveur d\u2019un changement syst\u00e9mique pour que les v\u00e9rit\u00e9s historiques et les iniquit\u00e9s persistantes soient prises en compte<\/li>\n<\/ul>\n<p>L\u2019objectif de ces efforts : veiller \u00e0 ce que la reconnaissance ait lieu au quotidien et de fa\u00e7on d\u00e9lib\u00e9r\u00e9e. Nous appr\u00e9cions pleinement l\u2019impact substantiel qu\u2019ont les peuples autochtones sur l\u2019important parcours que nous avons entrepris ensemble. Notre vision est celle d\u2019un avenir o\u00f9 les jeunes autochtones peuvent s\u2019\u00e9panouir, jouer un r\u00f4le de leader et influencer notre histoire collective. Un avenir fond\u00e9 sur le respect, les responsabilit\u00e9s partag\u00e9es et l\u2019espoir.<\/p>\n<\/div><\/div><div class='content-block section-content wpb_text_column wpb_content_element align-left     font_weight_default   ' ><div class='wpb_wrapper'><h3>Joignez-vous \u00e0 nous dans ce parcours<\/h3>\n<p>La r\u00e9conciliation est une responsabilit\u00e9 partag\u00e9e. Nous vous invitons (vous, nos partenaires, nos communaut\u00e9s, les personnes qui nous soutiennent) \u00e0 marcher \u00e0 nos c\u00f4t\u00e9s. Ensemble, nous pouvons cr\u00e9er des lieux d\u2019appartenance, aider les voix autochtones \u00e0 se faire entendre, et b\u00e2tir un Canada o\u00f9 chaque enfant et chaque ado a l\u2019occasion de s\u2019\u00e9panouir.<\/p>\n<\/div><\/div>[\/vc_column][\/vc_row][\/vc_section]\n<\/div>","protected":false},"excerpt":{"rendered":"<p>[vc_section css=\u00a0\u00bb.vc_custom_1765400815795{padding-bottom: 60px !important;}\u00a0\u00bb][vc_row][vc_column offset=\u00a0\u00bbvc_col-md-offset-2 vc_col-md-8&Prime;][vc_single_image image=\u00a0\u00bb89848&Prime; img_size=\u00a0\u00bbfull\u00a0\u00bb alignment=\u00a0\u00bbcenter\u00a0\u00bb css=\u00a0\u00bb.vc_custom_1765431816545{margin-bottom: 60px !important;}\u00a0\u00bb][\/vc_column][\/vc_row][\/vc_section]<\/p>\n","protected":false},"author":1,"featured_media":0,"parent":0,"menu_order":0,"comment_status":"closed","ping_status":"closed","template":"","meta":{"_acf_changed":false,"footnotes":""},"class_list":["post-89849","page","type-page","status-publish","hentry"],"acf":[],"aioseo_notices":[],"_links":{"self":[{"href":"https:\/\/www.bgccan.com\/fr\/wp-json\/wp\/v2\/pages\/89849","targetHints":{"allow":["GET"]}}],"collection":[{"href":"https:\/\/www.bgccan.com\/fr\/wp-json\/wp\/v2\/pages"}],"about":[{"href":"https:\/\/www.bgccan.com\/fr\/wp-json\/wp\/v2\/types\/page"}],"author":[{"embeddable":true,"href":"https:\/\/www.bgccan.com\/fr\/wp-json\/wp\/v2\/users\/1"}],"replies":[{"embeddable":true,"href":"https:\/\/www.bgccan.com\/fr\/wp-json\/wp\/v2\/comments?post=89849"}],"version-history":[{"count":0,"href":"https:\/\/www.bgccan.com\/fr\/wp-json\/wp\/v2\/pages\/89849\/revisions"}],"wp:attachment":[{"href":"https:\/\/www.bgccan.com\/fr\/wp-json\/wp\/v2\/media?parent=89849"}],"curies":[{"name":"wp","href":"https:\/\/api.w.org\/{rel}","templated":true}]}}